{"id":18753,"date":"2023-12-30T18:05:02","date_gmt":"2023-12-30T17:05:02","guid":{"rendered":"https:\/\/www.cuesystem.com\/avantages\/"},"modified":"2024-01-03T14:46:33","modified_gmt":"2024-01-03T13:46:33","slug":"avantages","status":"publish","type":"page","link":"https:\/\/www.cuesystem.com\/fr\/controle\/avantages\/","title":{"rendered":"Avantages"},"content":{"rendered":"\t\t<div data-elementor-type=\"wp-page\" data-elementor-id=\"18753\" class=\"elementor elementor-18753 elementor-18066\" data-elementor-post-type=\"page\">\n\t\t\t\t<div class=\"elementor-element elementor-element-859ae8e e-flex e-con-boxed e-con e-parent\" data-id=\"859ae8e\" data-element_type=\"container\" data-e-type=\"container\">\n\t\t\t\t\t<div class=\"e-con-inner\">\n\t\t\t\t<div class=\"elementor-element elementor-element-20c2bfc elementor-widget elementor-widget-heading\" data-id=\"20c2bfc\" data-element_type=\"widget\" data-e-type=\"widget\" data-widget_type=\"heading.default\">\n\t\t\t\t<div class=\"elementor-widget-container\">\n\t\t\t\t\t<h3 class=\"elementor-heading-title elementor-size-default\">Contr\u00f4le<\/h3>\t\t\t\t<\/div>\n\t\t\t\t<\/div>\n\t\t\t\t<div class=\"elementor-element elementor-element-7899f9b elementor-widget elementor-widget-heading\" data-id=\"7899f9b\" data-element_type=\"widget\" data-e-type=\"widget\" data-widget_type=\"heading.default\">\n\t\t\t\t<div class=\"elementor-widget-container\">\n\t\t\t\t\t<h1 class=\"elementor-heading-title elementor-size-default\">Avantages<\/h1>\t\t\t\t<\/div>\n\t\t\t\t<\/div>\n\t\t\t\t\t<\/div>\n\t\t\t\t<\/div>\n\t\t<div class=\"elementor-element elementor-element-80041b0 e-flex e-con-boxed e-con e-parent\" data-id=\"80041b0\" data-element_type=\"container\" data-e-type=\"container\">\n\t\t\t\t\t<div class=\"e-con-inner\">\n\t\t<div class=\"elementor-element elementor-element-f84aedc e-flex e-con-boxed e-con e-child\" data-id=\"f84aedc\" data-element_type=\"container\" data-e-type=\"container\">\n\t\t\t\t\t<div class=\"e-con-inner\">\n\t\t<div class=\"elementor-element elementor-element-d55e4d5 e-flex e-con-boxed e-con e-child\" data-id=\"d55e4d5\" data-element_type=\"container\" data-e-type=\"container\">\n\t\t\t\t\t<div class=\"e-con-inner\">\n\t\t\t\t<div class=\"elementor-element elementor-element-9683e37 elementor-widget elementor-widget-text-editor\" data-id=\"9683e37\" data-element_type=\"widget\" data-e-type=\"widget\" data-widget_type=\"text-editor.default\">\n\t\t\t\t<div class=\"elementor-widget-container\">\n\t\t\t\t\t\t\t\t\t<p>Les syst\u00e8mes de contr\u00f4le sont <strong>essentiels<\/strong> dans diverses industries et applications, car ils offrent de nombreux avantages, notamment une efficacit\u00e9 et une s\u00e9curit\u00e9 accrues, des \u00e9conomies de co\u00fbts et une meilleure qualit\u00e9 des produits, ce qui les rend indispensables \u00e0 diverses industries et applications.<\/p>\n\t\t\t\t\t\t\t\t<\/div>\n\t\t\t\t<\/div>\n\t\t\t\t\t<\/div>\n\t\t\t\t<\/div>\n\t\t\t\t\t<\/div>\n\t\t\t\t<\/div>\n\t\t\t\t\t<\/div>\n\t\t\t\t<\/div>\n\t\t<div class=\"elementor-element elementor-element-68d58df e-flex e-con-boxed e-con e-parent\" data-id=\"68d58df\" data-element_type=\"container\" data-e-type=\"container\">\n\t\t\t\t\t<div class=\"e-con-inner\">\n\t\t<div class=\"elementor-element elementor-element-be6f32c e-flex e-con-boxed e-con e-child\" data-id=\"be6f32c\" data-element_type=\"container\" data-e-type=\"container\">\n\t\t\t\t\t<div class=\"e-con-inner\">\n\t\t\t\t<div class=\"elementor-element elementor-element-36456fc elementor-widget elementor-widget-heading\" data-id=\"36456fc\" data-element_type=\"widget\" data-e-type=\"widget\" data-widget_type=\"heading.default\">\n\t\t\t\t<div class=\"elementor-widget-container\">\n\t\t\t\t\t<h3 class=\"elementor-heading-title elementor-size-default\">Automatisation et efficacit\u00e9<\/h3>\t\t\t\t<\/div>\n\t\t\t\t<\/div>\n\t\t\t\t<div class=\"elementor-element elementor-element-18f75f2 elementor-widget elementor-widget-text-editor\" data-id=\"18f75f2\" data-element_type=\"widget\" data-e-type=\"widget\" data-widget_type=\"text-editor.default\">\n\t\t\t\t<div class=\"elementor-widget-container\">\n\t\t\t\t\t\t\t\t\t<p>Les syst\u00e8mes de contr\u00f4le<strong> automatisent les processus<\/strong>, r\u00e9duisant la n\u00e9cessit\u00e9 d&rsquo;une intervention manuelle et acc\u00e9l\u00e9rant les op\u00e9rations. L&rsquo;automatisation garantit que les processus sont ex\u00e9cut\u00e9s de mani\u00e8re coh\u00e9rente, minimisant ainsi les erreurs et les variations dans les r\u00e9sultats.<\/p>\n\t\t\t\t\t\t\t\t<\/div>\n\t\t\t\t<\/div>\n\t\t\t\t\t<\/div>\n\t\t\t\t<\/div>\n\t\t<div class=\"elementor-element elementor-element-5aa6bf0 e-flex e-con-boxed e-con e-child\" data-id=\"5aa6bf0\" data-element_type=\"container\" data-e-type=\"container\">\n\t\t\t\t\t<div class=\"e-con-inner\">\n\t\t\t\t<div class=\"elementor-element elementor-element-6c0c995 elementor-widget elementor-widget-heading\" data-id=\"6c0c995\" data-element_type=\"widget\" data-e-type=\"widget\" data-widget_type=\"heading.default\">\n\t\t\t\t<div class=\"elementor-widget-container\">\n\t\t\t\t\t<h3 class=\"elementor-heading-title elementor-size-default\">Pr\u00e9cision et exactitude<\/h3>\t\t\t\t<\/div>\n\t\t\t\t<\/div>\n\t\t\t\t<div class=\"elementor-element elementor-element-d47a37c elementor-widget elementor-widget-text-editor\" data-id=\"d47a37c\" data-element_type=\"widget\" data-e-type=\"widget\" data-widget_type=\"text-editor.default\">\n\t\t\t\t<div class=\"elementor-widget-container\">\n\t\t\t\t\t\t\t\t\t<p>Les syst\u00e8mes de contr\u00f4le peuvent<strong> contr\u00f4ler<\/strong> avec pr\u00e9cision<strong> diff\u00e9rents param\u00e8tres<\/strong>, ce qui permet d&rsquo;obtenir des r\u00e9sultats pr\u00e9cis et coh\u00e9rents. En minimisant les variations dans les processus, les syst\u00e8mes de contr\u00f4le am\u00e9liorent la qualit\u00e9 et la fiabilit\u00e9 des produits et des services.<\/p>\n\t\t\t\t\t\t\t\t<\/div>\n\t\t\t\t<\/div>\n\t\t\t\t\t<\/div>\n\t\t\t\t<\/div>\n\t\t<div class=\"elementor-element elementor-element-f6ced34 e-flex e-con-boxed e-con e-child\" data-id=\"f6ced34\" data-element_type=\"container\" data-e-type=\"container\">\n\t\t\t\t\t<div class=\"e-con-inner\">\n\t\t\t\t<div class=\"elementor-element elementor-element-855e2de elementor-widget elementor-widget-heading\" data-id=\"855e2de\" data-element_type=\"widget\" data-e-type=\"widget\" data-widget_type=\"heading.default\">\n\t\t\t\t<div class=\"elementor-widget-container\">\n\t\t\t\t\t<h3 class=\"elementor-heading-title elementor-size-default\">Am\u00e9lioration de la s\u00e9curit\u00e9<\/h3>\t\t\t\t<\/div>\n\t\t\t\t<\/div>\n\t\t\t\t<div class=\"elementor-element elementor-element-d60e1b4 elementor-widget elementor-widget-text-editor\" data-id=\"d60e1b4\" data-element_type=\"widget\" data-e-type=\"widget\" data-widget_type=\"text-editor.default\">\n\t\t\t\t<div class=\"elementor-widget-container\">\n\t\t\t\t\t\t\t\t\t<p>Les syst\u00e8mes de contr\u00f4le peuvent inclure des dispositifs de s\u00e9curit\u00e9 tels que des proc\u00e9dures d&rsquo;arr\u00eat d&rsquo;urgence, ce qui permet de <strong>pr\u00e9venir les accidents<\/strong> ou d&rsquo;en att\u00e9nuer l&rsquo;impact. La surveillance continue permet de d\u00e9tecter rapidement les anomalies ou les dysfonctionnements, de d\u00e9clencher des alarmes et de pr\u00e9venir les risques potentiels.<\/p>\n\t\t\t\t\t\t\t\t<\/div>\n\t\t\t\t<\/div>\n\t\t\t\t\t<\/div>\n\t\t\t\t<\/div>\n\t\t<div class=\"elementor-element elementor-element-ec2b1d6 e-flex e-con-boxed e-con e-child\" data-id=\"ec2b1d6\" data-element_type=\"container\" data-e-type=\"container\">\n\t\t\t\t\t<div class=\"e-con-inner\">\n\t\t\t\t<div class=\"elementor-element elementor-element-a1c83d8 elementor-widget elementor-widget-heading\" data-id=\"a1c83d8\" data-element_type=\"widget\" data-e-type=\"widget\" data-widget_type=\"heading.default\">\n\t\t\t\t<div class=\"elementor-widget-container\">\n\t\t\t\t\t<h3 class=\"elementor-heading-title elementor-size-default\">\u00c9conomies de co\u00fbts<\/h3>\t\t\t\t<\/div>\n\t\t\t\t<\/div>\n\t\t\t\t<div class=\"elementor-element elementor-element-a54c37d elementor-widget elementor-widget-text-editor\" data-id=\"a54c37d\" data-element_type=\"widget\" data-e-type=\"widget\" data-widget_type=\"text-editor.default\">\n\t\t\t\t<div class=\"elementor-widget-container\">\n\t\t\t\t\t\t\t\t\t<p>Les syst\u00e8mes de contr\u00f4le peuvent <strong>optimiser l&rsquo;utilisation de l&rsquo;\u00e9nergie<\/strong>, ce qui permet de r\u00e9aliser des \u00e9conomies en r\u00e9duisant la consommation d&rsquo;\u00e9nergie. Un contr\u00f4le efficace des processus permet de minimiser les d\u00e9chets, ce qui entra\u00eene une r\u00e9duction des co\u00fbts des mati\u00e8res premi\u00e8res et des ressources.<\/p>\n\t\t\t\t\t\t\t\t<\/div>\n\t\t\t\t<\/div>\n\t\t\t\t\t<\/div>\n\t\t\t\t<\/div>\n\t\t<div class=\"elementor-element elementor-element-1da0ff5 e-flex e-con-boxed e-con e-child\" data-id=\"1da0ff5\" data-element_type=\"container\" data-e-type=\"container\">\n\t\t\t\t\t<div class=\"e-con-inner\">\n\t\t\t\t<div class=\"elementor-element elementor-element-8c82330 elementor-widget elementor-widget-heading\" data-id=\"8c82330\" data-element_type=\"widget\" data-e-type=\"widget\" data-widget_type=\"heading.default\">\n\t\t\t\t<div class=\"elementor-widget-container\">\n\t\t\t\t\t<h3 class=\"elementor-heading-title elementor-size-default\">Flexibilit\u00e9 et adaptabilit\u00e9<\/h3>\t\t\t\t<\/div>\n\t\t\t\t<\/div>\n\t\t\t\t<div class=\"elementor-element elementor-element-bdf9a25 elementor-widget elementor-widget-text-editor\" data-id=\"bdf9a25\" data-element_type=\"widget\" data-e-type=\"widget\" data-widget_type=\"text-editor.default\">\n\t\t\t\t<div class=\"elementor-widget-container\">\n\t\t\t\t\t\t\t\t\t<p>Les syst\u00e8mes de contr\u00f4le peuvent s&rsquo;adapter \u00e0 des conditions changeantes en <strong>ajustant les param\u00e8tres en temps r\u00e9el<\/strong>, ce qui garantit des performances optimales dans divers environnements d&rsquo;exploitation. Le contr\u00f4le continu permet d&rsquo;identifier les possibilit\u00e9s d&rsquo;am\u00e9lioration et d&rsquo;optimisation des processus.<\/p>\n\t\t\t\t\t\t\t\t<\/div>\n\t\t\t\t<\/div>\n\t\t\t\t\t<\/div>\n\t\t\t\t<\/div>\n\t\t<div class=\"elementor-element elementor-element-945f189 e-flex e-con-boxed e-con e-child\" data-id=\"945f189\" data-element_type=\"container\" data-e-type=\"container\">\n\t\t\t\t\t<div class=\"e-con-inner\">\n\t\t\t\t<div class=\"elementor-element elementor-element-8919ada elementor-widget elementor-widget-heading\" data-id=\"8919ada\" data-element_type=\"widget\" data-e-type=\"widget\" data-widget_type=\"heading.default\">\n\t\t\t\t<div class=\"elementor-widget-container\">\n\t\t\t\t\t<h3 class=\"elementor-heading-title elementor-size-default\">Surveillance et contr\u00f4le \u00e0 distance<\/h3>\t\t\t\t<\/div>\n\t\t\t\t<\/div>\n\t\t\t\t<div class=\"elementor-element elementor-element-d111539 elementor-widget elementor-widget-text-editor\" data-id=\"d111539\" data-element_type=\"widget\" data-e-type=\"widget\" data-widget_type=\"text-editor.default\">\n\t\t\t\t<div class=\"elementor-widget-container\">\n\t\t\t\t\t\t\t\t\t<p>De nombreux syst\u00e8mes de contr\u00f4le modernes permettent une surveillance et un contr\u00f4le \u00e0 distance, ce qui permet aux op\u00e9rateurs de <strong>g\u00e9rer les processus \u00e0 distance<\/strong>. L&rsquo;acc\u00e8s \u00e0 distance permet de r\u00e9pondre rapidement aux probl\u00e8mes, de minimiser les temps d&rsquo;arr\u00eat et d&rsquo;am\u00e9liorer la fiabilit\u00e9 du syst\u00e8me.<\/p>\n\t\t\t\t\t\t\t\t<\/div>\n\t\t\t\t<\/div>\n\t\t\t\t\t<\/div>\n\t\t\t\t<\/div>\n\t\t<div class=\"elementor-element elementor-element-ee51cd7 e-flex e-con-boxed e-con e-child\" data-id=\"ee51cd7\" data-element_type=\"container\" data-e-type=\"container\">\n\t\t\t\t\t<div class=\"e-con-inner\">\n\t\t\t\t<div class=\"elementor-element elementor-element-2f03c68 elementor-widget elementor-widget-heading\" data-id=\"2f03c68\" data-element_type=\"widget\" data-e-type=\"widget\" data-widget_type=\"heading.default\">\n\t\t\t\t<div class=\"elementor-widget-container\">\n\t\t\t\t\t<h3 class=\"elementor-heading-title elementor-size-default\">Conformit\u00e9 r\u00e9glementaire<\/h3>\t\t\t\t<\/div>\n\t\t\t\t<\/div>\n\t\t\t\t<div class=\"elementor-element elementor-element-8da8ce9 elementor-widget elementor-widget-text-editor\" data-id=\"8da8ce9\" data-element_type=\"widget\" data-e-type=\"widget\" data-widget_type=\"text-editor.default\">\n\t\t\t\t<div class=\"elementor-widget-container\">\n\t\t\t\t\t\t\t\t\t<p>Les syst\u00e8mes de contr\u00f4le peuvent g\u00e9n\u00e9rer des rapports et des documents automatis\u00e9s, ce qui facilite le respect des r\u00e9glementations et des normes industrielles. L&rsquo;enregistrement et le stockage des donn\u00e9es des syst\u00e8mes de contr\u00f4le facilitent les<strong> audits et les inspections r\u00e9glementaires<\/strong>.<\/p>\n\t\t\t\t\t\t\t\t<\/div>\n\t\t\t\t<\/div>\n\t\t\t\t\t<\/div>\n\t\t\t\t<\/div>\n\t\t<div class=\"elementor-element elementor-element-5aaabfa e-flex e-con-boxed e-con e-child\" data-id=\"5aaabfa\" data-element_type=\"container\" data-e-type=\"container\">\n\t\t\t\t\t<div class=\"e-con-inner\">\n\t\t\t\t<div class=\"elementor-element elementor-element-7390185 elementor-widget elementor-widget-heading\" data-id=\"7390185\" data-element_type=\"widget\" data-e-type=\"widget\" data-widget_type=\"heading.default\">\n\t\t\t\t<div class=\"elementor-widget-container\">\n\t\t\t\t\t<h3 class=\"elementor-heading-title elementor-size-default\">Maintenance pr\u00e9dictive<\/h3>\t\t\t\t<\/div>\n\t\t\t\t<\/div>\n\t\t\t\t<div class=\"elementor-element elementor-element-0645525 elementor-widget elementor-widget-text-editor\" data-id=\"0645525\" data-element_type=\"widget\" data-e-type=\"widget\" data-widget_type=\"text-editor.default\">\n\t\t\t\t<div class=\"elementor-widget-container\">\n\t\t\t\t\t\t\t\t\t<p>Les syst\u00e8mes de contr\u00f4le peuvent <strong>int\u00e9grer des capteurs et des dispositifs de surveillance<\/strong> pour \u00e9valuer l&rsquo;\u00e9tat de l&rsquo;\u00e9quipement, ce qui permet d&rsquo;effectuer une maintenance pr\u00e9dictive et de r\u00e9duire les temps d&rsquo;arr\u00eat impr\u00e9vus.<\/p>\n\t\t\t\t\t\t\t\t<\/div>\n\t\t\t\t<\/div>\n\t\t\t\t\t<\/div>\n\t\t\t\t<\/div>\n\t\t<div class=\"elementor-element elementor-element-46b695f e-flex e-con-boxed e-con e-child\" data-id=\"46b695f\" data-element_type=\"container\" data-e-type=\"container\">\n\t\t\t\t\t<div class=\"e-con-inner\">\n\t\t\t\t<div class=\"elementor-element elementor-element-e90e022 elementor-widget elementor-widget-heading\" data-id=\"e90e022\" data-element_type=\"widget\" data-e-type=\"widget\" data-widget_type=\"heading.default\">\n\t\t\t\t<div class=\"elementor-widget-container\">\n\t\t\t\t\t<h3 class=\"elementor-heading-title elementor-size-default\">\u00c9volutivit\u00e9<\/h3>\t\t\t\t<\/div>\n\t\t\t\t<\/div>\n\t\t\t\t<div class=\"elementor-element elementor-element-9f3c7e6 elementor-widget elementor-widget-text-editor\" data-id=\"9f3c7e6\" data-element_type=\"widget\" data-e-type=\"widget\" data-widget_type=\"text-editor.default\">\n\t\t\t\t<div class=\"elementor-widget-container\">\n\t\t\t\t\t\t\t\t\t<p>Les syst\u00e8mes de contr\u00f4le peuvent souvent \u00e9voluer vers le haut ou vers le bas pour <strong>s&rsquo;adapter aux changements dans<\/strong> la complexit\u00e9 du syst\u00e8me.<\/p>\n\t\t\t\t\t\t\t\t<\/div>\n\t\t\t\t<\/div>\n\t\t\t\t\t<\/div>\n\t\t\t\t<\/div>\n\t\t\t\t\t<\/div>\n\t\t\t\t<\/div>\n\t\t\t\t<\/div>\n\t\t","protected":false},"excerpt":{"rendered":"<p>Contr\u00f4le Avantages Les syst\u00e8mes de contr\u00f4le sont essentiels dans diverses industries et applications, car ils offrent de nombreux avantages, notamment une efficacit\u00e9 et une s\u00e9curit\u00e9 accrues, des \u00e9conomies de co\u00fbts et une meilleure qualit\u00e9 des produits, ce qui les rend indispensables \u00e0 diverses industries et applications. Automatisation et efficacit\u00e9 Les syst\u00e8mes de contr\u00f4le automatisent les <a href=\"https:\/\/www.cuesystem.com\/fr\/controle\/avantages\/\" class=\"more-link\">&#8230;<span class=\"screen-reader-text\">  Avantages<\/span><\/a><\/p>\n","protected":false},"author":3,"featured_media":0,"parent":19447,"menu_order":429,"comment_status":"closed","ping_status":"closed","template":"","meta":{"_acf_changed":false,"inline_featured_image":false,"footnotes":""},"kategorie":[],"class_list":["post-18753","page","type-page","status-publish","hentry"],"acf":[],"_links":{"self":[{"href":"https:\/\/www.cuesystem.com\/fr\/wp-json\/wp\/v2\/pages\/18753","targetHints":{"allow":["GET"]}}],"collection":[{"href":"https:\/\/www.cuesystem.com\/fr\/wp-json\/wp\/v2\/pages"}],"about":[{"href":"https:\/\/www.cuesystem.com\/fr\/wp-json\/wp\/v2\/types\/page"}],"author":[{"embeddable":true,"href":"https:\/\/www.cuesystem.com\/fr\/wp-json\/wp\/v2\/users\/3"}],"replies":[{"embeddable":true,"href":"https:\/\/www.cuesystem.com\/fr\/wp-json\/wp\/v2\/comments?post=18753"}],"version-history":[{"count":1,"href":"https:\/\/www.cuesystem.com\/fr\/wp-json\/wp\/v2\/pages\/18753\/revisions"}],"predecessor-version":[{"id":18755,"href":"https:\/\/www.cuesystem.com\/fr\/wp-json\/wp\/v2\/pages\/18753\/revisions\/18755"}],"up":[{"embeddable":true,"href":"https:\/\/www.cuesystem.com\/fr\/wp-json\/wp\/v2\/pages\/19447"}],"wp:attachment":[{"href":"https:\/\/www.cuesystem.com\/fr\/wp-json\/wp\/v2\/media?parent=18753"}],"wp:term":[{"taxonomy":"kategorie","embeddable":true,"href":"https:\/\/www.cuesystem.com\/fr\/wp-json\/wp\/v2\/kategorie?post=18753"}],"curies":[{"name":"wp","href":"https:\/\/api.w.org\/{rel}","templated":true}]}}