{"id":18784,"date":"2023-12-30T18:39:37","date_gmt":"2023-12-30T17:39:37","guid":{"rendered":"https:\/\/www.cuesystem.com\/avantages-2\/"},"modified":"2024-01-03T14:48:11","modified_gmt":"2024-01-03T13:48:11","slug":"avantages-2","status":"publish","type":"page","link":"https:\/\/www.cuesystem.com\/fr\/reserve\/avantages-2\/","title":{"rendered":"Avantages"},"content":{"rendered":"\t\t<div data-elementor-type=\"wp-page\" data-elementor-id=\"18784\" class=\"elementor elementor-18784 elementor-18078\" data-elementor-post-type=\"page\">\n\t\t\t\t<div class=\"elementor-element elementor-element-01d4a1e e-flex e-con-boxed e-con e-parent\" data-id=\"01d4a1e\" data-element_type=\"container\" data-e-type=\"container\">\n\t\t\t\t\t<div class=\"e-con-inner\">\n\t\t\t\t<div class=\"elementor-element elementor-element-90c2b73 elementor-widget elementor-widget-heading\" data-id=\"90c2b73\" data-element_type=\"widget\" data-e-type=\"widget\" data-widget_type=\"heading.default\">\n\t\t\t\t<div class=\"elementor-widget-container\">\n\t\t\t\t\t<h3 class=\"elementor-heading-title elementor-size-default\">R\u00e9serve<\/h3>\t\t\t\t<\/div>\n\t\t\t\t<\/div>\n\t\t\t\t<div class=\"elementor-element elementor-element-2eaab97 elementor-widget elementor-widget-heading\" data-id=\"2eaab97\" data-element_type=\"widget\" data-e-type=\"widget\" data-widget_type=\"heading.default\">\n\t\t\t\t<div class=\"elementor-widget-container\">\n\t\t\t\t\t<h1 class=\"elementor-heading-title elementor-size-default\">Avantages<\/h1>\t\t\t\t<\/div>\n\t\t\t\t<\/div>\n\t\t\t\t\t<\/div>\n\t\t\t\t<\/div>\n\t\t<div class=\"elementor-element elementor-element-d5e1038 e-flex e-con-boxed e-con e-parent\" data-id=\"d5e1038\" data-element_type=\"container\" data-e-type=\"container\">\n\t\t\t\t\t<div class=\"e-con-inner\">\n\t\t<div class=\"elementor-element elementor-element-ae45596 e-flex e-con-boxed e-con e-child\" data-id=\"ae45596\" data-element_type=\"container\" data-e-type=\"container\">\n\t\t\t\t\t<div class=\"e-con-inner\">\n\t\t<div class=\"elementor-element elementor-element-6af3482 e-flex e-con-boxed e-con e-child\" data-id=\"6af3482\" data-element_type=\"container\" data-e-type=\"container\">\n\t\t\t\t\t<div class=\"e-con-inner\">\n\t\t\t\t<div class=\"elementor-element elementor-element-fa54c07 elementor-widget elementor-widget-text-editor\" data-id=\"fa54c07\" data-element_type=\"widget\" data-e-type=\"widget\" data-widget_type=\"text-editor.default\">\n\t\t\t\t<div class=\"elementor-widget-container\">\n\t\t\t\t\t\t\t\t\t<p>Les syst\u00e8mes de r\u00e9servation de ressources offrent plusieurs avantages dans divers domaines, notamment l&rsquo;h\u00f4tellerie, les transports, les soins de sant\u00e9, etc. Si les syst\u00e8mes de r\u00e9servation des ressources offrent de nombreux avantages, il est important de choisir et de mettre en \u0153uvre un syst\u00e8me qui corresponde aux besoins et aux objectifs sp\u00e9cifiques de l&rsquo;organisation ou de l&rsquo;entreprise.<\/p>\n\t\t\t\t\t\t\t\t<\/div>\n\t\t\t\t<\/div>\n\t\t\t\t\t<\/div>\n\t\t\t\t<\/div>\n\t\t\t\t\t<\/div>\n\t\t\t\t<\/div>\n\t\t\t\t\t<\/div>\n\t\t\t\t<\/div>\n\t\t<div class=\"elementor-element elementor-element-ea4e5a1 e-flex e-con-boxed e-con e-parent\" data-id=\"ea4e5a1\" data-element_type=\"container\" data-e-type=\"container\">\n\t\t\t\t\t<div class=\"e-con-inner\">\n\t\t<div class=\"elementor-element elementor-element-5edd1d7 e-flex e-con-boxed e-con e-child\" data-id=\"5edd1d7\" data-element_type=\"container\" data-e-type=\"container\">\n\t\t\t\t\t<div class=\"e-con-inner\">\n\t\t\t\t<div class=\"elementor-element elementor-element-c40fa6e elementor-widget elementor-widget-heading\" data-id=\"c40fa6e\" data-element_type=\"widget\" data-e-type=\"widget\" data-widget_type=\"heading.default\">\n\t\t\t\t<div class=\"elementor-widget-container\">\n\t\t\t\t\t<h3 class=\"elementor-heading-title elementor-size-default\">Utilisation optimis\u00e9e des ressources<\/h3>\t\t\t\t<\/div>\n\t\t\t\t<\/div>\n\t\t\t\t<div class=\"elementor-element elementor-element-5465859 elementor-widget elementor-widget-text-editor\" data-id=\"5465859\" data-element_type=\"widget\" data-e-type=\"widget\" data-widget_type=\"text-editor.default\">\n\t\t\t\t<div class=\"elementor-widget-container\">\n\t\t\t\t\t\t\t\t\t<p>Les syst\u00e8mes de r\u00e9servation des ressources permettent d&rsquo;optimiser l&rsquo;utilisation des ressources en <strong>les allouant<\/strong> efficacement <strong>en fonction de la demande<\/strong>. Cela peut conduire \u00e0 une meilleure efficacit\u00e9 globale et \u00e0 des \u00e9conomies de co\u00fbts.<\/p>\n\t\t\t\t\t\t\t\t<\/div>\n\t\t\t\t<\/div>\n\t\t\t\t\t<\/div>\n\t\t\t\t<\/div>\n\t\t<div class=\"elementor-element elementor-element-6fbdafd e-flex e-con-boxed e-con e-child\" data-id=\"6fbdafd\" data-element_type=\"container\" data-e-type=\"container\">\n\t\t\t\t\t<div class=\"e-con-inner\">\n\t\t\t\t<div class=\"elementor-element elementor-element-8cdeaf5 elementor-widget elementor-widget-heading\" data-id=\"8cdeaf5\" data-element_type=\"widget\" data-e-type=\"widget\" data-widget_type=\"heading.default\">\n\t\t\t\t<div class=\"elementor-widget-container\">\n\t\t\t\t\t<h3 class=\"elementor-heading-title elementor-size-default\">Am\u00e9lioration de l'exp\u00e9rience client<\/h3>\t\t\t\t<\/div>\n\t\t\t\t<\/div>\n\t\t\t\t<div class=\"elementor-element elementor-element-c2a1ae4 elementor-widget elementor-widget-text-editor\" data-id=\"c2a1ae4\" data-element_type=\"widget\" data-e-type=\"widget\" data-widget_type=\"text-editor.default\">\n\t\t\t\t<div class=\"elementor-widget-container\">\n\t\t\t\t\t\t\t\t\t<p>Les clients peuvent <strong>facilement r\u00e9server des ressources \u00e0 l&rsquo;avance<\/strong>, ce qui garantit leur disponibilit\u00e9 en cas de besoin. Cela am\u00e9liore l&rsquo;exp\u00e9rience du client en r\u00e9duisant les temps d&rsquo;attente et en garantissant un processus plus fluide.<\/p>\n\t\t\t\t\t\t\t\t<\/div>\n\t\t\t\t<\/div>\n\t\t\t\t\t<\/div>\n\t\t\t\t<\/div>\n\t\t<div class=\"elementor-element elementor-element-3938909 e-flex e-con-boxed e-con e-child\" data-id=\"3938909\" data-element_type=\"container\" data-e-type=\"container\">\n\t\t\t\t\t<div class=\"e-con-inner\">\n\t\t\t\t<div class=\"elementor-element elementor-element-14d1fb3 elementor-widget elementor-widget-heading\" data-id=\"14d1fb3\" data-element_type=\"widget\" data-e-type=\"widget\" data-widget_type=\"heading.default\">\n\t\t\t\t<div class=\"elementor-widget-container\">\n\t\t\t\t\t<h3 class=\"elementor-heading-title elementor-size-default\">Efficacit\u00e9 temporelle<\/h3>\t\t\t\t<\/div>\n\t\t\t\t<\/div>\n\t\t\t\t<div class=\"elementor-element elementor-element-d025bdf elementor-widget elementor-widget-text-editor\" data-id=\"d025bdf\" data-element_type=\"widget\" data-e-type=\"widget\" data-widget_type=\"text-editor.default\">\n\t\t\t\t<div class=\"elementor-widget-container\">\n\t\t\t\t\t\t\t\t\t<p>La <strong>nature automatis\u00e9e<\/strong> des syst\u00e8mes de r\u00e9servation permet aux clients et aux prestataires de services de gagner du temps. Les processus manuels sont r\u00e9duits au minimum et les transactions peuvent \u00eatre effectu\u00e9es rapidement.<\/p>\n\t\t\t\t\t\t\t\t<\/div>\n\t\t\t\t<\/div>\n\t\t\t\t\t<\/div>\n\t\t\t\t<\/div>\n\t\t<div class=\"elementor-element elementor-element-0a62ccf e-flex e-con-boxed e-con e-child\" data-id=\"0a62ccf\" data-element_type=\"container\" data-e-type=\"container\">\n\t\t\t\t\t<div class=\"e-con-inner\">\n\t\t\t\t<div class=\"elementor-element elementor-element-1944896 elementor-widget elementor-widget-heading\" data-id=\"1944896\" data-element_type=\"widget\" data-e-type=\"widget\" data-widget_type=\"heading.default\">\n\t\t\t\t<div class=\"elementor-widget-container\">\n\t\t\t\t\t<h3 class=\"elementor-heading-title elementor-size-default\">R\u00e9duction de la surr\u00e9servation et des conflits<\/h3>\t\t\t\t<\/div>\n\t\t\t\t<\/div>\n\t\t\t\t<div class=\"elementor-element elementor-element-be54c55 elementor-widget elementor-widget-text-editor\" data-id=\"be54c55\" data-element_type=\"widget\" data-e-type=\"widget\" data-widget_type=\"text-editor.default\">\n\t\t\t\t<div class=\"elementor-widget-container\">\n\t\t\t\t\t\t\t\t\t<p>Les syst\u00e8mes de r\u00e9servation automatis\u00e9s permettent d&rsquo;\u00e9viter la surr\u00e9servation et les conflits en <strong>g\u00e9rant la disponibilit\u00e9 des ressources en temps r\u00e9el<\/strong>. Cela r\u00e9duit la probabilit\u00e9 d&rsquo;erreurs et garantit une repr\u00e9sentation plus pr\u00e9cise de la disponibilit\u00e9 des ressources.<\/p>\n\t\t\t\t\t\t\t\t<\/div>\n\t\t\t\t<\/div>\n\t\t\t\t\t<\/div>\n\t\t\t\t<\/div>\n\t\t<div class=\"elementor-element elementor-element-a0c205b e-flex e-con-boxed e-con e-child\" data-id=\"a0c205b\" data-element_type=\"container\" data-e-type=\"container\">\n\t\t\t\t\t<div class=\"e-con-inner\">\n\t\t\t\t<div class=\"elementor-element elementor-element-4878f65 elementor-widget elementor-widget-heading\" data-id=\"4878f65\" data-element_type=\"widget\" data-e-type=\"widget\" data-widget_type=\"heading.default\">\n\t\t\t\t<div class=\"elementor-widget-container\">\n\t\t\t\t\t<h3 class=\"elementor-heading-title elementor-size-default\">Am\u00e9lioration de la planification et des pr\u00e9visions<\/h3>\t\t\t\t<\/div>\n\t\t\t\t<\/div>\n\t\t\t\t<div class=\"elementor-element elementor-element-13778df elementor-widget elementor-widget-text-editor\" data-id=\"13778df\" data-element_type=\"widget\" data-e-type=\"widget\" data-widget_type=\"text-editor.default\">\n\t\t\t\t<div class=\"elementor-widget-container\">\n\t\t\t\t\t\t\t\t\t<p>Les entreprises peuvent utiliser les donn\u00e9es de r\u00e9servation pour <strong>analyser les tendances et planifier la demande future<\/strong>. Cela permet d&rsquo;\u00e9tablir des pr\u00e9visions plus pr\u00e9cises et de prendre des d\u00e9cisions strat\u00e9giques.<\/p>\n\t\t\t\t\t\t\t\t<\/div>\n\t\t\t\t<\/div>\n\t\t\t\t\t<\/div>\n\t\t\t\t<\/div>\n\t\t<div class=\"elementor-element elementor-element-8a6c344 e-flex e-con-boxed e-con e-child\" data-id=\"8a6c344\" data-element_type=\"container\" data-e-type=\"container\">\n\t\t\t\t\t<div class=\"e-con-inner\">\n\t\t\t\t<div class=\"elementor-element elementor-element-204d402 elementor-widget elementor-widget-heading\" data-id=\"204d402\" data-element_type=\"widget\" data-e-type=\"widget\" data-widget_type=\"heading.default\">\n\t\t\t\t<div class=\"elementor-widget-container\">\n\t\t\t\t\t<h3 class=\"elementor-heading-title elementor-size-default\">Des op\u00e9rations rationalis\u00e9es<\/h3>\t\t\t\t<\/div>\n\t\t\t\t<\/div>\n\t\t\t\t<div class=\"elementor-element elementor-element-62efd79 elementor-widget elementor-widget-text-editor\" data-id=\"62efd79\" data-element_type=\"widget\" data-e-type=\"widget\" data-widget_type=\"text-editor.default\">\n\t\t\t\t<div class=\"elementor-widget-container\">\n\t\t\t\t\t\t\t\t\t<p>Gr\u00e2ce \u00e0 un <strong>syst\u00e8me centralis\u00e9 de gestion des r\u00e9servations<\/strong>, les op\u00e9rations sont rationalis\u00e9es. Cela comprend la gestion des stocks, la planification du personnel et d&rsquo;autres aspects logistiques.<\/p>\n\t\t\t\t\t\t\t\t<\/div>\n\t\t\t\t<\/div>\n\t\t\t\t\t<\/div>\n\t\t\t\t<\/div>\n\t\t<div class=\"elementor-element elementor-element-9e44382 e-flex e-con-boxed e-con e-child\" data-id=\"9e44382\" data-element_type=\"container\" data-e-type=\"container\">\n\t\t\t\t\t<div class=\"e-con-inner\">\n\t\t\t\t<div class=\"elementor-element elementor-element-a3a3a7a elementor-widget elementor-widget-heading\" data-id=\"a3a3a7a\" data-element_type=\"widget\" data-e-type=\"widget\" data-widget_type=\"heading.default\">\n\t\t\t\t<div class=\"elementor-widget-container\">\n\t\t\t\t\t<h3 class=\"elementor-heading-title elementor-size-default\">Options de r\u00e9servation flexibles<\/h3>\t\t\t\t<\/div>\n\t\t\t\t<\/div>\n\t\t\t\t<div class=\"elementor-element elementor-element-e3182db elementor-widget elementor-widget-text-editor\" data-id=\"e3182db\" data-element_type=\"widget\" data-e-type=\"widget\" data-widget_type=\"text-editor.default\">\n\t\t\t\t<div class=\"elementor-widget-container\">\n\t\t\t\t\t\t\t\t\t<p>De nombreux syst\u00e8mes de r\u00e9servation offrent des options de r\u00e9servation flexibles, permettant aux clients de <strong>choisir des dates, des heures et des services sp\u00e9cifiques en fonction de leurs pr\u00e9f\u00e9rences<\/strong>. Cette flexibilit\u00e9 contribue \u00e0 la satisfaction des clients.<\/p>\n\t\t\t\t\t\t\t\t<\/div>\n\t\t\t\t<\/div>\n\t\t\t\t\t<\/div>\n\t\t\t\t<\/div>\n\t\t<div class=\"elementor-element elementor-element-9a72444 e-flex e-con-boxed e-con e-child\" data-id=\"9a72444\" data-element_type=\"container\" data-e-type=\"container\">\n\t\t\t\t\t<div class=\"e-con-inner\">\n\t\t\t\t<div class=\"elementor-element elementor-element-bbcb72f elementor-widget elementor-widget-heading\" data-id=\"bbcb72f\" data-element_type=\"widget\" data-e-type=\"widget\" data-widget_type=\"heading.default\">\n\t\t\t\t<div class=\"elementor-widget-container\">\n\t\t\t\t\t<h3 class=\"elementor-heading-title elementor-size-default\">Augmentation des recettes<\/h3>\t\t\t\t<\/div>\n\t\t\t\t<\/div>\n\t\t\t\t<div class=\"elementor-element elementor-element-b7873b2 elementor-widget elementor-widget-text-editor\" data-id=\"b7873b2\" data-element_type=\"widget\" data-e-type=\"widget\" data-widget_type=\"text-editor.default\">\n\t\t\t\t<div class=\"elementor-widget-container\">\n\t\t\t\t\t\t\t\t\t<p>Gr\u00e2ce \u00e0 une <strong>meilleure affectation des ressources<\/strong> et \u00e0 une r\u00e9duction des cas de sous-utilisation, les entreprises peuvent augmenter leurs revenus. C&rsquo;est particuli\u00e8rement vrai pour les industries o\u00f9 l&rsquo;optimisation de l&rsquo;utilisation des ressources a un impact direct sur la rentabilit\u00e9.<\/p>\n\t\t\t\t\t\t\t\t<\/div>\n\t\t\t\t<\/div>\n\t\t\t\t\t<\/div>\n\t\t\t\t<\/div>\n\t\t<div class=\"elementor-element elementor-element-3cc6d27 e-flex e-con-boxed e-con e-child\" data-id=\"3cc6d27\" data-element_type=\"container\" data-e-type=\"container\">\n\t\t\t\t\t<div class=\"e-con-inner\">\n\t\t\t\t<div class=\"elementor-element elementor-element-501e7db elementor-widget elementor-widget-heading\" data-id=\"501e7db\" data-element_type=\"widget\" data-e-type=\"widget\" data-widget_type=\"heading.default\">\n\t\t\t\t<div class=\"elementor-widget-container\">\n\t\t\t\t\t<h3 class=\"elementor-heading-title elementor-size-default\">Acc\u00e8s \u00e0 l'information en temps r\u00e9el<\/h3>\t\t\t\t<\/div>\n\t\t\t\t<\/div>\n\t\t\t\t<div class=\"elementor-element elementor-element-0d4978c elementor-widget elementor-widget-text-editor\" data-id=\"0d4978c\" data-element_type=\"widget\" data-e-type=\"widget\" data-widget_type=\"text-editor.default\">\n\t\t\t\t<div class=\"elementor-widget-container\">\n\t\t\t\t\t\t\t\t\t<p>Les utilisateurs peuvent acc\u00e9der \u00e0 des informations en temps r\u00e9el sur la disponibilit\u00e9 des ressources, ce qui facilite la<strong> prise de d\u00e9cisions \u00e9clair\u00e9es<\/strong>. Ceci est particuli\u00e8rement important dans les environnements en \u00e9volution rapide o\u00f9 les changements peuvent survenir rapidement.<\/p>\n\t\t\t\t\t\t\t\t<\/div>\n\t\t\t\t<\/div>\n\t\t\t\t\t<\/div>\n\t\t\t\t<\/div>\n\t\t<div class=\"elementor-element elementor-element-c87966c e-flex e-con-boxed e-con e-child\" data-id=\"c87966c\" data-element_type=\"container\" data-e-type=\"container\">\n\t\t\t\t\t<div class=\"e-con-inner\">\n\t\t\t\t<div class=\"elementor-element elementor-element-1ec132e elementor-widget elementor-widget-heading\" data-id=\"1ec132e\" data-element_type=\"widget\" data-e-type=\"widget\" data-widget_type=\"heading.default\">\n\t\t\t\t<div class=\"elementor-widget-container\">\n\t\t\t\t\t<h3 class=\"elementor-heading-title elementor-size-default\">Collecte et analyse des donn\u00e9es<\/h3>\t\t\t\t<\/div>\n\t\t\t\t<\/div>\n\t\t\t\t<div class=\"elementor-element elementor-element-82c36ea elementor-widget elementor-widget-text-editor\" data-id=\"82c36ea\" data-element_type=\"widget\" data-e-type=\"widget\" data-widget_type=\"text-editor.default\">\n\t\t\t\t<div class=\"elementor-widget-container\">\n\t\t\t\t\t\t\t\t\t<p>Les syst\u00e8mes de r\u00e9servation g\u00e9n\u00e8rent des donn\u00e9es pr\u00e9cieuses qui peuvent \u00eatre analys\u00e9es pour en <strong>savoir plus sur le comportement des clients, leurs pr\u00e9f\u00e9rences et l&rsquo;efficacit\u00e9 op\u00e9rationnelle<\/strong>. Ces donn\u00e9es peuvent servir de base \u00e0 des strat\u00e9gies de marketing, \u00e0 l&rsquo;am\u00e9lioration des services et \u00e0 l&rsquo;expansion de l&rsquo;entreprise.<\/p>\n\t\t\t\t\t\t\t\t<\/div>\n\t\t\t\t<\/div>\n\t\t\t\t\t<\/div>\n\t\t\t\t<\/div>\n\t\t<div class=\"elementor-element elementor-element-7195ae6 e-flex e-con-boxed e-con e-child\" data-id=\"7195ae6\" data-element_type=\"container\" data-e-type=\"container\">\n\t\t\t\t\t<div class=\"e-con-inner\">\n\t\t\t\t<div class=\"elementor-element elementor-element-98cc3a5 elementor-widget elementor-widget-heading\" data-id=\"98cc3a5\" data-element_type=\"widget\" data-e-type=\"widget\" data-widget_type=\"heading.default\">\n\t\t\t\t<div class=\"elementor-widget-container\">\n\t\t\t\t\t<h3 class=\"elementor-heading-title elementor-size-default\">Int\u00e9gration avec d'autres syst\u00e8mes<\/h3>\t\t\t\t<\/div>\n\t\t\t\t<\/div>\n\t\t\t\t<div class=\"elementor-element elementor-element-76c0253 elementor-widget elementor-widget-text-editor\" data-id=\"76c0253\" data-element_type=\"widget\" data-e-type=\"widget\" data-widget_type=\"text-editor.default\">\n\t\t\t\t<div class=\"elementor-widget-container\">\n\t\t\t\t\t\t\t\t\t<p>De nombreux syst\u00e8mes de r\u00e9servation peuvent s&rsquo;int\u00e9grer \u00e0 d&rsquo;autres syst\u00e8mes, tels que les syst\u00e8mes de contr\u00f4le, les syst\u00e8mes de billetterie, les syst\u00e8mes de gestion de la relation client (CRM) et les syst\u00e8mes de facturation, cr\u00e9ant ainsi un processus commercial plus coh\u00e9rent et plus efficace.<\/p>\n\t\t\t\t\t\t\t\t<\/div>\n\t\t\t\t<\/div>\n\t\t\t\t\t<\/div>\n\t\t\t\t<\/div>\n\t\t<div class=\"elementor-element elementor-element-694b656 e-flex e-con-boxed e-con e-child\" data-id=\"694b656\" data-element_type=\"container\" data-e-type=\"container\">\n\t\t\t\t\t<div class=\"e-con-inner\">\n\t\t\t\t<div class=\"elementor-element elementor-element-d655282 elementor-widget elementor-widget-heading\" data-id=\"d655282\" data-element_type=\"widget\" data-e-type=\"widget\" data-widget_type=\"heading.default\">\n\t\t\t\t<div class=\"elementor-widget-container\">\n\t\t\t\t\t<h3 class=\"elementor-heading-title elementor-size-default\">Conformit\u00e9 et responsabilit\u00e9<\/h3>\t\t\t\t<\/div>\n\t\t\t\t<\/div>\n\t\t\t\t<div class=\"elementor-element elementor-element-4751cbf elementor-widget elementor-widget-text-editor\" data-id=\"4751cbf\" data-element_type=\"widget\" data-e-type=\"widget\" data-widget_type=\"text-editor.default\">\n\t\t\t\t<div class=\"elementor-widget-container\">\n\t\t\t\t\t\t\t\t\t<p>Les syst\u00e8mes de r\u00e9servation peuvent contribuer \u00e0 <strong>faire respecter les politiques et les r\u00e9glementations<\/strong>. Ils permettent \u00e9galement d&rsquo;enregistrer les r\u00e9servations, ce qui facilite la responsabilisation et la r\u00e9solution des litiges.<\/p>\n\t\t\t\t\t\t\t\t<\/div>\n\t\t\t\t<\/div>\n\t\t\t\t\t<\/div>\n\t\t\t\t<\/div>\n\t\t\t\t\t<\/div>\n\t\t\t\t<\/div>\n\t\t\t\t<\/div>\n\t\t","protected":false},"excerpt":{"rendered":"<p>R\u00e9serve Avantages Les syst\u00e8mes de r\u00e9servation de ressources offrent plusieurs avantages dans divers domaines, notamment l&rsquo;h\u00f4tellerie, les transports, les soins de sant\u00e9, etc. Si les syst\u00e8mes de r\u00e9servation des ressources offrent de nombreux avantages, il est important de choisir et de mettre en \u0153uvre un syst\u00e8me qui corresponde aux besoins et aux objectifs sp\u00e9cifiques de <a href=\"https:\/\/www.cuesystem.com\/fr\/reserve\/avantages-2\/\" class=\"more-link\">&#8230;<span class=\"screen-reader-text\">  Avantages<\/span><\/a><\/p>\n","protected":false},"author":3,"featured_media":0,"parent":19321,"menu_order":432,"comment_status":"closed","ping_status":"closed","template":"","meta":{"_acf_changed":false,"inline_featured_image":false,"footnotes":""},"kategorie":[],"class_list":["post-18784","page","type-page","status-publish","hentry"],"acf":[],"_links":{"self":[{"href":"https:\/\/www.cuesystem.com\/fr\/wp-json\/wp\/v2\/pages\/18784","targetHints":{"allow":["GET"]}}],"collection":[{"href":"https:\/\/www.cuesystem.com\/fr\/wp-json\/wp\/v2\/pages"}],"about":[{"href":"https:\/\/www.cuesystem.com\/fr\/wp-json\/wp\/v2\/types\/page"}],"author":[{"embeddable":true,"href":"https:\/\/www.cuesystem.com\/fr\/wp-json\/wp\/v2\/users\/3"}],"replies":[{"embeddable":true,"href":"https:\/\/www.cuesystem.com\/fr\/wp-json\/wp\/v2\/comments?post=18784"}],"version-history":[{"count":1,"href":"https:\/\/www.cuesystem.com\/fr\/wp-json\/wp\/v2\/pages\/18784\/revisions"}],"predecessor-version":[{"id":18801,"href":"https:\/\/www.cuesystem.com\/fr\/wp-json\/wp\/v2\/pages\/18784\/revisions\/18801"}],"up":[{"embeddable":true,"href":"https:\/\/www.cuesystem.com\/fr\/wp-json\/wp\/v2\/pages\/19321"}],"wp:attachment":[{"href":"https:\/\/www.cuesystem.com\/fr\/wp-json\/wp\/v2\/media?parent=18784"}],"wp:term":[{"taxonomy":"kategorie","embeddable":true,"href":"https:\/\/www.cuesystem.com\/fr\/wp-json\/wp\/v2\/kategorie?post=18784"}],"curies":[{"name":"wp","href":"https:\/\/api.w.org\/{rel}","templated":true}]}}