{"id":18839,"date":"2023-11-25T14:51:23","date_gmt":"2023-11-25T13:51:23","guid":{"rendered":"https:\/\/www.cuesystem.com\/preferences-en-matiere-de-cookies\/"},"modified":"2024-11-27T09:25:17","modified_gmt":"2024-11-27T08:25:17","slug":"preferences-en-matiere-de-cookies","status":"publish","type":"page","link":"https:\/\/www.cuesystem.com\/fr\/preferences-en-matiere-de-cookies\/","title":{"rendered":"Pr\u00e9f\u00e9rences en mati\u00e8re de cookies"},"content":{"rendered":"\t\t<div data-elementor-type=\"wp-page\" data-elementor-id=\"18839\" class=\"elementor elementor-18839 elementor-4128\" data-elementor-post-type=\"page\">\n\t\t\t\t<div class=\"elementor-element elementor-element-590a57f e-flex e-con-boxed e-con e-parent\" data-id=\"590a57f\" data-element_type=\"container\" data-e-type=\"container\">\n\t\t\t\t\t<div class=\"e-con-inner\">\n\t\t<div class=\"elementor-element elementor-element-5a76344 e-flex e-con-boxed e-con e-child\" data-id=\"5a76344\" data-element_type=\"container\" data-e-type=\"container\">\n\t\t\t\t\t<div class=\"e-con-inner\">\n\t\t<div class=\"elementor-element elementor-element-d983248 e-flex e-con-boxed e-con e-child\" data-id=\"d983248\" data-element_type=\"container\" data-e-type=\"container\">\n\t\t\t\t\t<div class=\"e-con-inner\">\n\t\t\t\t<div class=\"elementor-element elementor-element-6934892 elementor-widget elementor-widget-heading\" data-id=\"6934892\" data-element_type=\"widget\" data-e-type=\"widget\" data-widget_type=\"heading.default\">\n\t\t\t\t<div class=\"elementor-widget-container\">\n\t\t\t\t\t<h3 class=\"elementor-heading-title elementor-size-default\"><span style=\"font-size: 20.8px\">Nous utilisons des cookies pour am\u00e9liorer l'exp\u00e9rience sur le site web<\/span><\/h3>\t\t\t\t<\/div>\n\t\t\t\t<\/div>\n\t\t\t\t<div class=\"elementor-element elementor-element-c71a68e elementor-widget__width-initial elementor-widget elementor-widget-heading\" data-id=\"c71a68e\" data-element_type=\"widget\" data-e-type=\"widget\" data-widget_type=\"heading.default\">\n\t\t\t\t<div class=\"elementor-widget-container\">\n\t\t\t\t\t<h1 class=\"elementor-heading-title elementor-size-default\">Pr\u00e9f\u00e9rences en mati\u00e8re de cookies<\/h1>\t\t\t\t<\/div>\n\t\t\t\t<\/div>\n\t\t\t\t\t<\/div>\n\t\t\t\t<\/div>\n\t\t\t\t\t<\/div>\n\t\t\t\t<\/div>\n\t\t\t\t\t<\/div>\n\t\t\t\t<\/div>\n\t\t<div class=\"elementor-element elementor-element-c688a86 e-flex e-con-boxed e-con e-parent\" data-id=\"c688a86\" data-element_type=\"container\" data-e-type=\"container\">\n\t\t\t\t\t<div class=\"e-con-inner\">\n\t\t<div class=\"elementor-element elementor-element-5362f16 e-grid e-con-boxed e-con e-child\" data-id=\"5362f16\" data-element_type=\"container\" data-e-type=\"container\">\n\t\t\t\t\t<div class=\"e-con-inner\">\n\t\t<div class=\"elementor-element elementor-element-66a0b25 e-con-full e-flex e-con e-child\" data-id=\"66a0b25\" data-element_type=\"container\" data-e-type=\"container\">\n\t\t\t\t<div class=\"elementor-element elementor-element-f42ffd5 elementor-widget elementor-widget-heading\" data-id=\"f42ffd5\" data-element_type=\"widget\" data-e-type=\"widget\" data-widget_type=\"heading.default\">\n\t\t\t\t<div class=\"elementor-widget-container\">\n\t\t\t\t\t<h3 class=\"elementor-heading-title elementor-size-default\"><span style=\"font-size: 20.8px\">Introduction<\/span><\/h3>\t\t\t\t<\/div>\n\t\t\t\t<\/div>\n\t\t\t\t<div class=\"elementor-element elementor-element-38eba48 elementor-widget elementor-widget-text-editor\" data-id=\"38eba48\" data-element_type=\"widget\" data-e-type=\"widget\" data-widget_type=\"text-editor.default\">\n\t\t\t\t<div class=\"elementor-widget-container\">\n\t\t\t\t\t\t\t\t\t<p><span style=\"text-align: var(--text-align); color: var( --e-global-color-primary ); font-family: var( --e-global-typography-primary-font-family ), Sans-serif; font-size: var( --e-global-typography-primary-font-size ); font-weight: var( --e-global-typography-primary-font-weight );\">Un cookie est un petit fichier de donn\u00e9es stock\u00e9 par les sites web afin d&rsquo;acc\u00e9l\u00e9rer l&rsquo;utilisation d&rsquo;une page web. Cela se fait par le biais du web, gr\u00e2ce au fichier de donn\u00e9es sauvegard\u00e9, qui peut reconna\u00eetre votre ordinateur lorsque vous visiterez le site la prochaine fois. Un cookie ne nuit pas \u00e0 votre ordinateur.<\/span><\/p>\n\t\t\t\t\t\t\t\t<\/div>\n\t\t\t\t<\/div>\n\t\t\t\t<\/div>\n\t\t<div class=\"elementor-element elementor-element-873ece5 e-con-full e-flex e-con e-child\" data-id=\"873ece5\" data-element_type=\"container\" data-e-type=\"container\">\n\t\t\t\t<div class=\"elementor-element elementor-element-14fd189 elementor-widget elementor-widget-heading\" data-id=\"14fd189\" data-element_type=\"widget\" data-e-type=\"widget\" data-widget_type=\"heading.default\">\n\t\t\t\t<div class=\"elementor-widget-container\">\n\t\t\t\t\t<h3 class=\"elementor-heading-title elementor-size-default\"><span style=\"font-size: 20.8px\">Qu'est-ce qu'un biscuit ?<\/span><\/h3>\t\t\t\t<\/div>\n\t\t\t\t<\/div>\n\t\t\t\t<div class=\"elementor-element elementor-element-335e054 elementor-widget elementor-widget-text-editor\" data-id=\"335e054\" data-element_type=\"widget\" data-e-type=\"widget\" data-widget_type=\"text-editor.default\">\n\t\t\t\t<div class=\"elementor-widget-container\">\n\t\t\t\t\t\t\t\t\t<p>Un cookie est un petit fichier texte qu&rsquo;un site web enregistre sur votre ordinateur ou votre appareil mobile lorsque vous le visitez. Il permet au site web de m\u00e9moriser vos actions et vos pr\u00e9f\u00e9rences (telles que le login, la langue, la taille de la police et d&rsquo;autres pr\u00e9f\u00e9rences d&rsquo;affichage) sur une certaine p\u00e9riode, de sorte que vous n&rsquo;ayez pas \u00e0 les saisir \u00e0 nouveau chaque fois que vous revenez sur le site ou que vous naviguez d&rsquo;une page \u00e0 l&rsquo;autre.<\/p>\n\t\t\t\t\t\t\t\t<\/div>\n\t\t\t\t<\/div>\n\t\t\t\t<\/div>\n\t\t<div class=\"elementor-element elementor-element-6b8122c e-con-full e-flex e-con e-child\" data-id=\"6b8122c\" data-element_type=\"container\" data-e-type=\"container\">\n\t\t\t\t<div class=\"elementor-element elementor-element-6980d92 elementor-widget elementor-widget-heading\" data-id=\"6980d92\" data-element_type=\"widget\" data-e-type=\"widget\" data-widget_type=\"heading.default\">\n\t\t\t\t<div class=\"elementor-widget-container\">\n\t\t\t\t\t<h3 class=\"elementor-heading-title elementor-size-default\"><span style=\"font-size: 20.8px\">Comment contr\u00f4ler les cookies<\/span><\/h3>\t\t\t\t<\/div>\n\t\t\t\t<\/div>\n\t\t\t\t<div class=\"elementor-element elementor-element-2da2d45 elementor-widget elementor-widget-text-editor\" data-id=\"2da2d45\" data-element_type=\"widget\" data-e-type=\"widget\" data-widget_type=\"text-editor.default\">\n\t\t\t\t<div class=\"elementor-widget-container\">\n\t\t\t\t\t\t\t\t\t<p>Vous pouvez contr\u00f4ler et\/ou supprimer les cookies comme vous le souhaitez &#8211; pour plus de d\u00e9tails, voir ici. Vous pouvez supprimer tous les cookies qui se trouvent d\u00e9j\u00e0 sur votre ordinateur et vous pouvez param\u00e9trer la plupart des navigateurs pour emp\u00eacher leur installation. Toutefois, si vous le faites, il se peut que vous deviez ajuster manuellement certaines pr\u00e9f\u00e9rences \u00e0 chaque fois que vous visitez un site et que certains services et fonctionnalit\u00e9s ne fonctionnent pas.<\/p>\n\t\t\t\t\t\t\t\t<\/div>\n\t\t\t\t<\/div>\n\t\t\t\t<\/div>\n\t\t<div class=\"elementor-element elementor-element-310e19c e-con-full e-flex e-con e-child\" data-id=\"310e19c\" data-element_type=\"container\" data-e-type=\"container\">\n\t\t\t\t<\/div>\n\t\t<div class=\"elementor-element elementor-element-5b91d9e e-con-full e-flex e-con e-child\" data-id=\"5b91d9e\" data-element_type=\"container\" data-e-type=\"container\">\n\t\t\t\t<\/div>\n\t\t\t\t\t<\/div>\n\t\t\t\t<\/div>\n\t\t\t\t\t<\/div>\n\t\t\t\t<\/div>\n\t\t\t\t<\/div>\n\t\t","protected":false},"excerpt":{"rendered":"<p>Nous utilisons des cookies pour am\u00e9liorer l&rsquo;exp\u00e9rience sur le site web Pr\u00e9f\u00e9rences en mati\u00e8re de cookies Introduction Un cookie est un petit fichier de donn\u00e9es stock\u00e9 par les sites web afin d&rsquo;acc\u00e9l\u00e9rer l&rsquo;utilisation d&rsquo;une page web. Cela se fait par le biais du web, gr\u00e2ce au fichier de donn\u00e9es sauvegard\u00e9, qui peut reconna\u00eetre votre ordinateur <a href=\"https:\/\/www.cuesystem.com\/fr\/preferences-en-matiere-de-cookies\/\" class=\"more-link\">&#8230;<span class=\"screen-reader-text\">  Pr\u00e9f\u00e9rences en mati\u00e8re de cookies<\/span><\/a><\/p>\n","protected":false},"author":3,"featured_media":0,"parent":0,"menu_order":474,"comment_status":"closed","ping_status":"closed","template":"","meta":{"_acf_changed":false,"inline_featured_image":false,"footnotes":""},"kategorie":[],"class_list":["post-18839","page","type-page","status-publish","hentry"],"acf":[],"_links":{"self":[{"href":"https:\/\/www.cuesystem.com\/fr\/wp-json\/wp\/v2\/pages\/18839","targetHints":{"allow":["GET"]}}],"collection":[{"href":"https:\/\/www.cuesystem.com\/fr\/wp-json\/wp\/v2\/pages"}],"about":[{"href":"https:\/\/www.cuesystem.com\/fr\/wp-json\/wp\/v2\/types\/page"}],"author":[{"embeddable":true,"href":"https:\/\/www.cuesystem.com\/fr\/wp-json\/wp\/v2\/users\/3"}],"replies":[{"embeddable":true,"href":"https:\/\/www.cuesystem.com\/fr\/wp-json\/wp\/v2\/comments?post=18839"}],"version-history":[{"count":6,"href":"https:\/\/www.cuesystem.com\/fr\/wp-json\/wp\/v2\/pages\/18839\/revisions"}],"predecessor-version":[{"id":27533,"href":"https:\/\/www.cuesystem.com\/fr\/wp-json\/wp\/v2\/pages\/18839\/revisions\/27533"}],"wp:attachment":[{"href":"https:\/\/www.cuesystem.com\/fr\/wp-json\/wp\/v2\/media?parent=18839"}],"wp:term":[{"taxonomy":"kategorie","embeddable":true,"href":"https:\/\/www.cuesystem.com\/fr\/wp-json\/wp\/v2\/kategorie?post=18839"}],"curies":[{"name":"wp","href":"https:\/\/api.w.org\/{rel}","templated":true}]}}