{"id":18909,"date":"2023-11-09T21:03:12","date_gmt":"2023-11-09T20:03:12","guid":{"rendered":"https:\/\/www.cuesystem.com\/declaration-gdpr\/"},"modified":"2024-02-29T15:42:11","modified_gmt":"2024-02-29T14:42:11","slug":"declaration-gdpr","status":"publish","type":"page","link":"https:\/\/www.cuesystem.com\/fr\/declaration-gdpr\/","title":{"rendered":"D\u00e9claration GDPR"},"content":{"rendered":"\t\t<div data-elementor-type=\"wp-page\" data-elementor-id=\"18909\" class=\"elementor elementor-18909 elementor-1699\" data-elementor-post-type=\"page\">\n\t\t\t\t<div class=\"elementor-element elementor-element-98521df e-flex e-con-boxed e-con e-parent\" data-id=\"98521df\" data-element_type=\"container\" data-e-type=\"container\">\n\t\t\t\t\t<div class=\"e-con-inner\">\n\t\t<div class=\"elementor-element elementor-element-dca3300 e-flex e-con-boxed e-con e-child\" data-id=\"dca3300\" data-element_type=\"container\" data-e-type=\"container\">\n\t\t\t\t\t<div class=\"e-con-inner\">\n\t\t<div class=\"elementor-element elementor-element-5f8b0d8 e-flex e-con-boxed e-con e-child\" data-id=\"5f8b0d8\" data-element_type=\"container\" data-e-type=\"container\">\n\t\t\t\t\t<div class=\"e-con-inner\">\n\t\t\t\t<div class=\"elementor-element elementor-element-9ccd973 elementor-widget elementor-widget-heading\" data-id=\"9ccd973\" data-element_type=\"widget\" data-e-type=\"widget\" data-widget_type=\"heading.default\">\n\t\t\t\t<div class=\"elementor-widget-container\">\n\t\t\t\t\t<h3 class=\"elementor-heading-title elementor-size-default\">R\u00e8glement g\u00e9n\u00e9ral sur la protection des donn\u00e9es<\/h3>\t\t\t\t<\/div>\n\t\t\t\t<\/div>\n\t\t\t\t<div class=\"elementor-element elementor-element-c4642c8 elementor-widget__width-initial elementor-widget elementor-widget-heading\" data-id=\"c4642c8\" data-element_type=\"widget\" data-e-type=\"widget\" data-widget_type=\"heading.default\">\n\t\t\t\t<div class=\"elementor-widget-container\">\n\t\t\t\t\t<h1 class=\"elementor-heading-title elementor-size-default\"><span style=\"color: var( --e-global-color-primary );font-family: var( --e-global-typography-5442c9e-font-family ), Sans-serif;font-size: var( --e-global-typography-5442c9e-font-size );font-style: var( --e-global-typography-5442c9e-font-style );font-weight: var( --e-global-typography-5442c9e-font-weight );text-align: var(--text-align)\">D\u00e9claration GDPR<\/span><\/h1>\t\t\t\t<\/div>\n\t\t\t\t<\/div>\n\t\t\t\t\t<\/div>\n\t\t\t\t<\/div>\n\t\t\t\t\t<\/div>\n\t\t\t\t<\/div>\n\t\t\t\t\t<\/div>\n\t\t\t\t<\/div>\n\t\t<div class=\"elementor-element elementor-element-ca5b89a e-flex e-con-boxed e-con e-parent\" data-id=\"ca5b89a\" data-element_type=\"container\" data-e-type=\"container\">\n\t\t\t\t\t<div class=\"e-con-inner\">\n\t\t<div class=\"elementor-element elementor-element-5735667 e-flex e-con-boxed e-con e-child\" data-id=\"5735667\" data-element_type=\"container\" data-e-type=\"container\">\n\t\t\t\t\t<div class=\"e-con-inner\">\n\t\t<div class=\"elementor-element elementor-element-9e87cee e-flex e-con-boxed e-con e-child\" data-id=\"9e87cee\" data-element_type=\"container\" data-e-type=\"container\">\n\t\t\t\t\t<div class=\"e-con-inner\">\n\t\t\t\t<div class=\"elementor-element elementor-element-0e1ec40 elementor-widget elementor-widget-text-editor\" data-id=\"0e1ec40\" data-element_type=\"widget\" data-e-type=\"widget\" data-widget_type=\"text-editor.default\">\n\t\t\t\t<div class=\"elementor-widget-container\">\n\t\t\t\t\t\t\t\t\t<p>Le r\u00e8glement g\u00e9n\u00e9ral sur la protection des donn\u00e9es (\u00ab\u00a0RGPD\u00a0\u00bb) introduit un nombre important de changements dans le paysage actuel de la protection des donn\u00e9es de l&rsquo;EEE et \u00e9tend les droits des individus en leur donnant un plus grand contr\u00f4le sur leurs donn\u00e9es personnelles. Afin de se conformer aux nouvelles exigences du GDPR, nous avons pr\u00e9par\u00e9 notre d\u00e9claration de confidentialit\u00e9. Il fournit des informations d\u00e9taill\u00e9es sur la mani\u00e8re dont nous utilisons et prot\u00e9geons vos informations personnelles et sur vos droits en la mati\u00e8re.<\/p>\n<p><a href=\"https:\/\/www.cuesystem.com\/wp-content\/uploads\/2023\/11\/GDPR_PrivacyStatement_EN-1.pdf\" target=\"_blank\" rel=\"noopener\">T\u00e9l\u00e9charger la d\u00e9claration de confidentialit\u00e9<\/a><\/p>\n\t\t\t\t\t\t\t\t<\/div>\n\t\t\t\t<\/div>\n\t\t\t\t\t<\/div>\n\t\t\t\t<\/div>\n\t\t\t\t\t<\/div>\n\t\t\t\t<\/div>\n\t\t\t\t\t<\/div>\n\t\t\t\t<\/div>\n\t\t\t\t<\/div>\n\t\t","protected":false},"excerpt":{"rendered":"<p>R\u00e8glement g\u00e9n\u00e9ral sur la protection des donn\u00e9es D\u00e9claration GDPR Le r\u00e8glement g\u00e9n\u00e9ral sur la protection des donn\u00e9es (\u00ab\u00a0RGPD\u00a0\u00bb) introduit un nombre important de changements dans le paysage actuel de la protection des donn\u00e9es de l&rsquo;EEE et \u00e9tend les droits des individus en leur donnant un plus grand contr\u00f4le sur leurs donn\u00e9es personnelles. Afin de se <a href=\"https:\/\/www.cuesystem.com\/fr\/declaration-gdpr\/\" class=\"more-link\">&#8230;<span class=\"screen-reader-text\">  D\u00e9claration GDPR<\/span><\/a><\/p>\n","protected":false},"author":3,"featured_media":0,"parent":0,"menu_order":648,"comment_status":"closed","ping_status":"closed","template":"","meta":{"_acf_changed":false,"inline_featured_image":false,"footnotes":""},"kategorie":[],"class_list":["post-18909","page","type-page","status-publish","hentry"],"acf":[],"_links":{"self":[{"href":"https:\/\/www.cuesystem.com\/fr\/wp-json\/wp\/v2\/pages\/18909","targetHints":{"allow":["GET"]}}],"collection":[{"href":"https:\/\/www.cuesystem.com\/fr\/wp-json\/wp\/v2\/pages"}],"about":[{"href":"https:\/\/www.cuesystem.com\/fr\/wp-json\/wp\/v2\/types\/page"}],"author":[{"embeddable":true,"href":"https:\/\/www.cuesystem.com\/fr\/wp-json\/wp\/v2\/users\/3"}],"replies":[{"embeddable":true,"href":"https:\/\/www.cuesystem.com\/fr\/wp-json\/wp\/v2\/comments?post=18909"}],"version-history":[{"count":6,"href":"https:\/\/www.cuesystem.com\/fr\/wp-json\/wp\/v2\/pages\/18909\/revisions"}],"predecessor-version":[{"id":25341,"href":"https:\/\/www.cuesystem.com\/fr\/wp-json\/wp\/v2\/pages\/18909\/revisions\/25341"}],"wp:attachment":[{"href":"https:\/\/www.cuesystem.com\/fr\/wp-json\/wp\/v2\/media?parent=18909"}],"wp:term":[{"taxonomy":"kategorie","embeddable":true,"href":"https:\/\/www.cuesystem.com\/fr\/wp-json\/wp\/v2\/kategorie?post=18909"}],"curies":[{"name":"wp","href":"https:\/\/api.w.org\/{rel}","templated":true}]}}