{"id":18913,"date":"2023-11-09T21:40:09","date_gmt":"2023-11-09T20:40:09","guid":{"rendered":"https:\/\/www.cuesystem.com\/carriere\/"},"modified":"2024-01-03T15:00:06","modified_gmt":"2024-01-03T14:00:06","slug":"carriere","status":"publish","type":"page","link":"https:\/\/www.cuesystem.com\/fr\/carriere\/","title":{"rendered":"Carri\u00e8re"},"content":{"rendered":"\t\t<div data-elementor-type=\"wp-page\" data-elementor-id=\"18913\" class=\"elementor elementor-18913 elementor-1727\" data-elementor-post-type=\"page\">\n\t\t\t\t<div class=\"elementor-element elementor-element-ffa180a e-flex e-con-boxed e-con e-parent\" data-id=\"ffa180a\" data-element_type=\"container\" data-e-type=\"container\">\n\t\t\t\t\t<div class=\"e-con-inner\">\n\t\t\t\t<div class=\"elementor-element elementor-element-d5de678 elementor-widget elementor-widget-heading\" data-id=\"d5de678\" data-element_type=\"widget\" data-e-type=\"widget\" data-widget_type=\"heading.default\">\n\t\t\t\t<div class=\"elementor-widget-container\">\n\t\t\t\t\t<h3 class=\"elementor-heading-title elementor-size-default\">Vous souhaitez rejoindre notre \u00e9quipe<\/h3>\t\t\t\t<\/div>\n\t\t\t\t<\/div>\n\t\t\t\t<div class=\"elementor-element elementor-element-1410a3b elementor-widget__width-initial elementor-widget elementor-widget-heading\" data-id=\"1410a3b\" data-element_type=\"widget\" data-e-type=\"widget\" data-widget_type=\"heading.default\">\n\t\t\t\t<div class=\"elementor-widget-container\">\n\t\t\t\t\t<h1 class=\"elementor-heading-title elementor-size-default\">Carri\u00e8re \u00e0 la CUE<\/h1>\t\t\t\t<\/div>\n\t\t\t\t<\/div>\n\t\t\t\t\t<\/div>\n\t\t\t\t<\/div>\n\t\t<div class=\"elementor-element elementor-element-2439ab9 e-flex e-con-boxed e-con e-parent\" data-id=\"2439ab9\" data-element_type=\"container\" data-e-type=\"container\">\n\t\t\t\t\t<div class=\"e-con-inner\">\n\t\t\t\t<div class=\"elementor-element elementor-element-6ce83ff elementor-widget elementor-widget-heading\" data-id=\"6ce83ff\" data-element_type=\"widget\" data-e-type=\"widget\" data-widget_type=\"heading.default\">\n\t\t\t\t<div class=\"elementor-widget-container\">\n\t\t\t\t\t<h3 class=\"elementor-heading-title elementor-size-default\">Nous n'avons actuellement aucun poste vacant.<\/h3>\t\t\t\t<\/div>\n\t\t\t\t<\/div>\n\t\t\t\t<div class=\"elementor-element elementor-element-f2b083c elementor-widget elementor-widget-text-editor\" data-id=\"f2b083c\" data-element_type=\"widget\" data-e-type=\"widget\" data-widget_type=\"text-editor.default\">\n\t\t\t\t<div class=\"elementor-widget-container\">\n\t\t\t\t\t\t\t\t\t<p>Nous vous remercions de l&rsquo;int\u00e9r\u00eat que vous portez \u00e0 notre entreprise. N&rsquo;h\u00e9sitez pas \u00e0 consulter cette page pour conna\u00eetre les opportunit\u00e9s futures ou \u00e0 soumettre votre candidature ouverte pour examen lorsque des postes seront disponibles. Veuillez envoyer une courte note de pr\u00e9sentation expliquant pourquoi vous souhaitez rejoindre l&rsquo;\u00e9quipe du CUE, ainsi qu&rsquo;une copie de votre CV actuel ou un lien vers votre profil LinkedIn \u00e0 l&rsquo;adresse suivante : <a href=\"mailto:hr@cuesystem.com\">hr@cuesystem.com<\/a>.<\/p>\n<p>Merci d&rsquo;envisager une carri\u00e8re chez nous !<\/p>\n\t\t\t\t\t\t\t\t<\/div>\n\t\t\t\t<\/div>\n\t\t\t\t\t<\/div>\n\t\t\t\t<\/div>\n\t\t<div class=\"elementor-element elementor-element-9bdb1ad elementor-hidden-desktop elementor-hidden-laptop elementor-hidden-tablet_extra elementor-hidden-tablet elementor-hidden-mobile_extra elementor-hidden-mobile e-flex e-con-boxed e-con e-parent\" data-id=\"9bdb1ad\" data-element_type=\"container\" data-e-type=\"container\">\n\t\t\t\t\t<div class=\"e-con-inner\">\n\t\t\t\t<div class=\"elementor-element elementor-element-ebcfadf elementor-widget elementor-widget-heading\" data-id=\"ebcfadf\" data-element_type=\"widget\" data-e-type=\"widget\" data-widget_type=\"heading.default\">\n\t\t\t\t<div class=\"elementor-widget-container\">\n\t\t\t\t\t<h3 class=\"elementor-heading-title elementor-size-default\">Nous proposons actuellement les postes suivants.<\/h3>\t\t\t\t<\/div>\n\t\t\t\t<\/div>\n\t\t\t\t<div class=\"elementor-element elementor-element-10f1620 elementor-widget elementor-widget-n-accordion\" data-id=\"10f1620\" data-element_type=\"widget\" data-e-type=\"widget\" data-settings=\"{&quot;default_state&quot;:&quot;all_collapsed&quot;,&quot;max_items_expended&quot;:&quot;one&quot;,&quot;n_accordion_animation_duration&quot;:{&quot;unit&quot;:&quot;ms&quot;,&quot;size&quot;:400,&quot;sizes&quot;:[]}}\" data-widget_type=\"nested-accordion.default\">\n\t\t\t\t<div class=\"elementor-widget-container\">\n\t\t\t\t\t\t\t<div class=\"e-n-accordion\" aria-label=\"Accordion. Open links with Enter or Space, close with Escape, and navigate with Arrow Keys\">\n\t\t\t\t\t\t<details id=\"e-n-accordion-item-1770\" class=\"e-n-accordion-item\" >\n\t\t\t\t<summary class=\"e-n-accordion-item-title\" data-accordion-index=\"1\" tabindex=\"0\" aria-expanded=\"false\" aria-controls=\"e-n-accordion-item-1770\" >\n\t\t\t\t\t<span class='e-n-accordion-item-title-header'><div class=\"e-n-accordion-item-title-text\"> Nom du poste <\/div><\/span>\n\t\t\t\t\t\t\t<span class='e-n-accordion-item-title-icon'>\n\t\t\t<span class='e-opened' ><svg xmlns=\"http:\/\/www.w3.org\/2000\/svg\" xmlns:xlink=\"http:\/\/www.w3.org\/1999\/xlink\" id=\"Layer_1\" x=\"0px\" y=\"0px\" viewBox=\"0 0 492.002 492.002\" style=\"enable-background:new 0 0 492.002 492.002;\" xml:space=\"preserve\"> <g> <g> <path d=\"M484.136,328.473L264.988,109.329c-5.064-5.064-11.816-7.844-19.172-7.844c-7.208,0-13.964,2.78-19.02,7.844 L7.852,328.265C2.788,333.333,0,340.089,0,347.297c0,7.208,2.784,13.968,7.852,19.032l16.124,16.124 c5.064,5.064,11.824,7.86,19.032,7.86s13.964-2.796,19.032-7.86l183.852-183.852l184.056,184.064 c5.064,5.06,11.82,7.852,19.032,7.852c7.208,0,13.96-2.792,19.028-7.852l16.128-16.132 C494.624,356.041,494.624,338.965,484.136,328.473z\"><\/path> <\/g> <\/g> <g> <\/g> <g> <\/g> <g> <\/g> <g> <\/g> <g> <\/g> <g> <\/g> <g> <\/g> <g> <\/g> <g> <\/g> <g> <\/g> <g> <\/g> <g> <\/g> <g> <\/g> <g> <\/g> <g> <\/g> <\/svg><\/span>\n\t\t\t<span class='e-closed'><svg xmlns=\"http:\/\/www.w3.org\/2000\/svg\" xmlns:xlink=\"http:\/\/www.w3.org\/1999\/xlink\" id=\"Layer_1\" x=\"0px\" y=\"0px\" viewBox=\"0 0 492.004 492.004\" style=\"enable-background:new 0 0 492.004 492.004;\" xml:space=\"preserve\"> <g> <g> <path d=\"M382.678,226.804L163.73,7.86C158.666,2.792,151.906,0,144.698,0s-13.968,2.792-19.032,7.86l-16.124,16.12 c-10.492,10.504-10.492,27.576,0,38.064L293.398,245.9l-184.06,184.06c-5.064,5.068-7.86,11.824-7.86,19.028 c0,7.212,2.796,13.968,7.86,19.04l16.124,16.116c5.068,5.068,11.824,7.86,19.032,7.86s13.968-2.792,19.032-7.86L382.678,265 c5.076-5.084,7.864-11.872,7.848-19.088C390.542,238.668,387.754,231.884,382.678,226.804z\"><\/path> <\/g> <\/g> <g> <\/g> <g> <\/g> <g> <\/g> <g> <\/g> <g> <\/g> <g> <\/g> <g> <\/g> <g> <\/g> <g> <\/g> <g> <\/g> <g> <\/g> <g> <\/g> <g> <\/g> <g> <\/g> <g> <\/g> <\/svg><\/span>\n\t\t<\/span>\n\n\t\t\t\t\t\t<\/summary>\n\t\t\t\t<div role=\"region\" aria-labelledby=\"e-n-accordion-item-1770\" class=\"elementor-element elementor-element-61c8156 e-con-full e-flex e-con e-child\" data-id=\"61c8156\" data-element_type=\"container\" data-e-type=\"container\">\n\t\t\t\t<\/div>\n\t\t\t\t\t<\/details>\n\t\t\t\t\t<\/div>\n\t\t\t\t\t\t<\/div>\n\t\t\t\t<\/div>\n\t\t\t\t\t<\/div>\n\t\t\t\t<\/div>\n\t\t\t\t<\/div>\n\t\t","protected":false},"excerpt":{"rendered":"<p>Vous souhaitez rejoindre notre \u00e9quipe Carri\u00e8re \u00e0 la CUE Nous n&rsquo;avons actuellement aucun poste vacant. Nous vous remercions de l&rsquo;int\u00e9r\u00eat que vous portez \u00e0 notre entreprise. N&rsquo;h\u00e9sitez pas \u00e0 consulter cette page pour conna\u00eetre les opportunit\u00e9s futures ou \u00e0 soumettre votre candidature ouverte pour examen lorsque des postes seront disponibles. Veuillez envoyer une courte note <a href=\"https:\/\/www.cuesystem.com\/fr\/carriere\/\" class=\"more-link\">&#8230;<span class=\"screen-reader-text\">  Carri\u00e8re<\/span><\/a><\/p>\n","protected":false},"author":3,"featured_media":0,"parent":0,"menu_order":534,"comment_status":"closed","ping_status":"closed","template":"","meta":{"_acf_changed":false,"inline_featured_image":false,"footnotes":""},"kategorie":[],"class_list":["post-18913","page","type-page","status-publish","hentry"],"acf":[],"_links":{"self":[{"href":"https:\/\/www.cuesystem.com\/fr\/wp-json\/wp\/v2\/pages\/18913","targetHints":{"allow":["GET"]}}],"collection":[{"href":"https:\/\/www.cuesystem.com\/fr\/wp-json\/wp\/v2\/pages"}],"about":[{"href":"https:\/\/www.cuesystem.com\/fr\/wp-json\/wp\/v2\/types\/page"}],"author":[{"embeddable":true,"href":"https:\/\/www.cuesystem.com\/fr\/wp-json\/wp\/v2\/users\/3"}],"replies":[{"embeddable":true,"href":"https:\/\/www.cuesystem.com\/fr\/wp-json\/wp\/v2\/comments?post=18913"}],"version-history":[{"count":1,"href":"https:\/\/www.cuesystem.com\/fr\/wp-json\/wp\/v2\/pages\/18913\/revisions"}],"predecessor-version":[{"id":18915,"href":"https:\/\/www.cuesystem.com\/fr\/wp-json\/wp\/v2\/pages\/18913\/revisions\/18915"}],"wp:attachment":[{"href":"https:\/\/www.cuesystem.com\/fr\/wp-json\/wp\/v2\/media?parent=18913"}],"wp:term":[{"taxonomy":"kategorie","embeddable":true,"href":"https:\/\/www.cuesystem.com\/fr\/wp-json\/wp\/v2\/kategorie?post=18913"}],"curies":[{"name":"wp","href":"https:\/\/api.w.org\/{rel}","templated":true}]}}