{"id":19237,"date":"2023-10-16T12:58:43","date_gmt":"2023-10-16T10:58:43","guid":{"rendered":"https:\/\/www.cuesystem.com\/avantages-3\/"},"modified":"2024-01-03T15:05:51","modified_gmt":"2024-01-03T14:05:51","slug":"avantages-3","status":"publish","type":"page","link":"https:\/\/www.cuesystem.com\/fr\/gerer\/avantages-3\/","title":{"rendered":"Avantages"},"content":{"rendered":"\t\t<div data-elementor-type=\"wp-page\" data-elementor-id=\"19237\" class=\"elementor elementor-19237 elementor-120\" data-elementor-post-type=\"page\">\n\t\t\t\t<div class=\"elementor-element elementor-element-cd2e7df e-flex e-con-boxed e-con e-parent\" data-id=\"cd2e7df\" data-element_type=\"container\" data-e-type=\"container\">\n\t\t\t\t\t<div class=\"e-con-inner\">\n\t\t\t\t<div class=\"elementor-element elementor-element-58cbe37 elementor-widget elementor-widget-heading\" data-id=\"58cbe37\" data-element_type=\"widget\" data-e-type=\"widget\" data-widget_type=\"heading.default\">\n\t\t\t\t<div class=\"elementor-widget-container\">\n\t\t\t\t\t<h3 class=\"elementor-heading-title elementor-size-default\">G\u00e9rer<\/h3>\t\t\t\t<\/div>\n\t\t\t\t<\/div>\n\t\t\t\t<div class=\"elementor-element elementor-element-2f726be elementor-widget elementor-widget-heading\" data-id=\"2f726be\" data-element_type=\"widget\" data-e-type=\"widget\" data-widget_type=\"heading.default\">\n\t\t\t\t<div class=\"elementor-widget-container\">\n\t\t\t\t\t<h1 class=\"elementor-heading-title elementor-size-default\">Avantages<\/h1>\t\t\t\t<\/div>\n\t\t\t\t<\/div>\n\t\t\t\t\t<\/div>\n\t\t\t\t<\/div>\n\t\t<div class=\"elementor-element elementor-element-3c15c1b e-flex e-con-boxed e-con e-parent\" data-id=\"3c15c1b\" data-element_type=\"container\" data-e-type=\"container\">\n\t\t\t\t\t<div class=\"e-con-inner\">\n\t\t<div class=\"elementor-element elementor-element-93c12c8 e-flex e-con-boxed e-con e-child\" data-id=\"93c12c8\" data-element_type=\"container\" data-e-type=\"container\">\n\t\t\t\t\t<div class=\"e-con-inner\">\n\t\t<div class=\"elementor-element elementor-element-e7a5e69 e-flex e-con-boxed e-con e-child\" data-id=\"e7a5e69\" data-element_type=\"container\" data-e-type=\"container\">\n\t\t\t\t\t<div class=\"e-con-inner\">\n\t\t\t\t<div class=\"elementor-element elementor-element-15c488a elementor-widget elementor-widget-text-editor\" data-id=\"15c488a\" data-element_type=\"widget\" data-e-type=\"widget\" data-widget_type=\"text-editor.default\">\n\t\t\t\t<div class=\"elementor-widget-container\">\n\t\t\t\t\t\t\t\t\t<p>La gestion centralis\u00e9e des appareils et des logiciels consiste \u00e0 <strong>superviser et \u00e0 contr\u00f4ler plusieurs appareils et applications logicielles<\/strong> \u00e0 partir d&rsquo;un emplacement centralis\u00e9.<\/p>\n<p>En r\u00e9sum\u00e9, la gestion centralis\u00e9e des appareils et des logiciels offre une <strong>s\u00e9rie d&rsquo;avantages<\/strong> qui contribuent \u00e0 am\u00e9liorer l&rsquo;efficacit\u00e9, la s\u00e9curit\u00e9 et l&rsquo;efficience globale de l&rsquo;organisation. Il permet une approche plus proactive et rationalis\u00e9e de l&rsquo;administration des syst\u00e8mes, aidant les organisations \u00e0 s&rsquo;adapter \u00e0 l&rsquo;\u00e9volution des besoins et aux progr\u00e8s technologiques.<\/p>\n\t\t\t\t\t\t\t\t<\/div>\n\t\t\t\t<\/div>\n\t\t\t\t\t<\/div>\n\t\t\t\t<\/div>\n\t\t\t\t\t<\/div>\n\t\t\t\t<\/div>\n\t\t\t\t\t<\/div>\n\t\t\t\t<\/div>\n\t\t<div class=\"elementor-element elementor-element-9e4b400 e-flex e-con-boxed e-con e-parent\" data-id=\"9e4b400\" data-element_type=\"container\" data-e-type=\"container\">\n\t\t\t\t\t<div class=\"e-con-inner\">\n\t\t<div class=\"elementor-element elementor-element-ee50f07 e-flex e-con-boxed e-con e-child\" data-id=\"ee50f07\" data-element_type=\"container\" data-e-type=\"container\">\n\t\t\t\t\t<div class=\"e-con-inner\">\n\t\t\t\t<div class=\"elementor-element elementor-element-d9aaed5 elementor-widget elementor-widget-heading\" data-id=\"d9aaed5\" data-element_type=\"widget\" data-e-type=\"widget\" data-widget_type=\"heading.default\">\n\t\t\t\t<div class=\"elementor-widget-container\">\n\t\t\t\t\t<h3 class=\"elementor-heading-title elementor-size-default\"><span style=\"font-size: 20.8px\">Utilisation efficace des ressources<\/span><\/h3>\t\t\t\t<\/div>\n\t\t\t\t<\/div>\n\t\t\t\t<div class=\"elementor-element elementor-element-2b43703 elementor-widget elementor-widget-text-editor\" data-id=\"2b43703\" data-element_type=\"widget\" data-e-type=\"widget\" data-widget_type=\"text-editor.default\">\n\t\t\t\t<div class=\"elementor-widget-container\">\n\t\t\t\t\t\t\t\t\t<p>La gestion centralis\u00e9e permet une <strong>allocation et une utilisation plus efficaces des ressources<\/strong> telles que le mat\u00e9riel, les licences logicielles et la bande passante du r\u00e9seau. Les administrateurs peuvent optimiser ces ressources en fonction des besoins r\u00e9els de l&rsquo;organisation.<\/p>\n\t\t\t\t\t\t\t\t<\/div>\n\t\t\t\t<\/div>\n\t\t\t\t\t<\/div>\n\t\t\t\t<\/div>\n\t\t<div class=\"elementor-element elementor-element-102323e e-flex e-con-boxed e-con e-child\" data-id=\"102323e\" data-element_type=\"container\" data-e-type=\"container\">\n\t\t\t\t\t<div class=\"e-con-inner\">\n\t\t\t\t<div class=\"elementor-element elementor-element-76df54c elementor-widget elementor-widget-heading\" data-id=\"76df54c\" data-element_type=\"widget\" data-e-type=\"widget\" data-widget_type=\"heading.default\">\n\t\t\t\t<div class=\"elementor-widget-container\">\n\t\t\t\t\t<h3 class=\"elementor-heading-title elementor-size-default\">Rationalisation des mises \u00e0 jour et de la gestion des correctifs<\/h3>\t\t\t\t<\/div>\n\t\t\t\t<\/div>\n\t\t\t\t<div class=\"elementor-element elementor-element-97412fe elementor-widget elementor-widget-text-editor\" data-id=\"97412fe\" data-element_type=\"widget\" data-e-type=\"widget\" data-widget_type=\"text-editor.default\">\n\t\t\t\t<div class=\"elementor-widget-container\">\n\t\t\t\t\t\t\t\t\t<p>La gestion centralis\u00e9e <strong>facilite le d\u00e9ploiement des mises \u00e0 jour, des correctifs et des corrections de s\u00e9curit\u00e9<\/strong> sur l&rsquo;ensemble des appareils et des applications logicielles. Cela garantit que les syst\u00e8mes sont constamment mis \u00e0 jour et prot\u00e9g\u00e9s contre les vuln\u00e9rabilit\u00e9s.<\/p>\n\t\t\t\t\t\t\t\t<\/div>\n\t\t\t\t<\/div>\n\t\t\t\t\t<\/div>\n\t\t\t\t<\/div>\n\t\t<div class=\"elementor-element elementor-element-62c6b2d e-flex e-con-boxed e-con e-child\" data-id=\"62c6b2d\" data-element_type=\"container\" data-e-type=\"container\">\n\t\t\t\t\t<div class=\"e-con-inner\">\n\t\t\t\t<div class=\"elementor-element elementor-element-f7ac3a1 elementor-widget elementor-widget-heading\" data-id=\"f7ac3a1\" data-element_type=\"widget\" data-e-type=\"widget\" data-widget_type=\"heading.default\">\n\t\t\t\t<div class=\"elementor-widget-container\">\n\t\t\t\t\t<h3 class=\"elementor-heading-title elementor-size-default\"><span style=\"font-size: 20.8px\">R\u00e9duction des temps d'arr\u00eat<\/span><\/h3>\t\t\t\t<\/div>\n\t\t\t\t<\/div>\n\t\t\t\t<div class=\"elementor-element elementor-element-be53785 elementor-widget elementor-widget-text-editor\" data-id=\"be53785\" data-element_type=\"widget\" data-e-type=\"widget\" data-widget_type=\"text-editor.default\">\n\t\t\t\t<div class=\"elementor-widget-container\">\n\t\t\t\t\t\t\t\t\t<p>En centralisant la surveillance et la gestion des appareils et des logiciels, les administrateurs peuvent <strong>rapidement identifier et r\u00e9soudre les probl\u00e8mes<\/strong>, minimisant ainsi les temps d&rsquo;arr\u00eat. Cette approche proactive permet de maintenir la fiabilit\u00e9 et la disponibilit\u00e9 du syst\u00e8me.<\/p>\n\t\t\t\t\t\t\t\t<\/div>\n\t\t\t\t<\/div>\n\t\t\t\t\t<\/div>\n\t\t\t\t<\/div>\n\t\t<div class=\"elementor-element elementor-element-7bafbcf e-flex e-con-boxed e-con e-child\" data-id=\"7bafbcf\" data-element_type=\"container\" data-e-type=\"container\">\n\t\t\t\t\t<div class=\"e-con-inner\">\n\t\t\t\t<div class=\"elementor-element elementor-element-dd09cc3 elementor-widget elementor-widget-heading\" data-id=\"dd09cc3\" data-element_type=\"widget\" data-e-type=\"widget\" data-widget_type=\"heading.default\">\n\t\t\t\t<div class=\"elementor-widget-container\">\n\t\t\t\t\t<h3 class=\"elementor-heading-title elementor-size-default\">S\u00e9curit\u00e9 renforc\u00e9e<\/h3>\t\t\t\t<\/div>\n\t\t\t\t<\/div>\n\t\t\t\t<div class=\"elementor-element elementor-element-bbf3a43 elementor-widget elementor-widget-text-editor\" data-id=\"bbf3a43\" data-element_type=\"widget\" data-e-type=\"widget\" data-widget_type=\"text-editor.default\">\n\t\t\t\t<div class=\"elementor-widget-container\">\n\t\t\t\t\t\t\t\t\t<p>La gestion centralis\u00e9e permet d&rsquo;appliquer les politiques de s\u00e9curit\u00e9 et de mettre en \u0153uvre des <strong>mesures de s\u00e9curit\u00e9 coh\u00e9rentes<\/strong> pour tous les appareils et logiciels. Il contribue \u00e0 garantir le respect des normes de s\u00e9curit\u00e9 et \u00e0 prot\u00e9ger contre les menaces potentielles.<\/p>\n\t\t\t\t\t\t\t\t<\/div>\n\t\t\t\t<\/div>\n\t\t\t\t\t<\/div>\n\t\t\t\t<\/div>\n\t\t<div class=\"elementor-element elementor-element-b509697 e-flex e-con-boxed e-con e-child\" data-id=\"b509697\" data-element_type=\"container\" data-e-type=\"container\">\n\t\t\t\t\t<div class=\"e-con-inner\">\n\t\t\t\t<div class=\"elementor-element elementor-element-08555a1 elementor-widget elementor-widget-heading\" data-id=\"08555a1\" data-element_type=\"widget\" data-e-type=\"widget\" data-widget_type=\"heading.default\">\n\t\t\t\t<div class=\"elementor-widget-container\">\n\t\t\t\t\t<h3 class=\"elementor-heading-title elementor-size-default\">D\u00e9pannage simplifi\u00e9<\/h3>\t\t\t\t<\/div>\n\t\t\t\t<\/div>\n\t\t\t\t<div class=\"elementor-element elementor-element-39154d0 elementor-widget elementor-widget-text-editor\" data-id=\"39154d0\" data-element_type=\"widget\" data-e-type=\"widget\" data-widget_type=\"text-editor.default\">\n\t\t\t\t<div class=\"elementor-widget-container\">\n\t\t\t\t\t\t\t\t\t<p>Le d\u00e9pannage devient plus efficace gr\u00e2ce \u00e0 la gestion centralis\u00e9e, car les administrateurs peuvent <strong>diagnostiquer et r\u00e9soudre les probl\u00e8mes \u00e0 distance<\/strong> sans avoir \u00e0 acc\u00e9der physiquement \u00e0 chaque appareil. Cette fonction est particuli\u00e8rement utile dans les organisations de grande taille ou g\u00e9ographiquement dispers\u00e9es.<\/p>\n\t\t\t\t\t\t\t\t<\/div>\n\t\t\t\t<\/div>\n\t\t\t\t\t<\/div>\n\t\t\t\t<\/div>\n\t\t<div class=\"elementor-element elementor-element-3e9229c e-flex e-con-boxed e-con e-child\" data-id=\"3e9229c\" data-element_type=\"container\" data-e-type=\"container\">\n\t\t\t\t\t<div class=\"e-con-inner\">\n\t\t\t\t<div class=\"elementor-element elementor-element-4a64212 elementor-widget elementor-widget-heading\" data-id=\"4a64212\" data-element_type=\"widget\" data-e-type=\"widget\" data-widget_type=\"heading.default\">\n\t\t\t\t<div class=\"elementor-widget-container\">\n\t\t\t\t\t<h3 class=\"elementor-heading-title elementor-size-default\">\u00c9conomies de co\u00fbts<\/h3>\t\t\t\t<\/div>\n\t\t\t\t<\/div>\n\t\t\t\t<div class=\"elementor-element elementor-element-258efaa elementor-widget elementor-widget-text-editor\" data-id=\"258efaa\" data-element_type=\"widget\" data-e-type=\"widget\" data-widget_type=\"text-editor.default\">\n\t\t\t\t<div class=\"elementor-widget-container\">\n\t\t\t\t\t\t\t\t\t<p>La gestion centralis\u00e9e peut permettre de r\u00e9aliser des \u00e9conomies en <strong>r\u00e9duisant le besoin d&rsquo;assistance sur site<\/strong>, en minimisant les temps d&rsquo;arr\u00eat et en optimisant l&rsquo;utilisation des ressources. Il permet \u00e9galement de mieux g\u00e9rer les licences et d&rsquo;\u00e9viter les achats inutiles de logiciels.<\/p>\n\t\t\t\t\t\t\t\t<\/div>\n\t\t\t\t<\/div>\n\t\t\t\t\t<\/div>\n\t\t\t\t<\/div>\n\t\t<div class=\"elementor-element elementor-element-ab64c90 e-flex e-con-boxed e-con e-child\" data-id=\"ab64c90\" data-element_type=\"container\" data-e-type=\"container\">\n\t\t\t\t\t<div class=\"e-con-inner\">\n\t\t\t\t<div class=\"elementor-element elementor-element-dbf93af elementor-widget elementor-widget-heading\" data-id=\"dbf93af\" data-element_type=\"widget\" data-e-type=\"widget\" data-widget_type=\"heading.default\">\n\t\t\t\t<div class=\"elementor-widget-container\">\n\t\t\t\t\t<h3 class=\"elementor-heading-title elementor-size-default\">Am\u00e9lioration de la productivit\u00e9<\/h3>\t\t\t\t<\/div>\n\t\t\t\t<\/div>\n\t\t\t\t<div class=\"elementor-element elementor-element-04910ae elementor-widget elementor-widget-text-editor\" data-id=\"04910ae\" data-element_type=\"widget\" data-e-type=\"widget\" data-widget_type=\"text-editor.default\">\n\t\t\t\t<div class=\"elementor-widget-container\">\n\t\t\t\t\t\t\t\t\t<p>Les utilisateurs b\u00e9n\u00e9ficient d&rsquo;un syst\u00e8me plus <strong>fiable et<\/strong> plus <strong>performant<\/strong>, ce qui am\u00e9liore la productivit\u00e9. La gestion centralis\u00e9e permet de s&rsquo;assurer que les employ\u00e9s ont acc\u00e8s aux outils et ressources n\u00e9cessaires sans interruption.<\/p>\n\t\t\t\t\t\t\t\t<\/div>\n\t\t\t\t<\/div>\n\t\t\t\t\t<\/div>\n\t\t\t\t<\/div>\n\t\t<div class=\"elementor-element elementor-element-ae2bfad e-flex e-con-boxed e-con e-child\" data-id=\"ae2bfad\" data-element_type=\"container\" data-e-type=\"container\">\n\t\t\t\t\t<div class=\"e-con-inner\">\n\t\t\t\t<div class=\"elementor-element elementor-element-005b6ad elementor-widget elementor-widget-heading\" data-id=\"005b6ad\" data-element_type=\"widget\" data-e-type=\"widget\" data-widget_type=\"heading.default\">\n\t\t\t\t<div class=\"elementor-widget-container\">\n\t\t\t\t\t<h3 class=\"elementor-heading-title elementor-size-default\">Un suivi et des rapports complets<\/h3>\t\t\t\t<\/div>\n\t\t\t\t<\/div>\n\t\t\t\t<div class=\"elementor-element elementor-element-1f0d536 elementor-widget elementor-widget-text-editor\" data-id=\"1f0d536\" data-element_type=\"widget\" data-e-type=\"widget\" data-widget_type=\"text-editor.default\">\n\t\t\t\t<div class=\"elementor-widget-container\">\n\t\t\t\t\t\t\t\t\t<p>Les syst\u00e8mes de gestion centralis\u00e9s offrent souvent de <strong>solides<\/strong> capacit\u00e9s de <strong>suivi et d&rsquo;\u00e9tablissement de rapports<\/strong>. Les administrateurs peuvent suivre les performances, l&rsquo;utilisation et la conformit\u00e9 des appareils et des logiciels, ce qui leur permet de prendre des d\u00e9cisions fond\u00e9es sur des donn\u00e9es.<\/p>\n\t\t\t\t\t\t\t\t<\/div>\n\t\t\t\t<\/div>\n\t\t\t\t\t<\/div>\n\t\t\t\t<\/div>\n\t\t<div class=\"elementor-element elementor-element-43e8f91 e-flex e-con-boxed e-con e-child\" data-id=\"43e8f91\" data-element_type=\"container\" data-e-type=\"container\">\n\t\t\t\t\t<div class=\"e-con-inner\">\n\t\t\t\t<div class=\"elementor-element elementor-element-4d9141b elementor-widget elementor-widget-heading\" data-id=\"4d9141b\" data-element_type=\"widget\" data-e-type=\"widget\" data-widget_type=\"heading.default\">\n\t\t\t\t<div class=\"elementor-widget-container\">\n\t\t\t\t\t<h3 class=\"elementor-heading-title elementor-size-default\">Gestion simplifi\u00e9e de la conformit\u00e9<\/h3>\t\t\t\t<\/div>\n\t\t\t\t<\/div>\n\t\t\t\t<div class=\"elementor-element elementor-element-c1d4099 elementor-widget elementor-widget-text-editor\" data-id=\"c1d4099\" data-element_type=\"widget\" data-e-type=\"widget\" data-widget_type=\"text-editor.default\">\n\t\t\t\t<div class=\"elementor-widget-container\">\n\t\t\t\t\t\t\t\t\t<p>Les entreprises des secteurs r\u00e9glement\u00e9s peuvent utiliser la gestion centralis\u00e9e pour <strong>appliquer et contr\u00f4ler la conformit\u00e9<\/strong> avec les r\u00e9glementations et les normes sp\u00e9cifiques \u00e0 leur secteur d&rsquo;activit\u00e9. Cela permet de s&rsquo;assurer que tous les appareils et logiciels r\u00e9pondent aux exigences de conformit\u00e9 requises.<\/p>\n\t\t\t\t\t\t\t\t<\/div>\n\t\t\t\t<\/div>\n\t\t\t\t\t<\/div>\n\t\t\t\t<\/div>\n\t\t<div class=\"elementor-element elementor-element-13a13d2 e-flex e-con-boxed e-con e-child\" data-id=\"13a13d2\" data-element_type=\"container\" data-e-type=\"container\">\n\t\t\t\t\t<div class=\"e-con-inner\">\n\t\t\t\t<div class=\"elementor-element elementor-element-8297d5a elementor-widget elementor-widget-heading\" data-id=\"8297d5a\" data-element_type=\"widget\" data-e-type=\"widget\" data-widget_type=\"heading.default\">\n\t\t\t\t<div class=\"elementor-widget-container\">\n\t\t\t\t\t<h3 class=\"elementor-heading-title elementor-size-default\">\u00c9volutivit\u00e9<\/h3>\t\t\t\t<\/div>\n\t\t\t\t<\/div>\n\t\t\t\t<div class=\"elementor-element elementor-element-f179a0c elementor-widget elementor-widget-text-editor\" data-id=\"f179a0c\" data-element_type=\"widget\" data-e-type=\"widget\" data-widget_type=\"text-editor.default\">\n\t\t\t\t<div class=\"elementor-widget-container\">\n\t\t\t\t\t\t\t\t\t<p>Les syst\u00e8mes de gestion centralis\u00e9e sont con\u00e7us pour <strong>s&rsquo;adapter aux besoins croissants<\/strong> d&rsquo;une organisation. Au fur et \u00e0 mesure que le nombre d&rsquo;appareils et d&rsquo;applications logicielles augmente, l&rsquo;infrastructure de gestion centralis\u00e9e peut \u00eatre \u00e9tendue pour faire face \u00e0 cette croissance.<\/p>\n\t\t\t\t\t\t\t\t<\/div>\n\t\t\t\t<\/div>\n\t\t\t\t\t<\/div>\n\t\t\t\t<\/div>\n\t\t\t\t\t<\/div>\n\t\t\t\t<\/div>\n\t\t\t\t<\/div>\n\t\t","protected":false},"excerpt":{"rendered":"<p>G\u00e9rer Avantages La gestion centralis\u00e9e des appareils et des logiciels consiste \u00e0 superviser et \u00e0 contr\u00f4ler plusieurs appareils et applications logicielles \u00e0 partir d&rsquo;un emplacement centralis\u00e9. En r\u00e9sum\u00e9, la gestion centralis\u00e9e des appareils et des logiciels offre une s\u00e9rie d&rsquo;avantages qui contribuent \u00e0 am\u00e9liorer l&rsquo;efficacit\u00e9, la s\u00e9curit\u00e9 et l&rsquo;efficience globale de l&rsquo;organisation. Il permet une <a href=\"https:\/\/www.cuesystem.com\/fr\/gerer\/avantages-3\/\" class=\"more-link\">&#8230;<span class=\"screen-reader-text\">  Avantages<\/span><\/a><\/p>\n","protected":false},"author":5,"featured_media":0,"parent":19255,"menu_order":509,"comment_status":"closed","ping_status":"closed","template":"","meta":{"_acf_changed":false,"inline_featured_image":false,"footnotes":""},"kategorie":[],"class_list":["post-19237","page","type-page","status-publish","hentry"],"acf":[],"_links":{"self":[{"href":"https:\/\/www.cuesystem.com\/fr\/wp-json\/wp\/v2\/pages\/19237","targetHints":{"allow":["GET"]}}],"collection":[{"href":"https:\/\/www.cuesystem.com\/fr\/wp-json\/wp\/v2\/pages"}],"about":[{"href":"https:\/\/www.cuesystem.com\/fr\/wp-json\/wp\/v2\/types\/page"}],"author":[{"embeddable":true,"href":"https:\/\/www.cuesystem.com\/fr\/wp-json\/wp\/v2\/users\/5"}],"replies":[{"embeddable":true,"href":"https:\/\/www.cuesystem.com\/fr\/wp-json\/wp\/v2\/comments?post=19237"}],"version-history":[{"count":1,"href":"https:\/\/www.cuesystem.com\/fr\/wp-json\/wp\/v2\/pages\/19237\/revisions"}],"predecessor-version":[{"id":19240,"href":"https:\/\/www.cuesystem.com\/fr\/wp-json\/wp\/v2\/pages\/19237\/revisions\/19240"}],"up":[{"embeddable":true,"href":"https:\/\/www.cuesystem.com\/fr\/wp-json\/wp\/v2\/pages\/19255"}],"wp:attachment":[{"href":"https:\/\/www.cuesystem.com\/fr\/wp-json\/wp\/v2\/media?parent=19237"}],"wp:term":[{"taxonomy":"kategorie","embeddable":true,"href":"https:\/\/www.cuesystem.com\/fr\/wp-json\/wp\/v2\/kategorie?post=19237"}],"curies":[{"name":"wp","href":"https:\/\/api.w.org\/{rel}","templated":true}]}}