{"id":19355,"date":"2023-10-16T12:54:43","date_gmt":"2023-10-16T10:54:43","guid":{"rendered":"https:\/\/www.cuesystem.com\/naviguer\/temoignages-de-clients\/"},"modified":"2024-01-15T14:20:05","modified_gmt":"2024-01-15T13:20:05","slug":"temoignages-de-clients","status":"publish","type":"page","link":"https:\/\/www.cuesystem.com\/fr\/naviguer\/temoignages-de-clients\/","title":{"rendered":"T\u00e9moignages de clients"},"content":{"rendered":"\t\t<div data-elementor-type=\"wp-page\" data-elementor-id=\"19355\" class=\"elementor elementor-19355 elementor-112\" data-elementor-post-type=\"page\">\n\t\t\t\t<div class=\"elementor-element elementor-element-00815df e-flex e-con-boxed e-con e-parent\" data-id=\"00815df\" data-element_type=\"container\" data-e-type=\"container\" data-settings=\"{&quot;background_background&quot;:&quot;classic&quot;}\">\n\t\t\t\t\t<div class=\"e-con-inner\">\n\t\t\t\t<div class=\"elementor-element elementor-element-bc146ee elementor-widget elementor-widget-heading\" data-id=\"bc146ee\" data-element_type=\"widget\" data-e-type=\"widget\" data-widget_type=\"heading.default\">\n\t\t\t\t<div class=\"elementor-widget-container\">\n\t\t\t\t\t<h3 class=\"elementor-heading-title elementor-size-default\">Naviguer<\/h3>\t\t\t\t<\/div>\n\t\t\t\t<\/div>\n\t\t\t\t<div class=\"elementor-element elementor-element-5f42b9c elementor-widget elementor-widget-heading\" data-id=\"5f42b9c\" data-element_type=\"widget\" data-e-type=\"widget\" data-widget_type=\"heading.default\">\n\t\t\t\t<div class=\"elementor-widget-container\">\n\t\t\t\t\t<h1 class=\"elementor-heading-title elementor-size-default\">T\u00e9moignages de clients<\/h1>\t\t\t\t<\/div>\n\t\t\t\t<\/div>\n\t\t\t\t\t<\/div>\n\t\t\t\t<\/div>\n\t\t<div class=\"elementor-element elementor-element-c3f4a6a e-flex e-con-boxed e-con e-parent\" data-id=\"c3f4a6a\" data-element_type=\"container\" data-e-type=\"container\">\n\t\t\t\t\t<div class=\"e-con-inner\">\n\t\t\t\t<div class=\"elementor-element elementor-element-29d9237 elementor-widget-divider--view-line elementor-widget elementor-widget-divider\" data-id=\"29d9237\" data-element_type=\"widget\" data-e-type=\"widget\" data-widget_type=\"divider.default\">\n\t\t\t\t<div class=\"elementor-widget-container\">\n\t\t\t\t\t\t\t<div class=\"elementor-divider\">\n\t\t\t<span class=\"elementor-divider-separator\">\n\t\t\t\t\t\t<\/span>\n\t\t<\/div>\n\t\t\t\t\t\t<\/div>\n\t\t\t\t<\/div>\n\t\t\t\t\t<\/div>\n\t\t\t\t<\/div>\n\t\t<div class=\"elementor-element elementor-element-7664e9b e-flex e-con-boxed e-con e-parent\" data-id=\"7664e9b\" data-element_type=\"container\" data-e-type=\"container\">\n\t\t\t\t\t<div class=\"e-con-inner\">\n\t\t<div class=\"elementor-element elementor-element-641b683 e-con-full e-flex e-con e-child\" data-id=\"641b683\" data-element_type=\"container\" data-e-type=\"container\">\n\t\t\t\t<div class=\"elementor-element elementor-element-51cbc3a elementor-widget elementor-widget-video\" data-id=\"51cbc3a\" data-element_type=\"widget\" data-e-type=\"widget\" data-settings=\"{&quot;video_type&quot;:&quot;vimeo&quot;}\" data-widget_type=\"video.default\">\n\t\t\t\t<div class=\"elementor-widget-container\">\n\t\t\t\t\t\t\t<div class=\"elementor-wrapper elementor-open-inline\">\n\t\t\t<iframe class=\"elementor-video-iframe\" allowfullscreen allow=\"clipboard-write\" title=\"Lecteur vid\u00e9o vimeo\" src=\"https:\/\/player.vimeo.com\/video\/897763909?color&amp;autopause=0&amp;loop=0&amp;muted=0&amp;title=1&amp;portrait=1&amp;byline=1#t=\"><\/iframe>\t\t<\/div>\n\t\t\t\t\t\t<\/div>\n\t\t\t\t<\/div>\n\t\t\t\t<\/div>\n\t\t<div class=\"elementor-element elementor-element-cc0bc9b e-con-full e-flex e-con e-child\" data-id=\"cc0bc9b\" data-element_type=\"container\" data-e-type=\"container\">\n\t\t\t\t<div class=\"elementor-element elementor-element-ea21cc0 elementor-widget elementor-widget-heading\" data-id=\"ea21cc0\" data-element_type=\"widget\" data-e-type=\"widget\" data-widget_type=\"heading.default\">\n\t\t\t\t<div class=\"elementor-widget-container\">\n\t\t\t\t\t<h3 class=\"elementor-heading-title elementor-size-default\">Navigation int\u00e9rieure pour les employ\u00e9s dans le b\u00e2timent du si\u00e8ge<\/h3>\t\t\t\t<\/div>\n\t\t\t\t<\/div>\n\t\t\t\t<div class=\"elementor-element elementor-element-8a07ea4 elementor-widget elementor-widget-heading\" data-id=\"8a07ea4\" data-element_type=\"widget\" data-e-type=\"widget\" data-widget_type=\"heading.default\">\n\t\t\t\t<div class=\"elementor-widget-container\">\n\t\t\t\t\t<h2 class=\"elementor-heading-title elementor-size-default\">KB, a.s. | Membre de la Soci\u00e9t\u00e9 G\u00e9n\u00e9rale<\/h2>\t\t\t\t<\/div>\n\t\t\t\t<\/div>\n\t\t\t\t<div class=\"elementor-element elementor-element-13bc82c elementor-widget elementor-widget-text-editor\" data-id=\"13bc82c\" data-element_type=\"widget\" data-e-type=\"widget\" data-widget_type=\"text-editor.default\">\n\t\t\t\t<div class=\"elementor-widget-container\">\n\t\t\t\t\t\t\t\t\t<p>De nombreux employ\u00e9s d&rsquo;autres immeubles de bureaux \u00e0 Prague et d&rsquo;autres r\u00e9gions viennent dans notre immeuble de bureaux \u00e0 Stod\u016flky. Actuellement, le b\u00e2timent Stod\u016flky compte environ 130 salles de r\u00e9union et divers autres endroits dont les employ\u00e9s ne connaissent m\u00eame pas l&rsquo;existence. Lorsqu&rsquo;ils arrivent \u00e0 Stod\u016flky, ils ne savent pas exactement o\u00f9 se trouvent les salles de r\u00e9union. Dans ce cas, nous disposons d&rsquo;un grand panneau de navigation au rez-de-chauss\u00e9e de la zone de r\u00e9ception, o\u00f9 les visiteurs peuvent trouver la salle de r\u00e9union. Nous disposons \u00e9galement d&rsquo;un syst\u00e8me de navigation int\u00e9rieure qui permet aux utilisateurs d&rsquo;indiquer leur position actuelle en scannant un code QR \u00e0 l&rsquo;aide de leur t\u00e9l\u00e9phone portable, et la navigation les conduit ensuite facilement \u00e0 la salle de r\u00e9union souhait\u00e9e.<\/p>\n<p><span style=\"font-size: 1rem; text-align: var(--text-align);\">Tom\u00e1\u0161 Tala\u0161, responsable des services aux employ\u00e9s, Komer\u010dn\u00ed banka<\/span><\/p>\n\t\t\t\t\t\t\t\t<\/div>\n\t\t\t\t<\/div>\n\t\t\t\t<div class=\"elementor-element elementor-element-c13c2b1 elementor-widget elementor-widget-heading\" data-id=\"c13c2b1\" data-element_type=\"widget\" data-e-type=\"widget\" data-widget_type=\"heading.default\">\n\t\t\t\t<div class=\"elementor-widget-container\">\n\t\t\t\t\t<h3 class=\"elementor-heading-title elementor-size-default\">Exemples de sc\u00e9narios utilis\u00e9s<\/h3>\t\t\t\t<\/div>\n\t\t\t\t<\/div>\n\t\t<div class=\"elementor-element elementor-element-4a759e5 e-flex e-con-boxed e-con e-child\" data-id=\"4a759e5\" data-element_type=\"container\" data-e-type=\"container\">\n\t\t\t\t\t<div class=\"e-con-inner\">\n\t\t<div class=\"elementor-element elementor-element-d0748b5 e-flex e-con-boxed e-con e-child\" data-id=\"d0748b5\" data-element_type=\"container\" data-e-type=\"container\">\n\t\t\t\t\t<div class=\"e-con-inner\">\n\t\t\t\t<div class=\"elementor-element elementor-element-b027a28 elementor-widget elementor-widget-video\" data-id=\"b027a28\" data-element_type=\"widget\" data-e-type=\"widget\" data-settings=\"{&quot;video_type&quot;:&quot;vimeo&quot;}\" data-widget_type=\"video.default\">\n\t\t\t\t<div class=\"elementor-widget-container\">\n\t\t\t\t\t\t\t<div class=\"elementor-wrapper elementor-open-inline\">\n\t\t\t<iframe class=\"elementor-video-iframe\" allowfullscreen allow=\"clipboard-write\" title=\"Lecteur vid\u00e9o vimeo\" src=\"https:\/\/player.vimeo.com\/video\/897764230?color&amp;autopause=0&amp;loop=0&amp;muted=0&amp;title=1&amp;portrait=1&amp;byline=1#t=\"><\/iframe>\t\t<\/div>\n\t\t\t\t\t\t<\/div>\n\t\t\t\t<\/div>\n\t\t\t\t<div class=\"elementor-element elementor-element-e37b6e6 elementor-widget elementor-widget-heading\" data-id=\"e37b6e6\" data-element_type=\"widget\" data-e-type=\"widget\" data-widget_type=\"heading.default\">\n\t\t\t\t<div class=\"elementor-widget-container\">\n\t\t\t\t\t<h3 class=\"elementor-heading-title elementor-size-default\">Rencontre personnelle au caf\u00e9<\/h3>\t\t\t\t<\/div>\n\t\t\t\t<\/div>\n\t\t\t\t\t<\/div>\n\t\t\t\t<\/div>\n\t\t<div class=\"elementor-element elementor-element-73d3b79 e-flex e-con-boxed e-con e-child\" data-id=\"73d3b79\" data-element_type=\"container\" data-e-type=\"container\">\n\t\t\t\t\t<div class=\"e-con-inner\">\n\t\t\t\t<div class=\"elementor-element elementor-element-8da0dd3 elementor-widget elementor-widget-video\" data-id=\"8da0dd3\" data-element_type=\"widget\" data-e-type=\"widget\" data-settings=\"{&quot;video_type&quot;:&quot;vimeo&quot;}\" data-widget_type=\"video.default\">\n\t\t\t\t<div class=\"elementor-widget-container\">\n\t\t\t\t\t\t\t<div class=\"elementor-wrapper elementor-open-inline\">\n\t\t\t<iframe class=\"elementor-video-iframe\" allowfullscreen allow=\"clipboard-write\" title=\"Lecteur vid\u00e9o vimeo\" src=\"https:\/\/player.vimeo.com\/video\/897764353?color&amp;autopause=0&amp;loop=0&amp;muted=0&amp;title=1&amp;portrait=1&amp;byline=1#t=\"><\/iframe>\t\t<\/div>\n\t\t\t\t\t\t<\/div>\n\t\t\t\t<\/div>\n\t\t\t\t<div class=\"elementor-element elementor-element-750c7b8 elementor-widget elementor-widget-heading\" data-id=\"750c7b8\" data-element_type=\"widget\" data-e-type=\"widget\" data-widget_type=\"heading.default\">\n\t\t\t\t<div class=\"elementor-widget-container\">\n\t\t\t\t\t<h3 class=\"elementor-heading-title elementor-size-default\">Trouver la salle de r\u00e9union<\/h3>\t\t\t\t<\/div>\n\t\t\t\t<\/div>\n\t\t\t\t\t<\/div>\n\t\t\t\t<\/div>\n\t\t\t\t\t<\/div>\n\t\t\t\t<\/div>\n\t\t\t\t<\/div>\n\t\t\t\t\t<\/div>\n\t\t\t\t<\/div>\n\t\t<div class=\"elementor-element elementor-element-d43a07a e-flex e-con-boxed e-con e-parent\" data-id=\"d43a07a\" data-element_type=\"container\" data-e-type=\"container\">\n\t\t\t\t\t<div class=\"e-con-inner\">\n\t\t\t\t<div class=\"elementor-element elementor-element-c70d0e3 elementor-widget-divider--view-line elementor-widget elementor-widget-divider\" data-id=\"c70d0e3\" data-element_type=\"widget\" data-e-type=\"widget\" data-widget_type=\"divider.default\">\n\t\t\t\t<div class=\"elementor-widget-container\">\n\t\t\t\t\t\t\t<div class=\"elementor-divider\">\n\t\t\t<span class=\"elementor-divider-separator\">\n\t\t\t\t\t\t<\/span>\n\t\t<\/div>\n\t\t\t\t\t\t<\/div>\n\t\t\t\t<\/div>\n\t\t\t\t\t<\/div>\n\t\t\t\t<\/div>\n\t\t<div class=\"elementor-element elementor-element-30c3b44 elementor-hidden-desktop elementor-hidden-laptop elementor-hidden-tablet_extra elementor-hidden-tablet elementor-hidden-mobile_extra elementor-hidden-mobile e-flex e-con-boxed e-con e-parent\" data-id=\"30c3b44\" data-element_type=\"container\" data-e-type=\"container\">\n\t\t\t\t\t<div class=\"e-con-inner\">\n\t\t<div class=\"elementor-element elementor-element-f34509e e-con-full e-flex e-con e-child\" data-id=\"f34509e\" data-element_type=\"container\" data-e-type=\"container\">\n\t\t\t\t<div class=\"elementor-element elementor-element-82bcbec elementor-widget elementor-widget-video\" data-id=\"82bcbec\" data-element_type=\"widget\" data-e-type=\"widget\" data-settings=\"{&quot;youtube_url&quot;:&quot;https:\\\/\\\/youtu.be\\\/fI6-rLYc28o&quot;,&quot;video_type&quot;:&quot;youtube&quot;,&quot;controls&quot;:&quot;yes&quot;}\" data-widget_type=\"video.default\">\n\t\t\t\t<div class=\"elementor-widget-container\">\n\t\t\t\t\t\t\t<div class=\"elementor-wrapper elementor-open-inline\">\n\t\t\t<div class=\"elementor-video\"><\/div>\t\t<\/div>\n\t\t\t\t\t\t<\/div>\n\t\t\t\t<\/div>\n\t\t\t\t<\/div>\n\t\t<div class=\"elementor-element elementor-element-375dfa2 e-con-full e-flex e-con e-child\" data-id=\"375dfa2\" data-element_type=\"container\" data-e-type=\"container\">\n\t\t\t\t<div class=\"elementor-element elementor-element-12609ac elementor-widget elementor-widget-heading\" data-id=\"12609ac\" data-element_type=\"widget\" data-e-type=\"widget\" data-widget_type=\"heading.default\">\n\t\t\t\t<div class=\"elementor-widget-container\">\n\t\t\t\t\t<h3 class=\"elementor-heading-title elementor-size-default\">Navigation int\u00e9rieure pour les visiteurs<\/h3>\t\t\t\t<\/div>\n\t\t\t\t<\/div>\n\t\t\t\t<div class=\"elementor-element elementor-element-451d2b4 elementor-widget elementor-widget-heading\" data-id=\"451d2b4\" data-element_type=\"widget\" data-e-type=\"widget\" data-widget_type=\"heading.default\">\n\t\t\t\t<div class=\"elementor-widget-container\">\n\t\t\t\t\t<h2 class=\"elementor-heading-title elementor-size-default\">Autorit\u00e9 de la ville de Mikulov<\/h2>\t\t\t\t<\/div>\n\t\t\t\t<\/div>\n\t\t\t\t<div class=\"elementor-element elementor-element-0c16acb elementor-widget elementor-widget-text-editor\" data-id=\"0c16acb\" data-element_type=\"widget\" data-e-type=\"widget\" data-widget_type=\"text-editor.default\">\n\t\t\t\t<div class=\"elementor-widget-container\">\n\t\t\t\t\t\t\t\t\t<p>L&rsquo;objectif de la nouvelle navigation int\u00e9rieure de CUE est de permettre aux citoyens de trouver plus facilement leur chemin dans le b\u00e2timent. En effet, notre b\u00e2timent est compos\u00e9 de deux vieux immeubles avec des dispositions diff\u00e9rentes et il est assez difficile de s&rsquo;y retrouver. La navigation fonctionne sur un t\u00e9l\u00e9phone portable et le citoyen n&rsquo;a qu&rsquo;\u00e0 scanner le code QR de la porte d&rsquo;entr\u00e9e, puis \u00e0 choisir une destination et la navigation elle-m\u00eame lui indique d\u00e9j\u00e0 le chemin \u00e0 suivre pour arriver \u00e0 cette destination.<\/p>\n<p>Miloslav Novotn\u00fd, Autorit\u00e9 municipale de Mikulov<\/p>\n\t\t\t\t\t\t\t\t<\/div>\n\t\t\t\t<\/div>\n\t\t\t\t<\/div>\n\t\t\t\t\t<\/div>\n\t\t\t\t<\/div>\n\t\t\t\t<\/div>\n\t\t","protected":false},"excerpt":{"rendered":"<p>Naviguer T\u00e9moignages de clients Navigation int\u00e9rieure pour les employ\u00e9s dans le b\u00e2timent du si\u00e8ge KB, a.s. | Membre de la Soci\u00e9t\u00e9 G\u00e9n\u00e9rale De nombreux employ\u00e9s d&rsquo;autres immeubles de bureaux \u00e0 Prague et d&rsquo;autres r\u00e9gions viennent dans notre immeuble de bureaux \u00e0 Stod\u016flky. Actuellement, le b\u00e2timent Stod\u016flky compte environ 130 salles de r\u00e9union et divers autres <a href=\"https:\/\/www.cuesystem.com\/fr\/naviguer\/temoignages-de-clients\/\" class=\"more-link\">&#8230;<span class=\"screen-reader-text\">  T\u00e9moignages de clients<\/span><\/a><\/p>\n","protected":false},"author":5,"featured_media":0,"parent":19258,"menu_order":604,"comment_status":"closed","ping_status":"closed","template":"","meta":{"_acf_changed":false,"inline_featured_image":false,"footnotes":""},"kategorie":[],"class_list":["post-19355","page","type-page","status-publish","hentry"],"acf":[],"_links":{"self":[{"href":"https:\/\/www.cuesystem.com\/fr\/wp-json\/wp\/v2\/pages\/19355","targetHints":{"allow":["GET"]}}],"collection":[{"href":"https:\/\/www.cuesystem.com\/fr\/wp-json\/wp\/v2\/pages"}],"about":[{"href":"https:\/\/www.cuesystem.com\/fr\/wp-json\/wp\/v2\/types\/page"}],"author":[{"embeddable":true,"href":"https:\/\/www.cuesystem.com\/fr\/wp-json\/wp\/v2\/users\/5"}],"replies":[{"embeddable":true,"href":"https:\/\/www.cuesystem.com\/fr\/wp-json\/wp\/v2\/comments?post=19355"}],"version-history":[{"count":2,"href":"https:\/\/www.cuesystem.com\/fr\/wp-json\/wp\/v2\/pages\/19355\/revisions"}],"predecessor-version":[{"id":23203,"href":"https:\/\/www.cuesystem.com\/fr\/wp-json\/wp\/v2\/pages\/19355\/revisions\/23203"}],"up":[{"embeddable":true,"href":"https:\/\/www.cuesystem.com\/fr\/wp-json\/wp\/v2\/pages\/19258"}],"wp:attachment":[{"href":"https:\/\/www.cuesystem.com\/fr\/wp-json\/wp\/v2\/media?parent=19355"}],"wp:term":[{"taxonomy":"kategorie","embeddable":true,"href":"https:\/\/www.cuesystem.com\/fr\/wp-json\/wp\/v2\/kategorie?post=19355"}],"curies":[{"name":"wp","href":"https:\/\/api.w.org\/{rel}","templated":true}]}}