{"id":22657,"date":"2024-01-07T21:20:57","date_gmt":"2024-01-07T20:20:57","guid":{"rendered":"https:\/\/www.cuesystem.com\/prix-inavation-2024\/"},"modified":"2024-02-06T10:12:01","modified_gmt":"2024-02-06T09:12:01","slug":"prix-inavation-2024","status":"publish","type":"page","link":"https:\/\/www.cuesystem.com\/fr\/prix-inavation-2024\/","title":{"rendered":"Prix InAVation 2024"},"content":{"rendered":"\t\t<div data-elementor-type=\"wp-page\" data-elementor-id=\"22657\" class=\"elementor elementor-22657 elementor-19985\" data-elementor-post-type=\"page\">\n\t\t\t\t<div class=\"elementor-element elementor-element-b6a2e2a e-flex e-con-boxed e-con e-parent\" data-id=\"b6a2e2a\" data-element_type=\"container\" data-e-type=\"container\">\n\t\t\t\t\t<div class=\"e-con-inner\">\n\t\t\t\t<div class=\"elementor-element elementor-element-4926315 elementor-widget elementor-widget-image\" data-id=\"4926315\" data-element_type=\"widget\" data-e-type=\"widget\" data-widget_type=\"image.default\">\n\t\t\t\t<div class=\"elementor-widget-container\">\n\t\t\t\t\t\t\t\t\t\t\t\t\t\t\t<img fetchpriority=\"high\" decoding=\"async\" width=\"1024\" height=\"274\" src=\"https:\/\/www.cuesystem.com\/wp-content\/uploads\/2024\/01\/Logo_InAVationAwards-1024x274.webp\" class=\"attachment-large size-large wp-image-19954\" alt=\"\" srcset=\"https:\/\/www.cuesystem.com\/wp-content\/uploads\/2024\/01\/Logo_InAVationAwards-1024x274.webp 1024w, https:\/\/www.cuesystem.com\/wp-content\/uploads\/2024\/01\/Logo_InAVationAwards-300x80.webp 300w, https:\/\/www.cuesystem.com\/wp-content\/uploads\/2024\/01\/Logo_InAVationAwards.webp 1920w\" sizes=\"(max-width: 1024px) 100vw, 1024px\" \/>\t\t\t\t\t\t\t\t\t\t\t\t\t\t\t<\/div>\n\t\t\t\t<\/div>\n\t\t\t\t\t<\/div>\n\t\t\t\t<\/div>\n\t\t<div class=\"elementor-element elementor-element-98a5570 e-flex e-con-boxed e-con e-parent\" data-id=\"98a5570\" data-element_type=\"container\" data-e-type=\"container\">\n\t\t\t\t\t<div class=\"e-con-inner\">\n\t\t\t\t<div class=\"elementor-element elementor-element-f9fe87d elementor-widget-divider--view-line elementor-widget elementor-widget-divider\" data-id=\"f9fe87d\" data-element_type=\"widget\" data-e-type=\"widget\" data-widget_type=\"divider.default\">\n\t\t\t\t<div class=\"elementor-widget-container\">\n\t\t\t\t\t\t\t<div class=\"elementor-divider\">\n\t\t\t<span class=\"elementor-divider-separator\">\n\t\t\t\t\t\t<\/span>\n\t\t<\/div>\n\t\t\t\t\t\t<\/div>\n\t\t\t\t<\/div>\n\t\t\t\t\t<\/div>\n\t\t\t\t<\/div>\n\t\t<div class=\"elementor-element elementor-element-779c807 e-flex e-con-boxed e-con e-parent\" data-id=\"779c807\" data-element_type=\"container\" data-e-type=\"container\">\n\t\t\t\t\t<div class=\"e-con-inner\">\n\t\t\t\t<div class=\"elementor-element elementor-element-cd1f96a elementor-widget elementor-widget-heading\" data-id=\"cd1f96a\" data-element_type=\"widget\" data-e-type=\"widget\" data-widget_type=\"heading.default\">\n\t\t\t\t<div class=\"elementor-widget-container\">\n\t\t\t\t\t<h2 class=\"elementor-heading-title elementor-size-default\">Alerte aux gros gains !<\/h2>\t\t\t\t<\/div>\n\t\t\t\t<\/div>\n\t\t\t\t<div class=\"elementor-element elementor-element-b5b5393 elementor-widget elementor-widget-text-editor\" data-id=\"b5b5393\" data-element_type=\"widget\" data-e-type=\"widget\" data-widget_type=\"text-editor.default\">\n\t\t\t\t<div class=\"elementor-widget-container\">\n\t\t\t\t\t\t\t\t\t<p><span style=\"color: var( --e-global-color-primary ); font-family: var( --e-global-typography-primary-font-family ), Sans-serif; font-size: var( --e-global-typography-primary-font-size ); font-weight: var( --e-global-typography-primary-font-weight );\">Nous sommes ravis d&rsquo;annoncer notre victoire aux <\/span><a style=\"font-family: Nunito, sans-serif; font-size: 16px; font-weight: var( --e-global-typography-primary-font-weight ); line-height: var( --e-global-typography-a9b17a6-line-height ); letter-spacing: normal; word-spacing: 0px;\" href=\"https:\/\/www.inavationawards.com\/Awards\/Technology-Awards\" target=\"_blank\" rel=\"noopener\"><strong>2024 InAVation Awards<\/strong><\/a><span style=\"color: var( --e-global-color-primary ); font-family: var( --e-global-typography-primary-font-family ), Sans-serif; font-size: var( --e-global-typography-primary-font-size ); font-weight: var( --e-global-typography-primary-font-weight );\"> dans la cat\u00e9gorie \u00ab\u00a0Best Cloud-Enabled Technology\u00a0\u00bb (meilleure technologie bas\u00e9e sur le cloud) !<\/span><\/p>\n<p>Notre solution innovante CUE a \u00e9t\u00e9 reconnue pour son excellence dans la r\u00e9organisation de la fa\u00e7on dont nous naviguons et contr\u00f4lons les espaces. Un grand merci \u00e0 tous ceux qui nous ont soutenus dans cet incroyable voyage !<\/p>\n\t\t\t\t\t\t\t\t<\/div>\n\t\t\t\t<\/div>\n\t\t<div class=\"elementor-element elementor-element-3c9cda2 e-flex e-con-boxed e-con e-child\" data-id=\"3c9cda2\" data-element_type=\"container\" data-e-type=\"container\">\n\t\t\t\t\t<div class=\"e-con-inner\">\n\t\t\t\t<div class=\"elementor-element elementor-element-d6f2653 elementor-widget elementor-widget-text-editor\" data-id=\"d6f2653\" data-element_type=\"widget\" data-e-type=\"widget\" data-widget_type=\"text-editor.default\">\n\t\t\t\t<div class=\"elementor-widget-container\">\n\t\t\t\t\t\t\t\t\t<p><span style=\"color: var( --e-global-color-primary ); font-family: var( --e-global-typography-primary-font-family ), Sans-serif; font-size: var( --e-global-typography-primary-font-size ); font-weight: var( --e-global-typography-primary-font-weight );\">Cat\u00e9gorie<\/span><\/p>\n\t\t\t\t\t\t\t\t<\/div>\n\t\t\t\t<\/div>\n\t\t\t\t<div class=\"elementor-element elementor-element-025273d elementor-widget elementor-widget-heading\" data-id=\"025273d\" data-element_type=\"widget\" data-e-type=\"widget\" data-widget_type=\"heading.default\">\n\t\t\t\t<div class=\"elementor-widget-container\">\n\t\t\t\t\t<h3 class=\"elementor-heading-title elementor-size-default\"><span style=\"font-size: 20.8px\">Technologie en nuage<\/span><\/h3>\t\t\t\t<\/div>\n\t\t\t\t<\/div>\n\t\t\t\t<div class=\"elementor-element elementor-element-f656dc4 elementor-widget elementor-widget-image\" data-id=\"f656dc4\" data-element_type=\"widget\" data-e-type=\"widget\" data-widget_type=\"image.default\">\n\t\t\t\t<div class=\"elementor-widget-container\">\n\t\t\t\t\t\t\t\t\t\t\t\t\t\t\t\t<a href=\"https:\/\/www.cuesystem.com\/cue-solution\/\">\n\t\t\t\t\t\t\t<img decoding=\"async\" width=\"1024\" height=\"267\" src=\"https:\/\/www.cuesystem.com\/wp-content\/uploads\/2024\/01\/LogoCUEsaas-3-1024x267.webp\" class=\"attachment-large size-large wp-image-20039\" alt=\"\" srcset=\"https:\/\/www.cuesystem.com\/wp-content\/uploads\/2024\/01\/LogoCUEsaas-3-1024x267.webp 1024w, https:\/\/www.cuesystem.com\/wp-content\/uploads\/2024\/01\/LogoCUEsaas-3-300x78.webp 300w, https:\/\/www.cuesystem.com\/wp-content\/uploads\/2024\/01\/LogoCUEsaas-3.webp 1920w\" sizes=\"(max-width: 1024px) 100vw, 1024px\" \/>\t\t\t\t\t\t\t\t<\/a>\n\t\t\t\t\t\t\t\t\t\t\t\t\t\t\t<\/div>\n\t\t\t\t<\/div>\n\t\t\t\t<div class=\"elementor-element elementor-element-3369fd8 elementor-widget elementor-widget-text-editor\" data-id=\"3369fd8\" data-element_type=\"widget\" data-e-type=\"widget\" data-widget_type=\"text-editor.default\">\n\t\t\t\t<div class=\"elementor-widget-container\">\n\t\t\t\t\t\t\t\t\t<p><span style=\"color: var( --e-global-color-primary ); font-family: var( --e-global-typography-primary-font-family ), Sans-serif; font-size: var( --e-global-typography-primary-font-size ); font-weight: var( --e-global-typography-primary-font-weight );\">Solution en nuage CUE.<\/span><\/p>\n\t\t\t\t\t\t\t\t<\/div>\n\t\t\t\t<\/div>\n\t\t\t\t\t<\/div>\n\t\t\t\t<\/div>\n\t\t\t\t<div class=\"elementor-element elementor-element-de8c5e7 elementor-widget elementor-widget-image\" data-id=\"de8c5e7\" data-element_type=\"widget\" data-e-type=\"widget\" data-widget_type=\"image.default\">\n\t\t\t\t<div class=\"elementor-widget-container\">\n\t\t\t\t\t\t\t\t\t\t\t\t\t\t\t<img decoding=\"async\" width=\"1024\" height=\"768\" src=\"https:\/\/www.cuesystem.com\/wp-content\/uploads\/2024\/01\/IMG_4944-1024x768.jpeg\" class=\"attachment-large size-large wp-image-23816\" alt=\"\" srcset=\"https:\/\/www.cuesystem.com\/wp-content\/uploads\/2024\/01\/IMG_4944-1024x768.jpeg 1024w, https:\/\/www.cuesystem.com\/wp-content\/uploads\/2024\/01\/IMG_4944-300x225.jpeg 300w, https:\/\/www.cuesystem.com\/wp-content\/uploads\/2024\/01\/IMG_4944.jpeg 2048w\" sizes=\"(max-width: 1024px) 100vw, 1024px\" \/>\t\t\t\t\t\t\t\t\t\t\t\t\t\t\t<\/div>\n\t\t\t\t<\/div>\n\t\t\t\t\t<\/div>\n\t\t\t\t<\/div>\n\t\t\t\t<\/div>\n\t\t","protected":false},"excerpt":{"rendered":"<p>Alerte aux gros gains ! Nous sommes ravis d&rsquo;annoncer notre victoire aux 2024 InAVation Awards dans la cat\u00e9gorie \u00ab\u00a0Best Cloud-Enabled Technology\u00a0\u00bb (meilleure technologie bas\u00e9e sur le cloud) ! Notre solution innovante CUE a \u00e9t\u00e9 reconnue pour son excellence dans la r\u00e9organisation de la fa\u00e7on dont nous naviguons et contr\u00f4lons les espaces. Un grand merci \u00e0 <a href=\"https:\/\/www.cuesystem.com\/fr\/prix-inavation-2024\/\" class=\"more-link\">&#8230;<span class=\"screen-reader-text\">  Prix InAVation 2024<\/span><\/a><\/p>\n","protected":false},"author":3,"featured_media":0,"parent":0,"menu_order":405,"comment_status":"closed","ping_status":"closed","template":"","meta":{"_acf_changed":false,"inline_featured_image":false,"footnotes":""},"kategorie":[],"class_list":["post-22657","page","type-page","status-publish","hentry"],"acf":[],"_links":{"self":[{"href":"https:\/\/www.cuesystem.com\/fr\/wp-json\/wp\/v2\/pages\/22657","targetHints":{"allow":["GET"]}}],"collection":[{"href":"https:\/\/www.cuesystem.com\/fr\/wp-json\/wp\/v2\/pages"}],"about":[{"href":"https:\/\/www.cuesystem.com\/fr\/wp-json\/wp\/v2\/types\/page"}],"author":[{"embeddable":true,"href":"https:\/\/www.cuesystem.com\/fr\/wp-json\/wp\/v2\/users\/3"}],"replies":[{"embeddable":true,"href":"https:\/\/www.cuesystem.com\/fr\/wp-json\/wp\/v2\/comments?post=22657"}],"version-history":[{"count":2,"href":"https:\/\/www.cuesystem.com\/fr\/wp-json\/wp\/v2\/pages\/22657\/revisions"}],"predecessor-version":[{"id":23822,"href":"https:\/\/www.cuesystem.com\/fr\/wp-json\/wp\/v2\/pages\/22657\/revisions\/23822"}],"wp:attachment":[{"href":"https:\/\/www.cuesystem.com\/fr\/wp-json\/wp\/v2\/media?parent=22657"}],"wp:term":[{"taxonomy":"kategorie","embeddable":true,"href":"https:\/\/www.cuesystem.com\/fr\/wp-json\/wp\/v2\/kategorie?post=22657"}],"curies":[{"name":"wp","href":"https:\/\/api.w.org\/{rel}","templated":true}]}}