{"id":24816,"date":"2024-02-18T15:52:37","date_gmt":"2024-02-18T14:52:37","guid":{"rendered":"https:\/\/www.cuesystem.com\/demonstration-en-ligne\/"},"modified":"2024-11-13T11:38:09","modified_gmt":"2024-11-13T10:38:09","slug":"demonstration-en-ligne","status":"publish","type":"page","link":"https:\/\/www.cuesystem.com\/fr\/demonstration-en-ligne\/","title":{"rendered":"D\u00e9monstration en ligne"},"content":{"rendered":"\t\t<div data-elementor-type=\"wp-page\" data-elementor-id=\"24816\" class=\"elementor elementor-24816 elementor-23887\" data-elementor-post-type=\"page\">\n\t\t\t\t<div class=\"elementor-element elementor-element-c4b8843 e-flex e-con-boxed e-con e-parent\" data-id=\"c4b8843\" data-element_type=\"container\" data-e-type=\"container\">\n\t\t\t\t\t<div class=\"e-con-inner\">\n\t\t\t\t<div class=\"elementor-element elementor-element-e581a22 elementor-widget elementor-widget-heading\" data-id=\"e581a22\" data-element_type=\"widget\" data-e-type=\"widget\" data-widget_type=\"heading.default\">\n\t\t\t\t<div class=\"elementor-widget-container\">\n\t\t\t\t\t<h3 class=\"elementor-heading-title elementor-size-default\">Essayez nos applications<\/h3>\t\t\t\t<\/div>\n\t\t\t\t<\/div>\n\t\t\t\t<div class=\"elementor-element elementor-element-d78501e elementor-widget elementor-widget-heading\" data-id=\"d78501e\" data-element_type=\"widget\" data-e-type=\"widget\" data-widget_type=\"heading.default\">\n\t\t\t\t<div class=\"elementor-widget-container\">\n\t\t\t\t\t<h1 class=\"elementor-heading-title elementor-size-default\">D\u00e9monstration en ligne<\/h1>\t\t\t\t<\/div>\n\t\t\t\t<\/div>\n\t\t\t\t\t<\/div>\n\t\t\t\t<\/div>\n\t\t<div class=\"elementor-element elementor-element-90c1e52 e-flex e-con-boxed e-con e-parent\" data-id=\"90c1e52\" data-element_type=\"container\" data-e-type=\"container\">\n\t\t\t\t\t<div class=\"e-con-inner\">\n\t\t\t\t<div class=\"elementor-element elementor-element-6c2cbdc elementor-widget-divider--view-line elementor-widget elementor-widget-divider\" data-id=\"6c2cbdc\" data-element_type=\"widget\" data-e-type=\"widget\" data-widget_type=\"divider.default\">\n\t\t\t\t<div class=\"elementor-widget-container\">\n\t\t\t\t\t\t\t<div class=\"elementor-divider\">\n\t\t\t<span class=\"elementor-divider-separator\">\n\t\t\t\t\t\t<\/span>\n\t\t<\/div>\n\t\t\t\t\t\t<\/div>\n\t\t\t\t<\/div>\n\t\t\t\t\t<\/div>\n\t\t\t\t<\/div>\n\t\t<div class=\"elementor-element elementor-element-2301050 e-flex e-con-boxed e-con e-parent\" data-id=\"2301050\" data-element_type=\"container\" data-e-type=\"container\">\n\t\t\t\t\t<div class=\"e-con-inner\">\n\t\t\t\t<div class=\"elementor-element elementor-element-f4dccb8 elementor-widget elementor-widget-heading\" data-id=\"f4dccb8\" data-element_type=\"widget\" data-e-type=\"widget\" data-widget_type=\"heading.default\">\n\t\t\t\t<div class=\"elementor-widget-container\">\n\t\t\t\t\t<h2 class=\"elementor-heading-title elementor-size-default\">Kiosque CUE<\/h2>\t\t\t\t<\/div>\n\t\t\t\t<\/div>\n\t\t\t\t<div class=\"elementor-element elementor-element-dad0847 elementor-widget elementor-widget-text-editor\" data-id=\"dad0847\" data-element_type=\"widget\" data-e-type=\"widget\" data-widget_type=\"text-editor.default\">\n\t\t\t\t<div class=\"elementor-widget-container\">\n\t\t\t\t\t\t\t\t\t<p>N&rsquo;essayez qu&rsquo;avec un \u00e9cran dont la largeur est sup\u00e9rieure \u00e0 1000 px.<\/p>\n\t\t\t\t\t\t\t\t<\/div>\n\t\t\t\t<\/div>\n\t\t<div class=\"elementor-element elementor-element-80e52cb e-grid e-con-boxed e-con e-child\" data-id=\"80e52cb\" data-element_type=\"container\" data-e-type=\"container\">\n\t\t\t\t\t<div class=\"e-con-inner\">\n\t\t<div class=\"elementor-element elementor-element-27b4064 e-flex e-con-boxed e-con e-child\" data-id=\"27b4064\" data-element_type=\"container\" data-e-type=\"container\">\n\t\t\t\t\t<div class=\"e-con-inner\">\n\t\t\t\t<div class=\"elementor-element elementor-element-414841e elementor-widget elementor-widget-heading\" data-id=\"414841e\" data-element_type=\"widget\" data-e-type=\"widget\" data-widget_type=\"heading.default\">\n\t\t\t\t<div class=\"elementor-widget-container\">\n\t\t\t\t\t<h3 class=\"elementor-heading-title elementor-size-default\">Kiosque principal de Cuelandia<\/h3>\t\t\t\t<\/div>\n\t\t\t\t<\/div>\n\t\t\t\t<div class=\"elementor-element elementor-element-941abc6 elementor-widget elementor-widget-image\" data-id=\"941abc6\" data-element_type=\"widget\" data-e-type=\"widget\" data-widget_type=\"image.default\">\n\t\t\t\t<div class=\"elementor-widget-container\">\n\t\t\t\t\t\t\t\t\t\t\t\t\t\t\t<img fetchpriority=\"high\" decoding=\"async\" width=\"768\" height=\"432\" src=\"https:\/\/www.cuesystem.com\/wp-content\/uploads\/2024\/02\/KioskSceenshot.webp\" class=\"attachment-medium_large size-medium_large wp-image-23890\" alt=\"\" srcset=\"https:\/\/www.cuesystem.com\/wp-content\/uploads\/2024\/02\/KioskSceenshot.webp 1920w, https:\/\/www.cuesystem.com\/wp-content\/uploads\/2024\/02\/KioskSceenshot-300x169.webp 300w, https:\/\/www.cuesystem.com\/wp-content\/uploads\/2024\/02\/KioskSceenshot-1024x576.webp 1024w\" sizes=\"(max-width: 768px) 100vw, 768px\" \/>\t\t\t\t\t\t\t\t\t\t\t\t\t\t\t<\/div>\n\t\t\t\t<\/div>\n\t\t\t\t<div class=\"elementor-element elementor-element-91a4a25 elementor-align-center elementor-widget elementor-widget-button\" data-id=\"91a4a25\" data-element_type=\"widget\" data-e-type=\"widget\" data-widget_type=\"button.default\">\n\t\t\t\t<div class=\"elementor-widget-container\">\n\t\t\t\t\t\t\t\t\t<div class=\"elementor-button-wrapper\">\n\t\t\t\t\t<a class=\"elementor-button elementor-button-link elementor-size-sm\" href=\"https:\/\/cuelandia-navi.cuesystem.com\/?kioskId=B1263880-BEDE-4A70-8B58-497B3A612059&#038;wantOnlyBarrierFreePaths=false\" target=\"_blank\">\n\t\t\t\t\t\t<span class=\"elementor-button-content-wrapper\">\n\t\t\t\t\t\t\t\t\t<span class=\"elementor-button-text\">Essayez-le<\/span>\n\t\t\t\t\t<\/span>\n\t\t\t\t\t<\/a>\n\t\t\t\t<\/div>\n\t\t\t\t\t\t\t\t<\/div>\n\t\t\t\t<\/div>\n\t\t\t\t\t<\/div>\n\t\t\t\t<\/div>\n\t\t<div class=\"elementor-element elementor-element-fe4990e e-flex e-con-boxed e-con e-child\" data-id=\"fe4990e\" data-element_type=\"container\" data-e-type=\"container\">\n\t\t\t\t\t<div class=\"e-con-inner\">\n\t\t\t\t<div class=\"elementor-element elementor-element-9f0fa1c elementor-widget elementor-widget-heading\" data-id=\"9f0fa1c\" data-element_type=\"widget\" data-e-type=\"widget\" data-widget_type=\"heading.default\">\n\t\t\t\t<div class=\"elementor-widget-container\">\n\t\t\t\t\t<h3 class=\"elementor-heading-title elementor-size-default\">Kiosque du centre m\u00e9dical<\/h3>\t\t\t\t<\/div>\n\t\t\t\t<\/div>\n\t\t\t\t<div class=\"elementor-element elementor-element-80058b6 elementor-widget elementor-widget-image\" data-id=\"80058b6\" data-element_type=\"widget\" data-e-type=\"widget\" data-widget_type=\"image.default\">\n\t\t\t\t<div class=\"elementor-widget-container\">\n\t\t\t\t\t\t\t\t\t\t\t\t\t\t\t<img decoding=\"async\" width=\"768\" height=\"432\" src=\"https:\/\/www.cuesystem.com\/wp-content\/uploads\/2024\/02\/KioskMedicalCenter.webp\" class=\"attachment-medium_large size-medium_large wp-image-25097\" alt=\"\" srcset=\"https:\/\/www.cuesystem.com\/wp-content\/uploads\/2024\/02\/KioskMedicalCenter.webp 1920w, https:\/\/www.cuesystem.com\/wp-content\/uploads\/2024\/02\/KioskMedicalCenter-300x169.webp 300w, https:\/\/www.cuesystem.com\/wp-content\/uploads\/2024\/02\/KioskMedicalCenter-1024x576.webp 1024w\" sizes=\"(max-width: 768px) 100vw, 768px\" \/>\t\t\t\t\t\t\t\t\t\t\t\t\t\t\t<\/div>\n\t\t\t\t<\/div>\n\t\t\t\t<div class=\"elementor-element elementor-element-7c0b113 elementor-align-center elementor-widget elementor-widget-button\" data-id=\"7c0b113\" data-element_type=\"widget\" data-e-type=\"widget\" data-widget_type=\"button.default\">\n\t\t\t\t<div class=\"elementor-widget-container\">\n\t\t\t\t\t\t\t\t\t<div class=\"elementor-button-wrapper\">\n\t\t\t\t\t<a class=\"elementor-button elementor-button-link elementor-size-sm\" href=\"https:\/\/cuelandia-navi.cuesystem.com\/?kioskId=9E9E2E12-4C9A-4066-A3CC-DFB47D7E65F0\" target=\"_blank\">\n\t\t\t\t\t\t<span class=\"elementor-button-content-wrapper\">\n\t\t\t\t\t\t\t\t\t<span class=\"elementor-button-text\">Essayez-le<\/span>\n\t\t\t\t\t<\/span>\n\t\t\t\t\t<\/a>\n\t\t\t\t<\/div>\n\t\t\t\t\t\t\t\t<\/div>\n\t\t\t\t<\/div>\n\t\t\t\t\t<\/div>\n\t\t\t\t<\/div>\n\t\t\t\t\t<\/div>\n\t\t\t\t<\/div>\n\t\t\t\t\t<\/div>\n\t\t\t\t<\/div>\n\t\t<div class=\"elementor-element elementor-element-63e04ac e-flex e-con-boxed e-con e-parent\" data-id=\"63e04ac\" data-element_type=\"container\" data-e-type=\"container\">\n\t\t\t\t\t<div class=\"e-con-inner\">\n\t\t\t\t<div class=\"elementor-element elementor-element-272a909 elementor-widget-divider--view-line elementor-widget elementor-widget-divider\" data-id=\"272a909\" data-element_type=\"widget\" data-e-type=\"widget\" data-widget_type=\"divider.default\">\n\t\t\t\t<div class=\"elementor-widget-container\">\n\t\t\t\t\t\t\t<div class=\"elementor-divider\">\n\t\t\t<span class=\"elementor-divider-separator\">\n\t\t\t\t\t\t<\/span>\n\t\t<\/div>\n\t\t\t\t\t\t<\/div>\n\t\t\t\t<\/div>\n\t\t\t\t\t<\/div>\n\t\t\t\t<\/div>\n\t\t<div class=\"elementor-element elementor-element-d8f896e e-flex e-con-boxed e-con e-parent\" data-id=\"d8f896e\" data-element_type=\"container\" data-e-type=\"container\">\n\t\t\t\t\t<div class=\"e-con-inner\">\n\t\t\t\t<div class=\"elementor-element elementor-element-0f5ebb6 elementor-widget elementor-widget-heading\" data-id=\"0f5ebb6\" data-element_type=\"widget\" data-e-type=\"widget\" data-widget_type=\"heading.default\">\n\t\t\t\t<div class=\"elementor-widget-container\">\n\t\t\t\t\t<h2 class=\"elementor-heading-title elementor-size-default\">Navigation CUE<\/h2>\t\t\t\t<\/div>\n\t\t\t\t<\/div>\n\t\t<div class=\"elementor-element elementor-element-1e77c12 e-grid e-con-boxed e-con e-child\" data-id=\"1e77c12\" data-element_type=\"container\" data-e-type=\"container\">\n\t\t\t\t\t<div class=\"e-con-inner\">\n\t\t<div class=\"elementor-element elementor-element-4473e68 e-flex e-con-boxed e-con e-child\" data-id=\"4473e68\" data-element_type=\"container\" data-e-type=\"container\">\n\t\t\t\t\t<div class=\"e-con-inner\">\n\t\t\t\t<div class=\"elementor-element elementor-element-d943754 elementor-widget elementor-widget-heading\" data-id=\"d943754\" data-element_type=\"widget\" data-e-type=\"widget\" data-widget_type=\"heading.default\">\n\t\t\t\t<div class=\"elementor-widget-container\">\n\t\t\t\t\t<h3 class=\"elementor-heading-title elementor-size-default\">Navigation Cuelandia en mode bureau<\/h3>\t\t\t\t<\/div>\n\t\t\t\t<\/div>\n\t\t\t\t<div class=\"elementor-element elementor-element-3cff86a elementor-widget elementor-widget-image\" data-id=\"3cff86a\" data-element_type=\"widget\" data-e-type=\"widget\" data-widget_type=\"image.default\">\n\t\t\t\t<div class=\"elementor-widget-container\">\n\t\t\t\t\t\t\t\t\t\t\t\t\t\t\t<img decoding=\"async\" width=\"768\" height=\"432\" src=\"https:\/\/www.cuesystem.com\/wp-content\/uploads\/2024\/02\/NaviScreenshot.webp\" class=\"attachment-medium_large size-medium_large wp-image-23893\" alt=\"\" srcset=\"https:\/\/www.cuesystem.com\/wp-content\/uploads\/2024\/02\/NaviScreenshot.webp 1920w, https:\/\/www.cuesystem.com\/wp-content\/uploads\/2024\/02\/NaviScreenshot-300x169.webp 300w, https:\/\/www.cuesystem.com\/wp-content\/uploads\/2024\/02\/NaviScreenshot-1024x576.webp 1024w\" sizes=\"(max-width: 768px) 100vw, 768px\" \/>\t\t\t\t\t\t\t\t\t\t\t\t\t\t\t<\/div>\n\t\t\t\t<\/div>\n\t\t\t\t<div class=\"elementor-element elementor-element-8c61d5f elementor-align-center elementor-widget elementor-widget-button\" data-id=\"8c61d5f\" data-element_type=\"widget\" data-e-type=\"widget\" data-widget_type=\"button.default\">\n\t\t\t\t<div class=\"elementor-widget-container\">\n\t\t\t\t\t\t\t\t\t<div class=\"elementor-button-wrapper\">\n\t\t\t\t\t<a class=\"elementor-button elementor-button-link elementor-size-sm\" href=\"https:\/\/cuelandia-navi.cuesystem.com\/?wantOnlyBarrierFreePaths=false\" target=\"_blank\">\n\t\t\t\t\t\t<span class=\"elementor-button-content-wrapper\">\n\t\t\t\t\t\t\t\t\t<span class=\"elementor-button-text\">Essayez-le<\/span>\n\t\t\t\t\t<\/span>\n\t\t\t\t\t<\/a>\n\t\t\t\t<\/div>\n\t\t\t\t\t\t\t\t<\/div>\n\t\t\t\t<\/div>\n\t\t\t\t\t<\/div>\n\t\t\t\t<\/div>\n\t\t<div class=\"elementor-element elementor-element-0bee59e e-flex e-con-boxed e-con e-child\" data-id=\"0bee59e\" data-element_type=\"container\" data-e-type=\"container\">\n\t\t\t\t\t<div class=\"e-con-inner\">\n\t\t\t\t<div class=\"elementor-element elementor-element-0bfc98d elementor-widget elementor-widget-heading\" data-id=\"0bfc98d\" data-element_type=\"widget\" data-e-type=\"widget\" data-widget_type=\"heading.default\">\n\t\t\t\t<div class=\"elementor-widget-container\">\n\t\t\t\t\t<h3 class=\"elementor-heading-title elementor-size-default\">Navigation Cuelandia sur un appareil mobile<\/h3>\t\t\t\t<\/div>\n\t\t\t\t<\/div>\n\t\t\t\t<div class=\"elementor-element elementor-element-6949308 elementor-widget elementor-widget-image\" data-id=\"6949308\" data-element_type=\"widget\" data-e-type=\"widget\" data-widget_type=\"image.default\">\n\t\t\t\t<div class=\"elementor-widget-container\">\n\t\t\t\t\t\t\t\t\t\t\t\t\t\t\t<img loading=\"lazy\" decoding=\"async\" width=\"300\" height=\"300\" src=\"https:\/\/www.cuesystem.com\/wp-content\/uploads\/2024\/10\/QR-0536-300x300.png\" class=\"attachment-medium size-medium wp-image-27284\" alt=\"\" srcset=\"https:\/\/www.cuesystem.com\/wp-content\/uploads\/2024\/10\/QR-0536-300x300.png 300w, https:\/\/www.cuesystem.com\/wp-content\/uploads\/2024\/10\/QR-0536-150x150.png 150w, https:\/\/www.cuesystem.com\/wp-content\/uploads\/2024\/10\/QR-0536.png 800w\" sizes=\"(max-width: 300px) 100vw, 300px\" \/>\t\t\t\t\t\t\t\t\t\t\t\t\t\t\t<\/div>\n\t\t\t\t<\/div>\n\t\t\t\t<div class=\"elementor-element elementor-element-63d68a0 elementor-widget elementor-widget-text-editor\" data-id=\"63d68a0\" data-element_type=\"widget\" data-e-type=\"widget\" data-widget_type=\"text-editor.default\">\n\t\t\t\t<div class=\"elementor-widget-container\">\n\t\t\t\t\t\t\t\t\t<p>Scanner le code QR pour l&rsquo;essayer<\/p>\n\t\t\t\t\t\t\t\t<\/div>\n\t\t\t\t<\/div>\n\t\t\t\t\t<\/div>\n\t\t\t\t<\/div>\n\t\t\t\t\t<\/div>\n\t\t\t\t<\/div>\n\t\t\t\t\t<\/div>\n\t\t\t\t<\/div>\n\t\t<div class=\"elementor-element elementor-element-b301986 e-flex e-con-boxed e-con e-parent\" data-id=\"b301986\" data-element_type=\"container\" data-e-type=\"container\">\n\t\t\t\t\t<div class=\"e-con-inner\">\n\t\t\t\t<div class=\"elementor-element elementor-element-1ef7688 elementor-widget elementor-widget-heading\" data-id=\"1ef7688\" data-element_type=\"widget\" data-e-type=\"widget\" data-widget_type=\"heading.default\">\n\t\t\t\t<div class=\"elementor-widget-container\">\n\t\t\t\t\t<h2 class=\"elementor-heading-title elementor-size-default\">Kiosque CUE int\u00e9gr\u00e9 comme iFrame<\/h2>\t\t\t\t<\/div>\n\t\t\t\t<\/div>\n\t\t\t\t<div class=\"elementor-element elementor-element-4222d72 elementor-widget elementor-widget-html\" data-id=\"4222d72\" data-element_type=\"widget\" data-e-type=\"widget\" data-widget_type=\"html.default\">\n\t\t\t\t<div class=\"elementor-widget-container\">\n\t\t\t\t\t<iframe src=\"https:\/\/cuelandia-navi.cuesystem.com\/?kioskId=B1263880-BEDE-4A70-8B58-497B3A612059&amp;wantOnlyBarrierFreePaths=false&amp;ngsw-bypass=true\" title=\"Navigation CUE\" width=\"100%\" height=\"800\"><\/iframe>\t\t\t\t<\/div>\n\t\t\t\t<\/div>\n\t\t\t\t\t<\/div>\n\t\t\t\t<\/div>\n\t\t\t\t<\/div>\n\t\t","protected":false},"excerpt":{"rendered":"<p>Essayez nos applications D\u00e9monstration en ligne Kiosque CUE N&rsquo;essayez qu&rsquo;avec un \u00e9cran dont la largeur est sup\u00e9rieure \u00e0 1000 px. Kiosque principal de Cuelandia Essayez-le Kiosque du centre m\u00e9dical Essayez-le Navigation CUE Navigation Cuelandia en mode bureau Essayez-le Navigation Cuelandia sur un appareil mobile Scanner le code QR pour l&rsquo;essayer Kiosque CUE int\u00e9gr\u00e9 comme iFrame<\/p>\n","protected":false},"author":3,"featured_media":0,"parent":0,"menu_order":382,"comment_status":"closed","ping_status":"closed","template":"","meta":{"_acf_changed":false,"inline_featured_image":false,"footnotes":""},"kategorie":[],"class_list":["post-24816","page","type-page","status-publish","hentry"],"acf":[],"_links":{"self":[{"href":"https:\/\/www.cuesystem.com\/fr\/wp-json\/wp\/v2\/pages\/24816","targetHints":{"allow":["GET"]}}],"collection":[{"href":"https:\/\/www.cuesystem.com\/fr\/wp-json\/wp\/v2\/pages"}],"about":[{"href":"https:\/\/www.cuesystem.com\/fr\/wp-json\/wp\/v2\/types\/page"}],"author":[{"embeddable":true,"href":"https:\/\/www.cuesystem.com\/fr\/wp-json\/wp\/v2\/users\/3"}],"replies":[{"embeddable":true,"href":"https:\/\/www.cuesystem.com\/fr\/wp-json\/wp\/v2\/comments?post=24816"}],"version-history":[{"count":12,"href":"https:\/\/www.cuesystem.com\/fr\/wp-json\/wp\/v2\/pages\/24816\/revisions"}],"predecessor-version":[{"id":27396,"href":"https:\/\/www.cuesystem.com\/fr\/wp-json\/wp\/v2\/pages\/24816\/revisions\/27396"}],"wp:attachment":[{"href":"https:\/\/www.cuesystem.com\/fr\/wp-json\/wp\/v2\/media?parent=24816"}],"wp:term":[{"taxonomy":"kategorie","embeddable":true,"href":"https:\/\/www.cuesystem.com\/fr\/wp-json\/wp\/v2\/kategorie?post=24816"}],"curies":[{"name":"wp","href":"https:\/\/api.w.org\/{rel}","templated":true}]}}