{"id":30130,"date":"2025-04-25T13:02:46","date_gmt":"2025-04-25T11:02:46","guid":{"rendered":"https:\/\/www.cuesystem.com\/skoda-auto-laurin-klement-kampus\/"},"modified":"2025-05-28T11:45:49","modified_gmt":"2025-05-28T09:45:49","slug":"skoda-auto-laurin-klement-kampus","status":"publish","type":"page","link":"https:\/\/www.cuesystem.com\/fr\/etudes-de-cas\/skoda-auto-laurin-klement-kampus\/","title":{"rendered":"\u0160koda Auto : Laurin &amp; Klement Kampus"},"content":{"rendered":"\t\t<div data-elementor-type=\"wp-page\" data-elementor-id=\"30130\" class=\"elementor elementor-30130 elementor-29984\" data-elementor-post-type=\"page\">\n\t\t\t\t<div class=\"elementor-element elementor-element-ed27183 e-con-full e-flex e-con e-child\" data-id=\"ed27183\" data-element_type=\"container\" data-e-type=\"container\">\n\t\t\t\t<div class=\"elementor-element elementor-element-128a18a elementor-widget elementor-widget-heading\" data-id=\"128a18a\" data-element_type=\"widget\" data-e-type=\"widget\" data-widget_type=\"heading.default\">\n\t\t\t\t<div class=\"elementor-widget-container\">\n\t\t\t\t\t<h3 class=\"elementor-heading-title elementor-size-default\">Cas pratiques<\/h3>\t\t\t\t<\/div>\n\t\t\t\t<\/div>\n\t\t\t\t<div class=\"elementor-element elementor-element-482c516 elementor-widget elementor-widget-heading\" data-id=\"482c516\" data-element_type=\"widget\" data-e-type=\"widget\" data-widget_type=\"heading.default\">\n\t\t\t\t<div class=\"elementor-widget-container\">\n\t\t\t\t\t<h1 class=\"elementor-heading-title elementor-size-default\">\u0160koda Auto : Laurin &amp; Klement Kampus<\/h1>\t\t\t\t<\/div>\n\t\t\t\t<\/div>\n\t\t\t\t<div class=\"elementor-element elementor-element-dbaa5f0 elementor-widget-divider--view-line elementor-widget elementor-widget-divider\" data-id=\"dbaa5f0\" data-element_type=\"widget\" data-e-type=\"widget\" data-widget_type=\"divider.default\">\n\t\t\t\t<div class=\"elementor-widget-container\">\n\t\t\t\t\t\t\t<div class=\"elementor-divider\">\n\t\t\t<span class=\"elementor-divider-separator\">\n\t\t\t\t\t\t<\/span>\n\t\t<\/div>\n\t\t\t\t\t\t<\/div>\n\t\t\t\t<\/div>\n\t\t<div class=\"elementor-element elementor-element-63427fe e-grid e-con-boxed e-con e-child\" data-id=\"63427fe\" data-element_type=\"container\" data-e-type=\"container\">\n\t\t\t\t\t<div class=\"e-con-inner\">\n\t\t<div class=\"elementor-element elementor-element-17dd935 e-con-full e-flex e-con e-child\" data-id=\"17dd935\" data-element_type=\"container\" data-e-type=\"container\">\n\t\t\t\t<div class=\"elementor-element elementor-element-50578e4 elementor-widget elementor-widget-heading\" data-id=\"50578e4\" data-element_type=\"widget\" data-e-type=\"widget\" data-widget_type=\"heading.default\">\n\t\t\t\t<div class=\"elementor-widget-container\">\n\t\t\t\t\t<h2 class=\"elementor-heading-title elementor-size-default\">Le d\u00e9fi<\/h2>\t\t\t\t<\/div>\n\t\t\t\t<\/div>\n\t\t\t\t<div class=\"elementor-element elementor-element-a8eb09d elementor-widget elementor-widget-text-editor\" data-id=\"a8eb09d\" data-element_type=\"widget\" data-e-type=\"widget\" data-widget_type=\"text-editor.default\">\n\t\t\t\t<div class=\"elementor-widget-container\">\n\t\t\t\t\t\t\t\t\t<p><a href=\"https:\/\/www.skoda-auto.com\/\"><strong>Le nouveau si\u00e8ge de \u0160koda Auto<\/strong><\/a>Le nouveau si\u00e8ge social de \u0160koda Auto, <a href=\"https:\/\/www.skoda-storyboard.com\/en\/press-releases\/laurin-klement-kampus-construction-of-skoda-autos-new-headquarters-completed\/\"><strong>Laurin &amp; Klement Campus (LKK)<\/strong><\/a> \u00e0 Mlad\u00e1 Boleslav, avait besoin d&rsquo;une <strong>solution de pointe<\/strong> pour <strong>g\u00e9rer les <\/strong> <strong>r\u00e9servations de salles de<\/strong> r\u00e9union pour ses <strong>2 000 employ\u00e9s<\/strong>.<\/p><p>L&rsquo;objectif \u00e9tait d&rsquo;<strong>assurer un fonctionnement transparent<\/strong> dans les <strong>diff\u00e9rents services<\/strong> du nouveau complexe. Le syst\u00e8me devait<strong> s&rsquo;int\u00e9grer aux calendriers Microsoft 365<\/strong>, afin de fournir une disponibilit\u00e9 claire des salles en un coup d&rsquo;\u0153il, tout en maintenant la<strong> facilit\u00e9 d&rsquo;utilisation<\/strong> et la <strong>gestion centralis\u00e9e<\/strong> de tous les appareils. <\/p>\t\t\t\t\t\t\t\t<\/div>\n\t\t\t\t<\/div>\n\t\t\t\t<\/div>\n\t\t<div class=\"elementor-element elementor-element-2449cdb e-con-full e-flex e-con e-child\" data-id=\"2449cdb\" data-element_type=\"container\" data-e-type=\"container\">\n\t\t\t\t<div class=\"elementor-element elementor-element-068a751 elementor-widget elementor-widget-image\" data-id=\"068a751\" data-element_type=\"widget\" data-e-type=\"widget\" data-widget_type=\"image.default\">\n\t\t\t\t<div class=\"elementor-widget-container\">\n\t\t\t\t\t\t\t\t\t\t\t\t\t\t\t\t<a href=\"https:\/\/www.cuesystem.com\/wp-content\/uploads\/2025\/04\/Image.webp\" data-elementor-open-lightbox=\"yes\" data-e-action-hash=\"#elementor-action%3Aaction%3Dlightbox%26settings%3DeyJpZCI6MzAwMjAsInVybCI6Imh0dHBzOlwvXC93d3cuY3Vlc3lzdGVtLmNvbVwvd3AtY29udGVudFwvdXBsb2Fkc1wvMjAyNVwvMDRcL0ltYWdlLndlYnAifQ%3D%3D\">\n\t\t\t\t\t\t\t<img fetchpriority=\"high\" decoding=\"async\" width=\"684\" height=\"392\" src=\"https:\/\/www.cuesystem.com\/wp-content\/uploads\/2025\/04\/Image.webp\" class=\"attachment-large size-large wp-image-30020\" alt=\"\" srcset=\"https:\/\/www.cuesystem.com\/wp-content\/uploads\/2025\/04\/Image.webp 684w, https:\/\/www.cuesystem.com\/wp-content\/uploads\/2025\/04\/Image-300x172.webp 300w\" sizes=\"(max-width: 684px) 100vw, 684px\" \/>\t\t\t\t\t\t\t\t<\/a>\n\t\t\t\t\t\t\t\t\t\t\t\t\t\t\t<\/div>\n\t\t\t\t<\/div>\n\t\t\t\t<\/div>\n\t\t\t\t\t<\/div>\n\t\t\t\t<\/div>\n\t\t<div class=\"elementor-element elementor-element-e8dad8f e-grid e-con-boxed e-con e-child\" data-id=\"e8dad8f\" data-element_type=\"container\" data-e-type=\"container\">\n\t\t\t\t\t<div class=\"e-con-inner\">\n\t\t<div class=\"elementor-element elementor-element-230850b e-con-full e-flex e-con e-child\" data-id=\"230850b\" data-element_type=\"container\" data-e-type=\"container\">\n\t\t\t\t<div class=\"elementor-element elementor-element-0d1e5f8 elementor-widget elementor-widget-image\" data-id=\"0d1e5f8\" data-element_type=\"widget\" data-e-type=\"widget\" data-widget_type=\"image.default\">\n\t\t\t\t<div class=\"elementor-widget-container\">\n\t\t\t\t\t\t\t\t\t\t\t\t\t\t\t<img decoding=\"async\" width=\"1024\" height=\"576\" src=\"https:\/\/www.cuesystem.com\/wp-content\/uploads\/2025\/04\/01-skoda-logo-picturemark-1024x576.webp\" class=\"attachment-large size-large wp-image-30000\" alt=\"\" srcset=\"https:\/\/www.cuesystem.com\/wp-content\/uploads\/2025\/04\/01-skoda-logo-picturemark-1024x576.webp 1024w, https:\/\/www.cuesystem.com\/wp-content\/uploads\/2025\/04\/01-skoda-logo-picturemark-300x169.webp 300w, https:\/\/www.cuesystem.com\/wp-content\/uploads\/2025\/04\/01-skoda-logo-picturemark.webp 1200w\" sizes=\"(max-width: 1024px) 100vw, 1024px\" \/>\t\t\t\t\t\t\t\t\t\t\t\t\t\t\t<\/div>\n\t\t\t\t<\/div>\n\t\t\t\t<\/div>\n\t\t<div class=\"elementor-element elementor-element-2e738c0 e-con-full e-flex e-con e-child\" data-id=\"2e738c0\" data-element_type=\"container\" data-e-type=\"container\">\n\t\t\t\t<div class=\"elementor-element elementor-element-f07f59a elementor-widget elementor-widget-heading\" data-id=\"f07f59a\" data-element_type=\"widget\" data-e-type=\"widget\" data-widget_type=\"heading.default\">\n\t\t\t\t<div class=\"elementor-widget-container\">\n\t\t\t\t\t<h2 class=\"elementor-heading-title elementor-size-default\">\u00c0 propos de \u0160koda Auto\n\n<\/h2>\t\t\t\t<\/div>\n\t\t\t\t<\/div>\n\t\t\t\t<div class=\"elementor-element elementor-element-49c6b92 elementor-widget elementor-widget-text-editor\" data-id=\"49c6b92\" data-element_type=\"widget\" data-e-type=\"widget\" data-widget_type=\"text-editor.default\">\n\t\t\t\t<div class=\"elementor-widget-container\">\n\t\t\t\t\t\t\t\t\t<p><a href=\"https:\/\/www.skoda-auto.com\/\"><strong>\u0160koda Auto<\/strong><\/a> est l&rsquo;un des <strong>plus grands constructeurs automobiles<\/strong> de la R\u00e9publique tch\u00e8que. Il met l&rsquo;accent sur l&rsquo;<strong>innovation<\/strong>, le <strong>d\u00e9veloppement durable<\/strong> et la <strong>collaboration entre les employ\u00e9s<\/strong>. Le campus <a href=\"https:\/\/www.skoda-storyboard.com\/en\/press-releases\/laurin-klement-kampus-construction-of-skoda-autos-new-headquarters-completed\/\"><strong>Campus Laurin &amp; Klement<\/strong><\/a> est con\u00e7u pour refl\u00e9ter l&rsquo;engagement de l&rsquo;entreprise envers ces valeurs, en offrant des <strong>espaces de travail<\/strong> <strong>modernes<\/strong> et de <strong>haute technologie<\/strong>. <\/p><p>Le projet a \u00e9t\u00e9 mis en \u0153uvre par <a href=\"https:\/\/mitel.cz\/en\/\"><strong>Mitel<\/strong><\/a>.<\/p>\t\t\t\t\t\t\t\t<\/div>\n\t\t\t\t<\/div>\n\t\t\t\t<\/div>\n\t\t\t\t\t<\/div>\n\t\t\t\t<\/div>\n\t\t<div class=\"elementor-element elementor-element-f981228 e-grid e-con-boxed e-con e-child\" data-id=\"f981228\" data-element_type=\"container\" data-e-type=\"container\">\n\t\t\t\t\t<div class=\"e-con-inner\">\n\t\t<div class=\"elementor-element elementor-element-b7cc560 e-con-full e-flex e-con e-child\" data-id=\"b7cc560\" data-element_type=\"container\" data-e-type=\"container\">\n\t\t\t\t<div class=\"elementor-element elementor-element-ede4a1b elementor-widget elementor-widget-heading\" data-id=\"ede4a1b\" data-element_type=\"widget\" data-e-type=\"widget\" data-widget_type=\"heading.default\">\n\t\t\t\t<div class=\"elementor-widget-container\">\n\t\t\t\t\t<h2 class=\"elementor-heading-title elementor-size-default\">Notre r\u00e9solution<\/h2>\t\t\t\t<\/div>\n\t\t\t\t<\/div>\n\t\t\t\t<div class=\"elementor-element elementor-element-e149530 elementor-widget elementor-widget-text-editor\" data-id=\"e149530\" data-element_type=\"widget\" data-e-type=\"widget\" data-widget_type=\"text-editor.default\">\n\t\t\t\t<div class=\"elementor-widget-container\">\n\t\t\t\t\t\t\t\t\t<p><a href=\"https:\/\/www.cuesystem.com\/fr\/\"><strong>CUE<\/strong><\/a> a livr\u00e9 <strong>250<\/strong> <strong>panneaux de r\u00e9servation<\/strong> <strong> <a href=\"https:\/\/docs.cuesystem.com\/space\/PRODUCTS\/604766221\">touchONE-10-W<\/a><\/strong> dans l&rsquo;ensemble du complexe LKK <strong> .<\/strong> <a href=\"https:\/\/www.skoda-storyboard.com\/en\/press-releases\/laurin-klement-kampus-construction-of-skoda-autos-new-headquarters-completed\/\"><strong>complexe LKK<\/strong><\/a>. Les panneaux sont <strong>reli\u00e9s aux calendriers Microsoft 365<\/strong> et <strong>g\u00e9r\u00e9s de mani\u00e8re centralis\u00e9e<\/strong> par le biais de la solution <a href=\"https:\/\/www.cuesystem.com\/fr\/solution-cue\/\"><strong>CUE Solution<\/strong><\/a>. \u00c9quip\u00e9s d&rsquo;<strong>indicateurs LED<\/strong>, ils offrent une <strong>visibilit\u00e9 claire de l&rsquo;\u00e9tat des<\/strong> salles, ce qui permet aux employ\u00e9s de <strong>localiser<\/strong> et d&rsquo;<strong>utiliser<\/strong> plus facilement <strong>les<\/strong> salles de r\u00e9union.  <\/p><p>Ce syst\u00e8me <strong>convivial<\/strong> et <strong>informatif <\/strong> <strong>am\u00e9liore<\/strong> consid\u00e9rablement <strong>la gestion des salles<\/strong> et <strong>renforce l&rsquo;efficacit\u00e9 op\u00e9rationnelle<\/strong> sans n\u00e9cessiter d&rsquo;interaction physique, garantissant ainsi une <strong>exp\u00e9rience transparente<\/strong> pour tous les employ\u00e9s.<\/p>\t\t\t\t\t\t\t\t<\/div>\n\t\t\t\t<\/div>\n\t\t\t\t<div class=\"elementor-element elementor-element-d634733 elementor-widget elementor-widget-heading\" data-id=\"d634733\" data-element_type=\"widget\" data-e-type=\"widget\" data-widget_type=\"heading.default\">\n\t\t\t\t<div class=\"elementor-widget-container\">\n\t\t\t\t\t<h2 class=\"elementor-heading-title elementor-size-default\"><a href=\"https:\/\/www.skoda-storyboard.com\/en\/press-releases\/laurin-klement-kampus-construction-of-skoda-autos-new-headquarters-completed\/\">Pour en savoir plus sur ce projet, cliquez ici.<\/a><\/h2>\t\t\t\t<\/div>\n\t\t\t\t<\/div>\n\t\t\t\t<\/div>\n\t\t<div class=\"elementor-element elementor-element-16cb9a4 e-con-full e-flex e-con e-child\" data-id=\"16cb9a4\" data-element_type=\"container\" data-e-type=\"container\">\n\t\t\t\t<div class=\"elementor-element elementor-element-4dd2077 elementor-widget elementor-widget-image\" data-id=\"4dd2077\" data-element_type=\"widget\" data-e-type=\"widget\" data-widget_type=\"image.default\">\n\t\t\t\t<div class=\"elementor-widget-container\">\n\t\t\t\t\t\t\t\t\t\t\t\t\t\t\t\t<a href=\"https:\/\/www.cuesystem.com\/wp-content\/uploads\/2025\/04\/20240820_110651.webp\" data-elementor-open-lightbox=\"yes\" data-e-action-hash=\"#elementor-action%3Aaction%3Dlightbox%26settings%3DeyJpZCI6MzAwMDUsInVybCI6Imh0dHBzOlwvXC93d3cuY3Vlc3lzdGVtLmNvbVwvd3AtY29udGVudFwvdXBsb2Fkc1wvMjAyNVwvMDRcLzIwMjQwODIwXzExMDY1MS53ZWJwIn0%3D\">\n\t\t\t\t\t\t\t<img decoding=\"async\" width=\"1024\" height=\"768\" src=\"https:\/\/www.cuesystem.com\/wp-content\/uploads\/2025\/04\/20240820_110651-1024x768.webp\" class=\"attachment-large size-large wp-image-30005\" alt=\"\" srcset=\"https:\/\/www.cuesystem.com\/wp-content\/uploads\/2025\/04\/20240820_110651-1024x768.webp 1024w, https:\/\/www.cuesystem.com\/wp-content\/uploads\/2025\/04\/20240820_110651-300x225.webp 300w\" sizes=\"(max-width: 1024px) 100vw, 1024px\" \/>\t\t\t\t\t\t\t\t<\/a>\n\t\t\t\t\t\t\t\t\t\t\t\t\t\t\t<\/div>\n\t\t\t\t<\/div>\n\t\t\t\t<\/div>\n\t\t\t\t\t<\/div>\n\t\t\t\t<\/div>\n\t\t<div class=\"elementor-element elementor-element-1c637f5 e-flex e-con-boxed e-con e-child\" data-id=\"1c637f5\" data-element_type=\"container\" data-e-type=\"container\">\n\t\t\t\t\t<div class=\"e-con-inner\">\n\t\t\t\t<div class=\"elementor-element elementor-element-af66434 elementor-widget elementor-widget-gallery\" data-id=\"af66434\" data-element_type=\"widget\" data-e-type=\"widget\" data-settings=\"{&quot;lazyload&quot;:&quot;yes&quot;,&quot;gallery_layout&quot;:&quot;grid&quot;,&quot;columns&quot;:4,&quot;columns_tablet&quot;:2,&quot;columns_mobile&quot;:1,&quot;gap&quot;:{&quot;unit&quot;:&quot;px&quot;,&quot;size&quot;:10,&quot;sizes&quot;:[]},&quot;gap_laptop&quot;:{&quot;unit&quot;:&quot;px&quot;,&quot;size&quot;:10,&quot;sizes&quot;:[]},&quot;gap_tablet_extra&quot;:{&quot;unit&quot;:&quot;px&quot;,&quot;size&quot;:10,&quot;sizes&quot;:[]},&quot;gap_tablet&quot;:{&quot;unit&quot;:&quot;px&quot;,&quot;size&quot;:10,&quot;sizes&quot;:[]},&quot;gap_mobile_extra&quot;:{&quot;unit&quot;:&quot;px&quot;,&quot;size&quot;:10,&quot;sizes&quot;:[]},&quot;gap_mobile&quot;:{&quot;unit&quot;:&quot;px&quot;,&quot;size&quot;:10,&quot;sizes&quot;:[]},&quot;link_to&quot;:&quot;file&quot;,&quot;aspect_ratio&quot;:&quot;3:2&quot;,&quot;overlay_background&quot;:&quot;yes&quot;,&quot;content_hover_animation&quot;:&quot;fade-in&quot;}\" data-widget_type=\"gallery.default\">\n\t\t\t\t<div class=\"elementor-widget-container\">\n\t\t\t\t\t\t\t<div class=\"elementor-gallery__container\">\n\t\t\t\t\t\t\t<a class=\"e-gallery-item elementor-gallery-item elementor-animated-content\" href=\"https:\/\/www.cuesystem.com\/wp-content\/uploads\/2025\/04\/20240820_110739-1.webp\" data-elementor-open-lightbox=\"yes\" data-elementor-lightbox-slideshow=\"af66434\" data-e-action-hash=\"#elementor-action%3Aaction%3Dlightbox%26settings%3DeyJpZCI6MzAwNDEsInVybCI6Imh0dHBzOlwvXC93d3cuY3Vlc3lzdGVtLmNvbVwvd3AtY29udGVudFwvdXBsb2Fkc1wvMjAyNVwvMDRcLzIwMjQwODIwXzExMDczOS0xLndlYnAiLCJzbGlkZXNob3ciOiJhZjY2NDM0In0%3D\">\n\t\t\t\t\t<div class=\"e-gallery-image elementor-gallery-item__image\" data-thumbnail=\"https:\/\/www.cuesystem.com\/wp-content\/uploads\/2025\/04\/20240820_110739-1-300x225.webp\" data-width=\"300\" data-height=\"225\" aria-label=\"\" role=\"img\" ><\/div>\n\t\t\t\t\t\t\t\t\t\t\t<div class=\"elementor-gallery-item__overlay\"><\/div>\n\t\t\t\t\t\t\t\t\t\t\t\t\t\t<\/a>\n\t\t\t\t\t\t\t<a class=\"e-gallery-item elementor-gallery-item elementor-animated-content\" href=\"https:\/\/www.cuesystem.com\/wp-content\/uploads\/2025\/04\/IMG_5328-1.webp\" data-elementor-open-lightbox=\"yes\" data-elementor-lightbox-slideshow=\"af66434\" data-e-action-hash=\"#elementor-action%3Aaction%3Dlightbox%26settings%3DeyJpZCI6MzAwNTYsInVybCI6Imh0dHBzOlwvXC93d3cuY3Vlc3lzdGVtLmNvbVwvd3AtY29udGVudFwvdXBsb2Fkc1wvMjAyNVwvMDRcL0lNR181MzI4LTEud2VicCIsInNsaWRlc2hvdyI6ImFmNjY0MzQifQ%3D%3D\">\n\t\t\t\t\t<div class=\"e-gallery-image elementor-gallery-item__image\" data-thumbnail=\"https:\/\/www.cuesystem.com\/wp-content\/uploads\/2025\/04\/IMG_5328-1-300x225.webp\" data-width=\"300\" data-height=\"225\" aria-label=\"\" role=\"img\" ><\/div>\n\t\t\t\t\t\t\t\t\t\t\t<div class=\"elementor-gallery-item__overlay\"><\/div>\n\t\t\t\t\t\t\t\t\t\t\t\t\t\t<\/a>\n\t\t\t\t\t\t\t<a class=\"e-gallery-item elementor-gallery-item elementor-animated-content\" href=\"https:\/\/www.cuesystem.com\/wp-content\/uploads\/2025\/04\/20240820_110856-1-1.webp\" data-elementor-open-lightbox=\"yes\" data-elementor-lightbox-slideshow=\"af66434\" data-e-action-hash=\"#elementor-action%3Aaction%3Dlightbox%26settings%3DeyJpZCI6MzAwNDYsInVybCI6Imh0dHBzOlwvXC93d3cuY3Vlc3lzdGVtLmNvbVwvd3AtY29udGVudFwvdXBsb2Fkc1wvMjAyNVwvMDRcLzIwMjQwODIwXzExMDg1Ni0xLTEud2VicCIsInNsaWRlc2hvdyI6ImFmNjY0MzQifQ%3D%3D\">\n\t\t\t\t\t<div class=\"e-gallery-image elementor-gallery-item__image\" data-thumbnail=\"https:\/\/www.cuesystem.com\/wp-content\/uploads\/2025\/04\/20240820_110856-1-1-300x225.webp\" data-width=\"300\" data-height=\"225\" aria-label=\"\" role=\"img\" ><\/div>\n\t\t\t\t\t\t\t\t\t\t\t<div class=\"elementor-gallery-item__overlay\"><\/div>\n\t\t\t\t\t\t\t\t\t\t\t\t\t\t<\/a>\n\t\t\t\t\t\t\t<a class=\"e-gallery-item elementor-gallery-item elementor-animated-content\" href=\"https:\/\/www.cuesystem.com\/wp-content\/uploads\/2025\/04\/20240820_111127-1.webp\" data-elementor-open-lightbox=\"yes\" data-elementor-lightbox-slideshow=\"af66434\" data-e-action-hash=\"#elementor-action%3Aaction%3Dlightbox%26settings%3DeyJpZCI6MzAwNTEsInVybCI6Imh0dHBzOlwvXC93d3cuY3Vlc3lzdGVtLmNvbVwvd3AtY29udGVudFwvdXBsb2Fkc1wvMjAyNVwvMDRcLzIwMjQwODIwXzExMTEyNy0xLndlYnAiLCJzbGlkZXNob3ciOiJhZjY2NDM0In0%3D\">\n\t\t\t\t\t<div class=\"e-gallery-image elementor-gallery-item__image\" data-thumbnail=\"https:\/\/www.cuesystem.com\/wp-content\/uploads\/2025\/04\/20240820_111127-1-300x225.webp\" data-width=\"300\" data-height=\"225\" aria-label=\"\" role=\"img\" ><\/div>\n\t\t\t\t\t\t\t\t\t\t\t<div class=\"elementor-gallery-item__overlay\"><\/div>\n\t\t\t\t\t\t\t\t\t\t\t\t\t\t<\/a>\n\t\t\t\t\t<\/div>\n\t\t\t\t\t<\/div>\n\t\t\t\t<\/div>\n\t\t\t\t\t<\/div>\n\t\t\t\t<\/div>\n\t\t\t\t<\/div>\n\t\t\t\t<\/div>\n\t\t","protected":false},"excerpt":{"rendered":"<p>Cas pratiques \u0160koda Auto : Laurin &amp; Klement Kampus Le d\u00e9fi Le nouveau si\u00e8ge de \u0160koda AutoLe nouveau si\u00e8ge social de \u0160koda Auto, Laurin &amp; Klement Campus (LKK) \u00e0 Mlad\u00e1 Boleslav, avait besoin d&rsquo;une solution de pointe pour g\u00e9rer les r\u00e9servations de salles de r\u00e9union pour ses 2 000 employ\u00e9s. L&rsquo;objectif \u00e9tait d&rsquo;assurer un fonctionnement <a href=\"https:\/\/www.cuesystem.com\/fr\/etudes-de-cas\/skoda-auto-laurin-klement-kampus\/\" class=\"more-link\">&#8230;<span class=\"screen-reader-text\">  \u0160koda Auto : Laurin &amp; Klement Kampus<\/span><\/a><\/p>\n","protected":false},"author":11,"featured_media":0,"parent":30190,"menu_order":214,"comment_status":"closed","ping_status":"closed","template":"","meta":{"_acf_changed":false,"inline_featured_image":false,"footnotes":""},"kategorie":[],"class_list":["post-30130","page","type-page","status-publish","hentry"],"acf":[],"_links":{"self":[{"href":"https:\/\/www.cuesystem.com\/fr\/wp-json\/wp\/v2\/pages\/30130","targetHints":{"allow":["GET"]}}],"collection":[{"href":"https:\/\/www.cuesystem.com\/fr\/wp-json\/wp\/v2\/pages"}],"about":[{"href":"https:\/\/www.cuesystem.com\/fr\/wp-json\/wp\/v2\/types\/page"}],"author":[{"embeddable":true,"href":"https:\/\/www.cuesystem.com\/fr\/wp-json\/wp\/v2\/users\/11"}],"replies":[{"embeddable":true,"href":"https:\/\/www.cuesystem.com\/fr\/wp-json\/wp\/v2\/comments?post=30130"}],"version-history":[{"count":4,"href":"https:\/\/www.cuesystem.com\/fr\/wp-json\/wp\/v2\/pages\/30130\/revisions"}],"predecessor-version":[{"id":30319,"href":"https:\/\/www.cuesystem.com\/fr\/wp-json\/wp\/v2\/pages\/30130\/revisions\/30319"}],"up":[{"embeddable":true,"href":"https:\/\/www.cuesystem.com\/fr\/wp-json\/wp\/v2\/pages\/30190"}],"wp:attachment":[{"href":"https:\/\/www.cuesystem.com\/fr\/wp-json\/wp\/v2\/media?parent=30130"}],"wp:term":[{"taxonomy":"kategorie","embeddable":true,"href":"https:\/\/www.cuesystem.com\/fr\/wp-json\/wp\/v2\/kategorie?post=30130"}],"curies":[{"name":"wp","href":"https:\/\/api.w.org\/{rel}","templated":true}]}}