{"id":30140,"date":"2025-03-16T22:05:58","date_gmt":"2025-03-16T21:05:58","guid":{"rendered":"https:\/\/www.cuesystem.com\/style-bleu\/"},"modified":"2025-05-05T12:58:01","modified_gmt":"2025-05-05T10:58:01","slug":"style-bleu","status":"publish","type":"page","link":"https:\/\/www.cuesystem.com\/fr\/etudes-de-cas\/style-bleu\/","title":{"rendered":"Blue Style"},"content":{"rendered":"\t\t<div data-elementor-type=\"wp-page\" data-elementor-id=\"30140\" class=\"elementor elementor-30140 elementor-28943\" data-elementor-post-type=\"page\">\n\t\t\t\t<div class=\"elementor-element elementor-element-073907d e-con-full e-flex e-con e-child\" data-id=\"073907d\" data-element_type=\"container\" data-e-type=\"container\">\n\t\t\t\t<div class=\"elementor-element elementor-element-8726b4d elementor-widget elementor-widget-heading\" data-id=\"8726b4d\" data-element_type=\"widget\" data-e-type=\"widget\" data-widget_type=\"heading.default\">\n\t\t\t\t<div class=\"elementor-widget-container\">\n\t\t\t\t\t<h3 class=\"elementor-heading-title elementor-size-default\">Cas pratiques<\/h3>\t\t\t\t<\/div>\n\t\t\t\t<\/div>\n\t\t\t\t<div class=\"elementor-element elementor-element-d9a498b elementor-widget elementor-widget-heading\" data-id=\"d9a498b\" data-element_type=\"widget\" data-e-type=\"widget\" data-widget_type=\"heading.default\">\n\t\t\t\t<div class=\"elementor-widget-container\">\n\t\t\t\t\t<h1 class=\"elementor-heading-title elementor-size-default\">Blue Style\n\n<\/h1>\t\t\t\t<\/div>\n\t\t\t\t<\/div>\n\t\t\t\t<div class=\"elementor-element elementor-element-fd69374 elementor-widget-divider--view-line elementor-widget elementor-widget-divider\" data-id=\"fd69374\" data-element_type=\"widget\" data-e-type=\"widget\" data-widget_type=\"divider.default\">\n\t\t\t\t<div class=\"elementor-widget-container\">\n\t\t\t\t\t\t\t<div class=\"elementor-divider\">\n\t\t\t<span class=\"elementor-divider-separator\">\n\t\t\t\t\t\t<\/span>\n\t\t<\/div>\n\t\t\t\t\t\t<\/div>\n\t\t\t\t<\/div>\n\t\t<div class=\"elementor-element elementor-element-c573afc e-grid e-con-boxed e-con e-child\" data-id=\"c573afc\" data-element_type=\"container\" data-e-type=\"container\">\n\t\t\t\t\t<div class=\"e-con-inner\">\n\t\t<div class=\"elementor-element elementor-element-97cab95 e-con-full e-flex e-con e-child\" data-id=\"97cab95\" data-element_type=\"container\" data-e-type=\"container\">\n\t\t\t\t<div class=\"elementor-element elementor-element-471dbe2 elementor-widget elementor-widget-heading\" data-id=\"471dbe2\" data-element_type=\"widget\" data-e-type=\"widget\" data-widget_type=\"heading.default\">\n\t\t\t\t<div class=\"elementor-widget-container\">\n\t\t\t\t\t<h2 class=\"elementor-heading-title elementor-size-default\">Le d\u00e9fi<\/h2>\t\t\t\t<\/div>\n\t\t\t\t<\/div>\n\t\t\t\t<div class=\"elementor-element elementor-element-72eb674 elementor-widget elementor-widget-text-editor\" data-id=\"72eb674\" data-element_type=\"widget\" data-e-type=\"widget\" data-widget_type=\"text-editor.default\">\n\t\t\t\t<div class=\"elementor-widget-container\">\n\t\t\t\t\t\t\t\t\t<p>En tant qu&rsquo;agence de voyage de premier plan, <a href=\"https:\/\/www.blue-style.cz\/\" target=\"_blank\" rel=\"noopener\">Blue Style<\/a> souhaitait am\u00e9liorer l&rsquo;efficacit\u00e9 de ses espaces de bureau gr\u00e2ce \u00e0 un <strong>syst\u00e8me de gestion des salles de r\u00e9union<\/strong> sans faille. Avec <strong>16 salles de r\u00e9union<\/strong>, l&rsquo;entreprise avait besoin d&rsquo;une solution intuitive et fiable pour : <\/p><ul><li>Simplifiez les <strong>r\u00e9servations de<\/strong> chambres <strong>et le suivi des disponibilit\u00e9s<\/strong><\/li><li><strong>Faciliter le contr\u00f4le des syst\u00e8mes audiovisuels<\/strong> dans les espaces de r\u00e9union<\/li><li>Assurer une <strong>exp\u00e9rience simplifi\u00e9e<\/strong> pour les employ\u00e9s et les cadres<\/li><\/ul><p>En int\u00e9grant un <strong>syst\u00e8me de contr\u00f4le et de r\u00e9servation<\/strong> avanc\u00e9, <a href=\"https:\/\/www.blue-style.cz\/\" target=\"_blank\" rel=\"noopener\">Blue Style<\/a> a cherch\u00e9 \u00e0 cr\u00e9er un environnement de bureau <strong>moderne<\/strong> et <strong>fonctionnel<\/strong> qui favorise la productivit\u00e9 et la collaboration.<\/p>\t\t\t\t\t\t\t\t<\/div>\n\t\t\t\t<\/div>\n\t\t\t\t<\/div>\n\t\t<div class=\"elementor-element elementor-element-5a8944d e-con-full e-flex e-con e-child\" data-id=\"5a8944d\" data-element_type=\"container\" data-e-type=\"container\">\n\t\t\t\t<div class=\"elementor-element elementor-element-92baff7 elementor-widget elementor-widget-image\" data-id=\"92baff7\" data-element_type=\"widget\" data-e-type=\"widget\" data-widget_type=\"image.default\">\n\t\t\t\t<div class=\"elementor-widget-container\">\n\t\t\t\t\t\t\t\t\t\t\t\t\t\t\t\t<a href=\"https:\/\/www.cuesystem.com\/wp-content\/uploads\/2025\/03\/Snimek-obrazovky-2025-03-10-140944.webp\" data-elementor-open-lightbox=\"yes\" data-e-action-hash=\"#elementor-action%3Aaction%3Dlightbox%26settings%3DeyJpZCI6Mjg5NTksInVybCI6Imh0dHBzOlwvXC93d3cuY3Vlc3lzdGVtLmNvbVwvd3AtY29udGVudFwvdXBsb2Fkc1wvMjAyNVwvMDNcL1NuaW1lay1vYnJhem92a3ktMjAyNS0wMy0xMC0xNDA5NDQud2VicCJ9\">\n\t\t\t\t\t\t\t<img fetchpriority=\"high\" decoding=\"async\" width=\"1024\" height=\"576\" src=\"https:\/\/www.cuesystem.com\/wp-content\/uploads\/2025\/03\/Snimek-obrazovky-2025-03-10-140944-1024x576.webp\" class=\"attachment-large size-large wp-image-28959\" alt=\"\" srcset=\"https:\/\/www.cuesystem.com\/wp-content\/uploads\/2025\/03\/Snimek-obrazovky-2025-03-10-140944-1024x576.webp 1024w, https:\/\/www.cuesystem.com\/wp-content\/uploads\/2025\/03\/Snimek-obrazovky-2025-03-10-140944-300x169.webp 300w, https:\/\/www.cuesystem.com\/wp-content\/uploads\/2025\/03\/Snimek-obrazovky-2025-03-10-140944.webp 1919w\" sizes=\"(max-width: 1024px) 100vw, 1024px\" \/>\t\t\t\t\t\t\t\t<\/a>\n\t\t\t\t\t\t\t\t\t\t\t\t\t\t\t<\/div>\n\t\t\t\t<\/div>\n\t\t\t\t<div class=\"elementor-element elementor-element-fadf6a6 elementor-widget elementor-widget-image\" data-id=\"fadf6a6\" data-element_type=\"widget\" data-e-type=\"widget\" data-widget_type=\"image.default\">\n\t\t\t\t<div class=\"elementor-widget-container\">\n\t\t\t\t\t\t\t\t\t\t\t\t\t\t\t\t<a href=\"https:\/\/www.cuesystem.com\/wp-content\/uploads\/2025\/03\/Snimek-obrazovky-2025-03-10-141152.webp\" data-elementor-open-lightbox=\"yes\" data-e-action-hash=\"#elementor-action%3Aaction%3Dlightbox%26settings%3DeyJpZCI6Mjg5NjQsInVybCI6Imh0dHBzOlwvXC93d3cuY3Vlc3lzdGVtLmNvbVwvd3AtY29udGVudFwvdXBsb2Fkc1wvMjAyNVwvMDNcL1NuaW1lay1vYnJhem92a3ktMjAyNS0wMy0xMC0xNDExNTIud2VicCJ9\">\n\t\t\t\t\t\t\t<img decoding=\"async\" width=\"1024\" height=\"508\" src=\"https:\/\/www.cuesystem.com\/wp-content\/uploads\/2025\/03\/Snimek-obrazovky-2025-03-10-141152-1024x508.webp\" class=\"attachment-large size-large wp-image-28964\" alt=\"\" srcset=\"https:\/\/www.cuesystem.com\/wp-content\/uploads\/2025\/03\/Snimek-obrazovky-2025-03-10-141152-1024x508.webp 1024w, https:\/\/www.cuesystem.com\/wp-content\/uploads\/2025\/03\/Snimek-obrazovky-2025-03-10-141152-300x149.webp 300w, https:\/\/www.cuesystem.com\/wp-content\/uploads\/2025\/03\/Snimek-obrazovky-2025-03-10-141152.webp 1919w\" sizes=\"(max-width: 1024px) 100vw, 1024px\" \/>\t\t\t\t\t\t\t\t<\/a>\n\t\t\t\t\t\t\t\t\t\t\t\t\t\t\t<\/div>\n\t\t\t\t<\/div>\n\t\t\t\t<\/div>\n\t\t\t\t\t<\/div>\n\t\t\t\t<\/div>\n\t\t<div class=\"elementor-element elementor-element-5c66f66 e-grid e-con-boxed e-con e-child\" data-id=\"5c66f66\" data-element_type=\"container\" data-e-type=\"container\">\n\t\t\t\t\t<div class=\"e-con-inner\">\n\t\t<div class=\"elementor-element elementor-element-e4fde28 e-con-full e-flex e-con e-child\" data-id=\"e4fde28\" data-element_type=\"container\" data-e-type=\"container\">\n\t\t\t\t<div class=\"elementor-element elementor-element-8531687 elementor-widget elementor-widget-image\" data-id=\"8531687\" data-element_type=\"widget\" data-e-type=\"widget\" data-widget_type=\"image.default\">\n\t\t\t\t<div class=\"elementor-widget-container\">\n\t\t\t\t\t\t\t\t\t\t\t\t\t\t\t<img decoding=\"async\" width=\"1024\" height=\"288\" src=\"https:\/\/www.cuesystem.com\/wp-content\/uploads\/2025\/03\/DARK_BLUE-1024x288.webp\" class=\"attachment-large size-large wp-image-28969\" alt=\"\" srcset=\"https:\/\/www.cuesystem.com\/wp-content\/uploads\/2025\/03\/DARK_BLUE-1024x288.webp 1024w, https:\/\/www.cuesystem.com\/wp-content\/uploads\/2025\/03\/DARK_BLUE-300x84.webp 300w, https:\/\/www.cuesystem.com\/wp-content\/uploads\/2025\/03\/DARK_BLUE.webp 1600w\" sizes=\"(max-width: 1024px) 100vw, 1024px\" \/>\t\t\t\t\t\t\t\t\t\t\t\t\t\t\t<\/div>\n\t\t\t\t<\/div>\n\t\t\t\t<\/div>\n\t\t<div class=\"elementor-element elementor-element-39b74d9 e-con-full e-flex e-con e-child\" data-id=\"39b74d9\" data-element_type=\"container\" data-e-type=\"container\">\n\t\t\t\t<div class=\"elementor-element elementor-element-6c40024 elementor-widget elementor-widget-heading\" data-id=\"6c40024\" data-element_type=\"widget\" data-e-type=\"widget\" data-widget_type=\"heading.default\">\n\t\t\t\t<div class=\"elementor-widget-container\">\n\t\t\t\t\t<h2 class=\"elementor-heading-title elementor-size-default\">\u00c0 propos de Blue Style\n\n<\/h2>\t\t\t\t<\/div>\n\t\t\t\t<\/div>\n\t\t\t\t<div class=\"elementor-element elementor-element-93c25d8 elementor-widget elementor-widget-text-editor\" data-id=\"93c25d8\" data-element_type=\"widget\" data-e-type=\"widget\" data-widget_type=\"text-editor.default\">\n\t\t\t\t<div class=\"elementor-widget-container\">\n\t\t\t\t\t\t\t\t\t<p>Fond\u00e9e en 1997, <a href=\"https:\/\/www.blue-style.cz\/\" target=\"_blank\" rel=\"noopener\">Blue Style<\/a> est l&rsquo;une des principales <strong>agences de voyage<\/strong> tch\u00e8ques, proposant des vacances vers plus de <strong>30 destinations dans le monde entier<\/strong>.<\/p>\n<p>Notre <strong>partenaire tch\u00e8que<\/strong> <a href=\"https:\/\/www.avmedia.cz\/en\/\" target=\"_blank\" rel=\"noopener\">AV MEDIA<\/a> s&rsquo;est charg\u00e9 de la mise en \u0153uvre du projet.<\/p>\t\t\t\t\t\t\t\t<\/div>\n\t\t\t\t<\/div>\n\t\t\t\t<\/div>\n\t\t\t\t\t<\/div>\n\t\t\t\t<\/div>\n\t\t<div class=\"elementor-element elementor-element-b07a7d8 e-grid e-con-boxed e-con e-child\" data-id=\"b07a7d8\" data-element_type=\"container\" data-e-type=\"container\">\n\t\t\t\t\t<div class=\"e-con-inner\">\n\t\t<div class=\"elementor-element elementor-element-589dde4 e-con-full e-flex e-con e-child\" data-id=\"589dde4\" data-element_type=\"container\" data-e-type=\"container\">\n\t\t\t\t<div class=\"elementor-element elementor-element-e36d1e1 elementor-widget elementor-widget-heading\" data-id=\"e36d1e1\" data-element_type=\"widget\" data-e-type=\"widget\" data-widget_type=\"heading.default\">\n\t\t\t\t<div class=\"elementor-widget-container\">\n\t\t\t\t\t<h2 class=\"elementor-heading-title elementor-size-default\">Notre r\u00e9solution<\/h2>\t\t\t\t<\/div>\n\t\t\t\t<\/div>\n\t\t\t\t<div class=\"elementor-element elementor-element-972e000 elementor-widget elementor-widget-text-editor\" data-id=\"972e000\" data-element_type=\"widget\" data-e-type=\"widget\" data-widget_type=\"text-editor.default\">\n\t\t\t\t<div class=\"elementor-widget-container\">\n\t\t\t\t\t\t\t\t\t<p>Pour r\u00e9pondre aux besoins de <a href=\"https:\/\/www.blue-style.cz\/\" target=\"_blank\" rel=\"noopener\">Blue Style<\/a>, <a href=\"https:\/\/www.avmedia.cz\/en\/\" target=\"_blank\" rel=\"noopener\">AV MEDIA<\/a> a d\u00e9ploy\u00e9 un <strong>syst\u00e8me<\/strong> complet <strong>de contr\u00f4le et de r\u00e9servation CUE<\/strong>:<\/p>\n<ul>\n<li><strong>R\u00e9servation de salle sans effort<\/strong> &#8211; les panneaux de r\u00e9servation <a href=\"https:\/\/docs.cuesystem.com\/space\/PRODUCTS\/604766221\" target=\"_blank\" rel=\"noopener\">touchONE-10-W<\/a> offrent une <strong>vue d&rsquo;ensemble claire de la disponibilit\u00e9 des salles de r\u00e9union<\/strong>, ce qui permet aux employ\u00e9s de r\u00e9server, de prolonger ou d&rsquo;annuler des r\u00e9servations en toute simplicit\u00e9.<\/li>\n<li><strong>Contr\u00f4le intelligent de la salle de conf\u00e9rence<\/strong> &#8211; Le panneau <a href=\"https:\/\/docs.cuesystem.com\/space\/PRODUCTS\/482934790\/touchCUE-7\" target=\"_blank\" rel=\"noopener\">touchCUE-7<\/a> et le contr\u00f4leur <a href=\"https:\/\/docs.cuesystem.com\/space\/PRODUCTS\/605388827\/controlCUE-three\" target=\"_blank\" rel=\"noopener\">controlCUE-three<\/a> permettent une gestion centralis\u00e9e des syst\u00e8mes audiovisuels et des param\u00e8tres de la salle dans le bureau de la direction.<\/li>\n<li><strong>Fonctionnement convivial dans la salle<\/strong> &#8211; le syst\u00e8me de contr\u00f4le <strong>intuitif \u00e0 clavier <\/strong> <a href=\"https:\/\/docs.cuesystem.com\/space\/PRODUCTS\/484868189\/liteCUE-basic\" target=\"_blank\" rel=\"noopener\">liteCUE-basic<\/a> permet aux employ\u00e9s de <strong>r\u00e9gler les param\u00e8tres de la salle de r\u00e9union<\/strong> avec un minimum d&rsquo;effort.<\/li>\n<\/ul>\n<p>Cette <strong>solution intelligente et int\u00e9gr\u00e9e<\/strong> a transform\u00e9 le bureau de <a href=\"https:\/\/www.blue-style.cz\/\" target=\"_blank\" rel=\"noopener\">Blue Style<\/a>en un <strong>lieu de travail moderne et efficace<\/strong>. Gr\u00e2ce \u00e0 un m\u00e9lange harmonieux de <strong>technologie et de design<\/strong>, l&rsquo;entreprise a non seulement am\u00e9lior\u00e9 ses activit\u00e9s quotidiennes, mais elle a \u00e9galement \u00e9t\u00e9 reconnue comme <strong>finaliste<\/strong> du concours \u00a0\u00bb <a href=\"https:\/\/www.linkedin.com\/company\/kancelareroku\/\" target=\"_blank\" rel=\"noopener\">Office of the Year\u00a0\u00bb (Bureau de l&rsquo;ann\u00e9e)<\/a>. <\/p>\t\t\t\t\t\t\t\t<\/div>\n\t\t\t\t<\/div>\n\t\t\t\t<\/div>\n\t\t<div class=\"elementor-element elementor-element-661f3ee e-con-full e-flex e-con e-child\" data-id=\"661f3ee\" data-element_type=\"container\" data-e-type=\"container\">\n\t\t\t\t<div class=\"elementor-element elementor-element-89ad45f elementor-widget elementor-widget-image\" data-id=\"89ad45f\" data-element_type=\"widget\" data-e-type=\"widget\" data-widget_type=\"image.default\">\n\t\t\t\t<div class=\"elementor-widget-container\">\n\t\t\t\t\t\t\t\t\t\t\t\t\t\t\t\t<a href=\"https:\/\/www.cuesystem.com\/wp-content\/uploads\/2025\/03\/Snimek-obrazovky-2025-03-10-141004.webp\" data-elementor-open-lightbox=\"yes\" data-e-action-hash=\"#elementor-action%3Aaction%3Dlightbox%26settings%3DeyJpZCI6Mjg5ODgsInVybCI6Imh0dHBzOlwvXC93d3cuY3Vlc3lzdGVtLmNvbVwvd3AtY29udGVudFwvdXBsb2Fkc1wvMjAyNVwvMDNcL1NuaW1lay1vYnJhem92a3ktMjAyNS0wMy0xMC0xNDEwMDQud2VicCJ9\">\n\t\t\t\t\t\t\t<img loading=\"lazy\" decoding=\"async\" width=\"1024\" height=\"507\" src=\"https:\/\/www.cuesystem.com\/wp-content\/uploads\/2025\/03\/Snimek-obrazovky-2025-03-10-141004-1024x507.webp\" class=\"attachment-large size-large wp-image-28988\" alt=\"\" srcset=\"https:\/\/www.cuesystem.com\/wp-content\/uploads\/2025\/03\/Snimek-obrazovky-2025-03-10-141004-1024x507.webp 1024w, https:\/\/www.cuesystem.com\/wp-content\/uploads\/2025\/03\/Snimek-obrazovky-2025-03-10-141004-300x149.webp 300w, https:\/\/www.cuesystem.com\/wp-content\/uploads\/2025\/03\/Snimek-obrazovky-2025-03-10-141004.webp 1919w\" sizes=\"(max-width: 1024px) 100vw, 1024px\" \/>\t\t\t\t\t\t\t\t<\/a>\n\t\t\t\t\t\t\t\t\t\t\t\t\t\t\t<\/div>\n\t\t\t\t<\/div>\n\t\t\t\t<div class=\"elementor-element elementor-element-f080160 elementor-widget elementor-widget-image\" data-id=\"f080160\" data-element_type=\"widget\" data-e-type=\"widget\" data-widget_type=\"image.default\">\n\t\t\t\t<div class=\"elementor-widget-container\">\n\t\t\t\t\t\t\t\t\t\t\t\t\t\t\t\t<a href=\"https:\/\/www.cuesystem.com\/wp-content\/uploads\/2025\/03\/Snimek-obrazovky-2025-03-10-134743.webp\" data-elementor-open-lightbox=\"yes\" data-e-action-hash=\"#elementor-action%3Aaction%3Dlightbox%26settings%3DeyJpZCI6Mjg5NzgsInVybCI6Imh0dHBzOlwvXC93d3cuY3Vlc3lzdGVtLmNvbVwvd3AtY29udGVudFwvdXBsb2Fkc1wvMjAyNVwvMDNcL1NuaW1lay1vYnJhem92a3ktMjAyNS0wMy0xMC0xMzQ3NDMud2VicCJ9\">\n\t\t\t\t\t\t\t<img loading=\"lazy\" decoding=\"async\" width=\"1024\" height=\"579\" src=\"https:\/\/www.cuesystem.com\/wp-content\/uploads\/2025\/03\/Snimek-obrazovky-2025-03-10-134743-1024x579.webp\" class=\"attachment-large size-large wp-image-28978\" alt=\"\" srcset=\"https:\/\/www.cuesystem.com\/wp-content\/uploads\/2025\/03\/Snimek-obrazovky-2025-03-10-134743-1024x579.webp 1024w, https:\/\/www.cuesystem.com\/wp-content\/uploads\/2025\/03\/Snimek-obrazovky-2025-03-10-134743-300x170.webp 300w, https:\/\/www.cuesystem.com\/wp-content\/uploads\/2025\/03\/Snimek-obrazovky-2025-03-10-134743.webp 1907w\" sizes=\"(max-width: 1024px) 100vw, 1024px\" \/>\t\t\t\t\t\t\t\t<\/a>\n\t\t\t\t\t\t\t\t\t\t\t\t\t\t\t<\/div>\n\t\t\t\t<\/div>\n\t\t\t\t<div class=\"elementor-element elementor-element-732583c elementor-widget elementor-widget-image\" data-id=\"732583c\" data-element_type=\"widget\" data-e-type=\"widget\" data-widget_type=\"image.default\">\n\t\t\t\t<div class=\"elementor-widget-container\">\n\t\t\t\t\t\t\t\t\t\t\t\t\t\t\t\t<a href=\"https:\/\/www.cuesystem.com\/wp-content\/uploads\/2025\/03\/Snimek-obrazovky-2025-03-10-141037.webp\" data-elementor-open-lightbox=\"yes\" data-e-action-hash=\"#elementor-action%3Aaction%3Dlightbox%26settings%3DeyJpZCI6Mjg5ODMsInVybCI6Imh0dHBzOlwvXC93d3cuY3Vlc3lzdGVtLmNvbVwvd3AtY29udGVudFwvdXBsb2Fkc1wvMjAyNVwvMDNcL1NuaW1lay1vYnJhem92a3ktMjAyNS0wMy0xMC0xNDEwMzcud2VicCJ9\">\n\t\t\t\t\t\t\t<img loading=\"lazy\" decoding=\"async\" width=\"1024\" height=\"716\" src=\"https:\/\/www.cuesystem.com\/wp-content\/uploads\/2025\/03\/Snimek-obrazovky-2025-03-10-141037-1024x716.webp\" class=\"attachment-large size-large wp-image-28983\" alt=\"\" srcset=\"https:\/\/www.cuesystem.com\/wp-content\/uploads\/2025\/03\/Snimek-obrazovky-2025-03-10-141037-1024x716.webp 1024w, https:\/\/www.cuesystem.com\/wp-content\/uploads\/2025\/03\/Snimek-obrazovky-2025-03-10-141037-300x210.webp 300w, https:\/\/www.cuesystem.com\/wp-content\/uploads\/2025\/03\/Snimek-obrazovky-2025-03-10-141037.webp 1359w\" sizes=\"(max-width: 1024px) 100vw, 1024px\" \/>\t\t\t\t\t\t\t\t<\/a>\n\t\t\t\t\t\t\t\t\t\t\t\t\t\t\t<\/div>\n\t\t\t\t<\/div>\n\t\t\t\t<\/div>\n\t\t\t\t\t<\/div>\n\t\t\t\t<\/div>\n\t\t\t\t<\/div>\n\t\t<div class=\"elementor-element elementor-element-38e7682 e-flex e-con-boxed e-con e-parent\" data-id=\"38e7682\" data-element_type=\"container\" data-e-type=\"container\">\n\t\t\t\t\t<div class=\"e-con-inner\">\n\t\t\t\t<div class=\"elementor-element elementor-element-080893a elementor-widget elementor-widget-heading\" data-id=\"080893a\" data-element_type=\"widget\" data-e-type=\"widget\" data-widget_type=\"heading.default\">\n\t\t\t\t<div class=\"elementor-widget-container\">\n\t\t\t\t\t<h2 class=\"elementor-heading-title elementor-size-default\">En savoir plus sur ce projet<\/h2>\t\t\t\t<\/div>\n\t\t\t\t<\/div>\n\t\t\t\t<div class=\"elementor-element elementor-element-5d4b41f elementor-widget elementor-widget-video\" data-id=\"5d4b41f\" data-element_type=\"widget\" data-e-type=\"widget\" data-settings=\"{&quot;video_type&quot;:&quot;vimeo&quot;}\" data-widget_type=\"video.default\">\n\t\t\t\t<div class=\"elementor-widget-container\">\n\t\t\t\t\t\t\t<div class=\"elementor-wrapper elementor-open-inline\">\n\t\t\t<iframe class=\"elementor-video-iframe\" allowfullscreen allow=\"clipboard-write\" title=\"Lecteur vid\u00e9o vimeo\" src=\"https:\/\/player.vimeo.com\/video\/1048178544?color&amp;autopause=0&amp;loop=0&amp;muted=0&amp;title=1&amp;portrait=1&amp;byline=1&amp;h=ac9f2e9ebe#t=\"><\/iframe>\t\t<\/div>\n\t\t\t\t\t\t<\/div>\n\t\t\t\t<\/div>\n\t\t\t\t\t<\/div>\n\t\t\t\t<\/div>\n\t\t\t\t<\/div>\n\t\t","protected":false},"excerpt":{"rendered":"<p>Cas pratiques Blue Style Le d\u00e9fi En tant qu&rsquo;agence de voyage de premier plan, Blue Style souhaitait am\u00e9liorer l&rsquo;efficacit\u00e9 de ses espaces de bureau gr\u00e2ce \u00e0 un syst\u00e8me de gestion des salles de r\u00e9union sans faille. Avec 16 salles de r\u00e9union, l&rsquo;entreprise avait besoin d&rsquo;une solution intuitive et fiable pour : Simplifiez les r\u00e9servations de <a href=\"https:\/\/www.cuesystem.com\/fr\/etudes-de-cas\/style-bleu\/\" class=\"more-link\">&#8230;<span class=\"screen-reader-text\">  Blue Style<\/span><\/a><\/p>\n","protected":false},"author":3,"featured_media":0,"parent":30190,"menu_order":224,"comment_status":"closed","ping_status":"closed","template":"","meta":{"_acf_changed":false,"inline_featured_image":false,"footnotes":""},"kategorie":[],"class_list":["post-30140","page","type-page","status-publish","hentry"],"acf":[],"_links":{"self":[{"href":"https:\/\/www.cuesystem.com\/fr\/wp-json\/wp\/v2\/pages\/30140","targetHints":{"allow":["GET"]}}],"collection":[{"href":"https:\/\/www.cuesystem.com\/fr\/wp-json\/wp\/v2\/pages"}],"about":[{"href":"https:\/\/www.cuesystem.com\/fr\/wp-json\/wp\/v2\/types\/page"}],"author":[{"embeddable":true,"href":"https:\/\/www.cuesystem.com\/fr\/wp-json\/wp\/v2\/users\/3"}],"replies":[{"embeddable":true,"href":"https:\/\/www.cuesystem.com\/fr\/wp-json\/wp\/v2\/comments?post=30140"}],"version-history":[{"count":5,"href":"https:\/\/www.cuesystem.com\/fr\/wp-json\/wp\/v2\/pages\/30140\/revisions"}],"predecessor-version":[{"id":30276,"href":"https:\/\/www.cuesystem.com\/fr\/wp-json\/wp\/v2\/pages\/30140\/revisions\/30276"}],"up":[{"embeddable":true,"href":"https:\/\/www.cuesystem.com\/fr\/wp-json\/wp\/v2\/pages\/30190"}],"wp:attachment":[{"href":"https:\/\/www.cuesystem.com\/fr\/wp-json\/wp\/v2\/media?parent=30140"}],"wp:term":[{"taxonomy":"kategorie","embeddable":true,"href":"https:\/\/www.cuesystem.com\/fr\/wp-json\/wp\/v2\/kategorie?post=30140"}],"curies":[{"name":"wp","href":"https:\/\/api.w.org\/{rel}","templated":true}]}}