{"id":30148,"date":"2025-03-05T20:45:58","date_gmt":"2025-03-05T19:45:58","guid":{"rendered":"https:\/\/www.cuesystem.com\/universite-rey-juan-carlos\/"},"modified":"2025-05-05T12:47:43","modified_gmt":"2025-05-05T10:47:43","slug":"universite-rey-juan-carlos","status":"publish","type":"page","link":"https:\/\/www.cuesystem.com\/fr\/etudes-de-cas\/universite-rey-juan-carlos\/","title":{"rendered":"Universit\u00e9 Rey Juan Carlos"},"content":{"rendered":"\t\t<div data-elementor-type=\"wp-page\" data-elementor-id=\"30148\" class=\"elementor elementor-30148 elementor-28877\" data-elementor-post-type=\"page\">\n\t\t\t\t<div class=\"elementor-element elementor-element-1948560 e-con-full e-flex e-con e-child\" data-id=\"1948560\" data-element_type=\"container\" data-e-type=\"container\">\n\t\t\t\t<div class=\"elementor-element elementor-element-633fc92 elementor-widget elementor-widget-heading\" data-id=\"633fc92\" data-element_type=\"widget\" data-e-type=\"widget\" data-widget_type=\"heading.default\">\n\t\t\t\t<div class=\"elementor-widget-container\">\n\t\t\t\t\t<h3 class=\"elementor-heading-title elementor-size-default\">Cas pratiques<\/h3>\t\t\t\t<\/div>\n\t\t\t\t<\/div>\n\t\t\t\t<div class=\"elementor-element elementor-element-1b5860c elementor-widget elementor-widget-heading\" data-id=\"1b5860c\" data-element_type=\"widget\" data-e-type=\"widget\" data-widget_type=\"heading.default\">\n\t\t\t\t<div class=\"elementor-widget-container\">\n\t\t\t\t\t<h1 class=\"elementor-heading-title elementor-size-default\">Universit\u00e9 Rey Juan Carlos\n\n<\/h1>\t\t\t\t<\/div>\n\t\t\t\t<\/div>\n\t\t\t\t<div class=\"elementor-element elementor-element-9240b5d elementor-widget-divider--view-line elementor-widget elementor-widget-divider\" data-id=\"9240b5d\" data-element_type=\"widget\" data-e-type=\"widget\" data-widget_type=\"divider.default\">\n\t\t\t\t<div class=\"elementor-widget-container\">\n\t\t\t\t\t\t\t<div class=\"elementor-divider\">\n\t\t\t<span class=\"elementor-divider-separator\">\n\t\t\t\t\t\t<\/span>\n\t\t<\/div>\n\t\t\t\t\t\t<\/div>\n\t\t\t\t<\/div>\n\t\t<div class=\"elementor-element elementor-element-b6a48a7 e-grid e-con-boxed e-con e-child\" data-id=\"b6a48a7\" data-element_type=\"container\" data-e-type=\"container\">\n\t\t\t\t\t<div class=\"e-con-inner\">\n\t\t<div class=\"elementor-element elementor-element-0a013a5 e-con-full e-flex e-con e-child\" data-id=\"0a013a5\" data-element_type=\"container\" data-e-type=\"container\">\n\t\t\t\t<div class=\"elementor-element elementor-element-4ccf59e elementor-widget elementor-widget-heading\" data-id=\"4ccf59e\" data-element_type=\"widget\" data-e-type=\"widget\" data-widget_type=\"heading.default\">\n\t\t\t\t<div class=\"elementor-widget-container\">\n\t\t\t\t\t<h2 class=\"elementor-heading-title elementor-size-default\">Le d\u00e9fi<\/h2>\t\t\t\t<\/div>\n\t\t\t\t<\/div>\n\t\t\t\t<div class=\"elementor-element elementor-element-8072f98 elementor-widget elementor-widget-text-editor\" data-id=\"8072f98\" data-element_type=\"widget\" data-e-type=\"widget\" data-widget_type=\"text-editor.default\">\n\t\t\t\t<div class=\"elementor-widget-container\">\n\t\t\t\t\t\t\t\t\t<p>L<a href=\"https:\/\/en.urjc.es\/\" target=\"_blank\" rel=\"noopener\">&lsquo;Universit\u00e9 Rey Juan Carlos<\/a> (URJC) s&rsquo;est lanc\u00e9e dans un <strong>ambitieux projet<\/strong> de <strong>modernisation des<\/strong><strong> syst\u00e8mes audiovisuels<\/strong> sur l&rsquo;ensemble de ses campus. Avec <strong>400 salles de classe<\/strong> n\u00e9cessitant un <strong>contr\u00f4le transparent de plusieurs technologies audiovisuelles &#8211; projecteurs<\/strong>, moniteurs, DSP, cam\u00e9ras, microphones et logiciels d&rsquo;enregistrement &#8211; le d\u00e9fi \u00e9tait clair : int\u00e9grer une <strong>solution<\/strong> <strong>fiable<\/strong> et <strong>facile \u00e0 utiliser<\/strong> qui <strong>simplifierait les op\u00e9rations<\/strong> pour les \u00e9ducateurs tout en <strong>minimisant les efforts de maintenance<\/strong>. <\/p>\t\t\t\t\t\t\t\t<\/div>\n\t\t\t\t<\/div>\n\t\t\t\t<\/div>\n\t\t<div class=\"elementor-element elementor-element-5c84132 e-con-full e-flex e-con e-child\" data-id=\"5c84132\" data-element_type=\"container\" data-e-type=\"container\">\n\t\t\t\t<div class=\"elementor-element elementor-element-98d81a8 elementor-widget elementor-widget-image\" data-id=\"98d81a8\" data-element_type=\"widget\" data-e-type=\"widget\" data-widget_type=\"image.default\">\n\t\t\t\t<div class=\"elementor-widget-container\">\n\t\t\t\t\t\t\t\t\t\t\t\t\t\t\t<img fetchpriority=\"high\" decoding=\"async\" width=\"1024\" height=\"427\" src=\"https:\/\/www.cuesystem.com\/wp-content\/uploads\/2025\/03\/cue-urjc-1024x427.jpg\" class=\"attachment-large size-large wp-image-28890\" alt=\"\" srcset=\"https:\/\/www.cuesystem.com\/wp-content\/uploads\/2025\/03\/cue-urjc-1024x427.jpg 1024w, https:\/\/www.cuesystem.com\/wp-content\/uploads\/2025\/03\/cue-urjc-300x125.jpg 300w, https:\/\/www.cuesystem.com\/wp-content\/uploads\/2025\/03\/cue-urjc.jpg 1200w\" sizes=\"(max-width: 1024px) 100vw, 1024px\" \/>\t\t\t\t\t\t\t\t\t\t\t\t\t\t\t<\/div>\n\t\t\t\t<\/div>\n\t\t\t\t<div class=\"elementor-element elementor-element-1bd681a elementor-widget elementor-widget-image\" data-id=\"1bd681a\" data-element_type=\"widget\" data-e-type=\"widget\" data-widget_type=\"image.default\">\n\t\t\t\t<div class=\"elementor-widget-container\">\n\t\t\t\t\t\t\t\t\t\t\t\t\t\t\t<img decoding=\"async\" src=\"https:\/\/www.cuesystem.com\/wp-content\/uploads\/2025\/03\/Snimek-obrazovky-2025-03-04-160944.png\" title=\"\" alt=\"\" loading=\"lazy\" \/>\t\t\t\t\t\t\t\t\t\t\t\t\t\t\t<\/div>\n\t\t\t\t<\/div>\n\t\t\t\t<\/div>\n\t\t\t\t\t<\/div>\n\t\t\t\t<\/div>\n\t\t<div class=\"elementor-element elementor-element-046d4b8 e-grid e-con-boxed e-con e-child\" data-id=\"046d4b8\" data-element_type=\"container\" data-e-type=\"container\">\n\t\t\t\t\t<div class=\"e-con-inner\">\n\t\t<div class=\"elementor-element elementor-element-ccabdca e-con-full e-flex e-con e-child\" data-id=\"ccabdca\" data-element_type=\"container\" data-e-type=\"container\">\n\t\t\t\t<div class=\"elementor-element elementor-element-52bef73 elementor-widget elementor-widget-image\" data-id=\"52bef73\" data-element_type=\"widget\" data-e-type=\"widget\" data-widget_type=\"image.default\">\n\t\t\t\t<div class=\"elementor-widget-container\">\n\t\t\t\t\t\t\t\t\t\t\t\t\t\t\t<img decoding=\"async\" width=\"350\" height=\"250\" src=\"https:\/\/www.cuesystem.com\/wp-content\/uploads\/2025\/03\/urjc-logo.png\" class=\"attachment-large size-large wp-image-28898\" alt=\"\" srcset=\"https:\/\/www.cuesystem.com\/wp-content\/uploads\/2025\/03\/urjc-logo.png 350w, https:\/\/www.cuesystem.com\/wp-content\/uploads\/2025\/03\/urjc-logo-300x214.png 300w\" sizes=\"(max-width: 350px) 100vw, 350px\" \/>\t\t\t\t\t\t\t\t\t\t\t\t\t\t\t<\/div>\n\t\t\t\t<\/div>\n\t\t\t\t<div class=\"elementor-element elementor-element-24ed44b elementor-widget elementor-widget-image\" data-id=\"24ed44b\" data-element_type=\"widget\" data-e-type=\"widget\" data-widget_type=\"image.default\">\n\t\t\t\t<div class=\"elementor-widget-container\">\n\t\t\t\t\t\t\t\t\t\t\t\t\t\t\t<img decoding=\"async\" width=\"1024\" height=\"479\" src=\"https:\/\/www.cuesystem.com\/wp-content\/uploads\/2025\/03\/Universidad-Rey-Juan-Carlos-picture-Erasmus-in-Barcelona-1024x479-1.jpg\" class=\"attachment-large size-large wp-image-28904\" alt=\"\" srcset=\"https:\/\/www.cuesystem.com\/wp-content\/uploads\/2025\/03\/Universidad-Rey-Juan-Carlos-picture-Erasmus-in-Barcelona-1024x479-1.jpg 1024w, https:\/\/www.cuesystem.com\/wp-content\/uploads\/2025\/03\/Universidad-Rey-Juan-Carlos-picture-Erasmus-in-Barcelona-1024x479-1-300x140.jpg 300w\" sizes=\"(max-width: 1024px) 100vw, 1024px\" \/>\t\t\t\t\t\t\t\t\t\t\t\t\t\t\t<\/div>\n\t\t\t\t<\/div>\n\t\t\t\t<\/div>\n\t\t<div class=\"elementor-element elementor-element-2989df6 e-con-full e-flex e-con e-child\" data-id=\"2989df6\" data-element_type=\"container\" data-e-type=\"container\">\n\t\t\t\t<div class=\"elementor-element elementor-element-fc63230 elementor-widget elementor-widget-heading\" data-id=\"fc63230\" data-element_type=\"widget\" data-e-type=\"widget\" data-widget_type=\"heading.default\">\n\t\t\t\t<div class=\"elementor-widget-container\">\n\t\t\t\t\t<h2 class=\"elementor-heading-title elementor-size-default\">\u00c0 propos de l'universit\u00e9<\/h2>\t\t\t\t<\/div>\n\t\t\t\t<\/div>\n\t\t\t\t<div class=\"elementor-element elementor-element-5801d51 elementor-widget elementor-widget-text-editor\" data-id=\"5801d51\" data-element_type=\"widget\" data-e-type=\"widget\" data-widget_type=\"text-editor.default\">\n\t\t\t\t<div class=\"elementor-widget-container\">\n\t\t\t\t\t\t\t\t\t<p>L<a href=\"https:\/\/en.urjc.es\/\" target=\"_blank\" rel=\"noopener\">&lsquo;URJC<\/a> est l&rsquo;une des <strong>plus grandes universit\u00e9s publiques d&rsquo;Espagne<\/strong>, accueillant plus de <strong>45 000 \u00e9tudiants<\/strong> sur <strong>plusieurs campus<\/strong>. En tant qu&rsquo;institution moderne engag\u00e9e dans le progr\u00e8s technologique, elle recherchait un syst\u00e8me de contr\u00f4le capable d&rsquo;assurer une <strong>gestion audiovisuelle sans effort<\/strong> tout en offrant une <strong>fiabilit\u00e9 \u00e0 long terme<\/strong>. <\/p>\n<p>Notre <strong>partenaire espagnol<\/strong> <a href=\"https:\/\/avitvision.es\/en\/\" target=\"_blank\" rel=\"noopener\">AVIT VISION<\/a> s&rsquo;est charg\u00e9 de la mise en \u0153uvre du projet.<\/p>\t\t\t\t\t\t\t\t<\/div>\n\t\t\t\t<\/div>\n\t\t\t\t<\/div>\n\t\t\t\t\t<\/div>\n\t\t\t\t<\/div>\n\t\t<div class=\"elementor-element elementor-element-1317a76 e-grid e-con-boxed e-con e-child\" data-id=\"1317a76\" data-element_type=\"container\" data-e-type=\"container\">\n\t\t\t\t\t<div class=\"e-con-inner\">\n\t\t<div class=\"elementor-element elementor-element-ecaa5d4 e-con-full e-flex e-con e-child\" data-id=\"ecaa5d4\" data-element_type=\"container\" data-e-type=\"container\">\n\t\t\t\t<div class=\"elementor-element elementor-element-b28df69 elementor-widget elementor-widget-heading\" data-id=\"b28df69\" data-element_type=\"widget\" data-e-type=\"widget\" data-widget_type=\"heading.default\">\n\t\t\t\t<div class=\"elementor-widget-container\">\n\t\t\t\t\t<h2 class=\"elementor-heading-title elementor-size-default\">Le voyage<\/h2>\t\t\t\t<\/div>\n\t\t\t\t<\/div>\n\t\t\t\t<div class=\"elementor-element elementor-element-f85a394 elementor-widget elementor-widget-text-editor\" data-id=\"f85a394\" data-element_type=\"widget\" data-e-type=\"widget\" data-widget_type=\"text-editor.default\">\n\t\t\t\t<div class=\"elementor-widget-container\">\n\t\t\t\t\t\t\t\t\t<p>Le projet s&rsquo;est d\u00e9roul\u00e9 en plusieurs phases <strong>, de 2021 \u00e0 2024<\/strong>. Chaque ann\u00e9e, environ 100 salles de classe ont \u00e9t\u00e9 mises \u00e0 niveau, en int\u00e9grant le panneau CUE <a href=\"https:\/\/docs.cuesystem.com\/space\/PRODUCTS\/482934790\" target=\"_blank\" rel=\"noopener\">touchCUE-7<\/a> &#8211; une<strong>solution robuste et tout-en-un<\/strong> combinant une <strong>interface \u00e0 \u00e9cran tactile avec un contr\u00f4leur IP int\u00e9gr\u00e9<\/strong>. Cette solution a permis de minimiser le nombre de dispositifs par salle de classe, r\u00e9duisant ainsi la complexit\u00e9, la consommation d&rsquo;\u00e9nergie et les points de d\u00e9faillance potentiels.  <\/p>\n<p>Au-del\u00e0 du mat\u00e9riel, <a href=\"https:\/\/avitvision.es\/en\/\" target=\"_blank\" rel=\"noopener\">AVIT VISION<\/a> a d\u00e9velopp\u00e9 un logiciel personnalis\u00e9 utilisant <a href=\"https:\/\/docs.cuesystem.com\/space\/PRODUCTS\/491061541\" target=\"_blank\" rel=\"noopener\">CUE Visual Composer<\/a>, <strong>rationalisant la<\/strong> <strong>configuration des<\/strong> salles de classe et permettant la<strong> surveillance \u00e0 distance<\/strong>. Le syst\u00e8me attribue <strong>automatiquement<\/strong> des adresses IP de contr\u00f4le, t\u00e9l\u00e9charge les configurations et fournit des analyses en temps r\u00e9el, aidant l&rsquo;\u00e9quipe technique de l&rsquo;<a href=\"https:\/\/en.urjc.es\/\" target=\"_blank\" rel=\"noopener\">URJC<\/a>\u00e0 anticiper les probl\u00e8mes avant qu&rsquo;ils ne surviennent. <\/p>\t\t\t\t\t\t\t\t<\/div>\n\t\t\t\t<\/div>\n\t\t\t\t<\/div>\n\t\t\t\t\t<\/div>\n\t\t\t\t<\/div>\n\t\t<div class=\"elementor-element elementor-element-9fead1c e-grid e-con-boxed e-con e-child\" data-id=\"9fead1c\" data-element_type=\"container\" data-e-type=\"container\">\n\t\t\t\t\t<div class=\"e-con-inner\">\n\t\t<div class=\"elementor-element elementor-element-86f387c e-con-full e-flex e-con e-child\" data-id=\"86f387c\" data-element_type=\"container\" data-e-type=\"container\">\n\t\t\t\t<div class=\"elementor-element elementor-element-b9c1cfa elementor-widget elementor-widget-heading\" data-id=\"b9c1cfa\" data-element_type=\"widget\" data-e-type=\"widget\" data-widget_type=\"heading.default\">\n\t\t\t\t<div class=\"elementor-widget-container\">\n\t\t\t\t\t<h2 class=\"elementor-heading-title elementor-size-default\">Notre r\u00e9solution<\/h2>\t\t\t\t<\/div>\n\t\t\t\t<\/div>\n\t\t\t\t<div class=\"elementor-element elementor-element-432be3a elementor-widget elementor-widget-text-editor\" data-id=\"432be3a\" data-element_type=\"widget\" data-e-type=\"widget\" data-widget_type=\"text-editor.default\">\n\t\t\t\t<div class=\"elementor-widget-container\">\n\t\t\t\t\t\t\t\t\t<p>En mettant en \u0153uvre la solution de contr\u00f4le de <strong>CUE<\/strong>, l <a href=\"https:\/\/en.urjc.es\/\" target=\"_blank\" rel=\"noopener\">&lsquo;URJC<\/a> a atteint ses objectifs :<\/p>\n<ul>\n<li><span style=\"text-align: var(--text-align); color: var( --e-global-color-primary ); font-family: var( --e-global-typography-primary-font-family ), Sans-serif; font-size: var( --e-global-typography-primary-font-size ); font-weight: var( --e-global-typography-primary-font-weight );\"><strong>Contr\u00f4le AV simplifi\u00e9<\/strong> &#8211; interface intuitive pour les \u00e9ducateurs<\/span><\/li>\n<li><strong>R\u00e9duction des co\u00fbts de maintenance<\/strong> &#8211; surveillance centralis\u00e9e et mises \u00e0 jour automatis\u00e9es<\/li>\n<li><strong>\u00c9volutivit\u00e9 et fiabilit\u00e9<\/strong> &#8211; 400 salles de classe \u00e9quip\u00e9es en toute transparence<\/li>\n<li><strong>Aucune d\u00e9faillance du syst\u00e8me<\/strong> &#8211; touchCUE-7 est <strong>fiable \u00e0 100 %<\/strong> depuis son d\u00e9ploiement.<\/li>\n<\/ul>\n<p>Cette <strong>transformation \u00e0 grande \u00e9chelle<\/strong> garantit que les salles de classe de l&rsquo;<a href=\"https:\/\/en.urjc.es\/\" target=\"_blank\" rel=\"noopener\">URJC<\/a>restent \u00e0 l&rsquo;<strong>avant-garde de l&rsquo;\u00e9ducation num\u00e9rique<\/strong>, permettant aux enseignants et aux \u00e9tudiants de b\u00e9n\u00e9ficier des \u00e9l\u00e9ments suivants <em><strong>une technologie de pointe et conviviale<\/strong><\/em>.<\/p>\t\t\t\t\t\t\t\t<\/div>\n\t\t\t\t<\/div>\n\t\t\t\t<\/div>\n\t\t<div class=\"elementor-element elementor-element-61bfa88 e-con-full e-flex e-con e-child\" data-id=\"61bfa88\" data-element_type=\"container\" data-e-type=\"container\">\n\t\t\t\t<div class=\"elementor-element elementor-element-a511e27 elementor-widget elementor-widget-image\" data-id=\"a511e27\" data-element_type=\"widget\" data-e-type=\"widget\" data-widget_type=\"image.default\">\n\t\t\t\t<div class=\"elementor-widget-container\">\n\t\t\t\t\t\t\t\t\t\t\t\t\t\t\t<img loading=\"lazy\" decoding=\"async\" width=\"1024\" height=\"573\" src=\"https:\/\/www.cuesystem.com\/wp-content\/uploads\/2025\/03\/Snimek-obrazovky-2025-03-04-161014-1024x573.png\" class=\"attachment-large size-large wp-image-28921\" alt=\"\" srcset=\"https:\/\/www.cuesystem.com\/wp-content\/uploads\/2025\/03\/Snimek-obrazovky-2025-03-04-161014-1024x573.png 1024w, https:\/\/www.cuesystem.com\/wp-content\/uploads\/2025\/03\/Snimek-obrazovky-2025-03-04-161014-300x168.png 300w, https:\/\/www.cuesystem.com\/wp-content\/uploads\/2025\/03\/Snimek-obrazovky-2025-03-04-161014.png 1496w\" sizes=\"(max-width: 1024px) 100vw, 1024px\" \/>\t\t\t\t\t\t\t\t\t\t\t\t\t\t\t<\/div>\n\t\t\t\t<\/div>\n\t\t\t\t<div class=\"elementor-element elementor-element-43f4030 elementor-widget elementor-widget-image\" data-id=\"43f4030\" data-element_type=\"widget\" data-e-type=\"widget\" data-widget_type=\"image.default\">\n\t\t\t\t<div class=\"elementor-widget-container\">\n\t\t\t\t\t\t\t\t\t\t\t\t\t\t\t<img loading=\"lazy\" decoding=\"async\" width=\"1024\" height=\"607\" src=\"https:\/\/www.cuesystem.com\/wp-content\/uploads\/2025\/03\/Snimek-obrazovky-2025-03-04-160915-1024x607.png\" class=\"attachment-large size-large wp-image-28916\" alt=\"\" srcset=\"https:\/\/www.cuesystem.com\/wp-content\/uploads\/2025\/03\/Snimek-obrazovky-2025-03-04-160915-1024x607.png 1024w, https:\/\/www.cuesystem.com\/wp-content\/uploads\/2025\/03\/Snimek-obrazovky-2025-03-04-160915-300x178.png 300w, https:\/\/www.cuesystem.com\/wp-content\/uploads\/2025\/03\/Snimek-obrazovky-2025-03-04-160915.png 1495w\" sizes=\"(max-width: 1024px) 100vw, 1024px\" \/>\t\t\t\t\t\t\t\t\t\t\t\t\t\t\t<\/div>\n\t\t\t\t<\/div>\n\t\t\t\t<\/div>\n\t\t\t\t\t<\/div>\n\t\t\t\t<\/div>\n\t\t\t\t<\/div>\n\t\t<div class=\"elementor-element elementor-element-787e4eb e-flex e-con-boxed e-con e-parent\" data-id=\"787e4eb\" data-element_type=\"container\" data-e-type=\"container\">\n\t\t\t\t\t<div class=\"e-con-inner\">\n\t\t\t\t<div class=\"elementor-element elementor-element-66bf7b1 elementor-widget elementor-widget-heading\" data-id=\"66bf7b1\" data-element_type=\"widget\" data-e-type=\"widget\" data-widget_type=\"heading.default\">\n\t\t\t\t<div class=\"elementor-widget-container\">\n\t\t\t\t\t<h2 class=\"elementor-heading-title elementor-size-default\">En savoir plus sur ce projet - AVIT VISION<\/h2>\t\t\t\t<\/div>\n\t\t\t\t<\/div>\n\t\t<div class=\"elementor-element elementor-element-0062203 e-grid e-con-full e-con e-child\" data-id=\"0062203\" data-element_type=\"container\" data-e-type=\"container\">\n\t\t<div class=\"elementor-element elementor-element-3d0436b e-con-full e-flex e-con e-child\" data-id=\"3d0436b\" data-element_type=\"container\" data-e-type=\"container\">\n\t\t\t\t<\/div>\n\t\t<div class=\"elementor-element elementor-element-9546875 e-con-full e-flex e-con e-child\" data-id=\"9546875\" data-element_type=\"container\" data-e-type=\"container\">\n\t\t\t\t<div class=\"elementor-element elementor-element-9ddddc6 elementor-align-center elementor-widget elementor-widget-button\" data-id=\"9ddddc6\" data-element_type=\"widget\" data-e-type=\"widget\" data-widget_type=\"button.default\">\n\t\t\t\t<div class=\"elementor-widget-container\">\n\t\t\t\t\t\t\t\t\t<div class=\"elementor-button-wrapper\">\n\t\t\t\t\t<a class=\"elementor-button elementor-button-link elementor-size-sm\" href=\"https:\/\/blog.avitvision.es\/cue-urjc\/\" target=\"_blank\">\n\t\t\t\t\t\t<span class=\"elementor-button-content-wrapper\">\n\t\t\t\t\t\t<span class=\"elementor-button-icon\">\n\t\t\t\t<svg aria-hidden=\"true\" class=\"e-font-icon-svg e-fas-external-link-alt\" viewBox=\"0 0 512 512\" xmlns=\"http:\/\/www.w3.org\/2000\/svg\"><path d=\"M432,320H400a16,16,0,0,0-16,16V448H64V128H208a16,16,0,0,0,16-16V80a16,16,0,0,0-16-16H48A48,48,0,0,0,0,112V464a48,48,0,0,0,48,48H400a48,48,0,0,0,48-48V336A16,16,0,0,0,432,320ZM488,0h-128c-21.37,0-32.05,25.91-17,41l35.73,35.73L135,320.37a24,24,0,0,0,0,34L157.67,377a24,24,0,0,0,34,0L435.28,133.32,471,169c15,15,41,4.5,41-17V24A24,24,0,0,0,488,0Z\"><\/path><\/svg>\t\t\t<\/span>\n\t\t\t\t\t\t\t\t\t<span class=\"elementor-button-text\">En savoir plus<\/span>\n\t\t\t\t\t<\/span>\n\t\t\t\t\t<\/a>\n\t\t\t\t<\/div>\n\t\t\t\t\t\t\t\t<\/div>\n\t\t\t\t<\/div>\n\t\t\t\t<\/div>\n\t\t<div class=\"elementor-element elementor-element-2502065 e-con-full e-flex e-con e-child\" data-id=\"2502065\" data-element_type=\"container\" data-e-type=\"container\">\n\t\t\t\t<\/div>\n\t\t\t\t<\/div>\n\t\t\t\t\t<\/div>\n\t\t\t\t<\/div>\n\t\t\t\t<\/div>\n\t\t","protected":false},"excerpt":{"rendered":"<p>Cas pratiques Universit\u00e9 Rey Juan Carlos Le d\u00e9fi L&lsquo;Universit\u00e9 Rey Juan Carlos (URJC) s&rsquo;est lanc\u00e9e dans un ambitieux projet de modernisation des syst\u00e8mes audiovisuels sur l&rsquo;ensemble de ses campus. Avec 400 salles de classe n\u00e9cessitant un contr\u00f4le transparent de plusieurs technologies audiovisuelles &#8211; projecteurs, moniteurs, DSP, cam\u00e9ras, microphones et logiciels d&rsquo;enregistrement &#8211; le d\u00e9fi \u00e9tait <a href=\"https:\/\/www.cuesystem.com\/fr\/etudes-de-cas\/universite-rey-juan-carlos\/\" class=\"more-link\">&#8230;<span class=\"screen-reader-text\">  Universit\u00e9 Rey Juan Carlos<\/span><\/a><\/p>\n","protected":false},"author":3,"featured_media":0,"parent":30190,"menu_order":229,"comment_status":"closed","ping_status":"closed","template":"","meta":{"_acf_changed":false,"inline_featured_image":false,"footnotes":""},"kategorie":[],"class_list":["post-30148","page","type-page","status-publish","hentry"],"acf":[],"_links":{"self":[{"href":"https:\/\/www.cuesystem.com\/fr\/wp-json\/wp\/v2\/pages\/30148","targetHints":{"allow":["GET"]}}],"collection":[{"href":"https:\/\/www.cuesystem.com\/fr\/wp-json\/wp\/v2\/pages"}],"about":[{"href":"https:\/\/www.cuesystem.com\/fr\/wp-json\/wp\/v2\/types\/page"}],"author":[{"embeddable":true,"href":"https:\/\/www.cuesystem.com\/fr\/wp-json\/wp\/v2\/users\/3"}],"replies":[{"embeddable":true,"href":"https:\/\/www.cuesystem.com\/fr\/wp-json\/wp\/v2\/comments?post=30148"}],"version-history":[{"count":3,"href":"https:\/\/www.cuesystem.com\/fr\/wp-json\/wp\/v2\/pages\/30148\/revisions"}],"predecessor-version":[{"id":30264,"href":"https:\/\/www.cuesystem.com\/fr\/wp-json\/wp\/v2\/pages\/30148\/revisions\/30264"}],"up":[{"embeddable":true,"href":"https:\/\/www.cuesystem.com\/fr\/wp-json\/wp\/v2\/pages\/30190"}],"wp:attachment":[{"href":"https:\/\/www.cuesystem.com\/fr\/wp-json\/wp\/v2\/media?parent=30148"}],"wp:term":[{"taxonomy":"kategorie","embeddable":true,"href":"https:\/\/www.cuesystem.com\/fr\/wp-json\/wp\/v2\/kategorie?post=30148"}],"curies":[{"name":"wp","href":"https:\/\/api.w.org\/{rel}","templated":true}]}}