{"id":30161,"date":"2025-01-29T20:11:20","date_gmt":"2025-01-29T19:11:20","guid":{"rendered":"https:\/\/www.cuesystem.com\/flexigate-pour-avinor-airport\/"},"modified":"2025-05-05T12:47:39","modified_gmt":"2025-05-05T10:47:39","slug":"flexigate-pour-avinor-airport","status":"publish","type":"page","link":"https:\/\/www.cuesystem.com\/fr\/etudes-de-cas\/flexigate-pour-avinor-airport\/","title":{"rendered":"FlexiGate pour Avinor Airport"},"content":{"rendered":"\t\t<div data-elementor-type=\"wp-page\" data-elementor-id=\"30161\" class=\"elementor elementor-30161 elementor-28230\" data-elementor-post-type=\"page\">\n\t\t\t\t<div class=\"elementor-element elementor-element-a8e4b7f e-con-full e-flex e-con e-child\" data-id=\"a8e4b7f\" data-element_type=\"container\" data-e-type=\"container\">\n\t\t\t\t<div class=\"elementor-element elementor-element-ba86354 elementor-widget elementor-widget-heading\" data-id=\"ba86354\" data-element_type=\"widget\" data-e-type=\"widget\" data-widget_type=\"heading.default\">\n\t\t\t\t<div class=\"elementor-widget-container\">\n\t\t\t\t\t<h3 class=\"elementor-heading-title elementor-size-default\">Cas pratiques<\/h3>\t\t\t\t<\/div>\n\t\t\t\t<\/div>\n\t\t\t\t<div class=\"elementor-element elementor-element-ee14c40 elementor-widget elementor-widget-heading\" data-id=\"ee14c40\" data-element_type=\"widget\" data-e-type=\"widget\" data-widget_type=\"heading.default\">\n\t\t\t\t<div class=\"elementor-widget-container\">\n\t\t\t\t\t<h1 class=\"elementor-heading-title elementor-size-default\">FlexiGate pour Avinor Airport<\/h1>\t\t\t\t<\/div>\n\t\t\t\t<\/div>\n\t\t\t\t<div class=\"elementor-element elementor-element-15ab148 elementor-widget-divider--view-line elementor-widget elementor-widget-divider\" data-id=\"15ab148\" data-element_type=\"widget\" data-e-type=\"widget\" data-widget_type=\"divider.default\">\n\t\t\t\t<div class=\"elementor-widget-container\">\n\t\t\t\t\t\t\t<div class=\"elementor-divider\">\n\t\t\t<span class=\"elementor-divider-separator\">\n\t\t\t\t\t\t<\/span>\n\t\t<\/div>\n\t\t\t\t\t\t<\/div>\n\t\t\t\t<\/div>\n\t\t<div class=\"elementor-element elementor-element-cebe6c6 e-grid e-con-boxed e-con e-child\" data-id=\"cebe6c6\" data-element_type=\"container\" data-e-type=\"container\">\n\t\t\t\t\t<div class=\"e-con-inner\">\n\t\t<div class=\"elementor-element elementor-element-d9b7420 e-con-full e-flex e-con e-child\" data-id=\"d9b7420\" data-element_type=\"container\" data-e-type=\"container\">\n\t\t\t\t<div class=\"elementor-element elementor-element-5d3bac9 elementor-widget elementor-widget-heading\" data-id=\"5d3bac9\" data-element_type=\"widget\" data-e-type=\"widget\" data-widget_type=\"heading.default\">\n\t\t\t\t<div class=\"elementor-widget-container\">\n\t\t\t\t\t<h2 class=\"elementor-heading-title elementor-size-default\">Le d\u00e9fi<\/h2>\t\t\t\t<\/div>\n\t\t\t\t<\/div>\n\t\t\t\t<div class=\"elementor-element elementor-element-2416f74 elementor-widget elementor-widget-text-editor\" data-id=\"2416f74\" data-element_type=\"widget\" data-e-type=\"widget\" data-widget_type=\"text-editor.default\">\n\t\t\t\t<div class=\"elementor-widget-container\">\n\t\t\t\t\t\t\t\t\t<p class=\"\" data-v-4d192987=\"\" data-v-4a7aac3a=\"\"><span class=\"text_node\" data-v-816e464e=\"\" data-v-4d192987=\"\">Fournir <\/span><span class=\"text_node rw_adf_text_strong\" data-v-816e464e=\"\" data-v-4d192987=\"\">l&rsquo;automatisation des processus<\/span><span class=\"text_node\" data-v-816e464e=\"\" data-v-4d192987=\"\"> pour l&rsquo;\u00e9quipe <\/span><a class=\"link_node text_node rw_adf_text_strong\" tabindex=\"0\" href=\"https:\/\/avinor.no\/en\/airport\/oslo-airport\/\" target=\"_blank\" rel=\"noopener\" data-v-098e4e53=\"\" data-v-816e464e=\"\" data-v-4d192987=\"\" data-ui-id=\"text-link\" data-ui-content=\"Avinor \"><span class=\"inline_text_span\" data-v-098e4e53=\"\">Avinor <\/span><\/a><span class=\"text_node rw_adf_text_strong\" data-v-816e464e=\"\" data-v-4d192987=\"\">Avinor<\/span><span class=\"text_node\" data-v-816e464e=\"\" data-v-4d192987=\"\"> &amp; a <\/span><span class=\"text_node rw_adf_text_strong\" data-v-816e464e=\"\" data-v-4d192987=\"\">intelligent <\/span><span class=\"text_node\" data-v-816e464e=\"\" data-v-4d192987=\"\">et <\/span><span class=\"text_node rw_adf_text_strong\" data-v-816e464e=\"\" data-v-4d192987=\"\">efficace de tout l&rsquo;espace<\/span><span class=\"text_node\" data-v-816e464e=\"\" data-v-4d192987=\"\"> de l&rsquo;ensemble de l&rsquo;espace qui n\u00e9cessitera <\/span><span class=\"text_node rw_adf_text_strong\" data-v-816e464e=\"\" data-v-4d192987=\"\">un minimum<\/span><span class=\"text_node\" data-v-816e464e=\"\" data-v-4d192987=\"\"> d&rsquo;intervention <\/span><span class=\"text_node rw_adf_text_strong\" data-v-816e464e=\"\" data-v-4d192987=\"\">interventions humaines<\/span><span class=\"text_node\" data-v-816e464e=\"\" data-v-4d192987=\"\">.<\/span><\/p>\t\t\t\t\t\t\t\t<\/div>\n\t\t\t\t<\/div>\n\t\t\t\t<\/div>\n\t\t<div class=\"elementor-element elementor-element-90d239d e-con-full e-flex e-con e-child\" data-id=\"90d239d\" data-element_type=\"container\" data-e-type=\"container\">\n\t\t\t\t<div class=\"elementor-element elementor-element-5936a3d elementor-widget elementor-widget-image\" data-id=\"5936a3d\" data-element_type=\"widget\" data-e-type=\"widget\" data-widget_type=\"image.default\">\n\t\t\t\t<div class=\"elementor-widget-container\">\n\t\t\t\t\t\t\t\t\t\t\t\t\t\t\t<img fetchpriority=\"high\" decoding=\"async\" width=\"1024\" height=\"683\" src=\"https:\/\/www.cuesystem.com\/wp-content\/uploads\/2025\/01\/img_no_oslo_airport_2-1024x683.jpg\" class=\"attachment-large size-large wp-image-28252\" alt=\"\" srcset=\"https:\/\/www.cuesystem.com\/wp-content\/uploads\/2025\/01\/img_no_oslo_airport_2-1024x683.jpg 1024w, https:\/\/www.cuesystem.com\/wp-content\/uploads\/2025\/01\/img_no_oslo_airport_2-300x200.jpg 300w, https:\/\/www.cuesystem.com\/wp-content\/uploads\/2025\/01\/img_no_oslo_airport_2.jpg 1200w\" sizes=\"(max-width: 1024px) 100vw, 1024px\" \/>\t\t\t\t\t\t\t\t\t\t\t\t\t\t\t<\/div>\n\t\t\t\t<\/div>\n\t\t\t\t<\/div>\n\t\t\t\t\t<\/div>\n\t\t\t\t<\/div>\n\t\t<div class=\"elementor-element elementor-element-cc6bf80 e-grid e-con-boxed e-con e-child\" data-id=\"cc6bf80\" data-element_type=\"container\" data-e-type=\"container\">\n\t\t\t\t\t<div class=\"e-con-inner\">\n\t\t<div class=\"elementor-element elementor-element-ea6cccf e-con-full e-flex e-con e-child\" data-id=\"ea6cccf\" data-element_type=\"container\" data-e-type=\"container\">\n\t\t\t\t<div class=\"elementor-element elementor-element-2b69161 elementor-widget elementor-widget-image\" data-id=\"2b69161\" data-element_type=\"widget\" data-e-type=\"widget\" data-widget_type=\"image.default\">\n\t\t\t\t<div class=\"elementor-widget-container\">\n\t\t\t\t\t\t\t\t\t\t\t\t\t\t\t<img decoding=\"async\" width=\"600\" height=\"400\" src=\"https:\/\/www.cuesystem.com\/wp-content\/uploads\/2025\/01\/tb8c9082.jpg\" class=\"attachment-large size-large wp-image-28257\" alt=\"\" srcset=\"https:\/\/www.cuesystem.com\/wp-content\/uploads\/2025\/01\/tb8c9082.jpg 600w, https:\/\/www.cuesystem.com\/wp-content\/uploads\/2025\/01\/tb8c9082-300x200.jpg 300w\" sizes=\"(max-width: 600px) 100vw, 600px\" \/>\t\t\t\t\t\t\t\t\t\t\t\t\t\t\t<\/div>\n\t\t\t\t<\/div>\n\t\t\t\t<\/div>\n\t\t<div class=\"elementor-element elementor-element-33302fe e-con-full e-flex e-con e-child\" data-id=\"33302fe\" data-element_type=\"container\" data-e-type=\"container\">\n\t\t\t\t<div class=\"elementor-element elementor-element-fa67a3c elementor-widget elementor-widget-heading\" data-id=\"fa67a3c\" data-element_type=\"widget\" data-e-type=\"widget\" data-widget_type=\"heading.default\">\n\t\t\t\t<div class=\"elementor-widget-container\">\n\t\t\t\t\t<h2 class=\"elementor-heading-title elementor-size-default\">\u00c0 propos d'Avinor<\/h2>\t\t\t\t<\/div>\n\t\t\t\t<\/div>\n\t\t\t\t<div class=\"elementor-element elementor-element-c9fcf20 elementor-widget elementor-widget-text-editor\" data-id=\"c9fcf20\" data-element_type=\"widget\" data-e-type=\"widget\" data-widget_type=\"text-editor.default\">\n\t\t\t\t<div class=\"elementor-widget-container\">\n\t\t\t\t\t\t\t\t\t<p>Avinor exploite la plupart des a\u00e9roports civils de Norv\u00e8ge. Elle est actuellement responsable de 44 a\u00e9roports appartenant \u00e0 l&rsquo;\u00c9tat. <\/p><p>Notre partenaire norv\u00e9gien Caverion s&rsquo;est charg\u00e9 de la mise en \u0153uvre du projet.<\/p>\t\t\t\t\t\t\t\t<\/div>\n\t\t\t\t<\/div>\n\t\t\t\t<\/div>\n\t\t\t\t\t<\/div>\n\t\t\t\t<\/div>\n\t\t<div class=\"elementor-element elementor-element-07a9946 e-grid e-con-boxed e-con e-child\" data-id=\"07a9946\" data-element_type=\"container\" data-e-type=\"container\">\n\t\t\t\t\t<div class=\"e-con-inner\">\n\t\t<div class=\"elementor-element elementor-element-118ae5b e-con-full e-flex e-con e-child\" data-id=\"118ae5b\" data-element_type=\"container\" data-e-type=\"container\">\n\t\t\t\t<div class=\"elementor-element elementor-element-3bd6ee5 elementor-widget elementor-widget-heading\" data-id=\"3bd6ee5\" data-element_type=\"widget\" data-e-type=\"widget\" data-widget_type=\"heading.default\">\n\t\t\t\t<div class=\"elementor-widget-container\">\n\t\t\t\t\t<h2 class=\"elementor-heading-title elementor-size-default\">Notre r\u00e9solution<\/h2>\t\t\t\t<\/div>\n\t\t\t\t<\/div>\n\t\t\t\t<div class=\"elementor-element elementor-element-0a76824 elementor-widget elementor-widget-text-editor\" data-id=\"0a76824\" data-element_type=\"widget\" data-e-type=\"widget\" data-widget_type=\"text-editor.default\">\n\t\t\t\t<div class=\"elementor-widget-container\">\n\t\t\t\t\t\t\t\t\t<p>Une technologie intelligente qui garantit l&rsquo;efficacit\u00e9, la s\u00e9curit\u00e9 et l&rsquo;utilisation de l&rsquo;espace est essentielle pour relever les d\u00e9fis du monde de l&rsquo;aviation, qui ne cesse de cro\u00eetre et d&rsquo;\u00e9voluer. C&rsquo;est pourquoi la solution automatis\u00e9e Flexigate a \u00e9t\u00e9 cr\u00e9\u00e9e ! <\/p><p>A l&rsquo;aide de nos \u00e9crans tactiles, <a href=\"https:\/\/www.caverion.com\/\" target=\"_blank\" rel=\"noopener\">Caverion<\/a> a mis au point une formule s\u00fbre et tr\u00e8s logique qui facilitera les processus et vous fera gagner un temps pr\u00e9cieux !<\/p><p>Flexigate permet d&rsquo;utiliser les m\u00eames portes d&#8217;embarquement pour les vols nationaux et internationaux. Tout cela avec une utilisation minimale du personnel des portes d&#8217;embarquement et une facilit\u00e9 maximale pour les voyageurs. Flexigate est la solution d&rsquo;avenir pour tous les a\u00e9roports pour lesquels le temps, l&rsquo;argent et l&rsquo;utilisation intelligente de l&rsquo;espace sont cruciaux.  <\/p>\t\t\t\t\t\t\t\t<\/div>\n\t\t\t\t<\/div>\n\t\t\t\t<\/div>\n\t\t<div class=\"elementor-element elementor-element-5c999ed e-con-full e-flex e-con e-child\" data-id=\"5c999ed\" data-element_type=\"container\" data-e-type=\"container\">\n\t\t\t\t<div class=\"elementor-element elementor-element-5ea3cc1 elementor-widget elementor-widget-image\" data-id=\"5ea3cc1\" data-element_type=\"widget\" data-e-type=\"widget\" data-widget_type=\"image.default\">\n\t\t\t\t<div class=\"elementor-widget-container\">\n\t\t\t\t\t\t\t\t\t\t\t\t\t\t\t<img decoding=\"async\" width=\"1024\" height=\"683\" src=\"https:\/\/www.cuesystem.com\/wp-content\/uploads\/2025\/01\/img_no_oslo_airport_23-1024x683.jpg\" class=\"attachment-large size-large wp-image-28262\" alt=\"\" srcset=\"https:\/\/www.cuesystem.com\/wp-content\/uploads\/2025\/01\/img_no_oslo_airport_23-1024x683.jpg 1024w, https:\/\/www.cuesystem.com\/wp-content\/uploads\/2025\/01\/img_no_oslo_airport_23-300x200.jpg 300w, https:\/\/www.cuesystem.com\/wp-content\/uploads\/2025\/01\/img_no_oslo_airport_23.jpg 1200w\" sizes=\"(max-width: 1024px) 100vw, 1024px\" \/>\t\t\t\t\t\t\t\t\t\t\t\t\t\t\t<\/div>\n\t\t\t\t<\/div>\n\t\t\t\t<\/div>\n\t\t\t\t\t<\/div>\n\t\t\t\t<\/div>\n\t\t<div class=\"elementor-element elementor-element-d2d40ba e-grid e-con-boxed e-con e-child\" data-id=\"d2d40ba\" data-element_type=\"container\" data-e-type=\"container\">\n\t\t\t\t\t<div class=\"e-con-inner\">\n\t\t<div class=\"elementor-element elementor-element-eabbccc e-con-full e-flex e-con e-child\" data-id=\"eabbccc\" data-element_type=\"container\" data-e-type=\"container\">\n\t\t\t\t<div class=\"elementor-element elementor-element-edd72fa elementor-widget elementor-widget-video\" data-id=\"edd72fa\" data-element_type=\"widget\" data-e-type=\"widget\" data-settings=\"{&quot;video_type&quot;:&quot;vimeo&quot;}\" data-widget_type=\"video.default\">\n\t\t\t\t<div class=\"elementor-widget-container\">\n\t\t\t\t\t\t\t<div class=\"elementor-wrapper elementor-open-inline\">\n\t\t\t<iframe class=\"elementor-video-iframe\" allowfullscreen allow=\"clipboard-write\" title=\"Lecteur vid\u00e9o youtube\" src=\"https:\/\/www.youtube.com\/embed\/rh980ScAa2c?feature=oembed&amp;color&amp;autopause=0&amp;loop=0&amp;muted=0&amp;title=1&amp;portrait=1&amp;byline=1\"><\/iframe>\t\t<\/div>\n\t\t\t\t\t\t<\/div>\n\t\t\t\t<\/div>\n\t\t\t\t<\/div>\n\t\t<div class=\"elementor-element elementor-element-17d2fb2 e-con-full e-flex e-con e-child\" data-id=\"17d2fb2\" data-element_type=\"container\" data-e-type=\"container\">\n\t\t\t\t<div class=\"elementor-element elementor-element-dc7bfb9 elementor-widget elementor-widget-heading\" data-id=\"dc7bfb9\" data-element_type=\"widget\" data-e-type=\"widget\" data-widget_type=\"heading.default\">\n\t\t\t\t<div class=\"elementor-widget-container\">\n\t\t\t\t\t<h2 class=\"elementor-heading-title elementor-size-default\">En savoir plus sur ce projet<\/h2>\t\t\t\t<\/div>\n\t\t\t\t<\/div>\n\t\t\t\t<\/div>\n\t\t\t\t\t<\/div>\n\t\t\t\t<\/div>\n\t\t\t\t<\/div>\n\t\t\t\t<\/div>\n\t\t","protected":false},"excerpt":{"rendered":"<p>Cas pratiques FlexiGate pour Avinor Airport Le d\u00e9fi Fournir l&rsquo;automatisation des processus pour l&rsquo;\u00e9quipe Avinor Avinor &amp; a intelligent et efficace de tout l&rsquo;espace de l&rsquo;ensemble de l&rsquo;espace qui n\u00e9cessitera un minimum d&rsquo;intervention interventions humaines. \u00c0 propos d&rsquo;Avinor Avinor exploite la plupart des a\u00e9roports civils de Norv\u00e8ge. Elle est actuellement responsable de 44 a\u00e9roports appartenant <a href=\"https:\/\/www.cuesystem.com\/fr\/etudes-de-cas\/flexigate-pour-avinor-airport\/\" class=\"more-link\">&#8230;<span class=\"screen-reader-text\">  FlexiGate pour Avinor Airport<\/span><\/a><\/p>\n","protected":false},"author":3,"featured_media":0,"parent":30190,"menu_order":249,"comment_status":"closed","ping_status":"closed","template":"","meta":{"_acf_changed":false,"inline_featured_image":false,"footnotes":""},"kategorie":[],"class_list":["post-30161","page","type-page","status-publish","hentry"],"acf":[],"_links":{"self":[{"href":"https:\/\/www.cuesystem.com\/fr\/wp-json\/wp\/v2\/pages\/30161","targetHints":{"allow":["GET"]}}],"collection":[{"href":"https:\/\/www.cuesystem.com\/fr\/wp-json\/wp\/v2\/pages"}],"about":[{"href":"https:\/\/www.cuesystem.com\/fr\/wp-json\/wp\/v2\/types\/page"}],"author":[{"embeddable":true,"href":"https:\/\/www.cuesystem.com\/fr\/wp-json\/wp\/v2\/users\/3"}],"replies":[{"embeddable":true,"href":"https:\/\/www.cuesystem.com\/fr\/wp-json\/wp\/v2\/comments?post=30161"}],"version-history":[{"count":3,"href":"https:\/\/www.cuesystem.com\/fr\/wp-json\/wp\/v2\/pages\/30161\/revisions"}],"predecessor-version":[{"id":30267,"href":"https:\/\/www.cuesystem.com\/fr\/wp-json\/wp\/v2\/pages\/30161\/revisions\/30267"}],"up":[{"embeddable":true,"href":"https:\/\/www.cuesystem.com\/fr\/wp-json\/wp\/v2\/pages\/30190"}],"wp:attachment":[{"href":"https:\/\/www.cuesystem.com\/fr\/wp-json\/wp\/v2\/media?parent=30161"}],"wp:term":[{"taxonomy":"kategorie","embeddable":true,"href":"https:\/\/www.cuesystem.com\/fr\/wp-json\/wp\/v2\/kategorie?post=30161"}],"curies":[{"name":"wp","href":"https:\/\/api.w.org\/{rel}","templated":true}]}}