{"id":30162,"date":"2025-01-29T17:11:28","date_gmt":"2025-01-29T16:11:28","guid":{"rendered":"https:\/\/www.cuesystem.com\/andaz-prague\/"},"modified":"2025-05-05T12:47:43","modified_gmt":"2025-05-05T10:47:43","slug":"andaz-prague","status":"publish","type":"page","link":"https:\/\/www.cuesystem.com\/fr\/etudes-de-cas\/andaz-prague\/","title":{"rendered":"Andaz Prague"},"content":{"rendered":"\t\t<div data-elementor-type=\"wp-page\" data-elementor-id=\"30162\" class=\"elementor elementor-30162 elementor-28101\" data-elementor-post-type=\"page\">\n\t\t\t\t<div class=\"elementor-element elementor-element-275e974 e-con-full e-flex e-con e-child\" data-id=\"275e974\" data-element_type=\"container\" data-e-type=\"container\">\n\t\t\t\t<div class=\"elementor-element elementor-element-94521c0 elementor-widget elementor-widget-heading\" data-id=\"94521c0\" data-element_type=\"widget\" data-e-type=\"widget\" data-widget_type=\"heading.default\">\n\t\t\t\t<div class=\"elementor-widget-container\">\n\t\t\t\t\t<h3 class=\"elementor-heading-title elementor-size-default\">Cas pratiques<\/h3>\t\t\t\t<\/div>\n\t\t\t\t<\/div>\n\t\t\t\t<div class=\"elementor-element elementor-element-2ff11f3 elementor-widget elementor-widget-heading\" data-id=\"2ff11f3\" data-element_type=\"widget\" data-e-type=\"widget\" data-widget_type=\"heading.default\">\n\t\t\t\t<div class=\"elementor-widget-container\">\n\t\t\t\t\t<h1 class=\"elementor-heading-title elementor-size-default\">Andaz Prague<\/h1>\t\t\t\t<\/div>\n\t\t\t\t<\/div>\n\t\t\t\t<div class=\"elementor-element elementor-element-4d485de elementor-widget-divider--view-line elementor-widget elementor-widget-divider\" data-id=\"4d485de\" data-element_type=\"widget\" data-e-type=\"widget\" data-widget_type=\"divider.default\">\n\t\t\t\t<div class=\"elementor-widget-container\">\n\t\t\t\t\t\t\t<div class=\"elementor-divider\">\n\t\t\t<span class=\"elementor-divider-separator\">\n\t\t\t\t\t\t<\/span>\n\t\t<\/div>\n\t\t\t\t\t\t<\/div>\n\t\t\t\t<\/div>\n\t\t<div class=\"elementor-element elementor-element-64fdd00 e-grid e-con-boxed e-con e-child\" data-id=\"64fdd00\" data-element_type=\"container\" data-e-type=\"container\">\n\t\t\t\t\t<div class=\"e-con-inner\">\n\t\t<div class=\"elementor-element elementor-element-a0874b1 e-con-full e-flex e-con e-child\" data-id=\"a0874b1\" data-element_type=\"container\" data-e-type=\"container\">\n\t\t\t\t<div class=\"elementor-element elementor-element-5571e32 elementor-widget elementor-widget-heading\" data-id=\"5571e32\" data-element_type=\"widget\" data-e-type=\"widget\" data-widget_type=\"heading.default\">\n\t\t\t\t<div class=\"elementor-widget-container\">\n\t\t\t\t\t<h2 class=\"elementor-heading-title elementor-size-default\">Le d\u00e9fi<\/h2>\t\t\t\t<\/div>\n\t\t\t\t<\/div>\n\t\t\t\t<div class=\"elementor-element elementor-element-6c93513 elementor-widget elementor-widget-text-editor\" data-id=\"6c93513\" data-element_type=\"widget\" data-e-type=\"widget\" data-widget_type=\"text-editor.default\">\n\t\t\t\t<div class=\"elementor-widget-container\">\n\t\t\t\t\t\t\t\t\t<p><span class=\"text_node\" style=\"display: inline; line-height: 1.375rem; color: #111111; font-family: Arial, sans-serif; background-color: #ffffff;\" data-v-816e464e=\"\" data-v-4d192987=\"\">Pour assurer <\/span><span class=\"text_node rw_adf_text_strong\" style=\"display: inline; line-height: 1.375rem; font-weight: bold; color: #111111; font-family: Arial, sans-serif; background-color: #ffffff;\" data-v-816e464e=\"\" data-v-4d192987=\"\">confortable <\/span><span class=\"text_node\" style=\"display: inline; line-height: 1.375rem; color: #111111; font-family: Arial, sans-serif; background-color: #ffffff;\" data-v-816e464e=\"\" data-v-4d192987=\"\">et <\/span><span class=\"text_node rw_adf_text_strong\" style=\"display: inline; line-height: 1.375rem; font-weight: bold; color: #111111; font-family: Arial, sans-serif; background-color: #ffffff;\" data-v-816e464e=\"\" data-v-4d192987=\"\">contr\u00f4le intuitif <\/span><span class=\"text_node\" style=\"display: inline; line-height: 1.375rem; color: #111111; font-family: Arial, sans-serif; background-color: #ffffff;\" data-v-816e464e=\"\" data-v-4d192987=\"\">des <\/span><span class=\"text_node rw_adf_text_strong\" style=\"display: inline; line-height: 1.375rem; font-weight: bold; color: #111111; font-family: Arial, sans-serif; background-color: #ffffff;\" data-v-816e464e=\"\" data-v-4d192987=\"\">espaces de conf\u00e9rence<\/span><span class=\"text_node\" style=\"display: inline; line-height: 1.375rem; color: #111111; font-family: Arial, sans-serif; background-color: #ffffff;\" data-v-816e464e=\"\" data-v-4d192987=\"\"> dans les Andaz Studios 1, 2, et 3 \u00e0 <\/span><a class=\"link_node text_node rw_adf_text_strong\" style=\"color: #394fce; text-decoration-thickness: unset; text-decoration-style: unset; text-decoration-color: unset; font-weight: bold; font-size: 16px; line-height: 1.25rem; padding: 0.0625rem 0px; font-family: Arial, sans-serif; background-color: #ffffff;\" tabindex=\"0\" href=\"https:\/\/www.hyatt.com\/andaz\/prgaz-andaz-prague\" target=\"_blank\" rel=\"noopener\" data-v-098e4e53=\"\" data-v-816e464e=\"\" data-v-4d192987=\"\" data-ui-id=\"text-link\" data-ui-content=\"Andaz Prague\"><span class=\"inline_text_span\" style=\"display: inline; word-break: break-word;\" data-v-098e4e53=\"\">Andaz Prague<\/span><\/a><span class=\"text_node\" style=\"display: inline; line-height: 1.375rem; color: #111111; font-family: Arial, sans-serif; background-color: #ffffff;\" data-v-816e464e=\"\" data-v-4d192987=\"\"> H\u00f4tel.<\/span><\/p>\t\t\t\t\t\t\t\t<\/div>\n\t\t\t\t<\/div>\n\t\t\t\t<\/div>\n\t\t<div class=\"elementor-element elementor-element-e0df23b e-con-full e-flex e-con e-child\" data-id=\"e0df23b\" data-element_type=\"container\" data-e-type=\"container\">\n\t\t\t\t<div class=\"elementor-element elementor-element-79ba39e elementor-widget elementor-widget-image\" data-id=\"79ba39e\" data-element_type=\"widget\" data-e-type=\"widget\" data-widget_type=\"image.default\">\n\t\t\t\t<div class=\"elementor-widget-container\">\n\t\t\t\t\t\t\t\t\t\t\t\t\t\t\t<img fetchpriority=\"high\" decoding=\"async\" width=\"1024\" height=\"683\" src=\"https:\/\/www.cuesystem.com\/wp-content\/uploads\/2025\/01\/hotel-andaz_2-1024x683.jpeg\" class=\"attachment-large size-large wp-image-28114\" alt=\"\" srcset=\"https:\/\/www.cuesystem.com\/wp-content\/uploads\/2025\/01\/hotel-andaz_2-1024x683.jpeg 1024w, https:\/\/www.cuesystem.com\/wp-content\/uploads\/2025\/01\/hotel-andaz_2-300x200.jpeg 300w, https:\/\/www.cuesystem.com\/wp-content\/uploads\/2025\/01\/hotel-andaz_2.jpeg 1200w\" sizes=\"(max-width: 1024px) 100vw, 1024px\" \/>\t\t\t\t\t\t\t\t\t\t\t\t\t\t\t<\/div>\n\t\t\t\t<\/div>\n\t\t\t\t<\/div>\n\t\t\t\t\t<\/div>\n\t\t\t\t<\/div>\n\t\t<div class=\"elementor-element elementor-element-c9fe6ca e-grid e-con-boxed e-con e-child\" data-id=\"c9fe6ca\" data-element_type=\"container\" data-e-type=\"container\">\n\t\t\t\t\t<div class=\"e-con-inner\">\n\t\t<div class=\"elementor-element elementor-element-13e7614 e-con-full e-flex e-con e-child\" data-id=\"13e7614\" data-element_type=\"container\" data-e-type=\"container\">\n\t\t\t\t<div class=\"elementor-element elementor-element-5a91610 elementor-widget elementor-widget-image\" data-id=\"5a91610\" data-element_type=\"widget\" data-e-type=\"widget\" data-widget_type=\"image.default\">\n\t\t\t\t<div class=\"elementor-widget-container\">\n\t\t\t\t\t\t\t\t\t\t\t\t\t\t\t<img decoding=\"async\" width=\"1024\" height=\"683\" src=\"https:\/\/www.cuesystem.com\/wp-content\/uploads\/2025\/01\/hotel-andaz_12-1024x683.jpeg\" class=\"attachment-large size-large wp-image-28119\" alt=\"\" srcset=\"https:\/\/www.cuesystem.com\/wp-content\/uploads\/2025\/01\/hotel-andaz_12-1024x683.jpeg 1024w, https:\/\/www.cuesystem.com\/wp-content\/uploads\/2025\/01\/hotel-andaz_12-300x200.jpeg 300w, https:\/\/www.cuesystem.com\/wp-content\/uploads\/2025\/01\/hotel-andaz_12.jpeg 1200w\" sizes=\"(max-width: 1024px) 100vw, 1024px\" \/>\t\t\t\t\t\t\t\t\t\t\t\t\t\t\t<\/div>\n\t\t\t\t<\/div>\n\t\t\t\t<\/div>\n\t\t<div class=\"elementor-element elementor-element-a9efdfc e-con-full e-flex e-con e-child\" data-id=\"a9efdfc\" data-element_type=\"container\" data-e-type=\"container\">\n\t\t\t\t<div class=\"elementor-element elementor-element-6078132 elementor-widget elementor-widget-heading\" data-id=\"6078132\" data-element_type=\"widget\" data-e-type=\"widget\" data-widget_type=\"heading.default\">\n\t\t\t\t<div class=\"elementor-widget-container\">\n\t\t\t\t\t<h2 class=\"elementor-heading-title elementor-size-default\">\u00c0 propos de l'Andaz Prague<\/h2>\t\t\t\t<\/div>\n\t\t\t\t<\/div>\n\t\t\t\t<div class=\"elementor-element elementor-element-d3f7c83 elementor-widget elementor-widget-text-editor\" data-id=\"d3f7c83\" data-element_type=\"widget\" data-e-type=\"widget\" data-widget_type=\"text-editor.default\">\n\t\t\t\t<div class=\"elementor-widget-container\">\n\t\t\t\t\t\t\t\t\t<p class=\"\" data-v-4d192987=\"\" data-v-4a7aac3a=\"\"><a class=\"link_node text_node rw_adf_text_strong\" tabindex=\"0\" href=\"https:\/\/www.hyatt.com\/andaz\/prgaz-andaz-prague\" target=\"_blank\" rel=\"noopener\" data-v-098e4e53=\"\" data-v-816e464e=\"\" data-v-4d192987=\"\" data-ui-id=\"text-link\" data-ui-content=\"Andaz Prague\"><span class=\"inline_text_span\" data-v-098e4e53=\"\">Andaz Prague<\/span><\/a><span class=\"text_node\" data-v-816e464e=\"\" data-v-4d192987=\"\">  est un prestigieux h\u00f4tel 5 \u00e9toiles nich\u00e9 au c\u0153ur de la vieille ville de Prague. Install\u00e9 dans l&#8217;embl\u00e9matique palais des sucres, cet \u00e9tablissement de luxe allie harmonieusement \u00e9l\u00e9gance moderne et charme historique. Les clients ont acc\u00e8s \u00e0 des sites embl\u00e9matiques et \u00e0 des logements m\u00e9ticuleusement con\u00e7us qui vous promettent un s\u00e9jour inoubliable.  <\/span><\/p><p class=\"\" data-v-4d192987=\"\" data-v-4a7aac3a=\"\"><span class=\"text_node\" data-v-816e464e=\"\" data-v-4d192987=\"\">Notre distributeur <\/span><span class=\"text_node rw_adf_text_strong\" data-v-816e464e=\"\" data-v-4d192987=\"\">distributeur tch\u00e8que <\/span><a class=\"link_node text_node rw_adf_text_strong\" tabindex=\"0\" href=\"https:\/\/www.avmedia.cz\/en\/solutions\" target=\"_blank\" rel=\"noopener\" data-v-098e4e53=\"\" data-v-816e464e=\"\" data-v-4d192987=\"\" data-ui-id=\"text-link\" data-ui-content=\"AV MEDIA\"><span class=\"inline_text_span\" data-v-098e4e53=\"\">AV MEDIA<\/span><\/a><span class=\"text_node rw_adf_text_strong\" data-v-816e464e=\"\" data-v-4d192987=\"\"> <\/span><span class=\"text_node\" data-v-816e464e=\"\" data-v-4d192987=\"\">s&rsquo;est charg\u00e9 de la mise en \u0153uvre du projet.<\/span><\/p>\t\t\t\t\t\t\t\t<\/div>\n\t\t\t\t<\/div>\n\t\t\t\t<\/div>\n\t\t\t\t\t<\/div>\n\t\t\t\t<\/div>\n\t\t<div class=\"elementor-element elementor-element-478777e e-grid e-con-boxed e-con e-child\" data-id=\"478777e\" data-element_type=\"container\" data-e-type=\"container\">\n\t\t\t\t\t<div class=\"e-con-inner\">\n\t\t<div class=\"elementor-element elementor-element-3dff335 e-con-full e-flex e-con e-child\" data-id=\"3dff335\" data-element_type=\"container\" data-e-type=\"container\">\n\t\t\t\t<div class=\"elementor-element elementor-element-55180e5 elementor-widget elementor-widget-heading\" data-id=\"55180e5\" data-element_type=\"widget\" data-e-type=\"widget\" data-widget_type=\"heading.default\">\n\t\t\t\t<div class=\"elementor-widget-container\">\n\t\t\t\t\t<h2 class=\"elementor-heading-title elementor-size-default\">Notre r\u00e9solution<\/h2>\t\t\t\t<\/div>\n\t\t\t\t<\/div>\n\t\t\t\t<div class=\"elementor-element elementor-element-e353631 elementor-widget elementor-widget-text-editor\" data-id=\"e353631\" data-element_type=\"widget\" data-e-type=\"widget\" data-widget_type=\"text-editor.default\">\n\t\t\t\t<div class=\"elementor-widget-container\">\n\t\t\t\t\t\t\t\t\t<p class=\"\" data-v-4d192987=\"\" data-v-4a7aac3a=\"\"><span class=\"text_node\" data-v-816e464e=\"\" data-v-4d192987=\"\">En <\/span><span class=\"text_node rw_adf_text_strong\" data-v-816e464e=\"\" data-v-4d192987=\"\">int\u00e9grant <\/span><span class=\"text_node\" data-v-816e464e=\"\" data-v-4d192987=\"\">les Andaz Studios 1, 2 et 3 au syst\u00e8me de contr\u00f4le CUE <\/span><span class=\"text_node rw_adf_text_strong\" data-v-816e464e=\"\" data-v-4d192987=\"\">nous nous sommes assur\u00e9s que les studios Andaz 1, 2 et 3<\/span><span class=\"text_node\" data-v-816e464e=\"\" data-v-4d192987=\"\">nous avons assur\u00e9 <\/span><span class=\"text_node rw_adf_text_strong\" data-v-816e464e=\"\" data-v-4d192987=\"\">un contr\u00f4le sans faille<\/span><span class=\"text_node\" data-v-816e464e=\"\" data-v-4d192987=\"\"> de l&rsquo;\u00e9quipement <\/span><span class=\"text_node rw_adf_text_strong\" data-v-816e464e=\"\" data-v-4d192987=\"\">l&rsquo;\u00e9quipement audiovisuel<\/span><span class=\"text_node\" data-v-816e464e=\"\" data-v-4d192987=\"\">, <\/span><span class=\"text_node rw_adf_text_strong\" data-v-816e464e=\"\" data-v-4d192987=\"\">l&rsquo;\u00e9clairage<\/span><span class=\"text_node\" data-v-816e464e=\"\" data-v-4d192987=\"\">et les <\/span><span class=\"text_node rw_adf_text_strong\" data-v-816e464e=\"\" data-v-4d192987=\"\">syst\u00e8mes de chauffage, de ventilation et de climatisation<\/span><span class=\"text_node\" data-v-816e464e=\"\" data-v-4d192987=\"\">.<\/span><\/p><p class=\"\" data-v-4d192987=\"\" data-v-4a7aac3a=\"\"><span class=\"text_node\" data-v-816e464e=\"\" data-v-4d192987=\"\">Ces studios, qui s&rsquo;\u00e9tendent jusqu&rsquo;\u00e0 <\/span><span class=\"text_node rw_adf_text_strong\" data-v-816e464e=\"\" data-v-4d192987=\"\">150 m\u00e8tres carr\u00e9s<\/span><span class=\"text_node\" data-v-816e464e=\"\" data-v-4d192987=\"\">sont d\u00e9sormais pr\u00eats \u00e0 accueillir des r\u00e9unions pouvant accueillir jusqu&rsquo;\u00e0 <\/span><span class=\"text_node rw_adf_text_strong\" data-v-816e464e=\"\" data-v-4d192987=\"\">140 personnes<\/span><span class=\"text_node\" data-v-816e464e=\"\" data-v-4d192987=\"\">.<\/span><\/p><p class=\"\" data-v-4d192987=\"\" data-v-4a7aac3a=\"\"><span class=\"text_node\" data-v-816e464e=\"\" data-v-4d192987=\"\">Notre <\/span><span class=\"text_node rw_adf_text_strong\" data-v-816e464e=\"\" data-v-4d192987=\"\">contr\u00f4le <\/span><span class=\"text_node\" data-v-816e464e=\"\" data-v-4d192987=\"\">de contr\u00f4le <\/span><span class=\"text_node rw_adf_text_strong\" data-v-816e464e=\"\" data-v-4d192987=\"\">r\u00e9pond <\/span><span class=\"text_node\" data-v-816e464e=\"\" data-v-4d192987=\"\">\u00e0 <\/span><span class=\"text_node rw_adf_text_strong\" data-v-816e464e=\"\" data-v-4d192987=\"\">diverses<\/span><span class=\"text_node\" data-v-816e464e=\"\" data-v-4d192987=\"\"> r\u00e9union <\/span><span class=\"text_node rw_adf_text_strong\" data-v-816e464e=\"\" data-v-4d192987=\"\">besoins<\/span><span class=\"text_node\" data-v-816e464e=\"\" data-v-4d192987=\"\">de r\u00e9union, en garantissant un <\/span><span class=\"text_node rw_adf_text_strong\" data-v-816e464e=\"\" data-v-4d192987=\"\">sans heurt <\/span><span class=\"text_node\" data-v-816e464e=\"\" data-v-4d192987=\"\">et <\/span><span class=\"text_node rw_adf_text_strong\" data-v-816e464e=\"\" data-v-4d192987=\"\">et efficace pour les clients.<\/span><span class=\"text_node\" data-v-816e464e=\"\" data-v-4d192987=\"\">.<\/span><\/p>\t\t\t\t\t\t\t\t<\/div>\n\t\t\t\t<\/div>\n\t\t\t\t<\/div>\n\t\t<div class=\"elementor-element elementor-element-e4cb12a e-con-full e-flex e-con e-child\" data-id=\"e4cb12a\" data-element_type=\"container\" data-e-type=\"container\">\n\t\t\t\t<div class=\"elementor-element elementor-element-a4dfcf4 elementor-widget elementor-widget-image\" data-id=\"a4dfcf4\" data-element_type=\"widget\" data-e-type=\"widget\" data-widget_type=\"image.default\">\n\t\t\t\t<div class=\"elementor-widget-container\">\n\t\t\t\t\t\t\t\t\t\t\t\t\t\t\t<img decoding=\"async\" width=\"1024\" height=\"683\" src=\"https:\/\/www.cuesystem.com\/wp-content\/uploads\/2025\/01\/hotel-andaz_10-1024x683.jpeg\" class=\"attachment-large size-large wp-image-28124\" alt=\"\" srcset=\"https:\/\/www.cuesystem.com\/wp-content\/uploads\/2025\/01\/hotel-andaz_10-1024x683.jpeg 1024w, https:\/\/www.cuesystem.com\/wp-content\/uploads\/2025\/01\/hotel-andaz_10-300x200.jpeg 300w, https:\/\/www.cuesystem.com\/wp-content\/uploads\/2025\/01\/hotel-andaz_10.jpeg 1200w\" sizes=\"(max-width: 1024px) 100vw, 1024px\" \/>\t\t\t\t\t\t\t\t\t\t\t\t\t\t\t<\/div>\n\t\t\t\t<\/div>\n\t\t\t\t<\/div>\n\t\t\t\t\t<\/div>\n\t\t\t\t<\/div>\n\t\t\t\t<div class=\"elementor-element elementor-element-43dc749 elementor-align-center elementor-widget elementor-widget-button\" data-id=\"43dc749\" data-element_type=\"widget\" data-e-type=\"widget\" data-widget_type=\"button.default\">\n\t\t\t\t<div class=\"elementor-widget-container\">\n\t\t\t\t\t\t\t\t\t<div class=\"elementor-button-wrapper\">\n\t\t\t\t\t<a class=\"elementor-button elementor-button-link elementor-size-sm\" href=\"https:\/\/www.youtube.com\/watch?v=7k_PvRa9tmA\" target=\"_blank\">\n\t\t\t\t\t\t<span class=\"elementor-button-content-wrapper\">\n\t\t\t\t\t\t\t\t\t<span class=\"elementor-button-text\">Voir la vid\u00e9o<\/span>\n\t\t\t\t\t<\/span>\n\t\t\t\t\t<\/a>\n\t\t\t\t<\/div>\n\t\t\t\t\t\t\t\t<\/div>\n\t\t\t\t<\/div>\n\t\t\t\t<\/div>\n\t\t\t\t<\/div>\n\t\t","protected":false},"excerpt":{"rendered":"<p>Cas pratiques Andaz Prague Le d\u00e9fi Pour assurer confortable et contr\u00f4le intuitif des espaces de conf\u00e9rence dans les Andaz Studios 1, 2, et 3 \u00e0 Andaz Prague H\u00f4tel. \u00c0 propos de l&rsquo;Andaz Prague Andaz Prague est un prestigieux h\u00f4tel 5 \u00e9toiles nich\u00e9 au c\u0153ur de la vieille ville de Prague. Install\u00e9 dans l&#8217;embl\u00e9matique palais des <a href=\"https:\/\/www.cuesystem.com\/fr\/etudes-de-cas\/andaz-prague\/\" class=\"more-link\">&#8230;<span class=\"screen-reader-text\">  Andaz Prague<\/span><\/a><\/p>\n","protected":false},"author":3,"featured_media":0,"parent":30190,"menu_order":269,"comment_status":"closed","ping_status":"closed","template":"","meta":{"_acf_changed":false,"inline_featured_image":false,"footnotes":""},"kategorie":[],"class_list":["post-30162","page","type-page","status-publish","hentry"],"acf":[],"_links":{"self":[{"href":"https:\/\/www.cuesystem.com\/fr\/wp-json\/wp\/v2\/pages\/30162","targetHints":{"allow":["GET"]}}],"collection":[{"href":"https:\/\/www.cuesystem.com\/fr\/wp-json\/wp\/v2\/pages"}],"about":[{"href":"https:\/\/www.cuesystem.com\/fr\/wp-json\/wp\/v2\/types\/page"}],"author":[{"embeddable":true,"href":"https:\/\/www.cuesystem.com\/fr\/wp-json\/wp\/v2\/users\/3"}],"replies":[{"embeddable":true,"href":"https:\/\/www.cuesystem.com\/fr\/wp-json\/wp\/v2\/comments?post=30162"}],"version-history":[{"count":3,"href":"https:\/\/www.cuesystem.com\/fr\/wp-json\/wp\/v2\/pages\/30162\/revisions"}],"predecessor-version":[{"id":30272,"href":"https:\/\/www.cuesystem.com\/fr\/wp-json\/wp\/v2\/pages\/30162\/revisions\/30272"}],"up":[{"embeddable":true,"href":"https:\/\/www.cuesystem.com\/fr\/wp-json\/wp\/v2\/pages\/30190"}],"wp:attachment":[{"href":"https:\/\/www.cuesystem.com\/fr\/wp-json\/wp\/v2\/media?parent=30162"}],"wp:term":[{"taxonomy":"kategorie","embeddable":true,"href":"https:\/\/www.cuesystem.com\/fr\/wp-json\/wp\/v2\/kategorie?post=30162"}],"curies":[{"name":"wp","href":"https:\/\/api.w.org\/{rel}","templated":true}]}}