{"id":30172,"date":"2025-01-29T16:54:28","date_gmt":"2025-01-29T15:54:28","guid":{"rendered":"https:\/\/www.cuesystem.com\/steinel-integration-des-capteurs\/"},"modified":"2025-05-05T12:47:38","modified_gmt":"2025-05-05T10:47:38","slug":"steinel-integration-des-capteurs","status":"publish","type":"page","link":"https:\/\/www.cuesystem.com\/fr\/etudes-de-cas\/steinel-integration-des-capteurs\/","title":{"rendered":"STEINEL Int\u00e9gration des capteurs"},"content":{"rendered":"\t\t<div data-elementor-type=\"wp-page\" data-elementor-id=\"30172\" class=\"elementor elementor-30172 elementor-28072\" data-elementor-post-type=\"page\">\n\t\t\t\t<div class=\"elementor-element elementor-element-5d889de e-con-full e-flex e-con e-child\" data-id=\"5d889de\" data-element_type=\"container\" data-e-type=\"container\">\n\t\t\t\t<div class=\"elementor-element elementor-element-f165495 elementor-widget elementor-widget-heading\" data-id=\"f165495\" data-element_type=\"widget\" data-e-type=\"widget\" data-widget_type=\"heading.default\">\n\t\t\t\t<div class=\"elementor-widget-container\">\n\t\t\t\t\t<h3 class=\"elementor-heading-title elementor-size-default\">Cas pratiques<\/h3>\t\t\t\t<\/div>\n\t\t\t\t<\/div>\n\t\t\t\t<div class=\"elementor-element elementor-element-584ce1e elementor-widget elementor-widget-heading\" data-id=\"584ce1e\" data-element_type=\"widget\" data-e-type=\"widget\" data-widget_type=\"heading.default\">\n\t\t\t\t<div class=\"elementor-widget-container\">\n\t\t\t\t\t<h1 class=\"elementor-heading-title elementor-size-default\">STEINEL Int\u00e9gration des capteurs<\/h1>\t\t\t\t<\/div>\n\t\t\t\t<\/div>\n\t\t\t\t<div class=\"elementor-element elementor-element-9284367 elementor-widget-divider--view-line elementor-widget elementor-widget-divider\" data-id=\"9284367\" data-element_type=\"widget\" data-e-type=\"widget\" data-widget_type=\"divider.default\">\n\t\t\t\t<div class=\"elementor-widget-container\">\n\t\t\t\t\t\t\t<div class=\"elementor-divider\">\n\t\t\t<span class=\"elementor-divider-separator\">\n\t\t\t\t\t\t<\/span>\n\t\t<\/div>\n\t\t\t\t\t\t<\/div>\n\t\t\t\t<\/div>\n\t\t<div class=\"elementor-element elementor-element-b40e6af e-grid e-con-boxed e-con e-child\" data-id=\"b40e6af\" data-element_type=\"container\" data-e-type=\"container\">\n\t\t\t\t\t<div class=\"e-con-inner\">\n\t\t<div class=\"elementor-element elementor-element-1272286 e-con-full e-flex e-con e-child\" data-id=\"1272286\" data-element_type=\"container\" data-e-type=\"container\">\n\t\t\t\t<div class=\"elementor-element elementor-element-fe84c0b elementor-widget elementor-widget-heading\" data-id=\"fe84c0b\" data-element_type=\"widget\" data-e-type=\"widget\" data-widget_type=\"heading.default\">\n\t\t\t\t<div class=\"elementor-widget-container\">\n\t\t\t\t\t<h2 class=\"elementor-heading-title elementor-size-default\">Le d\u00e9fi<\/h2>\t\t\t\t<\/div>\n\t\t\t\t<\/div>\n\t\t\t\t<div class=\"elementor-element elementor-element-7e71572 elementor-widget elementor-widget-text-editor\" data-id=\"7e71572\" data-element_type=\"widget\" data-e-type=\"widget\" data-widget_type=\"text-editor.default\">\n\t\t\t\t<div class=\"elementor-widget-container\">\n\t\t\t\t\t\t\t\t\t<p>Fournir une orientation facile dans le b\u00e2timent, une solution de r\u00e9servation intelligente et une interface intuitive compr\u00e9hensible par tous les membres de l&rsquo;\u00e9quipe.<\/p>\t\t\t\t\t\t\t\t<\/div>\n\t\t\t\t<\/div>\n\t\t\t\t<\/div>\n\t\t<div class=\"elementor-element elementor-element-682e59d e-con-full e-flex e-con e-child\" data-id=\"682e59d\" data-element_type=\"container\" data-e-type=\"container\">\n\t\t\t\t<div class=\"elementor-element elementor-element-810cb92 elementor-widget elementor-widget-image\" data-id=\"810cb92\" data-element_type=\"widget\" data-e-type=\"widget\" data-widget_type=\"image.default\">\n\t\t\t\t<div class=\"elementor-widget-container\">\n\t\t\t\t\t\t\t\t\t\t\t\t\t\t\t<img fetchpriority=\"high\" decoding=\"async\" width=\"1024\" height=\"576\" src=\"https:\/\/www.cuesystem.com\/wp-content\/uploads\/2025\/01\/LogoSTEINEL-1024x576.png\" class=\"attachment-large size-large wp-image-28082\" alt=\"\" srcset=\"https:\/\/www.cuesystem.com\/wp-content\/uploads\/2025\/01\/LogoSTEINEL-1024x576.png 1024w, https:\/\/www.cuesystem.com\/wp-content\/uploads\/2025\/01\/LogoSTEINEL-300x169.png 300w, https:\/\/www.cuesystem.com\/wp-content\/uploads\/2025\/01\/LogoSTEINEL.png 1500w\" sizes=\"(max-width: 1024px) 100vw, 1024px\" \/>\t\t\t\t\t\t\t\t\t\t\t\t\t\t\t<\/div>\n\t\t\t\t<\/div>\n\t\t\t\t<\/div>\n\t\t\t\t\t<\/div>\n\t\t\t\t<\/div>\n\t\t<div class=\"elementor-element elementor-element-f83de22 e-grid e-con-boxed e-con e-child\" data-id=\"f83de22\" data-element_type=\"container\" data-e-type=\"container\">\n\t\t\t\t\t<div class=\"e-con-inner\">\n\t\t<div class=\"elementor-element elementor-element-8b7fbbe e-con-full e-flex e-con e-child\" data-id=\"8b7fbbe\" data-element_type=\"container\" data-e-type=\"container\">\n\t\t\t\t<div class=\"elementor-element elementor-element-57716c4 elementor-widget elementor-widget-image\" data-id=\"57716c4\" data-element_type=\"widget\" data-e-type=\"widget\" data-widget_type=\"image.default\">\n\t\t\t\t<div class=\"elementor-widget-container\">\n\t\t\t\t\t\t\t\t\t\t\t\t\t\t\t<img decoding=\"async\" width=\"1024\" height=\"576\" src=\"https:\/\/www.cuesystem.com\/wp-content\/uploads\/2025\/01\/SteinelLiberec_Offices_Screenshot-1024x576.png\" class=\"attachment-large size-large wp-image-28087\" alt=\"\" srcset=\"https:\/\/www.cuesystem.com\/wp-content\/uploads\/2025\/01\/SteinelLiberec_Offices_Screenshot-1024x576.png 1024w, https:\/\/www.cuesystem.com\/wp-content\/uploads\/2025\/01\/SteinelLiberec_Offices_Screenshot-300x169.png 300w, https:\/\/www.cuesystem.com\/wp-content\/uploads\/2025\/01\/SteinelLiberec_Offices_Screenshot.png 1536w\" sizes=\"(max-width: 1024px) 100vw, 1024px\" \/>\t\t\t\t\t\t\t\t\t\t\t\t\t\t\t<\/div>\n\t\t\t\t<\/div>\n\t\t\t\t<\/div>\n\t\t<div class=\"elementor-element elementor-element-2918ebe e-con-full e-flex e-con e-child\" data-id=\"2918ebe\" data-element_type=\"container\" data-e-type=\"container\">\n\t\t\t\t<div class=\"elementor-element elementor-element-38049c8 elementor-widget elementor-widget-heading\" data-id=\"38049c8\" data-element_type=\"widget\" data-e-type=\"widget\" data-widget_type=\"heading.default\">\n\t\t\t\t<div class=\"elementor-widget-container\">\n\t\t\t\t\t<h2 class=\"elementor-heading-title elementor-size-default\">\u00c0 propos de STEINEL<\/h2>\t\t\t\t<\/div>\n\t\t\t\t<\/div>\n\t\t\t\t<div class=\"elementor-element elementor-element-d19c638 elementor-widget elementor-widget-text-editor\" data-id=\"d19c638\" data-element_type=\"widget\" data-e-type=\"widget\" data-widget_type=\"text-editor.default\">\n\t\t\t\t<div class=\"elementor-widget-container\">\n\t\t\t\t\t\t\t\t\t<p class=\"\" data-v-4d192987=\"\" data-v-4a7aac3a=\"\"><a class=\"link_node text_node rw_adf_text_strong\" tabindex=\"0\" href=\"https:\/\/www.steinel.cz\/en\/\" target=\"_blank\" rel=\"noopener\" data-v-098e4e53=\"\" data-v-816e464e=\"\" data-v-4d192987=\"\" data-ui-id=\"text-link\" data-ui-content=\"STEINEL\"><span class=\"inline_text_span\" data-v-098e4e53=\"\">STEINEL<\/span><\/a><span class=\"text_node\" data-v-816e464e=\"\" data-v-4d192987=\"\"> figure parmi les principaux fabricants de capteurs infrarouges, de lampes de d\u00e9tection, de pistolets thermiques, de pistolets \u00e0 colle chaude et de testeurs de tension \u00e9lectroniques.<\/span><\/p><p class=\"\" data-v-4d192987=\"\" data-v-4a7aac3a=\"\"><span class=\"text_node\" data-v-816e464e=\"\" data-v-4d192987=\"\">Le projet a \u00e9t\u00e9 mis en \u0153uvre par <\/span><span class=\"text_node rw_adf_text_strong\" data-v-816e464e=\"\" data-v-4d192987=\"\">directement par nous<\/span><span class=\"text_node\" data-v-816e464e=\"\" data-v-4d192987=\"\">.<\/span><\/p>\t\t\t\t\t\t\t\t<\/div>\n\t\t\t\t<\/div>\n\t\t\t\t<\/div>\n\t\t\t\t\t<\/div>\n\t\t\t\t<\/div>\n\t\t<div class=\"elementor-element elementor-element-af87c28 e-grid e-con-boxed e-con e-child\" data-id=\"af87c28\" data-element_type=\"container\" data-e-type=\"container\">\n\t\t\t\t\t<div class=\"e-con-inner\">\n\t\t<div class=\"elementor-element elementor-element-ae5eb9a e-con-full e-flex e-con e-child\" data-id=\"ae5eb9a\" data-element_type=\"container\" data-e-type=\"container\">\n\t\t\t\t<div class=\"elementor-element elementor-element-64e078c elementor-widget elementor-widget-heading\" data-id=\"64e078c\" data-element_type=\"widget\" data-e-type=\"widget\" data-widget_type=\"heading.default\">\n\t\t\t\t<div class=\"elementor-widget-container\">\n\t\t\t\t\t<h2 class=\"elementor-heading-title elementor-size-default\">Notre r\u00e9solution<\/h2>\t\t\t\t<\/div>\n\t\t\t\t<\/div>\n\t\t\t\t<div class=\"elementor-element elementor-element-9723c4b elementor-widget elementor-widget-text-editor\" data-id=\"9723c4b\" data-element_type=\"widget\" data-e-type=\"widget\" data-widget_type=\"text-editor.default\">\n\t\t\t\t<div class=\"elementor-widget-container\">\n\t\t\t\t\t\t\t\t\t<p class=\"\" data-v-4d192987=\"\" data-v-4a7aac3a=\"\"><span class=\"text_node\" data-v-816e464e=\"\" data-v-4d192987=\"\">Les bureaux STEINEL utilisent d\u00e9sormais <\/span><span class=\"text_node rw_adf_text_strong\" data-v-816e464e=\"\" data-v-4d192987=\"\">utilisent pleinement l&rsquo;\u00e9cosyst\u00e8me touchONE<\/span><span class=\"text_node\" data-v-816e464e=\"\" data-v-4d192987=\"\">  (et pas seulement) pour les r\u00e9servations. Les employ\u00e9s ont beaucoup de choses \u00e0 leur disposition &#8211; par exemple, nos   <\/span><span class=\"text_node rw_adf_text_strong\" data-v-816e464e=\"\" data-v-4d192987=\"\">l&rsquo;application mobile touchONE-assist<\/span><span class=\"text_node\" data-v-816e464e=\"\" data-v-4d192987=\"\">qui vous aide \u00e0 <\/span><span class=\"text_node rw_adf_text_strong\" data-v-816e464e=\"\" data-v-4d192987=\"\">l&rsquo;orientation <\/span><span class=\"text_node\" data-v-816e464e=\"\" data-v-4d192987=\"\">dans le b\u00e2timent, mais aussi pour la <\/span><span class=\"text_node rw_adf_text_strong\" data-v-816e464e=\"\" data-v-4d192987=\"\">r\u00e9servation <\/span> <span class=\"text_node\" data-v-816e464e=\"\" data-v-4d192987=\"\">m\u00eame. Ils peuvent r\u00e9server des salles de r\u00e9union, des places de parking, des lieux de travail, etc. <\/span><\/p><p class=\"\" data-v-4d192987=\"\" data-v-4a7aac3a=\"\"><span class=\"text_node rw_adf_text_strong\" data-v-816e464e=\"\" data-v-4d192987=\"\">Le nombre ult\u00e9rieur de personnes est contr\u00f4l\u00e9 par des capteurs STEINEL <\/span><span class=\"text_node\" data-v-816e464e=\"\" data-v-4d192987=\"\">(HPD2 et HPD3).<\/span><\/p><p class=\"\" data-v-4d192987=\"\" data-v-4a7aac3a=\"\"><span class=\"text_node\" data-v-816e464e=\"\" data-v-4d192987=\"\">Dans les bureaux, un <\/span><span class=\"text_node rw_adf_text_strong\" data-v-816e464e=\"\" data-v-4d192987=\"\">touchONE-kiosque<\/span><span class=\"text_node\" data-v-816e464e=\"\" data-v-4d192987=\"\"> est disponible pour les employ\u00e9s et les visiteurs. <\/span><span class=\"text_node rw_adf_text_strong\" data-v-816e464e=\"\" data-v-4d192987=\"\">statut <\/span> <span class=\"text_node\" data-v-816e464e=\"\" data-v-4d192987=\"\">de toutes les salles (par exemple, le nombre de personnes dans une salle donn\u00e9e) et d&rsquo;autres ressources r\u00e9servables est clairement affich\u00e9e. Le kiosque permet \u00e9galement de   <\/span><span class=\"text_node rw_adf_text_strong\" data-v-816e464e=\"\" data-v-4d192987=\"\">faire <\/span><span class=\"text_node\" data-v-816e464e=\"\" data-v-4d192987=\"\">\u00e0 court terme <\/span><span class=\"text_node rw_adf_text_strong\" data-v-816e464e=\"\" data-v-4d192987=\"\">r\u00e9servations <\/span><span class=\"text_node\" data-v-816e464e=\"\" data-v-4d192987=\"\">et de les prolonger ou d&rsquo;y mettre fin.<\/span><\/p>\t\t\t\t\t\t\t\t<\/div>\n\t\t\t\t<\/div>\n\t\t\t\t<\/div>\n\t\t<div class=\"elementor-element elementor-element-15beb3c e-con-full e-flex e-con e-child\" data-id=\"15beb3c\" data-element_type=\"container\" data-e-type=\"container\">\n\t\t\t\t<div class=\"elementor-element elementor-element-51c379a elementor-widget elementor-widget-image\" data-id=\"51c379a\" data-element_type=\"widget\" data-e-type=\"widget\" data-widget_type=\"image.default\">\n\t\t\t\t<div class=\"elementor-widget-container\">\n\t\t\t\t\t\t\t\t\t\t\t\t\t\t\t<img decoding=\"async\" width=\"1024\" height=\"575\" src=\"https:\/\/www.cuesystem.com\/wp-content\/uploads\/2025\/01\/SteinelLiberec_parking_Screenshot-1024x575.png\" class=\"attachment-large size-large wp-image-28092\" alt=\"\" srcset=\"https:\/\/www.cuesystem.com\/wp-content\/uploads\/2025\/01\/SteinelLiberec_parking_Screenshot-1024x575.png 1024w, https:\/\/www.cuesystem.com\/wp-content\/uploads\/2025\/01\/SteinelLiberec_parking_Screenshot-300x169.png 300w, https:\/\/www.cuesystem.com\/wp-content\/uploads\/2025\/01\/SteinelLiberec_parking_Screenshot.png 1536w\" sizes=\"(max-width: 1024px) 100vw, 1024px\" \/>\t\t\t\t\t\t\t\t\t\t\t\t\t\t\t<\/div>\n\t\t\t\t<\/div>\n\t\t\t\t<\/div>\n\t\t\t\t\t<\/div>\n\t\t\t\t<\/div>\n\t\t\t\t<\/div>\n\t\t\t\t<\/div>\n\t\t","protected":false},"excerpt":{"rendered":"<p>Cas pratiques STEINEL Int\u00e9gration des capteurs Le d\u00e9fi Fournir une orientation facile dans le b\u00e2timent, une solution de r\u00e9servation intelligente et une interface intuitive compr\u00e9hensible par tous les membres de l&rsquo;\u00e9quipe. \u00c0 propos de STEINEL STEINEL figure parmi les principaux fabricants de capteurs infrarouges, de lampes de d\u00e9tection, de pistolets thermiques, de pistolets \u00e0 colle <a href=\"https:\/\/www.cuesystem.com\/fr\/etudes-de-cas\/steinel-integration-des-capteurs\/\" class=\"more-link\">&#8230;<span class=\"screen-reader-text\">  STEINEL Int\u00e9gration des capteurs<\/span><\/a><\/p>\n","protected":false},"author":3,"featured_media":0,"parent":30190,"menu_order":280,"comment_status":"closed","ping_status":"closed","template":"","meta":{"_acf_changed":false,"inline_featured_image":false,"footnotes":""},"kategorie":[],"class_list":["post-30172","page","type-page","status-publish","hentry"],"acf":[],"_links":{"self":[{"href":"https:\/\/www.cuesystem.com\/fr\/wp-json\/wp\/v2\/pages\/30172","targetHints":{"allow":["GET"]}}],"collection":[{"href":"https:\/\/www.cuesystem.com\/fr\/wp-json\/wp\/v2\/pages"}],"about":[{"href":"https:\/\/www.cuesystem.com\/fr\/wp-json\/wp\/v2\/types\/page"}],"author":[{"embeddable":true,"href":"https:\/\/www.cuesystem.com\/fr\/wp-json\/wp\/v2\/users\/3"}],"replies":[{"embeddable":true,"href":"https:\/\/www.cuesystem.com\/fr\/wp-json\/wp\/v2\/comments?post=30172"}],"version-history":[{"count":3,"href":"https:\/\/www.cuesystem.com\/fr\/wp-json\/wp\/v2\/pages\/30172\/revisions"}],"predecessor-version":[{"id":30259,"href":"https:\/\/www.cuesystem.com\/fr\/wp-json\/wp\/v2\/pages\/30172\/revisions\/30259"}],"up":[{"embeddable":true,"href":"https:\/\/www.cuesystem.com\/fr\/wp-json\/wp\/v2\/pages\/30190"}],"wp:attachment":[{"href":"https:\/\/www.cuesystem.com\/fr\/wp-json\/wp\/v2\/media?parent=30172"}],"wp:term":[{"taxonomy":"kategorie","embeddable":true,"href":"https:\/\/www.cuesystem.com\/fr\/wp-json\/wp\/v2\/kategorie?post=30172"}],"curies":[{"name":"wp","href":"https:\/\/api.w.org\/{rel}","templated":true}]}}