{"id":30199,"date":"2025-01-29T15:40:23","date_gmt":"2025-01-29T14:40:23","guid":{"rendered":"https:\/\/www.cuesystem.com\/etudes-de-cas\/nh-collection-olomouc-congres\/"},"modified":"2026-04-01T14:39:54","modified_gmt":"2026-04-01T12:39:54","slug":"nh-collection-olomouc-congres","status":"publish","type":"page","link":"https:\/\/www.cuesystem.com\/fr\/etudes-de-cas\/nh-collection-olomouc-congres\/","title":{"rendered":"NH Collection Olomouc Congr\u00e8s"},"content":{"rendered":"\t\t<div data-elementor-type=\"wp-page\" data-elementor-id=\"30199\" class=\"elementor elementor-30199 elementor-28055\" data-elementor-post-type=\"page\">\n\t\t\t\t<div class=\"elementor-element elementor-element-6da3372 e-con-full e-flex e-con e-child\" data-id=\"6da3372\" data-element_type=\"container\" data-e-type=\"container\">\n\t\t\t\t<div class=\"elementor-element elementor-element-398e977 elementor-widget elementor-widget-heading\" data-id=\"398e977\" data-element_type=\"widget\" data-e-type=\"widget\" data-widget_type=\"heading.default\">\n\t\t\t\t<div class=\"elementor-widget-container\">\n\t\t\t\t\t<h3 class=\"elementor-heading-title elementor-size-default\">\u00c9tude de cas<\/h3>\t\t\t\t<\/div>\n\t\t\t\t<\/div>\n\t\t\t\t<div class=\"elementor-element elementor-element-0a0736b elementor-widget elementor-widget-heading\" data-id=\"0a0736b\" data-element_type=\"widget\" data-e-type=\"widget\" data-widget_type=\"heading.default\">\n\t\t\t\t<div class=\"elementor-widget-container\">\n\t\t\t\t\t<h1 class=\"elementor-heading-title elementor-size-default\">NH Collection Olomouc Congr\u00e8s<\/h1>\t\t\t\t<\/div>\n\t\t\t\t<\/div>\n\t\t\t\t<div class=\"elementor-element elementor-element-e676d9a elementor-widget-divider--view-line elementor-widget elementor-widget-divider\" data-id=\"e676d9a\" data-element_type=\"widget\" data-e-type=\"widget\" data-widget_type=\"divider.default\">\n\t\t\t\t<div class=\"elementor-widget-container\">\n\t\t\t\t\t\t\t<div class=\"elementor-divider\">\n\t\t\t<span class=\"elementor-divider-separator\">\n\t\t\t\t\t\t<\/span>\n\t\t<\/div>\n\t\t\t\t\t\t<\/div>\n\t\t\t\t<\/div>\n\t\t<div class=\"elementor-element elementor-element-4613487 e-grid e-con-boxed e-con e-child\" data-id=\"4613487\" data-element_type=\"container\" data-e-type=\"container\">\n\t\t\t\t\t<div class=\"e-con-inner\">\n\t\t<div class=\"elementor-element elementor-element-9d817cc e-con-full e-flex e-con e-child\" data-id=\"9d817cc\" data-element_type=\"container\" data-e-type=\"container\">\n\t\t\t\t<div class=\"elementor-element elementor-element-ea53366 elementor-widget elementor-widget-heading\" data-id=\"ea53366\" data-element_type=\"widget\" data-e-type=\"widget\" data-widget_type=\"heading.default\">\n\t\t\t\t<div class=\"elementor-widget-container\">\n\t\t\t\t\t<h2 class=\"elementor-heading-title elementor-size-default\">Le d\u00e9fi<\/h2>\t\t\t\t<\/div>\n\t\t\t\t<\/div>\n\t\t\t\t<div class=\"elementor-element elementor-element-c3a6d16 elementor-widget elementor-widget-text-editor\" data-id=\"c3a6d16\" data-element_type=\"widget\" data-e-type=\"widget\" data-widget_type=\"text-editor.default\">\n\t\t\t\t<div class=\"elementor-widget-container\">\n\t\t\t\t\t\t\t\t\t<p><span class=\"text_node\" data-v-816e464e=\"\" data-v-4d192987=\"\">Fournir une <\/span><span class=\"text_node rw_adf_text_strong\" data-v-816e464e=\"\" data-v-4d192987=\"\">uni<\/span><span class=\"text_node\" data-v-816e464e=\"\" data-v-4d192987=\"\">, <\/span><span class=\"text_node rw_adf_text_strong\" data-v-816e464e=\"\" data-v-4d192987=\"\">intuitive, <\/span><span class=\"text_node\" data-v-816e464e=\"\" data-v-4d192987=\"\">et <\/span><span class=\"text_node rw_adf_text_strong\" data-v-816e464e=\"\" data-v-4d192987=\"\">facile \u00e0 utiliser <\/span><span class=\"text_node\" data-v-816e464e=\"\" data-v-4d192987=\"\">pour un b\u00e2timent dont les locaux sont utilis\u00e9s \u00e0 la fois pour l&rsquo;h\u00e9bergement et les conf\u00e9rences ou autres grands \u00e9v\u00e9nements.<\/span><\/p>\t\t\t\t\t\t\t\t<\/div>\n\t\t\t\t<\/div>\n\t\t\t\t<\/div>\n\t\t<div class=\"elementor-element elementor-element-f0aebfb e-con-full e-flex e-con e-child\" data-id=\"f0aebfb\" data-element_type=\"container\" data-e-type=\"container\">\n\t\t\t\t<div class=\"elementor-element elementor-element-c5fc570 elementor-widget elementor-widget-image\" data-id=\"c5fc570\" data-element_type=\"widget\" data-e-type=\"widget\" data-widget_type=\"image.default\">\n\t\t\t\t<div class=\"elementor-widget-container\">\n\t\t\t\t\t\t\t\t\t\t\t\t\t\t\t<img fetchpriority=\"high\" decoding=\"async\" width=\"1024\" height=\"683\" src=\"https:\/\/www.cuesystem.com\/wp-content\/uploads\/2025\/01\/1654003591632-1024x683.jpg\" class=\"attachment-large size-large wp-image-28059\" alt=\"\" srcset=\"https:\/\/www.cuesystem.com\/wp-content\/uploads\/2025\/01\/1654003591632-1024x683.jpg 1024w, https:\/\/www.cuesystem.com\/wp-content\/uploads\/2025\/01\/1654003591632-300x200.jpg 300w, https:\/\/www.cuesystem.com\/wp-content\/uploads\/2025\/01\/1654003591632.jpg 1200w\" sizes=\"(max-width: 1024px) 100vw, 1024px\" \/>\t\t\t\t\t\t\t\t\t\t\t\t\t\t\t<\/div>\n\t\t\t\t<\/div>\n\t\t\t\t<\/div>\n\t\t\t\t\t<\/div>\n\t\t\t\t<\/div>\n\t\t<div class=\"elementor-element elementor-element-8c26455 e-grid e-con-boxed e-con e-child\" data-id=\"8c26455\" data-element_type=\"container\" data-e-type=\"container\">\n\t\t\t\t\t<div class=\"e-con-inner\">\n\t\t<div class=\"elementor-element elementor-element-6a97a80 e-con-full e-flex e-con e-child\" data-id=\"6a97a80\" data-element_type=\"container\" data-e-type=\"container\">\n\t\t\t\t<div class=\"elementor-element elementor-element-a71f742 elementor-widget elementor-widget-image\" data-id=\"a71f742\" data-element_type=\"widget\" data-e-type=\"widget\" data-widget_type=\"image.default\">\n\t\t\t\t<div class=\"elementor-widget-container\">\n\t\t\t\t\t\t\t\t\t\t\t\t\t\t\t<img fetchpriority=\"high\" decoding=\"async\" width=\"1024\" height=\"683\" src=\"https:\/\/www.cuesystem.com\/wp-content\/uploads\/2025\/01\/1654003591632-1024x683.jpg\" class=\"attachment-large size-large wp-image-28059\" alt=\"\" srcset=\"https:\/\/www.cuesystem.com\/wp-content\/uploads\/2025\/01\/1654003591632-1024x683.jpg 1024w, https:\/\/www.cuesystem.com\/wp-content\/uploads\/2025\/01\/1654003591632-300x200.jpg 300w, https:\/\/www.cuesystem.com\/wp-content\/uploads\/2025\/01\/1654003591632.jpg 1200w\" sizes=\"(max-width: 1024px) 100vw, 1024px\" \/>\t\t\t\t\t\t\t\t\t\t\t\t\t\t\t<\/div>\n\t\t\t\t<\/div>\n\t\t\t\t<\/div>\n\t\t<div class=\"elementor-element elementor-element-6abbe94 e-con-full e-flex e-con e-child\" data-id=\"6abbe94\" data-element_type=\"container\" data-e-type=\"container\">\n\t\t\t\t<div class=\"elementor-element elementor-element-e92f6ef elementor-widget elementor-widget-heading\" data-id=\"e92f6ef\" data-element_type=\"widget\" data-e-type=\"widget\" data-widget_type=\"heading.default\">\n\t\t\t\t<div class=\"elementor-widget-container\">\n\t\t\t\t\t<h2 class=\"elementor-heading-title elementor-size-default\">\u00c0 propos de la Collection NH<\/h2>\t\t\t\t<\/div>\n\t\t\t\t<\/div>\n\t\t\t\t<div class=\"elementor-element elementor-element-733b903 elementor-widget elementor-widget-text-editor\" data-id=\"733b903\" data-element_type=\"widget\" data-e-type=\"widget\" data-widget_type=\"text-editor.default\">\n\t\t\t\t<div class=\"elementor-widget-container\">\n\t\t\t\t\t\t\t\t\t<p class=\"\" data-v-4d192987=\"\" data-v-4a7aac3a=\"\"><a class=\"link_node text_node rw_adf_text_strong\" tabindex=\"0\" href=\"http:\/\/www.nh-olomouc.eu\/\" target=\"_blank\" rel=\"noopener\" data-v-098e4e53=\"\" data-v-816e464e=\"\" data-v-4d192987=\"\" data-ui-id=\"text-link\" data-ui-content=\"NH Collection Olomouc Congress\"><span class=\"inline_text_span\" data-v-098e4e53=\"\">NH Collection Olomouc Congress<\/span><\/a><span class=\"text_node\" data-v-816e464e=\"\" data-v-4d192987=\"\"> est \u00e0 la fois un <\/span><span class=\"text_node rw_adf_text_strong\" data-v-816e464e=\"\" data-v-4d192987=\"\">moderne <\/span><span class=\"text_node\" data-v-816e464e=\"\" data-v-4d192987=\"\">et un centre de congr\u00e8s <\/span><span class=\"text_node rw_adf_text_strong\" data-v-816e464e=\"\" data-v-4d192987=\"\">centre de congr\u00e8s<\/span><span class=\"text_node\" data-v-816e464e=\"\" data-v-4d192987=\"\">. Il est situ\u00e9 au c\u0153ur de  <\/span><span class=\"text_node rw_adf_text_strong\" data-v-816e464e=\"\" data-v-4d192987=\"\">Olomouc<\/span><span class=\"text_node\" data-v-816e464e=\"\" data-v-4d192987=\"\">, R\u00e9publique tch\u00e8que. C&rsquo;est le   <\/span><span class=\"text_node rw_adf_text_strong\" data-v-816e464e=\"\" data-v-4d192987=\"\">le plus grand h\u00f4tel de congr\u00e8s<\/span><span class=\"text_node\" data-v-816e464e=\"\" data-v-4d192987=\"\"> en Moravie.<\/span><\/p><p class=\"\" data-v-4d192987=\"\" data-v-4a7aac3a=\"\"><span class=\"text_node\" data-v-816e464e=\"\" data-v-4d192987=\"\">Notre partenaire <\/span><span class=\"text_node rw_adf_text_strong\" data-v-816e464e=\"\" data-v-4d192987=\"\">partenaire tch\u00e8que <\/span><a class=\"link_node text_node rw_adf_text_strong\" tabindex=\"0\" href=\"https:\/\/www.avmedia.cz\/en\/\" target=\"_blank\" rel=\"noopener\" data-v-098e4e53=\"\" data-v-816e464e=\"\" data-v-4d192987=\"\" data-ui-id=\"text-link\" data-ui-content=\"AV MEDIA\"><span class=\"inline_text_span\" data-v-098e4e53=\"\">AV MEDIA<\/span><\/a><span class=\"text_node rw_adf_text_strong\" data-v-816e464e=\"\" data-v-4d192987=\"\"> <\/span><span class=\"text_node\" data-v-816e464e=\"\" data-v-4d192987=\"\">s&rsquo;est charg\u00e9 de la mise en \u0153uvre du projet.<\/span><\/p>\t\t\t\t\t\t\t\t<\/div>\n\t\t\t\t<\/div>\n\t\t\t\t<\/div>\n\t\t\t\t\t<\/div>\n\t\t\t\t<\/div>\n\t\t<div class=\"elementor-element elementor-element-b5ecabd e-grid e-con-boxed e-con e-child\" data-id=\"b5ecabd\" data-element_type=\"container\" data-e-type=\"container\">\n\t\t\t\t\t<div class=\"e-con-inner\">\n\t\t<div class=\"elementor-element elementor-element-1f3f7f0 e-con-full e-flex e-con e-child\" data-id=\"1f3f7f0\" data-element_type=\"container\" data-e-type=\"container\">\n\t\t\t\t<div class=\"elementor-element elementor-element-78f94fa elementor-widget elementor-widget-heading\" data-id=\"78f94fa\" data-element_type=\"widget\" data-e-type=\"widget\" data-widget_type=\"heading.default\">\n\t\t\t\t<div class=\"elementor-widget-container\">\n\t\t\t\t\t<h2 class=\"elementor-heading-title elementor-size-default\">Notre r\u00e9solution<\/h2>\t\t\t\t<\/div>\n\t\t\t\t<\/div>\n\t\t\t\t<div class=\"elementor-element elementor-element-7f83e03 elementor-widget elementor-widget-text-editor\" data-id=\"7f83e03\" data-element_type=\"widget\" data-e-type=\"widget\" data-widget_type=\"text-editor.default\">\n\t\t\t\t<div class=\"elementor-widget-container\">\n\t\t\t\t\t\t\t\t\t<p>Nous avons pris en charge la gestion d&rsquo;un total de 12 salles de conf\u00e9rence, allant de petits salons \u00e0 une grande salle pouvant accueillir jusqu&rsquo;\u00e0 1 000 personnes.<\/p><p>L&rsquo;\u00e9l\u00e9gance et le design moderne de nos panneaux soulignent le caract\u00e8re unique de cet h\u00f4tel, non seulement dans cette r\u00e9gion, mais aussi dans toute la R\u00e9publique tch\u00e8que.<\/p>\t\t\t\t\t\t\t\t<\/div>\n\t\t\t\t<\/div>\n\t\t\t\t<\/div>\n\t\t<div class=\"elementor-element elementor-element-6905f0d e-con-full e-flex e-con e-child\" data-id=\"6905f0d\" data-element_type=\"container\" data-e-type=\"container\">\n\t\t\t\t<div class=\"elementor-element elementor-element-a1d8776 elementor-widget elementor-widget-image\" data-id=\"a1d8776\" data-element_type=\"widget\" data-e-type=\"widget\" data-widget_type=\"image.default\">\n\t\t\t\t<div class=\"elementor-widget-container\">\n\t\t\t\t\t\t\t\t\t\t\t\t\t\t\t<img fetchpriority=\"high\" decoding=\"async\" width=\"1024\" height=\"683\" src=\"https:\/\/www.cuesystem.com\/wp-content\/uploads\/2025\/01\/1654003591632-1024x683.jpg\" class=\"attachment-large size-large wp-image-28059\" alt=\"\" srcset=\"https:\/\/www.cuesystem.com\/wp-content\/uploads\/2025\/01\/1654003591632-1024x683.jpg 1024w, https:\/\/www.cuesystem.com\/wp-content\/uploads\/2025\/01\/1654003591632-300x200.jpg 300w, https:\/\/www.cuesystem.com\/wp-content\/uploads\/2025\/01\/1654003591632.jpg 1200w\" sizes=\"(max-width: 1024px) 100vw, 1024px\" \/>\t\t\t\t\t\t\t\t\t\t\t\t\t\t\t<\/div>\n\t\t\t\t<\/div>\n\t\t\t\t<\/div>\n\t\t\t\t\t<\/div>\n\t\t\t\t<\/div>\n\t\t\t\t<div class=\"elementor-element elementor-element-fdfb84d elementor-align-center elementor-widget elementor-widget-button\" data-id=\"fdfb84d\" data-element_type=\"widget\" data-e-type=\"widget\" data-widget_type=\"button.default\">\n\t\t\t\t<div class=\"elementor-widget-container\">\n\t\t\t\t\t\t\t\t\t<div class=\"elementor-button-wrapper\">\n\t\t\t\t\t<a class=\"elementor-button elementor-button-link elementor-size-sm\" href=\"https:\/\/www.youtube.com\/watch?v=x3HWDkAQtgQ\" target=\"_blank\">\n\t\t\t\t\t\t<span class=\"elementor-button-content-wrapper\">\n\t\t\t\t\t\t\t\t\t<span class=\"elementor-button-text\">Voir la vid\u00e9o<\/span>\n\t\t\t\t\t<\/span>\n\t\t\t\t\t<\/a>\n\t\t\t\t<\/div>\n\t\t\t\t\t\t\t\t<\/div>\n\t\t\t\t<\/div>\n\t\t\t\t<\/div>\n\t\t\t\t<\/div>\n\t\t","protected":false},"excerpt":{"rendered":"<p>\u00c9tude de cas NH Collection Olomouc Congr\u00e8s Le d\u00e9fi Fournir une uni, intuitive, et facile \u00e0 utiliser pour un b\u00e2timent dont les locaux sont utilis\u00e9s \u00e0 la fois pour l&rsquo;h\u00e9bergement et les conf\u00e9rences ou autres grands \u00e9v\u00e9nements. \u00c0 propos de la Collection NH NH Collection Olomouc Congress est \u00e0 la fois un moderne et un <a href=\"https:\/\/www.cuesystem.com\/fr\/etudes-de-cas\/nh-collection-olomouc-congres\/\" class=\"more-link\">&#8230;<span class=\"screen-reader-text\">  NH Collection Olomouc Congr\u00e8s<\/span><\/a><\/p>\n","protected":false},"author":3,"featured_media":0,"parent":30190,"menu_order":286,"comment_status":"closed","ping_status":"closed","template":"","meta":{"_acf_changed":false,"inline_featured_image":false,"footnotes":""},"kategorie":[],"class_list":["post-30199","page","type-page","status-publish","hentry"],"acf":[],"_links":{"self":[{"href":"https:\/\/www.cuesystem.com\/fr\/wp-json\/wp\/v2\/pages\/30199","targetHints":{"allow":["GET"]}}],"collection":[{"href":"https:\/\/www.cuesystem.com\/fr\/wp-json\/wp\/v2\/pages"}],"about":[{"href":"https:\/\/www.cuesystem.com\/fr\/wp-json\/wp\/v2\/types\/page"}],"author":[{"embeddable":true,"href":"https:\/\/www.cuesystem.com\/fr\/wp-json\/wp\/v2\/users\/3"}],"replies":[{"embeddable":true,"href":"https:\/\/www.cuesystem.com\/fr\/wp-json\/wp\/v2\/comments?post=30199"}],"version-history":[{"count":4,"href":"https:\/\/www.cuesystem.com\/fr\/wp-json\/wp\/v2\/pages\/30199\/revisions"}],"predecessor-version":[{"id":37256,"href":"https:\/\/www.cuesystem.com\/fr\/wp-json\/wp\/v2\/pages\/30199\/revisions\/37256"}],"up":[{"embeddable":true,"href":"https:\/\/www.cuesystem.com\/fr\/wp-json\/wp\/v2\/pages\/30190"}],"wp:attachment":[{"href":"https:\/\/www.cuesystem.com\/fr\/wp-json\/wp\/v2\/media?parent=30199"}],"wp:term":[{"taxonomy":"kategorie","embeddable":true,"href":"https:\/\/www.cuesystem.com\/fr\/wp-json\/wp\/v2\/kategorie?post=30199"}],"curies":[{"name":"wp","href":"https:\/\/api.w.org\/{rel}","templated":true}]}}