{"id":30201,"date":"2025-01-29T17:26:04","date_gmt":"2025-01-29T16:26:04","guid":{"rendered":"https:\/\/www.cuesystem.com\/etudes-de-cas\/centre-de-conference-aok\/"},"modified":"2025-05-06T11:51:35","modified_gmt":"2025-05-06T09:51:35","slug":"centre-de-conference-aok","status":"publish","type":"page","link":"https:\/\/www.cuesystem.com\/fr\/etudes-de-cas\/centre-de-conference-aok\/","title":{"rendered":"Centre de conf\u00e9rence AOK"},"content":{"rendered":"\t\t<div data-elementor-type=\"wp-page\" data-elementor-id=\"30201\" class=\"elementor elementor-30201 elementor-28130\" data-elementor-post-type=\"page\">\n\t\t\t\t<div class=\"elementor-element elementor-element-4c43825 e-con-full e-flex e-con e-child\" data-id=\"4c43825\" data-element_type=\"container\" data-e-type=\"container\">\n\t\t\t\t<div class=\"elementor-element elementor-element-fb5b232 elementor-widget elementor-widget-heading\" data-id=\"fb5b232\" data-element_type=\"widget\" data-e-type=\"widget\" data-widget_type=\"heading.default\">\n\t\t\t\t<div class=\"elementor-widget-container\">\n\t\t\t\t\t<h3 class=\"elementor-heading-title elementor-size-default\">Cas pratiques<\/h3>\t\t\t\t<\/div>\n\t\t\t\t<\/div>\n\t\t\t\t<div class=\"elementor-element elementor-element-eab76cb elementor-widget elementor-widget-heading\" data-id=\"eab76cb\" data-element_type=\"widget\" data-e-type=\"widget\" data-widget_type=\"heading.default\">\n\t\t\t\t<div class=\"elementor-widget-container\">\n\t\t\t\t\t<h1 class=\"elementor-heading-title elementor-size-default\">Centre de conf\u00e9rence AOK<\/h1>\t\t\t\t<\/div>\n\t\t\t\t<\/div>\n\t\t\t\t<div class=\"elementor-element elementor-element-0c910c3 elementor-widget-divider--view-line elementor-widget elementor-widget-divider\" data-id=\"0c910c3\" data-element_type=\"widget\" data-e-type=\"widget\" data-widget_type=\"divider.default\">\n\t\t\t\t<div class=\"elementor-widget-container\">\n\t\t\t\t\t\t\t<div class=\"elementor-divider\">\n\t\t\t<span class=\"elementor-divider-separator\">\n\t\t\t\t\t\t<\/span>\n\t\t<\/div>\n\t\t\t\t\t\t<\/div>\n\t\t\t\t<\/div>\n\t\t<div class=\"elementor-element elementor-element-52ce8b6 e-grid e-con-boxed e-con e-child\" data-id=\"52ce8b6\" data-element_type=\"container\" data-e-type=\"container\">\n\t\t\t\t\t<div class=\"e-con-inner\">\n\t\t<div class=\"elementor-element elementor-element-1cfb708 e-con-full e-flex e-con e-child\" data-id=\"1cfb708\" data-element_type=\"container\" data-e-type=\"container\">\n\t\t\t\t<div class=\"elementor-element elementor-element-1d6f8ea elementor-widget elementor-widget-heading\" data-id=\"1d6f8ea\" data-element_type=\"widget\" data-e-type=\"widget\" data-widget_type=\"heading.default\">\n\t\t\t\t<div class=\"elementor-widget-container\">\n\t\t\t\t\t<h2 class=\"elementor-heading-title elementor-size-default\">Le d\u00e9fi<\/h2>\t\t\t\t<\/div>\n\t\t\t\t<\/div>\n\t\t\t\t<div class=\"elementor-element elementor-element-1adffe3 elementor-widget elementor-widget-text-editor\" data-id=\"1adffe3\" data-element_type=\"widget\" data-e-type=\"widget\" data-widget_type=\"text-editor.default\">\n\t\t\t\t<div class=\"elementor-widget-container\">\n\t\t\t\t\t\t\t\t\t<p><span class=\"text_node\" data-v-816e464e=\"\" data-v-4d192987=\"\">Pour \u00e9quiper  <\/span><span class=\"text_node rw_adf_text_strong\" data-v-816e464e=\"\" data-v-4d192987=\"\">56 chambres<\/span><span class=\"text_node\" data-v-816e464e=\"\" data-v-4d192987=\"\">  dans le  <\/span><a class=\"link_node text_node rw_adf_text_strong\" tabindex=\"0\" href=\"https:\/\/www.aok.de\/fm\/en-uk?s_kwcid=AL!10517!3!445355617851!e!!g!!aok%20germany&amp;cid=aok;1;4;Zuwandererportal;1;42\" target=\"_blank\" rel=\"noopener\" data-v-098e4e53=\"\" data-v-816e464e=\"\" data-v-4d192987=\"\" data-ui-id=\"text-link\" data-ui-content=\"AOK  \"><span class=\"inline_text_span\" data-v-098e4e53=\"\">AOK  <\/span><\/a><span class=\"text_node rw_adf_text_strong\" data-v-816e464e=\"\" data-v-4d192987=\"\">centre de conf\u00e9rence  <\/span><span class=\"text_node\" data-v-816e464e=\"\" data-v-4d192987=\"\">\u00e0 Nuremberg avec une solution, que l&rsquo;on peut trouver dans les deux cas.  <\/span><span class=\"text_node rw_adf_text_strong\" data-v-816e464e=\"\" data-v-4d192987=\"\">facilite le processus<\/span><span class=\"text_node\" data-v-816e464e=\"\" data-v-4d192987=\"\">  de  <\/span><span class=\"text_node rw_adf_text_strong\" data-v-816e464e=\"\" data-v-4d192987=\"\">contr\u00f4le  <\/span><span class=\"text_node\" data-v-816e464e=\"\" data-v-4d192987=\"\">&amp;  <\/span><span class=\"text_node rw_adf_text_strong\" data-v-816e464e=\"\" data-v-4d192987=\"\">r\u00e9servant  <\/span><span class=\"text_node\" data-v-816e464e=\"\" data-v-4d192987=\"\">tous deux uniques<\/span><span class=\"text_node rw_adf_text_strong\" data-v-816e464e=\"\" data-v-4d192987=\"\">  lieux de travail<\/span><span class=\"text_node\" data-v-816e464e=\"\" data-v-4d192987=\"\">  et plus grand  <\/span><span class=\"text_node rw_adf_text_strong\" data-v-816e464e=\"\" data-v-4d192987=\"\">espaces de travail<\/span><span class=\"text_node\" data-v-816e464e=\"\" data-v-4d192987=\"\">.<\/span><\/p>\t\t\t\t\t\t\t\t<\/div>\n\t\t\t\t<\/div>\n\t\t\t\t<\/div>\n\t\t<div class=\"elementor-element elementor-element-d1c94da e-con-full e-flex e-con e-child\" data-id=\"d1c94da\" data-element_type=\"container\" data-e-type=\"container\">\n\t\t\t\t<div class=\"elementor-element elementor-element-b1c848f elementor-widget elementor-widget-image\" data-id=\"b1c848f\" data-element_type=\"widget\" data-e-type=\"widget\" data-widget_type=\"image.default\">\n\t\t\t\t<div class=\"elementor-widget-container\">\n\t\t\t\t\t\t\t\t\t\t\t\t\t\t\t<img fetchpriority=\"high\" decoding=\"async\" width=\"1024\" height=\"576\" src=\"https:\/\/www.cuesystem.com\/wp-content\/uploads\/2025\/01\/CaseStudy_AOK.png\" class=\"attachment-large size-large wp-image-28020\" alt=\"\" srcset=\"https:\/\/www.cuesystem.com\/wp-content\/uploads\/2025\/01\/CaseStudy_AOK.png 1024w, https:\/\/www.cuesystem.com\/wp-content\/uploads\/2025\/01\/CaseStudy_AOK-300x169.png 300w\" sizes=\"(max-width: 1024px) 100vw, 1024px\" \/>\t\t\t\t\t\t\t\t\t\t\t\t\t\t\t<\/div>\n\t\t\t\t<\/div>\n\t\t\t\t<\/div>\n\t\t\t\t\t<\/div>\n\t\t\t\t<\/div>\n\t\t<div class=\"elementor-element elementor-element-f83b413 e-grid e-con-boxed e-con e-child\" data-id=\"f83b413\" data-element_type=\"container\" data-e-type=\"container\">\n\t\t\t\t\t<div class=\"e-con-inner\">\n\t\t<div class=\"elementor-element elementor-element-db65af2 e-con-full e-flex e-con e-child\" data-id=\"db65af2\" data-element_type=\"container\" data-e-type=\"container\">\n\t\t\t\t<div class=\"elementor-element elementor-element-b9cc5f3 elementor-widget elementor-widget-image\" data-id=\"b9cc5f3\" data-element_type=\"widget\" data-e-type=\"widget\" data-widget_type=\"image.default\">\n\t\t\t\t<div class=\"elementor-widget-container\">\n\t\t\t\t\t\t\t\t\t\t\t\t\t\t\t<img decoding=\"async\" width=\"1024\" height=\"572\" src=\"https:\/\/www.cuesystem.com\/wp-content\/uploads\/2025\/01\/logo-social-media-3a2e5257eec48790d073aca432c19414-1024x572.jpg\" class=\"attachment-large size-large wp-image-28137\" alt=\"\" srcset=\"https:\/\/www.cuesystem.com\/wp-content\/uploads\/2025\/01\/logo-social-media-3a2e5257eec48790d073aca432c19414-1024x572.jpg 1024w, https:\/\/www.cuesystem.com\/wp-content\/uploads\/2025\/01\/logo-social-media-3a2e5257eec48790d073aca432c19414-300x168.jpg 300w, https:\/\/www.cuesystem.com\/wp-content\/uploads\/2025\/01\/logo-social-media-3a2e5257eec48790d073aca432c19414.jpg 2000w\" sizes=\"(max-width: 1024px) 100vw, 1024px\" \/>\t\t\t\t\t\t\t\t\t\t\t\t\t\t\t<\/div>\n\t\t\t\t<\/div>\n\t\t\t\t<\/div>\n\t\t<div class=\"elementor-element elementor-element-3899f2b e-con-full e-flex e-con e-child\" data-id=\"3899f2b\" data-element_type=\"container\" data-e-type=\"container\">\n\t\t\t\t<div class=\"elementor-element elementor-element-39f0c97 elementor-widget elementor-widget-heading\" data-id=\"39f0c97\" data-element_type=\"widget\" data-e-type=\"widget\" data-widget_type=\"heading.default\">\n\t\t\t\t<div class=\"elementor-widget-container\">\n\t\t\t\t\t<h2 class=\"elementor-heading-title elementor-size-default\">A propos d'AOK  <\/h2>\t\t\t\t<\/div>\n\t\t\t\t<\/div>\n\t\t\t\t<div class=\"elementor-element elementor-element-15fe2a2 elementor-widget elementor-widget-text-editor\" data-id=\"15fe2a2\" data-element_type=\"widget\" data-e-type=\"widget\" data-widget_type=\"text-editor.default\">\n\t\t\t\t<div class=\"elementor-widget-container\">\n\t\t\t\t\t\t\t\t\t<p class=\"\" data-v-4d192987=\"\" data-v-4a7aac3a=\"\"><a class=\"link_node text_node rw_adf_text_strong\" tabindex=\"0\" href=\"https:\/\/www.aok.de\/fm\/en-uk?s_kwcid=AL!10517!3!445355617851!e!!g!!aok%20germany&amp;cid=aok;1;4;Zuwandererportal;1;42\" target=\"_blank\" rel=\"noopener\" data-v-098e4e53=\"\" data-v-816e464e=\"\" data-v-4d192987=\"\" data-ui-id=\"text-link\" data-ui-content=\"AOK \"><span class=\"inline_text_span\" data-v-098e4e53=\"\">AOK <\/span><\/a><span class=\"text_node\" data-v-816e464e=\"\" data-v-4d192987=\"\">est un fournisseur d&rsquo;assurance m\u00e9dicale l\u00e9gale en Allemagne.<\/span><\/p><p class=\"\" data-v-4d192987=\"\" data-v-4a7aac3a=\"\"><span class=\"text_node\" data-v-816e464e=\"\" data-v-4d192987=\"\">Notre distributeur <\/span><span class=\"text_node rw_adf_text_strong\" data-v-816e464e=\"\" data-v-4d192987=\"\">distributeur allemand <\/span><a class=\"link_node text_node rw_adf_text_strong\" tabindex=\"0\" href=\"https:\/\/www.prodytel.de\/\" target=\"_blank\" rel=\"noopener\" data-v-098e4e53=\"\" data-v-816e464e=\"\" data-v-4d192987=\"\" data-ui-id=\"text-link\" data-ui-content=\"prodyTel Distribution GmbH\"><span class=\"inline_text_span\" data-v-098e4e53=\"\">prodyTel Distribution GmbH<\/span><\/a><span class=\"text_node rw_adf_text_strong\" data-v-816e464e=\"\" data-v-4d192987=\"\"> <\/span><span class=\"text_node\" data-v-816e464e=\"\" data-v-4d192987=\"\">s&rsquo;est charg\u00e9 de la mise en \u0153uvre du projet.<\/span><\/p>\t\t\t\t\t\t\t\t<\/div>\n\t\t\t\t<\/div>\n\t\t\t\t<\/div>\n\t\t\t\t\t<\/div>\n\t\t\t\t<\/div>\n\t\t<div class=\"elementor-element elementor-element-ee98138 e-grid e-con-boxed e-con e-child\" data-id=\"ee98138\" data-element_type=\"container\" data-e-type=\"container\">\n\t\t\t\t\t<div class=\"e-con-inner\">\n\t\t<div class=\"elementor-element elementor-element-855cf8f e-con-full e-flex e-con e-child\" data-id=\"855cf8f\" data-element_type=\"container\" data-e-type=\"container\">\n\t\t\t\t<div class=\"elementor-element elementor-element-f6f6353 elementor-widget elementor-widget-heading\" data-id=\"f6f6353\" data-element_type=\"widget\" data-e-type=\"widget\" data-widget_type=\"heading.default\">\n\t\t\t\t<div class=\"elementor-widget-container\">\n\t\t\t\t\t<h2 class=\"elementor-heading-title elementor-size-default\">Notre r\u00e9solution<\/h2>\t\t\t\t<\/div>\n\t\t\t\t<\/div>\n\t\t\t\t<div class=\"elementor-element elementor-element-41fa6e6 elementor-widget elementor-widget-text-editor\" data-id=\"41fa6e6\" data-element_type=\"widget\" data-e-type=\"widget\" data-widget_type=\"text-editor.default\">\n\t\t\t\t<div class=\"elementor-widget-container\">\n\t\t\t\t\t\t\t\t\t<p class=\"\" data-v-4d192987=\"\" data-v-4a7aac3a=\"\"><span class=\"text_node\" data-v-816e464e=\"\" data-v-4d192987=\"\">Nous avons install\u00e9 exactement <\/span><span class=\"text_node rw_adf_text_strong\" data-v-816e464e=\"\" data-v-4d192987=\"\">77x <\/span><a class=\"link_node text_node rw_adf_text_strong\" tabindex=\"0\" href=\"https:\/\/cuesystem.com\/EN\/Products?id=decda987-9147-4204-9d5f-cec4369e41a9\" target=\"_blank\" rel=\"noopener\" data-v-098e4e53=\"\" data-v-816e464e=\"\" data-v-4d192987=\"\" data-ui-id=\"text-link\" data-ui-content=\"touchCUE-7\/-7M\"><span class=\"inline_text_span\" data-v-098e4e53=\"\">touchCUE-7\/-7M<\/span><\/a><span class=\"text_node\" data-v-816e464e=\"\" data-v-4d192987=\"\">, <\/span><span class=\"text_node rw_adf_text_strong\" data-v-816e464e=\"\" data-v-4d192987=\"\">20x <\/span><a class=\"link_node text_node rw_adf_text_strong\" tabindex=\"0\" href=\"https:\/\/cuesystem.com\/EN\/Products?id=d9e035ab-b00a-4aec-96f7-f52ad04bcd80\" target=\"_blank\" rel=\"noopener\" data-v-098e4e53=\"\" data-v-816e464e=\"\" data-v-4d192987=\"\" data-ui-id=\"text-link\" data-ui-content=\"touchONE-desk-55\"><span class=\"inline_text_span\" data-v-098e4e53=\"\">touchONE-desk-55<\/span><\/a><span class=\"text_node\" data-v-816e464e=\"\" data-v-4d192987=\"\"> &amp; <\/span><span class=\"text_node rw_adf_text_strong\" data-v-816e464e=\"\" data-v-4d192987=\"\">12x <\/span><a class=\"link_node text_node rw_adf_text_strong\" tabindex=\"0\" href=\"https:\/\/cuesystem.com\/EN\/Products?id=2109a5ef-414d-4348-a65f-d9277e7d1864\" target=\"_blank\" rel=\"noopener\" data-v-098e4e53=\"\" data-v-816e464e=\"\" data-v-4d192987=\"\" data-ui-id=\"text-link\" data-ui-content=\"controlCUE-knx-d\"><span class=\"inline_text_span\" data-v-098e4e53=\"\">controlCUE-knx-d<\/span><\/a><span class=\"text_node\" data-v-816e464e=\"\" data-v-4d192987=\"\">.<\/span><\/p><p class=\"\" data-v-4d192987=\"\" data-v-4a7aac3a=\"\"><span class=\"text_node\" data-v-816e464e=\"\" data-v-4d192987=\"\">Notre objectif principal \u00e9tait de travailler sur l&rsquo;\u00e9l\u00e9ment de contr\u00f4le <\/span><span class=\"text_node rw_adf_text_strong\" data-v-816e464e=\"\" data-v-4d192987=\"\">\u00e9l\u00e9ment de contr\u00f4le <\/span> <span class=\"text_node\" data-v-816e464e=\"\" data-v-4d192987=\"\">de ce projet complexe. Et   <\/span><span class=\"text_node rw_adf_text_strong\" data-v-816e464e=\"\" data-v-4d192987=\"\">l&rsquo;aspect pratique <\/span><span class=\"text_node\" data-v-816e464e=\"\" data-v-4d192987=\"\">a \u00e9t\u00e9 le point cl\u00e9 de toute la mise en \u0153uvre.<\/span><\/p><p class=\"\" data-v-4d192987=\"\" data-v-4a7aac3a=\"\"><span class=\"text_node\" data-v-816e464e=\"\" data-v-4d192987=\"\">C&rsquo;est pr\u00e9cis\u00e9ment pour cette raison que nous avons opt\u00e9 pour des adaptations personnalis\u00e9es. En plus de la livraison et de l&rsquo;installation de nos produits classiques, nous avons d\u00e9velopp\u00e9 un service d&rsquo;assistance \u00e0 la client\u00e8le.   <\/span><span class=\"text_node rw_adf_text_strong\" data-v-816e464e=\"\" data-v-4d192987=\"\">fonction sp\u00e9ciale<\/span><span class=\"text_node\" data-v-816e464e=\"\" data-v-4d192987=\"\">qui permet aux panneaux tactiles de <\/span><span class=\"text_node rw_adf_text_strong\" data-v-816e464e=\"\" data-v-4d192987=\"\">tirer <\/span><span class=\"text_node\" data-v-816e464e=\"\" data-v-4d192987=\"\">leur <\/span><span class=\"text_node rw_adf_text_strong\" data-v-816e464e=\"\" data-v-4d192987=\"\">configuration directement <\/span><span class=\"text_node\" data-v-816e464e=\"\" data-v-4d192987=\"\">d&rsquo;un <\/span><span class=\"text_node rw_adf_text_strong\" data-v-816e464e=\"\" data-v-4d192987=\"\">serveur centralis\u00e9<\/span><span class=\"text_node\" data-v-816e464e=\"\" data-v-4d192987=\"\">.<\/span><\/p>\t\t\t\t\t\t\t\t<\/div>\n\t\t\t\t<\/div>\n\t\t\t\t<\/div>\n\t\t<div class=\"elementor-element elementor-element-c7610ee e-con-full e-flex e-con e-child\" data-id=\"c7610ee\" data-element_type=\"container\" data-e-type=\"container\">\n\t\t\t\t<div class=\"elementor-element elementor-element-a3d6284 elementor-widget elementor-widget-image\" data-id=\"a3d6284\" data-element_type=\"widget\" data-e-type=\"widget\" data-widget_type=\"image.default\">\n\t\t\t\t<div class=\"elementor-widget-container\">\n\t\t\t\t\t\t\t\t\t\t\t\t\t\t\t<img decoding=\"async\" width=\"750\" height=\"563\" src=\"https:\/\/www.cuesystem.com\/wp-content\/uploads\/2025\/01\/smaller_meeting_room_with_open_housing_ionp62.jpg\" class=\"attachment-large size-large wp-image-28154\" alt=\"\" srcset=\"https:\/\/www.cuesystem.com\/wp-content\/uploads\/2025\/01\/smaller_meeting_room_with_open_housing_ionp62.jpg 750w, https:\/\/www.cuesystem.com\/wp-content\/uploads\/2025\/01\/smaller_meeting_room_with_open_housing_ionp62-300x225.jpg 300w\" sizes=\"(max-width: 750px) 100vw, 750px\" \/>\t\t\t\t\t\t\t\t\t\t\t\t\t\t\t<\/div>\n\t\t\t\t<\/div>\n\t\t\t\t<\/div>\n\t\t\t\t\t<\/div>\n\t\t\t\t<\/div>\n\t\t\t\t<div class=\"elementor-element elementor-element-ad37539 elementor-widget elementor-widget-heading\" data-id=\"ad37539\" data-element_type=\"widget\" data-e-type=\"widget\" data-widget_type=\"heading.default\">\n\t\t\t\t<div class=\"elementor-widget-container\">\n\t\t\t\t\t<h2 class=\"elementor-heading-title elementor-size-default\">A propos de ce projet - Berndt Schindler pour Inavate EMEA  \n<\/h2>\t\t\t\t<\/div>\n\t\t\t\t<\/div>\n\t\t\t\t<div class=\"elementor-element elementor-element-6618a20 elementor-align-center elementor-widget elementor-widget-button\" data-id=\"6618a20\" data-element_type=\"widget\" data-e-type=\"widget\" data-widget_type=\"button.default\">\n\t\t\t\t<div class=\"elementor-widget-container\">\n\t\t\t\t\t\t\t\t\t<div class=\"elementor-button-wrapper\">\n\t\t\t\t\t<a class=\"elementor-button elementor-button-link elementor-size-sm\" href=\"https:\/\/www.inavateonthenet.net\/features\/article\/the-ford-model-t--of-meeting-rooms\" target=\"_blank\">\n\t\t\t\t\t\t<span class=\"elementor-button-content-wrapper\">\n\t\t\t\t\t\t\t\t\t<span class=\"elementor-button-text\">Voir plus d'informations<\/span>\n\t\t\t\t\t<\/span>\n\t\t\t\t\t<\/a>\n\t\t\t\t<\/div>\n\t\t\t\t\t\t\t\t<\/div>\n\t\t\t\t<\/div>\n\t\t\t\t<\/div>\n\t\t\t\t<\/div>\n\t\t","protected":false},"excerpt":{"rendered":"<p>Cas pratiques Centre de conf\u00e9rence AOK Le d\u00e9fi Pour \u00e9quiper 56 chambres dans le AOK centre de conf\u00e9rence \u00e0 Nuremberg avec une solution, que l&rsquo;on peut trouver dans les deux cas. facilite le processus de contr\u00f4le &amp; r\u00e9servant tous deux uniques lieux de travail et plus grand espaces de travail. A propos d&rsquo;AOK AOK est <a href=\"https:\/\/www.cuesystem.com\/fr\/etudes-de-cas\/centre-de-conference-aok\/\" class=\"more-link\">&#8230;<span class=\"screen-reader-text\">  Centre de conf\u00e9rence AOK<\/span><\/a><\/p>\n","protected":false},"author":3,"featured_media":0,"parent":30190,"menu_order":264,"comment_status":"closed","ping_status":"closed","template":"","meta":{"_acf_changed":false,"inline_featured_image":false,"footnotes":""},"kategorie":[],"class_list":["post-30201","page","type-page","status-publish","hentry"],"acf":[],"_links":{"self":[{"href":"https:\/\/www.cuesystem.com\/fr\/wp-json\/wp\/v2\/pages\/30201","targetHints":{"allow":["GET"]}}],"collection":[{"href":"https:\/\/www.cuesystem.com\/fr\/wp-json\/wp\/v2\/pages"}],"about":[{"href":"https:\/\/www.cuesystem.com\/fr\/wp-json\/wp\/v2\/types\/page"}],"author":[{"embeddable":true,"href":"https:\/\/www.cuesystem.com\/fr\/wp-json\/wp\/v2\/users\/3"}],"replies":[{"embeddable":true,"href":"https:\/\/www.cuesystem.com\/fr\/wp-json\/wp\/v2\/comments?post=30201"}],"version-history":[{"count":3,"href":"https:\/\/www.cuesystem.com\/fr\/wp-json\/wp\/v2\/pages\/30201\/revisions"}],"predecessor-version":[{"id":30349,"href":"https:\/\/www.cuesystem.com\/fr\/wp-json\/wp\/v2\/pages\/30201\/revisions\/30349"}],"up":[{"embeddable":true,"href":"https:\/\/www.cuesystem.com\/fr\/wp-json\/wp\/v2\/pages\/30190"}],"wp:attachment":[{"href":"https:\/\/www.cuesystem.com\/fr\/wp-json\/wp\/v2\/media?parent=30201"}],"wp:term":[{"taxonomy":"kategorie","embeddable":true,"href":"https:\/\/www.cuesystem.com\/fr\/wp-json\/wp\/v2\/kategorie?post=30201"}],"curies":[{"name":"wp","href":"https:\/\/api.w.org\/{rel}","templated":true}]}}