{"id":30204,"date":"2025-01-29T19:44:13","date_gmt":"2025-01-29T18:44:13","guid":{"rendered":"https:\/\/www.cuesystem.com\/etudes-de-cas\/le-projet-v-tower\/"},"modified":"2025-05-06T11:50:00","modified_gmt":"2025-05-06T09:50:00","slug":"le-projet-v-tower","status":"publish","type":"page","link":"https:\/\/www.cuesystem.com\/fr\/etudes-de-cas\/le-projet-v-tower\/","title":{"rendered":"Le projet V Tower"},"content":{"rendered":"\t\t<div data-elementor-type=\"wp-page\" data-elementor-id=\"30204\" class=\"elementor elementor-30204 elementor-28183\" data-elementor-post-type=\"page\">\n\t\t\t\t<div class=\"elementor-element elementor-element-09bf152 e-con-full e-flex e-con e-child\" data-id=\"09bf152\" data-element_type=\"container\" data-e-type=\"container\">\n\t\t\t\t<div class=\"elementor-element elementor-element-ce9af1c elementor-widget elementor-widget-heading\" data-id=\"ce9af1c\" data-element_type=\"widget\" data-e-type=\"widget\" data-widget_type=\"heading.default\">\n\t\t\t\t<div class=\"elementor-widget-container\">\n\t\t\t\t\t<h3 class=\"elementor-heading-title elementor-size-default\">Cas pratiques<\/h3>\t\t\t\t<\/div>\n\t\t\t\t<\/div>\n\t\t\t\t<div class=\"elementor-element elementor-element-07cbfb8 elementor-widget elementor-widget-heading\" data-id=\"07cbfb8\" data-element_type=\"widget\" data-e-type=\"widget\" data-widget_type=\"heading.default\">\n\t\t\t\t<div class=\"elementor-widget-container\">\n\t\t\t\t\t<h1 class=\"elementor-heading-title elementor-size-default\">Le projet V Tower<\/h1>\t\t\t\t<\/div>\n\t\t\t\t<\/div>\n\t\t\t\t<div class=\"elementor-element elementor-element-30a38bf elementor-widget-divider--view-line elementor-widget elementor-widget-divider\" data-id=\"30a38bf\" data-element_type=\"widget\" data-e-type=\"widget\" data-widget_type=\"divider.default\">\n\t\t\t\t<div class=\"elementor-widget-container\">\n\t\t\t\t\t\t\t<div class=\"elementor-divider\">\n\t\t\t<span class=\"elementor-divider-separator\">\n\t\t\t\t\t\t<\/span>\n\t\t<\/div>\n\t\t\t\t\t\t<\/div>\n\t\t\t\t<\/div>\n\t\t<div class=\"elementor-element elementor-element-c1c171e e-grid e-con-boxed e-con e-child\" data-id=\"c1c171e\" data-element_type=\"container\" data-e-type=\"container\">\n\t\t\t\t\t<div class=\"e-con-inner\">\n\t\t<div class=\"elementor-element elementor-element-cb94747 e-con-full e-flex e-con e-child\" data-id=\"cb94747\" data-element_type=\"container\" data-e-type=\"container\">\n\t\t\t\t<div class=\"elementor-element elementor-element-70b882f elementor-widget elementor-widget-heading\" data-id=\"70b882f\" data-element_type=\"widget\" data-e-type=\"widget\" data-widget_type=\"heading.default\">\n\t\t\t\t<div class=\"elementor-widget-container\">\n\t\t\t\t\t<h2 class=\"elementor-heading-title elementor-size-default\">Le d\u00e9fi<\/h2>\t\t\t\t<\/div>\n\t\t\t\t<\/div>\n\t\t\t\t<div class=\"elementor-element elementor-element-174b4d5 elementor-widget elementor-widget-text-editor\" data-id=\"174b4d5\" data-element_type=\"widget\" data-e-type=\"widget\" data-widget_type=\"text-editor.default\">\n\t\t\t\t<div class=\"elementor-widget-container\">\n\t\t\t\t\t\t\t\t\t<p class=\"\" data-v-4d192987=\"\" data-v-4a7aac3a=\"\"><span class=\"text_node\" data-v-816e464e=\"\" data-v-4d192987=\"\">Rendez la vie \u00e0 la maison <\/span><span class=\"text_node rw_adf_text_strong\" data-v-816e464e=\"\" data-v-4d192987=\"\">plus agr\u00e9able<\/span><span class=\"text_node\" data-v-816e464e=\"\" data-v-4d192987=\"\"> et <\/span><span class=\"text_node rw_adf_text_strong\" data-v-816e464e=\"\" data-v-4d192987=\"\">automatiser <\/span><span class=\"text_node\" data-v-816e464e=\"\" data-v-4d192987=\"\">t\u00e2ches quotidiennes (le plus souvent ennuyeuses) pour les personnes vivant dans la <\/span><span class=\"text_node rw_adf_text_strong\" data-v-816e464e=\"\" data-v-4d192987=\"\">r\u00e9sidence la plus luxueuse<\/span><span class=\"text_node\" data-v-816e464e=\"\" data-v-4d192987=\"\"> au c\u0153ur de Prague, en R\u00e9publique tch\u00e8que &#8211; la <\/span><a class=\"link_node text_node rw_adf_text_strong\" tabindex=\"0\" href=\"https:\/\/www.vtower.cz\/en\/\" target=\"_blank\" rel=\"noopener\" data-v-098e4e53=\"\" data-v-816e464e=\"\" data-v-4d192987=\"\" data-ui-id=\"text-link\" data-ui-content=\"V Tower\"><span class=\"inline_text_span\" data-v-098e4e53=\"\">V Tower<\/span><\/a><span class=\"text_node\" data-v-816e464e=\"\" data-v-4d192987=\"\">.<\/span><\/p><p class=\"\" data-v-4d192987=\"\" data-v-4a7aac3a=\"\"><span class=\"text_node\" data-v-816e464e=\"\" data-v-4d192987=\"\">Notre devise : <\/span><a class=\"link_node text_node rw_adf_text_strong\" tabindex=\"0\" href=\"https:\/\/cuesystem.com\/en\/Residential\" target=\"_blank\" rel=\"noopener\" data-v-098e4e53=\"\" data-v-816e464e=\"\" data-v-4d192987=\"\" data-ui-id=\"text-link\" data-ui-content=\"Living made easier.\" data-wplink-edit=\"true\"><span class=\"inline_text_span\" data-v-098e4e53=\"\">Vivre plus facilement.<\/span><\/a><\/p>\t\t\t\t\t\t\t\t<\/div>\n\t\t\t\t<\/div>\n\t\t\t\t<\/div>\n\t\t<div class=\"elementor-element elementor-element-ae24e59 e-con-full e-flex e-con e-child\" data-id=\"ae24e59\" data-element_type=\"container\" data-e-type=\"container\">\n\t\t\t\t<div class=\"elementor-element elementor-element-e18b82b elementor-widget elementor-widget-image\" data-id=\"e18b82b\" data-element_type=\"widget\" data-e-type=\"widget\" data-widget_type=\"image.default\">\n\t\t\t\t<div class=\"elementor-widget-container\">\n\t\t\t\t\t\t\t\t\t\t\t\t\t\t\t<img fetchpriority=\"high\" decoding=\"async\" width=\"1024\" height=\"682\" src=\"https:\/\/www.cuesystem.com\/wp-content\/uploads\/2025\/01\/57623563d8154ee5a480f523e9ae9ae0-1-1024x682.jpg\" class=\"attachment-large size-large wp-image-28192\" alt=\"\" srcset=\"https:\/\/www.cuesystem.com\/wp-content\/uploads\/2025\/01\/57623563d8154ee5a480f523e9ae9ae0-1-1024x682.jpg 1024w, https:\/\/www.cuesystem.com\/wp-content\/uploads\/2025\/01\/57623563d8154ee5a480f523e9ae9ae0-1-300x200.jpg 300w, https:\/\/www.cuesystem.com\/wp-content\/uploads\/2025\/01\/57623563d8154ee5a480f523e9ae9ae0-1.jpg 1366w\" sizes=\"(max-width: 1024px) 100vw, 1024px\" \/>\t\t\t\t\t\t\t\t\t\t\t\t\t\t\t<\/div>\n\t\t\t\t<\/div>\n\t\t\t\t<\/div>\n\t\t\t\t\t<\/div>\n\t\t\t\t<\/div>\n\t\t<div class=\"elementor-element elementor-element-24ccecd e-grid e-con-boxed e-con e-child\" data-id=\"24ccecd\" data-element_type=\"container\" data-e-type=\"container\">\n\t\t\t\t\t<div class=\"e-con-inner\">\n\t\t<div class=\"elementor-element elementor-element-a777b8c e-con-full e-flex e-con e-child\" data-id=\"a777b8c\" data-element_type=\"container\" data-e-type=\"container\">\n\t\t\t\t<div class=\"elementor-element elementor-element-2bfc435 elementor-widget elementor-widget-image\" data-id=\"2bfc435\" data-element_type=\"widget\" data-e-type=\"widget\" data-widget_type=\"image.default\">\n\t\t\t\t<div class=\"elementor-widget-container\">\n\t\t\t\t\t\t\t\t\t\t\t\t\t\t\t<img decoding=\"async\" width=\"1024\" height=\"682\" src=\"https:\/\/www.cuesystem.com\/wp-content\/uploads\/2025\/01\/821fd2b5-3f8b-4d62-be8d-d894db23ce2a-1024x682.jpg\" class=\"attachment-large size-large wp-image-28197\" alt=\"\" srcset=\"https:\/\/www.cuesystem.com\/wp-content\/uploads\/2025\/01\/821fd2b5-3f8b-4d62-be8d-d894db23ce2a-1024x682.jpg 1024w, https:\/\/www.cuesystem.com\/wp-content\/uploads\/2025\/01\/821fd2b5-3f8b-4d62-be8d-d894db23ce2a-300x200.jpg 300w, https:\/\/www.cuesystem.com\/wp-content\/uploads\/2025\/01\/821fd2b5-3f8b-4d62-be8d-d894db23ce2a.jpg 1538w\" sizes=\"(max-width: 1024px) 100vw, 1024px\" \/>\t\t\t\t\t\t\t\t\t\t\t\t\t\t\t<\/div>\n\t\t\t\t<\/div>\n\t\t\t\t<\/div>\n\t\t<div class=\"elementor-element elementor-element-727161f e-con-full e-flex e-con e-child\" data-id=\"727161f\" data-element_type=\"container\" data-e-type=\"container\">\n\t\t\t\t<div class=\"elementor-element elementor-element-d9ceb50 elementor-widget elementor-widget-heading\" data-id=\"d9ceb50\" data-element_type=\"widget\" data-e-type=\"widget\" data-widget_type=\"heading.default\">\n\t\t\t\t<div class=\"elementor-widget-container\">\n\t\t\t\t\t<h2 class=\"elementor-heading-title elementor-size-default\">\u00c0 propos de V Tower  \n<\/h2>\t\t\t\t<\/div>\n\t\t\t\t<\/div>\n\t\t\t\t<div class=\"elementor-element elementor-element-410475d elementor-widget elementor-widget-text-editor\" data-id=\"410475d\" data-element_type=\"widget\" data-e-type=\"widget\" data-widget_type=\"text-editor.default\">\n\t\t\t\t<div class=\"elementor-widget-container\">\n\t\t\t\t\t\t\t\t\t<p class=\"\" data-v-4d192987=\"\" data-v-4a7aac3a=\"\"><a class=\"link_node text_node rw_adf_text_strong\" tabindex=\"0\" href=\"https:\/\/www.vtower.cz\/en\/\" target=\"_blank\" rel=\"noopener\" data-v-098e4e53=\"\" data-v-816e464e=\"\" data-v-4d192987=\"\" data-ui-id=\"text-link\" data-ui-content=\"V Tower\"><span class=\"inline_text_span\" data-v-098e4e53=\"\">V Tower<\/span><\/a><span class=\"text_node\" data-v-816e464e=\"\" data-v-4d192987=\"\"> est un <\/span><span class=\"text_node rw_adf_text_strong\" data-v-816e464e=\"\" data-v-4d192987=\"\">immeuble r\u00e9sidentiel de 30 \u00e9tages<\/span><span class=\"text_node\" data-v-816e464e=\"\" data-v-4d192987=\"\">  dans le district de Pankr\u00e1c. Elle est connue pour ses   <\/span><span class=\"text_node rw_adf_text_strong\" data-v-816e464e=\"\" data-v-4d192987=\"\">architecture unique<\/span><span class=\"text_node\" data-v-816e464e=\"\" data-v-4d192987=\"\">une apparence non conventionnelle, <\/span><span class=\"text_node rw_adf_text_strong\" data-v-816e464e=\"\" data-v-4d192987=\"\">appartements de luxe<\/span><span class=\"text_node\" data-v-816e464e=\"\" data-v-4d192987=\"\">et des vues incomparables sur l&rsquo;ensemble de la ville de Prague.<\/span><\/p>\t\t\t\t\t\t\t\t<\/div>\n\t\t\t\t<\/div>\n\t\t\t\t<\/div>\n\t\t\t\t\t<\/div>\n\t\t\t\t<\/div>\n\t\t<div class=\"elementor-element elementor-element-5034e59 e-grid e-con-boxed e-con e-child\" data-id=\"5034e59\" data-element_type=\"container\" data-e-type=\"container\">\n\t\t\t\t\t<div class=\"e-con-inner\">\n\t\t<div class=\"elementor-element elementor-element-cd582bb e-con-full e-flex e-con e-child\" data-id=\"cd582bb\" data-element_type=\"container\" data-e-type=\"container\">\n\t\t\t\t<div class=\"elementor-element elementor-element-d709749 elementor-widget elementor-widget-heading\" data-id=\"d709749\" data-element_type=\"widget\" data-e-type=\"widget\" data-widget_type=\"heading.default\">\n\t\t\t\t<div class=\"elementor-widget-container\">\n\t\t\t\t\t<h2 class=\"elementor-heading-title elementor-size-default\">Notre r\u00e9solution<\/h2>\t\t\t\t<\/div>\n\t\t\t\t<\/div>\n\t\t\t\t<div class=\"elementor-element elementor-element-c1e9f7b elementor-widget elementor-widget-text-editor\" data-id=\"c1e9f7b\" data-element_type=\"widget\" data-e-type=\"widget\" data-widget_type=\"text-editor.default\">\n\t\t\t\t<div class=\"elementor-widget-container\">\n\t\t\t\t\t\t\t\t\t<p class=\"\" data-v-4d192987=\"\" data-v-4a7aac3a=\"\"><span class=\"text_node\" data-v-816e464e=\"\" data-v-4d192987=\"\">Chaque mise en \u0153uvre de notre solution \u00e0 des fins <\/span><span class=\"text_node rw_adf_text_strong\" data-v-816e464e=\"\" data-v-4d192987=\"\">r\u00e9sidentiel<\/span><span class=\"text_node\" data-v-816e464e=\"\" data-v-4d192987=\"\"> est \u00e0 la fois un <\/span><span class=\"text_node rw_adf_text_strong\" data-v-816e464e=\"\" data-v-4d192987=\"\">d\u00e9fi <\/span><span class=\"text_node\" data-v-816e464e=\"\" data-v-4d192987=\"\">et une <\/span><span class=\"text_node rw_adf_text_strong\" data-v-816e464e=\"\" data-v-4d192987=\"\">b\u00e9n\u00e9diction<\/span><span class=\"text_node\" data-v-816e464e=\"\" data-v-4d192987=\"\"> &#8211; et c&rsquo;est exactement ce que nous aimons<\/span><span class=\"text_node rw_adf_text_strong\" data-v-816e464e=\"\" data-v-4d192987=\"\">. D\u00e9fis.  <\/span><span class=\"text_node\" data-v-816e464e=\"\" data-v-4d192987=\"\">En ce qui concerne ce projet particulier,<\/span><span class=\"text_node rw_adf_text_strong\" data-v-816e464e=\"\" data-v-4d192987=\"\"> <\/span><span class=\"text_node\" data-v-816e464e=\"\" data-v-4d192987=\"\">la <\/span><a class=\"link_node text_node rw_adf_text_strong\" tabindex=\"0\" href=\"https:\/\/www.vtower.cz\/en\/\" target=\"_blank\" rel=\"noopener\" data-v-098e4e53=\"\" data-v-816e464e=\"\" data-v-4d192987=\"\" data-ui-id=\"text-link\" data-ui-content=\"V Tower\"><span class=\"inline_text_span\" data-v-098e4e53=\"\">V Tower<\/span><\/a><span class=\"text_node\" data-v-816e464e=\"\" data-v-4d192987=\"\"> n&rsquo;a pas fait exception \u00e0 la r\u00e8gle.<\/span><\/p><p class=\"\" data-v-4d192987=\"\" data-v-4a7aac3a=\"\"><span class=\"text_node\" data-v-816e464e=\"\" data-v-4d192987=\"\">Gr\u00e2ce \u00e0 notre \u00e9quipe comp\u00e9tente d&rsquo;experts de longue date dans leur domaine, nous avons \u00e9t\u00e9 en mesure de fournir et de d\u00e9ployer notre <\/span><span class=\"text_node rw_adf_text_strong\" data-v-816e464e=\"\" data-v-4d192987=\"\">syst\u00e8me de contr\u00f4le<\/span><span class=\"text_node\" data-v-816e464e=\"\" data-v-4d192987=\"\">qui <\/span><span class=\"text_node rw_adf_text_strong\" data-v-816e464e=\"\" data-v-4d192987=\"\">qui a livr\u00e9 <\/span><span class=\"text_node\" data-v-816e464e=\"\" data-v-4d192987=\"\">exactement ce qu&rsquo;il manquait \u00e0 l&rsquo;endroit <\/span><span class=\"text_node rw_adf_text_strong\" data-v-816e464e=\"\" data-v-4d192987=\"\">ce qui lui manquait <\/span><span class=\"text_node\" data-v-816e464e=\"\" data-v-4d192987=\"\">&#8211; <\/span><span class=\"text_node rw_adf_text_strong\" data-v-816e464e=\"\" data-v-4d192987=\"\">structure, organisation et intelligence<\/span><span class=\"text_node\" data-v-816e464e=\"\" data-v-4d192987=\"\">.<\/span><\/p><p class=\"\" data-v-4d192987=\"\" data-v-4a7aac3a=\"\"><span class=\"text_node\" data-v-816e464e=\"\" data-v-4d192987=\"\">Nous avons veill\u00e9 \u00e0 ce que ces <\/span><span class=\"text_node rw_adf_text_strong\" data-v-816e464e=\"\" data-v-4d192987=\"\">logement de luxe devienne<\/span><span class=\"text_node\" data-v-816e464e=\"\" data-v-4d192987=\"\"> un logement qui est aussi <\/span><span class=\"text_node rw_adf_text_strong\" data-v-816e464e=\"\" data-v-4d192987=\"\">intelligent <\/span><span class=\"text_node\" data-v-816e464e=\"\" data-v-4d192987=\"\">et <\/span><span class=\"text_node rw_adf_text_strong\" data-v-816e464e=\"\" data-v-4d192987=\"\">et qui r\u00e9pond \u00e0 toutes vos<\/span><span class=\"text_node\" data-v-816e464e=\"\" data-v-4d192987=\"\"> (m\u00eame les plus compliqu\u00e9s) <\/span><span class=\"text_node rw_adf_text_strong\" data-v-816e464e=\"\" data-v-4d192987=\"\">(m\u00eame les plus compliqu\u00e9s).<\/span><span class=\"text_node\" data-v-816e464e=\"\" data-v-4d192987=\"\">.<\/span><\/p><p class=\"\" data-v-4d192987=\"\" data-v-4a7aac3a=\"\"><span class=\"text_node\" data-v-816e464e=\"\" data-v-4d192987=\"\">Comme vous pouvez le voir dans la vid\u00e9o jointe ci-dessous, <\/span><a class=\"link_node text_node rw_adf_text_strong\" tabindex=\"0\" href=\"https:\/\/cuesystem.com\/EN\/Home\" target=\"_blank\" rel=\"noopener\" data-v-098e4e53=\"\" data-v-816e464e=\"\" data-v-4d192987=\"\" data-ui-id=\"text-link\" data-ui-content=\"CUE \"><span class=\"inline_text_span\" data-v-098e4e53=\"\">CUE <\/span><\/a><span class=\"text_node\" data-v-816e464e=\"\" data-v-4d192987=\"\">a r\u00e9ellement fourni un syst\u00e8me <\/span><span class=\"text_node rw_adf_text_strong\" data-v-816e464e=\"\" data-v-4d192987=\"\">automatis\u00e9 <\/span><span class=\"text_node\" data-v-816e464e=\"\" data-v-4d192987=\"\">et <\/span><span class=\"text_node rw_adf_text_strong\" data-v-816e464e=\"\" data-v-4d192987=\"\">maison automatis\u00e9e et intuitive<\/span><span class=\"text_node\" data-v-816e464e=\"\" data-v-4d192987=\"\"> qui <\/span><a class=\"link_node text_node rw_adf_text_strong\" tabindex=\"0\" href=\"https:\/\/cuesystem.com\/en\/Residential\" target=\"_blank\" rel=\"noopener\" data-v-098e4e53=\"\" data-v-816e464e=\"\" data-v-4d192987=\"\" data-ui-id=\"text-link\" data-ui-content=\"makes living easier\"><span class=\"inline_text_span\" data-v-098e4e53=\"\">facilite la vie<\/span><\/a><span class=\"text_node\" data-v-816e464e=\"\" data-v-4d192987=\"\">.<\/span><\/p>\t\t\t\t\t\t\t\t<\/div>\n\t\t\t\t<\/div>\n\t\t\t\t<\/div>\n\t\t<div class=\"elementor-element elementor-element-f3b07fc e-con-full e-flex e-con e-child\" data-id=\"f3b07fc\" data-element_type=\"container\" data-e-type=\"container\">\n\t\t\t\t<div class=\"elementor-element elementor-element-d11ad7c elementor-widget elementor-widget-image\" data-id=\"d11ad7c\" data-element_type=\"widget\" data-e-type=\"widget\" data-widget_type=\"image.default\">\n\t\t\t\t<div class=\"elementor-widget-container\">\n\t\t\t\t\t\t\t\t\t\t\t\t\t\t\t<img decoding=\"async\" width=\"1024\" height=\"768\" src=\"https:\/\/www.cuesystem.com\/wp-content\/uploads\/2025\/01\/IMG_4960-1024x768.jpg\" class=\"attachment-large size-large wp-image-28202\" alt=\"\" srcset=\"https:\/\/www.cuesystem.com\/wp-content\/uploads\/2025\/01\/IMG_4960-1024x768.jpg 1024w, https:\/\/www.cuesystem.com\/wp-content\/uploads\/2025\/01\/IMG_4960-300x225.jpg 300w\" sizes=\"(max-width: 1024px) 100vw, 1024px\" \/>\t\t\t\t\t\t\t\t\t\t\t\t\t\t\t<\/div>\n\t\t\t\t<\/div>\n\t\t\t\t<\/div>\n\t\t\t\t\t<\/div>\n\t\t\t\t<\/div>\n\t\t<div class=\"elementor-element elementor-element-9037596 e-grid e-con-boxed e-con e-child\" data-id=\"9037596\" data-element_type=\"container\" data-e-type=\"container\">\n\t\t\t\t\t<div class=\"e-con-inner\">\n\t\t<div class=\"elementor-element elementor-element-32ab64f e-con-full e-flex e-con e-child\" data-id=\"32ab64f\" data-element_type=\"container\" data-e-type=\"container\">\n\t\t\t\t<div class=\"elementor-element elementor-element-e7ed375 elementor-widget elementor-widget-video\" data-id=\"e7ed375\" data-element_type=\"widget\" data-e-type=\"widget\" data-settings=\"{&quot;video_type&quot;:&quot;vimeo&quot;}\" data-widget_type=\"video.default\">\n\t\t\t\t<div class=\"elementor-widget-container\">\n\t\t\t\t\t\t\t<div class=\"elementor-wrapper elementor-open-inline\">\n\t\t\t<iframe class=\"elementor-video-iframe\" allowfullscreen allow=\"clipboard-write\" title=\"Lecteur vid\u00e9o vimeo\" src=\"https:\/\/player.vimeo.com\/video\/981555405?color&amp;autopause=0&amp;loop=0&amp;muted=0&amp;title=1&amp;portrait=1&amp;byline=1#t=\"><\/iframe>\t\t<\/div>\n\t\t\t\t\t\t<\/div>\n\t\t\t\t<\/div>\n\t\t\t\t<\/div>\n\t\t<div class=\"elementor-element elementor-element-1919662 e-con-full e-flex e-con e-child\" data-id=\"1919662\" data-element_type=\"container\" data-e-type=\"container\">\n\t\t\t\t<div class=\"elementor-element elementor-element-0a7beb4 elementor-widget elementor-widget-heading\" data-id=\"0a7beb4\" data-element_type=\"widget\" data-e-type=\"widget\" data-widget_type=\"heading.default\">\n\t\t\t\t<div class=\"elementor-widget-container\">\n\t\t\t\t\t<h2 class=\"elementor-heading-title elementor-size-default\">Voyez par vous-m\u00eame<\/h2>\t\t\t\t<\/div>\n\t\t\t\t<\/div>\n\t\t\t\t<\/div>\n\t\t\t\t\t<\/div>\n\t\t\t\t<\/div>\n\t\t\t\t<\/div>\n\t\t\t\t<\/div>\n\t\t","protected":false},"excerpt":{"rendered":"<p>Cas pratiques Le projet V Tower Le d\u00e9fi Rendez la vie \u00e0 la maison plus agr\u00e9able et automatiser t\u00e2ches quotidiennes (le plus souvent ennuyeuses) pour les personnes vivant dans la r\u00e9sidence la plus luxueuse au c\u0153ur de Prague, en R\u00e9publique tch\u00e8que &#8211; la V Tower. Notre devise : Vivre plus facilement. \u00c0 propos de V <a href=\"https:\/\/www.cuesystem.com\/fr\/etudes-de-cas\/le-projet-v-tower\/\" class=\"more-link\">&#8230;<span class=\"screen-reader-text\">  Le projet V Tower<\/span><\/a><\/p>\n","protected":false},"author":3,"featured_media":0,"parent":30190,"menu_order":254,"comment_status":"closed","ping_status":"closed","template":"","meta":{"_acf_changed":false,"inline_featured_image":false,"footnotes":""},"kategorie":[],"class_list":["post-30204","page","type-page","status-publish","hentry"],"acf":[],"_links":{"self":[{"href":"https:\/\/www.cuesystem.com\/fr\/wp-json\/wp\/v2\/pages\/30204","targetHints":{"allow":["GET"]}}],"collection":[{"href":"https:\/\/www.cuesystem.com\/fr\/wp-json\/wp\/v2\/pages"}],"about":[{"href":"https:\/\/www.cuesystem.com\/fr\/wp-json\/wp\/v2\/types\/page"}],"author":[{"embeddable":true,"href":"https:\/\/www.cuesystem.com\/fr\/wp-json\/wp\/v2\/users\/3"}],"replies":[{"embeddable":true,"href":"https:\/\/www.cuesystem.com\/fr\/wp-json\/wp\/v2\/comments?post=30204"}],"version-history":[{"count":3,"href":"https:\/\/www.cuesystem.com\/fr\/wp-json\/wp\/v2\/pages\/30204\/revisions"}],"predecessor-version":[{"id":30345,"href":"https:\/\/www.cuesystem.com\/fr\/wp-json\/wp\/v2\/pages\/30204\/revisions\/30345"}],"up":[{"embeddable":true,"href":"https:\/\/www.cuesystem.com\/fr\/wp-json\/wp\/v2\/pages\/30190"}],"wp:attachment":[{"href":"https:\/\/www.cuesystem.com\/fr\/wp-json\/wp\/v2\/media?parent=30204"}],"wp:term":[{"taxonomy":"kategorie","embeddable":true,"href":"https:\/\/www.cuesystem.com\/fr\/wp-json\/wp\/v2\/kategorie?post=30204"}],"curies":[{"name":"wp","href":"https:\/\/api.w.org\/{rel}","templated":true}]}}