{"id":30211,"date":"2025-01-29T17:52:24","date_gmt":"2025-01-29T16:52:24","guid":{"rendered":"https:\/\/www.cuesystem.com\/etudes-de-cas\/salles-de-livraison-a-herning\/"},"modified":"2025-05-06T11:50:37","modified_gmt":"2025-05-06T09:50:37","slug":"salles-de-livraison-a-herning","status":"publish","type":"page","link":"https:\/\/www.cuesystem.com\/fr\/etudes-de-cas\/salles-de-livraison-a-herning\/","title":{"rendered":"Salles de livraison \u00e0 Herning"},"content":{"rendered":"\t\t<div data-elementor-type=\"wp-page\" data-elementor-id=\"30211\" class=\"elementor elementor-30211 elementor-28160\" data-elementor-post-type=\"page\">\n\t\t\t\t<div class=\"elementor-element elementor-element-e893098 e-con-full e-flex e-con e-child\" data-id=\"e893098\" data-element_type=\"container\" data-e-type=\"container\">\n\t\t\t\t<div class=\"elementor-element elementor-element-d005634 elementor-widget elementor-widget-heading\" data-id=\"d005634\" data-element_type=\"widget\" data-e-type=\"widget\" data-widget_type=\"heading.default\">\n\t\t\t\t<div class=\"elementor-widget-container\">\n\t\t\t\t\t<h3 class=\"elementor-heading-title elementor-size-default\">Cas pratiques<\/h3>\t\t\t\t<\/div>\n\t\t\t\t<\/div>\n\t\t\t\t<div class=\"elementor-element elementor-element-15b1805 elementor-widget elementor-widget-heading\" data-id=\"15b1805\" data-element_type=\"widget\" data-e-type=\"widget\" data-widget_type=\"heading.default\">\n\t\t\t\t<div class=\"elementor-widget-container\">\n\t\t\t\t\t<h1 class=\"elementor-heading-title elementor-size-default\">Salles de livraison \u00e0 Herning<\/h1>\t\t\t\t<\/div>\n\t\t\t\t<\/div>\n\t\t\t\t<div class=\"elementor-element elementor-element-e1177a4 elementor-widget-divider--view-line elementor-widget elementor-widget-divider\" data-id=\"e1177a4\" data-element_type=\"widget\" data-e-type=\"widget\" data-widget_type=\"divider.default\">\n\t\t\t\t<div class=\"elementor-widget-container\">\n\t\t\t\t\t\t\t<div class=\"elementor-divider\">\n\t\t\t<span class=\"elementor-divider-separator\">\n\t\t\t\t\t\t<\/span>\n\t\t<\/div>\n\t\t\t\t\t\t<\/div>\n\t\t\t\t<\/div>\n\t\t<div class=\"elementor-element elementor-element-65bb509 e-grid e-con-boxed e-con e-child\" data-id=\"65bb509\" data-element_type=\"container\" data-e-type=\"container\">\n\t\t\t\t\t<div class=\"e-con-inner\">\n\t\t<div class=\"elementor-element elementor-element-cac42c5 e-con-full e-flex e-con e-child\" data-id=\"cac42c5\" data-element_type=\"container\" data-e-type=\"container\">\n\t\t\t\t<div class=\"elementor-element elementor-element-8040685 elementor-widget elementor-widget-heading\" data-id=\"8040685\" data-element_type=\"widget\" data-e-type=\"widget\" data-widget_type=\"heading.default\">\n\t\t\t\t<div class=\"elementor-widget-container\">\n\t\t\t\t\t<h2 class=\"elementor-heading-title elementor-size-default\">Le d\u00e9fi<\/h2>\t\t\t\t<\/div>\n\t\t\t\t<\/div>\n\t\t\t\t<div class=\"elementor-element elementor-element-12d1f0b elementor-widget elementor-widget-text-editor\" data-id=\"12d1f0b\" data-element_type=\"widget\" data-e-type=\"widget\" data-widget_type=\"text-editor.default\">\n\t\t\t\t<div class=\"elementor-widget-container\">\n\t\t\t\t\t\t\t\t\t<p><span class=\"text_node\" data-v-816e464e=\"\" data-v-4d192987=\"\">La vision principale du <\/span><a class=\"link_node text_node rw_adf_text_strong\" tabindex=\"0\" href=\"https:\/\/www.regionshospitalet-goedstrup.dk\/\" target=\"_blank\" rel=\"noopener\" data-v-098e4e53=\"\" data-v-816e464e=\"\" data-v-4d192987=\"\" data-ui-id=\"text-link\" data-ui-content=\"Regionshospitalet G\u00f8dstrup\"><span class=\"inline_text_span\" data-v-098e4e53=\"\">Regionshospitalet G\u00f8dstrup<\/span><\/a><span class=\"text_node\" data-v-816e464e=\"\" data-v-4d192987=\"\"> est d&rsquo;\u00eatre <\/span><span class=\"text_node rw_adf_text_strong\" data-v-816e464e=\"\" data-v-4d192987=\"\">l&rsquo;h\u00f4pital du patient<\/span><span class=\"text_node\" data-v-816e464e=\"\" data-v-4d192987=\"\">. C&rsquo;est pourquoi ils mettent l&rsquo;accent sur  <\/span><span class=\"text_node rw_adf_text_strong\" data-v-816e464e=\"\" data-v-4d192987=\"\">l&rsquo;efficacit\u00e9<\/span><span class=\"text_node\" data-v-816e464e=\"\" data-v-4d192987=\"\">la comp\u00e9titivit\u00e9, <\/span><span class=\"text_node rw_adf_text_strong\" data-v-816e464e=\"\" data-v-4d192987=\"\">conscience de la qualit\u00e9<\/span><span class=\"text_node\" data-v-816e464e=\"\" data-v-4d192987=\"\">Nous \u00e9tions l\u00e0 pour assurer la s\u00e9curit\u00e9, la sant\u00e9 et le bien-\u00eatre de toutes les personnes qui arrivent. Et nous \u00e9tions l\u00e0 pour   <\/span><span class=\"text_node rw_adf_text_strong\" data-v-816e464e=\"\" data-v-4d192987=\"\">aide<\/span><span class=\"text_node\" data-v-816e464e=\"\" data-v-4d192987=\"\">!<\/span><\/p>\t\t\t\t\t\t\t\t<\/div>\n\t\t\t\t<\/div>\n\t\t\t\t<\/div>\n\t\t<div class=\"elementor-element elementor-element-7e6155d e-con-full e-flex e-con e-child\" data-id=\"7e6155d\" data-element_type=\"container\" data-e-type=\"container\">\n\t\t\t\t<div class=\"elementor-element elementor-element-a276679 elementor-widget elementor-widget-image\" data-id=\"a276679\" data-element_type=\"widget\" data-e-type=\"widget\" data-widget_type=\"image.default\">\n\t\t\t\t<div class=\"elementor-widget-container\">\n\t\t\t\t\t\t\t\t\t\t\t\t\t\t\t<img fetchpriority=\"high\" decoding=\"async\" width=\"934\" height=\"269\" src=\"https:\/\/www.cuesystem.com\/wp-content\/uploads\/2025\/01\/dnv_feb_2016.jpg\" class=\"attachment-large size-large wp-image-28163\" alt=\"\" srcset=\"https:\/\/www.cuesystem.com\/wp-content\/uploads\/2025\/01\/dnv_feb_2016.jpg 934w, https:\/\/www.cuesystem.com\/wp-content\/uploads\/2025\/01\/dnv_feb_2016-300x86.jpg 300w, https:\/\/www.cuesystem.com\/wp-content\/uploads\/2025\/01\/dnv_feb_2016-350x100.jpg 350w\" sizes=\"(max-width: 934px) 100vw, 934px\" \/>\t\t\t\t\t\t\t\t\t\t\t\t\t\t\t<\/div>\n\t\t\t\t<\/div>\n\t\t\t\t<\/div>\n\t\t\t\t\t<\/div>\n\t\t\t\t<\/div>\n\t\t<div class=\"elementor-element elementor-element-19b6798 e-grid e-con-boxed e-con e-child\" data-id=\"19b6798\" data-element_type=\"container\" data-e-type=\"container\">\n\t\t\t\t\t<div class=\"e-con-inner\">\n\t\t<div class=\"elementor-element elementor-element-64c8a1b e-con-full e-flex e-con e-child\" data-id=\"64c8a1b\" data-element_type=\"container\" data-e-type=\"container\">\n\t\t\t\t<div class=\"elementor-element elementor-element-9c0cd1c elementor-widget elementor-widget-image\" data-id=\"9c0cd1c\" data-element_type=\"widget\" data-e-type=\"widget\" data-widget_type=\"image.default\">\n\t\t\t\t<div class=\"elementor-widget-container\">\n\t\t\t\t\t\t\t\t\t\t\t\t\t\t\t<img decoding=\"async\" width=\"946\" height=\"500\" src=\"https:\/\/www.cuesystem.com\/wp-content\/uploads\/2025\/01\/DNV_Goedstrup_web-10.jpg\" class=\"attachment-large size-large wp-image-28168\" alt=\"\" srcset=\"https:\/\/www.cuesystem.com\/wp-content\/uploads\/2025\/01\/DNV_Goedstrup_web-10.jpg 946w, https:\/\/www.cuesystem.com\/wp-content\/uploads\/2025\/01\/DNV_Goedstrup_web-10-300x159.jpg 300w\" sizes=\"(max-width: 946px) 100vw, 946px\" \/>\t\t\t\t\t\t\t\t\t\t\t\t\t\t\t<\/div>\n\t\t\t\t<\/div>\n\t\t\t\t<\/div>\n\t\t<div class=\"elementor-element elementor-element-49b00d6 e-con-full e-flex e-con e-child\" data-id=\"49b00d6\" data-element_type=\"container\" data-e-type=\"container\">\n\t\t\t\t<div class=\"elementor-element elementor-element-b7939ac elementor-widget elementor-widget-heading\" data-id=\"b7939ac\" data-element_type=\"widget\" data-e-type=\"widget\" data-widget_type=\"heading.default\">\n\t\t\t\t<div class=\"elementor-widget-container\">\n\t\t\t\t\t<h2 class=\"elementor-heading-title elementor-size-default\">\u00c0 propos de Regionshospitalet G\u00f8dstrup<\/h2>\t\t\t\t<\/div>\n\t\t\t\t<\/div>\n\t\t\t\t<div class=\"elementor-element elementor-element-b255909 elementor-widget elementor-widget-text-editor\" data-id=\"b255909\" data-element_type=\"widget\" data-e-type=\"widget\" data-widget_type=\"text-editor.default\">\n\t\t\t\t<div class=\"elementor-widget-container\">\n\t\t\t\t\t\t\t\t\t<p class=\"\" data-v-4d192987=\"\" data-v-4a7aac3a=\"\"><a class=\"link_node text_node rw_adf_text_strong\" tabindex=\"0\" href=\"https:\/\/www.regionshospitalet-goedstrup.dk\/\" target=\"_blank\" rel=\"noopener\" data-v-098e4e53=\"\" data-v-816e464e=\"\" data-v-4d192987=\"\" data-ui-id=\"text-link\" data-ui-content=\"Regionshospitalet G\u00f8dstrup\"><span class=\"inline_text_span\" data-v-098e4e53=\"\">H\u00f4pital r\u00e9gional de G\u00f8dstrup<\/span><\/a><span class=\"text_node\" data-v-816e464e=\"\" data-v-4d192987=\"\">  est un nouvel h\u00f4pital majeur du Jutland central et occidental (Danemark). Il a ouvert ses portes en 2022. <\/span><\/p><p class=\"\" data-v-4d192987=\"\" data-v-4a7aac3a=\"\"><span class=\"text_node\" data-v-816e464e=\"\" data-v-4d192987=\"\">Notre partenaire <\/span><span class=\"text_node rw_adf_text_strong\" data-v-816e464e=\"\" data-v-4d192987=\"\">Partenaire danois <\/span><a class=\"link_node text_node rw_adf_text_strong\" tabindex=\"0\" href=\"https:\/\/www.avcenter.dk\/\" target=\"_blank\" rel=\"noopener\" data-v-098e4e53=\"\" data-v-816e464e=\"\" data-v-4d192987=\"\" data-ui-id=\"text-link\" data-ui-content=\"AV CENTER\"><span class=\"inline_text_span\" data-v-098e4e53=\"\">AV CENTER<\/span><\/a><span class=\"text_node rw_adf_text_strong\" data-v-816e464e=\"\" data-v-4d192987=\"\"> <\/span><span class=\"text_node\" data-v-816e464e=\"\" data-v-4d192987=\"\">s&rsquo;est charg\u00e9 de la mise en \u0153uvre du projet.<\/span><\/p>\t\t\t\t\t\t\t\t<\/div>\n\t\t\t\t<\/div>\n\t\t\t\t<\/div>\n\t\t\t\t\t<\/div>\n\t\t\t\t<\/div>\n\t\t<div class=\"elementor-element elementor-element-74be0ae e-grid e-con-boxed e-con e-child\" data-id=\"74be0ae\" data-element_type=\"container\" data-e-type=\"container\">\n\t\t\t\t\t<div class=\"e-con-inner\">\n\t\t<div class=\"elementor-element elementor-element-8190068 e-con-full e-flex e-con e-child\" data-id=\"8190068\" data-element_type=\"container\" data-e-type=\"container\">\n\t\t\t\t<div class=\"elementor-element elementor-element-6d8a7d3 elementor-widget elementor-widget-heading\" data-id=\"6d8a7d3\" data-element_type=\"widget\" data-e-type=\"widget\" data-widget_type=\"heading.default\">\n\t\t\t\t<div class=\"elementor-widget-container\">\n\t\t\t\t\t<h2 class=\"elementor-heading-title elementor-size-default\">Notre r\u00e9solution<\/h2>\t\t\t\t<\/div>\n\t\t\t\t<\/div>\n\t\t\t\t<div class=\"elementor-element elementor-element-eb835c0 elementor-widget elementor-widget-text-editor\" data-id=\"eb835c0\" data-element_type=\"widget\" data-e-type=\"widget\" data-widget_type=\"text-editor.default\">\n\t\t\t\t<div class=\"elementor-widget-container\">\n\t\t\t\t\t\t\t\t\t<p class=\"\" data-v-4d192987=\"\" data-v-4a7aac3a=\"\"><span class=\"text_node\" data-v-816e464e=\"\" data-v-4d192987=\"\">Nos <\/span><span class=\"text_node rw_adf_text_strong\" data-v-816e464e=\"\" data-v-4d192987=\"\">panneaux de contr\u00f4le<\/span><span class=\"text_node\" data-v-816e464e=\"\" data-v-4d192987=\"\"> sont devenus une partie int\u00e9grante de leurs <\/span><span class=\"text_node rw_adf_text_strong\" data-v-816e464e=\"\" data-v-4d192987=\"\">salles d&rsquo;accouchement sensorielles hautement modernes<\/span><span class=\"text_node\" data-v-816e464e=\"\" data-v-4d192987=\"\">. Elles visent \u00e0 cr\u00e9er une atmosph\u00e8re agr\u00e9able pendant l&rsquo;accouchement \u00e0 l&rsquo;aide de haut-parleurs et de projecteurs affichant des motifs naturels de diff\u00e9rentes saisons. Ces   <\/span><span class=\"text_node rw_adf_text_strong\" data-v-816e464e=\"\" data-v-4d192987=\"\">Les motifs peuvent \u00eatre modifi\u00e9s<\/span><span class=\"text_node\" data-v-816e464e=\"\" data-v-4d192987=\"\">l&rsquo;intensit\u00e9 <\/span><span class=\"text_node rw_adf_text_strong\" data-v-816e464e=\"\" data-v-4d192987=\"\">l&rsquo;intensit\u00e9 lumineuse peut \u00eatre r\u00e9gl\u00e9e<\/span><span class=\"text_node\" data-v-816e464e=\"\" data-v-4d192987=\"\"> l&rsquo;intensit\u00e9 lumineuse et bien d&rsquo;autres choses encore. <\/span><span class=\"text_node rw_adf_text_strong\" data-v-816e464e=\"\" data-v-4d192987=\"\">l&rsquo;utilisation de nos \u00e9crans tactiles<\/span><span class=\"text_node\" data-v-816e464e=\"\" data-v-4d192987=\"\">.<\/span><\/p><p class=\"\" data-v-4d192987=\"\" data-v-4a7aac3a=\"\"><span class=\"text_node\" data-v-816e464e=\"\" data-v-4d192987=\"\">En collaboration avec le photographe de nature Morten Hilmer et les projecteurs laser d&rsquo;Epson, nous avons cr\u00e9\u00e9 un <\/span><span class=\"text_node rw_adf_text_strong\" data-v-816e464e=\"\" data-v-4d192987=\"\">espace s\u00e9curis\u00e9 <\/span> <span class=\"text_node\" data-v-816e464e=\"\" data-v-4d192987=\"\">pour les femmes enceintes et leurs proches. L&rsquo;atmosph\u00e8re inoubliable est compl\u00e8tement   <\/span><span class=\"text_node rw_adf_text_strong\" data-v-816e464e=\"\" data-v-4d192987=\"\">entre leurs mains<\/span><span class=\"text_node\" data-v-816e464e=\"\" data-v-4d192987=\"\"> d\u00e9sormais entre leurs mains !<\/span><\/p>\t\t\t\t\t\t\t\t<\/div>\n\t\t\t\t<\/div>\n\t\t\t\t<\/div>\n\t\t<div class=\"elementor-element elementor-element-65ff53c e-con-full e-flex e-con e-child\" data-id=\"65ff53c\" data-element_type=\"container\" data-e-type=\"container\">\n\t\t\t\t<div class=\"elementor-element elementor-element-05fb791 elementor-widget elementor-widget-image\" data-id=\"05fb791\" data-element_type=\"widget\" data-e-type=\"widget\" data-widget_type=\"image.default\">\n\t\t\t\t<div class=\"elementor-widget-container\">\n\t\t\t\t\t\t\t\t\t\t\t\t\t\t\t<img decoding=\"async\" width=\"660\" height=\"371\" src=\"https:\/\/www.cuesystem.com\/wp-content\/uploads\/2025\/01\/sansestuer2.jpg\" class=\"attachment-large size-large wp-image-28173\" alt=\"\" srcset=\"https:\/\/www.cuesystem.com\/wp-content\/uploads\/2025\/01\/sansestuer2.jpg 660w, https:\/\/www.cuesystem.com\/wp-content\/uploads\/2025\/01\/sansestuer2-300x169.jpg 300w\" sizes=\"(max-width: 660px) 100vw, 660px\" \/>\t\t\t\t\t\t\t\t\t\t\t\t\t\t\t<\/div>\n\t\t\t\t<\/div>\n\t\t\t\t<\/div>\n\t\t\t\t\t<\/div>\n\t\t\t\t<\/div>\n\t\t\t\t<div class=\"elementor-element elementor-element-1671d9d elementor-widget elementor-widget-heading\" data-id=\"1671d9d\" data-element_type=\"widget\" data-e-type=\"widget\" data-widget_type=\"heading.default\">\n\t\t\t\t<div class=\"elementor-widget-container\">\n\t\t\t\t\t<h2 class=\"elementor-heading-title elementor-size-default\">ProAV Magazine \u00e0 propos de ce projet<\/h2>\t\t\t\t<\/div>\n\t\t\t\t<\/div>\n\t\t\t\t<div class=\"elementor-element elementor-element-0af1f85 elementor-align-center elementor-widget elementor-widget-button\" data-id=\"0af1f85\" data-element_type=\"widget\" data-e-type=\"widget\" data-widget_type=\"button.default\">\n\t\t\t\t<div class=\"elementor-widget-container\">\n\t\t\t\t\t\t\t\t\t<div class=\"elementor-button-wrapper\">\n\t\t\t\t\t<a class=\"elementor-button elementor-button-link elementor-size-sm\" href=\"https:\/\/www.avmagasinet.dk\/home\/nyheder\/av-teknologi-bruges-pa-fodestuer-i-herning\/\" target=\"_blank\">\n\t\t\t\t\t\t<span class=\"elementor-button-content-wrapper\">\n\t\t\t\t\t\t\t\t\t<span class=\"elementor-button-text\">Voir plus d'informations<\/span>\n\t\t\t\t\t<\/span>\n\t\t\t\t\t<\/a>\n\t\t\t\t<\/div>\n\t\t\t\t\t\t\t\t<\/div>\n\t\t\t\t<\/div>\n\t\t\t\t<\/div>\n\t\t\t\t<\/div>\n\t\t","protected":false},"excerpt":{"rendered":"<p>Cas pratiques Salles de livraison \u00e0 Herning Le d\u00e9fi La vision principale du Regionshospitalet G\u00f8dstrup est d&rsquo;\u00eatre l&rsquo;h\u00f4pital du patient. C&rsquo;est pourquoi ils mettent l&rsquo;accent sur l&rsquo;efficacit\u00e9la comp\u00e9titivit\u00e9, conscience de la qualit\u00e9Nous \u00e9tions l\u00e0 pour assurer la s\u00e9curit\u00e9, la sant\u00e9 et le bien-\u00eatre de toutes les personnes qui arrivent. Et nous \u00e9tions l\u00e0 pour aide! <a href=\"https:\/\/www.cuesystem.com\/fr\/etudes-de-cas\/salles-de-livraison-a-herning\/\" class=\"more-link\">&#8230;<span class=\"screen-reader-text\">  Salles de livraison \u00e0 Herning<\/span><\/a><\/p>\n","protected":false},"author":3,"featured_media":0,"parent":30190,"menu_order":259,"comment_status":"closed","ping_status":"closed","template":"","meta":{"_acf_changed":false,"inline_featured_image":false,"footnotes":""},"kategorie":[],"class_list":["post-30211","page","type-page","status-publish","hentry"],"acf":[],"_links":{"self":[{"href":"https:\/\/www.cuesystem.com\/fr\/wp-json\/wp\/v2\/pages\/30211","targetHints":{"allow":["GET"]}}],"collection":[{"href":"https:\/\/www.cuesystem.com\/fr\/wp-json\/wp\/v2\/pages"}],"about":[{"href":"https:\/\/www.cuesystem.com\/fr\/wp-json\/wp\/v2\/types\/page"}],"author":[{"embeddable":true,"href":"https:\/\/www.cuesystem.com\/fr\/wp-json\/wp\/v2\/users\/3"}],"replies":[{"embeddable":true,"href":"https:\/\/www.cuesystem.com\/fr\/wp-json\/wp\/v2\/comments?post=30211"}],"version-history":[{"count":3,"href":"https:\/\/www.cuesystem.com\/fr\/wp-json\/wp\/v2\/pages\/30211\/revisions"}],"predecessor-version":[{"id":30347,"href":"https:\/\/www.cuesystem.com\/fr\/wp-json\/wp\/v2\/pages\/30211\/revisions\/30347"}],"up":[{"embeddable":true,"href":"https:\/\/www.cuesystem.com\/fr\/wp-json\/wp\/v2\/pages\/30190"}],"wp:attachment":[{"href":"https:\/\/www.cuesystem.com\/fr\/wp-json\/wp\/v2\/media?parent=30211"}],"wp:term":[{"taxonomy":"kategorie","embeddable":true,"href":"https:\/\/www.cuesystem.com\/fr\/wp-json\/wp\/v2\/kategorie?post=30211"}],"curies":[{"name":"wp","href":"https:\/\/api.w.org\/{rel}","templated":true}]}}