{"id":31377,"date":"2025-05-14T09:37:14","date_gmt":"2025-05-14T07:37:14","guid":{"rendered":"https:\/\/www.cuesystem.com\/quoi-de-neuf\/lancement-de-la-version-12-6-0-de-la-solution-cue\/"},"modified":"2025-06-13T14:32:30","modified_gmt":"2025-06-13T12:32:30","slug":"lancement-de-la-version-12-6-0-de-la-solution-cue","status":"publish","type":"page","link":"https:\/\/www.cuesystem.com\/fr\/quoi-de-neuf\/lancement-de-la-version-12-6-0-de-la-solution-cue\/","title":{"rendered":"Lancement de la version 12.6.0 de la solution CUE"},"content":{"rendered":"\t\t<div data-elementor-type=\"wp-page\" data-elementor-id=\"31377\" class=\"elementor elementor-31377 elementor-29908\" data-elementor-post-type=\"page\">\n\t\t\t\t<div class=\"elementor-element elementor-element-2a89fae e-con-full e-flex e-con e-child\" data-id=\"2a89fae\" data-element_type=\"container\" data-e-type=\"container\">\n\t\t\t\t<div class=\"elementor-element elementor-element-9b6e4c1 elementor-widget elementor-widget-heading\" data-id=\"9b6e4c1\" data-element_type=\"widget\" data-e-type=\"widget\" data-widget_type=\"heading.default\">\n\t\t\t\t<div class=\"elementor-widget-container\">\n\t\t\t\t\t<h3 class=\"elementor-heading-title elementor-size-default\">Derni\u00e8res mises \u00e0 jour<\/h3>\t\t\t\t<\/div>\n\t\t\t\t<\/div>\n\t\t\t\t<div class=\"elementor-element elementor-element-560861c elementor-widget elementor-widget-heading\" data-id=\"560861c\" data-element_type=\"widget\" data-e-type=\"widget\" data-widget_type=\"heading.default\">\n\t\t\t\t<div class=\"elementor-widget-container\">\n\t\t\t\t\t<h1 class=\"elementor-heading-title elementor-size-default\">Lancement de la version 12.6.0 de la solution CUE\n<\/h1>\t\t\t\t<\/div>\n\t\t\t\t<\/div>\n\t\t\t\t<div class=\"elementor-element elementor-element-56dad53 elementor-widget-divider--view-line elementor-widget elementor-widget-divider\" data-id=\"56dad53\" data-element_type=\"widget\" data-e-type=\"widget\" data-widget_type=\"divider.default\">\n\t\t\t\t<div class=\"elementor-widget-container\">\n\t\t\t\t\t\t\t<div class=\"elementor-divider\">\n\t\t\t<span class=\"elementor-divider-separator\">\n\t\t\t\t\t\t<\/span>\n\t\t<\/div>\n\t\t\t\t\t\t<\/div>\n\t\t\t\t<\/div>\n\t\t<div class=\"elementor-element elementor-element-48f3edb e-flex e-con-boxed e-con e-child\" data-id=\"48f3edb\" data-element_type=\"container\" data-e-type=\"container\">\n\t\t\t\t\t<div class=\"e-con-inner\">\n\t\t\t\t<div class=\"elementor-element elementor-element-9814250 elementor-widget elementor-widget-text-editor\" data-id=\"9814250\" data-element_type=\"widget\" data-e-type=\"widget\" data-widget_type=\"text-editor.default\">\n\t\t\t\t<div class=\"elementor-widget-container\">\n\t\t\t\t\t\t\t\t\t<p>Des <strong>possibilit\u00e9s de contr\u00f4le in\u00e9dites<\/strong> aux <strong>r\u00e9glages plus fins des \u00e9v\u00e9nements<\/strong>, la derni\u00e8re version est l\u00e0 pour rendre la <strong>gestion de<\/strong> vos <strong>espaces<\/strong> <em>encore plus fluide.<\/em><\/p>\t\t\t\t\t\t\t\t<\/div>\n\t\t\t\t<\/div>\n\t\t\t\t\t<\/div>\n\t\t\t\t<\/div>\n\t\t\t\t<div class=\"elementor-element elementor-element-3ac7e62 elementor-widget-divider--view-line elementor-widget elementor-widget-divider\" data-id=\"3ac7e62\" data-element_type=\"widget\" data-e-type=\"widget\" data-widget_type=\"divider.default\">\n\t\t\t\t<div class=\"elementor-widget-container\">\n\t\t\t\t\t\t\t<div class=\"elementor-divider\">\n\t\t\t<span class=\"elementor-divider-separator\">\n\t\t\t\t\t\t<\/span>\n\t\t<\/div>\n\t\t\t\t\t\t<\/div>\n\t\t\t\t<\/div>\n\t\t<div class=\"elementor-element elementor-element-49441e9 e-grid e-con-boxed e-con e-child\" data-id=\"49441e9\" data-element_type=\"container\" data-e-type=\"container\">\n\t\t\t\t\t<div class=\"e-con-inner\">\n\t\t<div class=\"elementor-element elementor-element-c874ada e-con-full e-flex e-con e-child\" data-id=\"c874ada\" data-element_type=\"container\" data-e-type=\"container\">\n\t\t\t\t<div class=\"elementor-element elementor-element-a3c5c04 elementor-widget elementor-widget-heading\" data-id=\"a3c5c04\" data-element_type=\"widget\" data-e-type=\"widget\" data-widget_type=\"heading.default\">\n\t\t\t\t<div class=\"elementor-widget-container\">\n\t\t\t\t\t<h2 class=\"elementor-heading-title elementor-size-default\">Tous les regards se tournent vers Monitor &amp; Control<\/h2>\t\t\t\t<\/div>\n\t\t\t\t<\/div>\n\t\t\t\t<div class=\"elementor-element elementor-element-696ae86 elementor-widget elementor-widget-heading\" data-id=\"696ae86\" data-element_type=\"widget\" data-e-type=\"widget\" data-widget_type=\"heading.default\">\n\t\t\t\t<div class=\"elementor-widget-container\">\n\t\t\t\t\t<h3 class=\"elementor-heading-title elementor-size-default\">Connectez-vous. Visualisez. Prenez les choses en main.  <\/h3>\t\t\t\t<\/div>\n\t\t\t\t<\/div>\n\t\t\t\t<div class=\"elementor-element elementor-element-2c457c8 elementor-widget elementor-widget-text-editor\" data-id=\"2c457c8\" data-element_type=\"widget\" data-e-type=\"widget\" data-widget_type=\"text-editor.default\">\n\t\t\t\t<div class=\"elementor-widget-container\">\n\t\t\t\t\t\t\t\t\t<p><a href=\"https:\/\/www.cuesystem.com\/fr\/controle\/surveiller-et-controler\/\"><strong>Moniteur et contr\u00f4le<\/strong><\/a> comble le foss\u00e9 entre le <strong>mat\u00e9riel<\/strong> CUE et le <strong>logiciel<a href=\"https:\/\/www.cuesystem.com\/fr\/solution-cue\/\">CUE Solution<\/a><\/strong>. <em><strong>le tout dans une interface intuitive<\/strong><\/em>. Que vous g\u00e9riez des appareils ou que vous lisiez des donn\u00e9es de capteurs, cette <strong>technologie r\u00e9volutionnaire<\/strong> vous donne le pouvoir de<strong> contr\u00f4ler et de surveiller<\/strong>, <em>\u00e0 tout moment <\/em>et en <em>tout lieu<\/em>. <\/p><ul><li><strong>Visualisation des donn\u00e9es en temps r\u00e9el<\/strong> dans vos <strong>applications frontales<\/strong><\/li><li>Contr\u00f4le des appareils connect\u00e9s en <strong>un seul clic<\/strong> <\/li><li><strong>Flexibilit\u00e9 totale<\/strong> avec <a href=\"https:\/\/docs.cuesystem.com\/space\/PRODUCTS\/491061541\/CUE+Visual+Composer\"><strong>CUE Visual Composer<\/strong><\/a> (\u00e0 partir de la version 21.20 &#8211; t\u00e9l\u00e9chargez <a href=\"https:\/\/support.cuesystem.com\/space\/TD\/894861395\/CUE+Control\"><strong>ICI<\/strong><\/a>)<\/li><li>L<strong>&lsquo;exp\u00e9rience de la construction intelligente<\/strong> <em>au bout de vos doigts<\/em><\/li><\/ul><p>Profitez d&rsquo;un <strong>fonctionnement sans effort<\/strong> gr\u00e2ce \u00e0 des <strong>fonctions adapt\u00e9es aux mobiles<\/strong>, \u00e0 l \u00ab <em>acc\u00e8s par code QR<\/em> et \u00e0 l \u00bb<strong>int\u00e9gration transparente<\/strong> avec les outils de <em>navigation<\/em> et de <em>r\u00e9servation<\/em>.<\/p><p><a href=\"https:\/\/www.cuesystem.com\/fr\/controle\/surveiller-et-controler\/\"><strong>Voyez comment cela fonctionne<\/strong><\/a><\/p>\t\t\t\t\t\t\t\t<\/div>\n\t\t\t\t<\/div>\n\t\t\t\t<\/div>\n\t\t<div class=\"elementor-element elementor-element-4969438 e-con-full e-flex e-con e-child\" data-id=\"4969438\" data-element_type=\"container\" data-e-type=\"container\">\n\t\t\t\t<div class=\"elementor-element elementor-element-dbbfad9 elementor-widget elementor-widget-image\" data-id=\"dbbfad9\" data-element_type=\"widget\" data-e-type=\"widget\" data-widget_type=\"image.default\">\n\t\t\t\t<div class=\"elementor-widget-container\">\n\t\t\t\t\t\t\t\t\t\t\t\t\t\t\t\t<a href=\"https:\/\/www.cuesystem.com\/wp-content\/uploads\/2025\/06\/1-1.webp\" data-elementor-open-lightbox=\"yes\" data-e-action-hash=\"#elementor-action%3Aaction%3Dlightbox%26settings%3DeyJpZCI6MzA5MDIsInVybCI6Imh0dHBzOlwvXC93d3cuY3Vlc3lzdGVtLmNvbVwvd3AtY29udGVudFwvdXBsb2Fkc1wvMjAyNVwvMDZcLzEtMS53ZWJwIn0%3D\">\n\t\t\t\t\t\t\t<img fetchpriority=\"high\" decoding=\"async\" width=\"908\" height=\"606\" src=\"https:\/\/www.cuesystem.com\/wp-content\/uploads\/2025\/06\/1-1.webp\" class=\"attachment-large size-large wp-image-30902\" alt=\"\" srcset=\"https:\/\/www.cuesystem.com\/wp-content\/uploads\/2025\/06\/1-1.webp 908w, https:\/\/www.cuesystem.com\/wp-content\/uploads\/2025\/06\/1-1-300x200.webp 300w\" sizes=\"(max-width: 908px) 100vw, 908px\" \/>\t\t\t\t\t\t\t\t<\/a>\n\t\t\t\t\t\t\t\t\t\t\t\t\t\t\t<\/div>\n\t\t\t\t<\/div>\n\t\t\t\t<div class=\"elementor-element elementor-element-1fa9ad7 elementor-widget elementor-widget-image\" data-id=\"1fa9ad7\" data-element_type=\"widget\" data-e-type=\"widget\" data-widget_type=\"image.default\">\n\t\t\t\t<div class=\"elementor-widget-container\">\n\t\t\t\t\t\t\t\t\t\t\t\t\t\t\t<img decoding=\"async\" width=\"865\" height=\"594\" src=\"https:\/\/www.cuesystem.com\/wp-content\/uploads\/2025\/06\/2-1.webp\" class=\"attachment-large size-large wp-image-30907\" alt=\"\" srcset=\"https:\/\/www.cuesystem.com\/wp-content\/uploads\/2025\/06\/2-1.webp 865w, https:\/\/www.cuesystem.com\/wp-content\/uploads\/2025\/06\/2-1-300x206.webp 300w\" sizes=\"(max-width: 865px) 100vw, 865px\" \/>\t\t\t\t\t\t\t\t\t\t\t\t\t\t\t<\/div>\n\t\t\t\t<\/div>\n\t\t\t\t<\/div>\n\t\t\t\t\t<\/div>\n\t\t\t\t<\/div>\n\t\t<div class=\"elementor-element elementor-element-d3ff3ea e-grid e-con-boxed e-con e-child\" data-id=\"d3ff3ea\" data-element_type=\"container\" data-e-type=\"container\">\n\t\t\t\t\t<div class=\"e-con-inner\">\n\t\t<div class=\"elementor-element elementor-element-74598cf e-con-full e-flex e-con e-child\" data-id=\"74598cf\" data-element_type=\"container\" data-e-type=\"container\">\n\t\t\t\t<div class=\"elementor-element elementor-element-c60b24c elementor-widget elementor-widget-image\" data-id=\"c60b24c\" data-element_type=\"widget\" data-e-type=\"widget\" data-widget_type=\"image.default\">\n\t\t\t\t<div class=\"elementor-widget-container\">\n\t\t\t\t\t\t\t\t\t\t\t\t\t\t\t<img decoding=\"async\" width=\"1024\" height=\"365\" src=\"https:\/\/www.cuesystem.com\/wp-content\/uploads\/2025\/06\/3-1024x365.webp\" class=\"attachment-large size-large wp-image-30912\" alt=\"\" srcset=\"https:\/\/www.cuesystem.com\/wp-content\/uploads\/2025\/06\/3-1024x365.webp 1024w, https:\/\/www.cuesystem.com\/wp-content\/uploads\/2025\/06\/3-300x107.webp 300w, https:\/\/www.cuesystem.com\/wp-content\/uploads\/2025\/06\/3.webp 1118w\" sizes=\"(max-width: 1024px) 100vw, 1024px\" \/>\t\t\t\t\t\t\t\t\t\t\t\t\t\t\t<\/div>\n\t\t\t\t<\/div>\n\t\t\t\t<\/div>\n\t\t<div class=\"elementor-element elementor-element-5d6cc3d e-con-full e-flex e-con e-child\" data-id=\"5d6cc3d\" data-element_type=\"container\" data-e-type=\"container\">\n\t\t\t\t<div class=\"elementor-element elementor-element-1df8eb0 elementor-widget elementor-widget-heading\" data-id=\"1df8eb0\" data-element_type=\"widget\" data-e-type=\"widget\" data-widget_type=\"heading.default\">\n\t\t\t\t<div class=\"elementor-widget-container\">\n\t\t\t\t\t<h2 class=\"elementor-heading-title elementor-size-default\">Confirmation d'\u00e9v\u00e9nement plus intelligente\n<\/h2>\t\t\t\t<\/div>\n\t\t\t\t<\/div>\n\t\t\t\t<div class=\"elementor-element elementor-element-33210cc elementor-widget elementor-widget-heading\" data-id=\"33210cc\" data-element_type=\"widget\" data-e-type=\"widget\" data-widget_type=\"heading.default\">\n\t\t\t\t<div class=\"elementor-widget-container\">\n\t\t\t\t\t<h3 class=\"elementor-heading-title elementor-size-default\">Affiner la mani\u00e8re dont les \u00e9v\u00e9nements sont confirm\u00e9s<\/h3>\t\t\t\t<\/div>\n\t\t\t\t<\/div>\n\t\t\t\t<div class=\"elementor-element elementor-element-dcf5813 elementor-widget elementor-widget-text-editor\" data-id=\"dcf5813\" data-element_type=\"widget\" data-e-type=\"widget\" data-widget_type=\"text-editor.default\">\n\t\t\t\t<div class=\"elementor-widget-container\">\n\t\t\t\t\t\t\t\t\t<p>Vous pouvez d\u00e9sormais <strong>d\u00e9finir<\/strong> si <strong>les \u00e9v\u00e9nements de plusieurs jours doivent \u00eatre confirm\u00e9s<\/strong> <em>chaque jour<\/em> ou <em>une seule fois<\/em>. Les <strong>param\u00e8tres avanc\u00e9s<\/strong> vous permettent de mieux contr\u00f4ler les <em>\u00e9v\u00e9nements de<\/em> <em>courte<\/em> ou de <em>longue dur\u00e9e<\/em>, et m\u00eame d&rsquo;<strong> ignorer les r\u00e8gles de confirmation<\/strong> pour <em>certains utilisateurs<\/em>. <\/p>\t\t\t\t\t\t\t\t<\/div>\n\t\t\t\t<\/div>\n\t\t\t\t<\/div>\n\t\t\t\t\t<\/div>\n\t\t\t\t<\/div>\n\t\t<div class=\"elementor-element elementor-element-1123d3a e-grid e-con-boxed e-con e-child\" data-id=\"1123d3a\" data-element_type=\"container\" data-e-type=\"container\">\n\t\t\t\t\t<div class=\"e-con-inner\">\n\t\t<div class=\"elementor-element elementor-element-74c9c37 e-con-full e-flex e-con e-child\" data-id=\"74c9c37\" data-element_type=\"container\" data-e-type=\"container\">\n\t\t\t\t<div class=\"elementor-element elementor-element-173abae elementor-widget elementor-widget-heading\" data-id=\"173abae\" data-element_type=\"widget\" data-e-type=\"widget\" data-widget_type=\"heading.default\">\n\t\t\t\t<div class=\"elementor-widget-container\">\n\t\t\t\t\t<h2 class=\"elementor-heading-title elementor-size-default\">Des gammes de couleurs personnalis\u00e9es<\/h2>\t\t\t\t<\/div>\n\t\t\t\t<\/div>\n\t\t\t\t<div class=\"elementor-element elementor-element-3f4ed21 elementor-widget elementor-widget-heading\" data-id=\"3f4ed21\" data-element_type=\"widget\" data-e-type=\"widget\" data-widget_type=\"heading.default\">\n\t\t\t\t<div class=\"elementor-widget-container\">\n\t\t\t\t\t<h3 class=\"elementor-heading-title elementor-size-default\">Faites correspondre CUE Assist \u00e0 votre marque<\/h3>\t\t\t\t<\/div>\n\t\t\t\t<\/div>\n\t\t\t\t<div class=\"elementor-element elementor-element-6bd22a1 elementor-widget elementor-widget-text-editor\" data-id=\"6bd22a1\" data-element_type=\"widget\" data-e-type=\"widget\" data-widget_type=\"text-editor.default\">\n\t\t\t\t<div class=\"elementor-widget-container\">\n\t\t\t\t\t\t\t\t\t<p><a href=\"https:\/\/www.cuesystem.com\/fr\/reserve\/cue-assist\/\"><strong>CUE Assist<\/strong><\/a> prend d\u00e9sormais en charge des <strong>sch\u00e9mas de couleurs personnalis\u00e9s<\/strong>, ce qui est id\u00e9al <em>pour les entreprises<\/em> ayant une <strong>identit\u00e9 visuelle bien d\u00e9finie<\/strong>. En outre, nous avons <em>peaufin\u00e9<\/em> <em>le design de l&rsquo;application<\/em> pour lui donner un<strong> aspect<\/strong> <strong>plus frais<\/strong> et plus<strong> moderne<\/strong>. <\/p>\t\t\t\t\t\t\t\t<\/div>\n\t\t\t\t<\/div>\n\t\t\t\t<\/div>\n\t\t<div class=\"elementor-element elementor-element-aa61b7a e-con-full e-flex e-con e-child\" data-id=\"aa61b7a\" data-element_type=\"container\" data-e-type=\"container\">\n\t\t\t\t<div class=\"elementor-element elementor-element-6ff24b7 elementor-widget elementor-widget-image\" data-id=\"6ff24b7\" data-element_type=\"widget\" data-e-type=\"widget\" data-widget_type=\"image.default\">\n\t\t\t\t<div class=\"elementor-widget-container\">\n\t\t\t\t\t\t\t\t\t\t\t\t\t\t\t\t<a href=\"https:\/\/www.cuesystem.com\/wp-content\/uploads\/2025\/06\/4-kopie.webp\" data-elementor-open-lightbox=\"yes\" data-e-action-hash=\"#elementor-action%3Aaction%3Dlightbox%26settings%3DeyJpZCI6MzA5MTcsInVybCI6Imh0dHBzOlwvXC93d3cuY3Vlc3lzdGVtLmNvbVwvd3AtY29udGVudFwvdXBsb2Fkc1wvMjAyNVwvMDZcLzQta29waWUud2VicCJ9\">\n\t\t\t\t\t\t\t<img loading=\"lazy\" decoding=\"async\" width=\"798\" height=\"433\" src=\"https:\/\/www.cuesystem.com\/wp-content\/uploads\/2025\/06\/4-kopie.webp\" class=\"attachment-large size-large wp-image-30917\" alt=\"\" srcset=\"https:\/\/www.cuesystem.com\/wp-content\/uploads\/2025\/06\/4-kopie.webp 798w, https:\/\/www.cuesystem.com\/wp-content\/uploads\/2025\/06\/4-kopie-300x163.webp 300w\" sizes=\"(max-width: 798px) 100vw, 798px\" \/>\t\t\t\t\t\t\t\t<\/a>\n\t\t\t\t\t\t\t\t\t\t\t\t\t\t\t<\/div>\n\t\t\t\t<\/div>\n\t\t\t\t<\/div>\n\t\t\t\t\t<\/div>\n\t\t\t\t<\/div>\n\t\t\t\t<\/div>\n\t\t<div class=\"elementor-element elementor-element-b4022cf e-flex e-con-boxed e-con e-parent\" data-id=\"b4022cf\" data-element_type=\"container\" data-e-type=\"container\">\n\t\t\t\t\t<div class=\"e-con-inner\">\n\t\t<div class=\"elementor-element elementor-element-b1e3148 e-grid e-con-full e-con e-child\" data-id=\"b1e3148\" data-element_type=\"container\" data-e-type=\"container\">\n\t\t<div class=\"elementor-element elementor-element-fd78869 e-con-full e-flex e-con e-child\" data-id=\"fd78869\" data-element_type=\"container\" data-e-type=\"container\">\n\t\t\t\t<div class=\"elementor-element elementor-element-075fb29 elementor-widget elementor-widget-image\" data-id=\"075fb29\" data-element_type=\"widget\" data-e-type=\"widget\" data-widget_type=\"image.default\">\n\t\t\t\t<div class=\"elementor-widget-container\">\n\t\t\t\t\t\t\t\t\t\t\t\t\t\t\t<img decoding=\"async\" src=\"https:\/\/www.cuesystem.com\/wp-content\/uploads\/2025\/05\/5.png\" title=\"\" alt=\"\" loading=\"lazy\" \/>\t\t\t\t\t\t\t\t\t\t\t\t\t\t\t<\/div>\n\t\t\t\t<\/div>\n\t\t\t\t<\/div>\n\t\t<div class=\"elementor-element elementor-element-fe78dc0 e-con-full e-flex e-con e-child\" data-id=\"fe78dc0\" data-element_type=\"container\" data-e-type=\"container\">\n\t\t\t\t<div class=\"elementor-element elementor-element-b7f9969 elementor-widget elementor-widget-heading\" data-id=\"b7f9969\" data-element_type=\"widget\" data-e-type=\"widget\" data-widget_type=\"heading.default\">\n\t\t\t\t<div class=\"elementor-widget-container\">\n\t\t\t\t\t<h2 class=\"elementor-heading-title elementor-size-default\">Faciliter les rappels d'\u00e9v\u00e9nements<\/h2>\t\t\t\t<\/div>\n\t\t\t\t<\/div>\n\t\t\t\t<div class=\"elementor-element elementor-element-cb91d30 elementor-widget elementor-widget-heading\" data-id=\"cb91d30\" data-element_type=\"widget\" data-e-type=\"widget\" data-widget_type=\"heading.default\">\n\t\t\t\t<div class=\"elementor-widget-container\">\n\t\t\t\t\t<h3 class=\"elementor-heading-title elementor-size-default\">Des param\u00e8tres par d\u00e9faut qui restent personnels<\/h3>\t\t\t\t<\/div>\n\t\t\t\t<\/div>\n\t\t\t\t<div class=\"elementor-element elementor-element-824a1ff elementor-widget elementor-widget-text-editor\" data-id=\"824a1ff\" data-element_type=\"widget\" data-e-type=\"widget\" data-widget_type=\"text-editor.default\">\n\t\t\t\t<div class=\"elementor-widget-container\">\n\t\t\t\t\t\t\t\t\t<p>Les administrateurs peuvent d\u00e9sormais d\u00e9finir des <strong>rappels par d\u00e9faut<\/strong> et des <strong>statuts de filtrage<\/strong> dans <a href=\"https:\/\/www.cuesystem.com\/fr\/reserve\/cue-assist\/\"><strong>CUE Assist<\/strong><\/a> pour <em>toutes les r\u00e9servations<\/em>. Si les utilisateurs<em> modifient leurs propres pr\u00e9f\u00e9rences<\/em>, l&rsquo;<em>application s&rsquo;en souvient<\/em>, ce qui constitue un <strong>\u00e9quilibre parfait entre contr\u00f4le et personnalisation<\/strong>. <\/p>\t\t\t\t\t\t\t\t<\/div>\n\t\t\t\t<\/div>\n\t\t\t\t<\/div>\n\t\t\t\t<\/div>\n\t\t<div class=\"elementor-element elementor-element-60351d5 e-con-full e-flex e-con e-child\" data-id=\"60351d5\" data-element_type=\"container\" data-e-type=\"container\">\n\t\t\t\t<div class=\"elementor-element elementor-element-17dfd91 elementor-widget elementor-widget-heading\" data-id=\"17dfd91\" data-element_type=\"widget\" data-e-type=\"widget\" data-widget_type=\"heading.default\">\n\t\t\t\t<div class=\"elementor-widget-container\">\n\t\t\t\t\t<h2 class=\"elementor-heading-title elementor-size-default\">Et ce n'est pas tout...<\/h2>\t\t\t\t<\/div>\n\t\t\t\t<\/div>\n\t\t\t\t<div class=\"elementor-element elementor-element-32035f9 elementor-widget elementor-widget-heading\" data-id=\"32035f9\" data-element_type=\"widget\" data-e-type=\"widget\" data-widget_type=\"heading.default\">\n\t\t\t\t<div class=\"elementor-widget-container\">\n\t\t\t\t\t<h3 class=\"elementor-heading-title elementor-size-default\">Petits changements, grandes diff\u00e9rences<\/h3>\t\t\t\t<\/div>\n\t\t\t\t<\/div>\n\t\t\t\t<div class=\"elementor-element elementor-element-6a062fb elementor-widget elementor-widget-text-editor\" data-id=\"6a062fb\" data-element_type=\"widget\" data-e-type=\"widget\" data-widget_type=\"text-editor.default\">\n\t\t\t\t<div class=\"elementor-widget-container\">\n\t\t\t\t\t\t\t\t\t<ul><li>Nouveaux <strong>boutons d&rsquo;action<\/strong> dans les <strong>d\u00e9tails de la r\u00e9servation<\/strong> <em>(Terminer, Prolonger, Confirmer&#8230;)<\/em><\/li><li>L&rsquo;<strong>adresse MAC<\/strong> est d\u00e9sormais <strong>visible<\/strong> dans la grille des unit\u00e9s et <strong>exportable<\/strong> vers Excel<\/li><li>La <strong>gestion de l&rsquo;unit\u00e9 centrale<\/strong> vient d&rsquo;\u00eatre <strong>simplifi\u00e9e<\/strong>: <em>r\u00e9veillez ou red\u00e9marrez directement \u00e0 partir de <a href=\"https:\/\/www.cuesystem.com\/fr\/gerer\/administrateurs-de-la-cue\/\"><strong>CUE Admin<\/strong><\/a><\/em><\/li><\/ul>\t\t\t\t\t\t\t\t<\/div>\n\t\t\t\t<\/div>\n\t\t\t\t<\/div>\n\t\t<div class=\"elementor-element elementor-element-3c90f33 e-con-full e-flex e-con e-child\" data-id=\"3c90f33\" data-element_type=\"container\" data-e-type=\"container\">\n\t\t\t\t<div class=\"elementor-element elementor-element-1ddd28a elementor-widget-divider--view-line elementor-widget elementor-widget-divider\" data-id=\"1ddd28a\" data-element_type=\"widget\" data-e-type=\"widget\" data-widget_type=\"divider.default\">\n\t\t\t\t<div class=\"elementor-widget-container\">\n\t\t\t\t\t\t\t<div class=\"elementor-divider\">\n\t\t\t<span class=\"elementor-divider-separator\">\n\t\t\t\t\t\t<\/span>\n\t\t<\/div>\n\t\t\t\t\t\t<\/div>\n\t\t\t\t<\/div>\n\t\t\t\t<div class=\"elementor-element elementor-element-29b1bfc elementor-widget elementor-widget-text-editor\" data-id=\"29b1bfc\" data-element_type=\"widget\" data-e-type=\"widget\" data-widget_type=\"text-editor.default\">\n\t\t\t\t<div class=\"elementor-widget-container\">\n\t\t\t\t\t\t\t\t\t<p>Cr\u00e9\u00e9 : 2025-03<\/p>\t\t\t\t\t\t\t\t<\/div>\n\t\t\t\t<\/div>\n\t\t\t\t<div class=\"elementor-element elementor-element-b28ce04 elementor-widget-divider--view-line elementor-widget elementor-widget-divider\" data-id=\"b28ce04\" data-element_type=\"widget\" data-e-type=\"widget\" data-widget_type=\"divider.default\">\n\t\t\t\t<div class=\"elementor-widget-container\">\n\t\t\t\t\t\t\t<div class=\"elementor-divider\">\n\t\t\t<span class=\"elementor-divider-separator\">\n\t\t\t\t\t\t<\/span>\n\t\t<\/div>\n\t\t\t\t\t\t<\/div>\n\t\t\t\t<\/div>\n\t\t\t\t<\/div>\n\t\t\t\t\t<\/div>\n\t\t\t\t<\/div>\n\t\t\t\t<\/div>\n\t\t","protected":false},"excerpt":{"rendered":"<p>Derni\u00e8res mises \u00e0 jour Lancement de la version 12.6.0 de la solution CUE Des possibilit\u00e9s de contr\u00f4le in\u00e9dites aux r\u00e9glages plus fins des \u00e9v\u00e9nements, la derni\u00e8re version est l\u00e0 pour rendre la gestion de vos espaces encore plus fluide. Tous les regards se tournent vers Monitor &amp; Control Connectez-vous. Visualisez. Prenez les choses en main. <a href=\"https:\/\/www.cuesystem.com\/fr\/quoi-de-neuf\/lancement-de-la-version-12-6-0-de-la-solution-cue\/\" class=\"more-link\">&#8230;<span class=\"screen-reader-text\">  Lancement de la version 12.6.0 de la solution CUE<\/span><\/a><\/p>\n","protected":false},"author":11,"featured_media":0,"parent":31298,"menu_order":219,"comment_status":"closed","ping_status":"closed","template":"","meta":{"_acf_changed":false,"inline_featured_image":false,"footnotes":""},"kategorie":[],"class_list":["post-31377","page","type-page","status-publish","hentry"],"acf":[],"_links":{"self":[{"href":"https:\/\/www.cuesystem.com\/fr\/wp-json\/wp\/v2\/pages\/31377","targetHints":{"allow":["GET"]}}],"collection":[{"href":"https:\/\/www.cuesystem.com\/fr\/wp-json\/wp\/v2\/pages"}],"about":[{"href":"https:\/\/www.cuesystem.com\/fr\/wp-json\/wp\/v2\/types\/page"}],"author":[{"embeddable":true,"href":"https:\/\/www.cuesystem.com\/fr\/wp-json\/wp\/v2\/users\/11"}],"replies":[{"embeddable":true,"href":"https:\/\/www.cuesystem.com\/fr\/wp-json\/wp\/v2\/comments?post=31377"}],"version-history":[{"count":1,"href":"https:\/\/www.cuesystem.com\/fr\/wp-json\/wp\/v2\/pages\/31377\/revisions"}],"predecessor-version":[{"id":31384,"href":"https:\/\/www.cuesystem.com\/fr\/wp-json\/wp\/v2\/pages\/31377\/revisions\/31384"}],"up":[{"embeddable":true,"href":"https:\/\/www.cuesystem.com\/fr\/wp-json\/wp\/v2\/pages\/31298"}],"wp:attachment":[{"href":"https:\/\/www.cuesystem.com\/fr\/wp-json\/wp\/v2\/media?parent=31377"}],"wp:term":[{"taxonomy":"kategorie","embeddable":true,"href":"https:\/\/www.cuesystem.com\/fr\/wp-json\/wp\/v2\/kategorie?post=31377"}],"curies":[{"name":"wp","href":"https:\/\/api.w.org\/{rel}","templated":true}]}}