{"id":31385,"date":"2025-04-25T12:19:15","date_gmt":"2025-04-25T10:19:15","guid":{"rendered":"https:\/\/www.cuesystem.com\/quoi-de-neuf\/lancement-de-la-version-11-24-0-de-la-solution-cue\/"},"modified":"2025-06-13T14:32:33","modified_gmt":"2025-06-13T12:32:33","slug":"lancement-de-la-version-11-24-0-de-la-solution-cue","status":"publish","type":"page","link":"https:\/\/www.cuesystem.com\/fr\/quoi-de-neuf\/lancement-de-la-version-11-24-0-de-la-solution-cue\/","title":{"rendered":"Lancement de la version 11.24.0 de la solution CUE"},"content":{"rendered":"\t\t<div data-elementor-type=\"wp-page\" data-elementor-id=\"31385\" class=\"elementor elementor-31385 elementor-30493\" data-elementor-post-type=\"page\">\n\t\t\t\t<div class=\"elementor-element elementor-element-be6a65e e-con-full e-flex e-con e-child\" data-id=\"be6a65e\" data-element_type=\"container\" data-e-type=\"container\">\n\t\t\t\t<div class=\"elementor-element elementor-element-a266ede elementor-widget elementor-widget-heading\" data-id=\"a266ede\" data-element_type=\"widget\" data-e-type=\"widget\" data-widget_type=\"heading.default\">\n\t\t\t\t<div class=\"elementor-widget-container\">\n\t\t\t\t\t<h3 class=\"elementor-heading-title elementor-size-default\">Derni\u00e8res mises \u00e0 jour<\/h3>\t\t\t\t<\/div>\n\t\t\t\t<\/div>\n\t\t\t\t<div class=\"elementor-element elementor-element-0fd4322 elementor-widget elementor-widget-heading\" data-id=\"0fd4322\" data-element_type=\"widget\" data-e-type=\"widget\" data-widget_type=\"heading.default\">\n\t\t\t\t<div class=\"elementor-widget-container\">\n\t\t\t\t\t<h1 class=\"elementor-heading-title elementor-size-default\">Lancement de la version 11.24.0 de la solution CUE<\/h1>\t\t\t\t<\/div>\n\t\t\t\t<\/div>\n\t\t\t\t<div class=\"elementor-element elementor-element-1989dd6 elementor-widget-divider--view-line elementor-widget elementor-widget-divider\" data-id=\"1989dd6\" data-element_type=\"widget\" data-e-type=\"widget\" data-widget_type=\"divider.default\">\n\t\t\t\t<div class=\"elementor-widget-container\">\n\t\t\t\t\t\t\t<div class=\"elementor-divider\">\n\t\t\t<span class=\"elementor-divider-separator\">\n\t\t\t\t\t\t<\/span>\n\t\t<\/div>\n\t\t\t\t\t\t<\/div>\n\t\t\t\t<\/div>\n\t\t<div class=\"elementor-element elementor-element-23fee66 e-flex e-con-boxed e-con e-child\" data-id=\"23fee66\" data-element_type=\"container\" data-e-type=\"container\">\n\t\t\t\t\t<div class=\"e-con-inner\">\n\t\t\t\t<div class=\"elementor-element elementor-element-7190e09 elementor-widget elementor-widget-text-editor\" data-id=\"7190e09\" data-element_type=\"widget\" data-e-type=\"widget\" data-widget_type=\"text-editor.default\">\n\t\t\t\t<div class=\"elementor-widget-container\">\n\t\t\t\t\t\t\t\t\t<p>Nous sommes ravis de partager les <strong>derni\u00e8res mises \u00e0 jour et am\u00e9liorations de l&rsquo;\u00e9cosyst\u00e8me de la solution CUE<\/strong>, con\u00e7ues pour rationaliser votre exp\u00e9rience et am\u00e9liorer les fonctionnalit\u00e9s. Regardons-les de plus pr\u00e8s, voulez-vous ? <\/p>\t\t\t\t\t\t\t\t<\/div>\n\t\t\t\t<\/div>\n\t\t\t\t\t<\/div>\n\t\t\t\t<\/div>\n\t\t\t\t<div class=\"elementor-element elementor-element-1a65829 elementor-widget-divider--view-line elementor-widget elementor-widget-divider\" data-id=\"1a65829\" data-element_type=\"widget\" data-e-type=\"widget\" data-widget_type=\"divider.default\">\n\t\t\t\t<div class=\"elementor-widget-container\">\n\t\t\t\t\t\t\t<div class=\"elementor-divider\">\n\t\t\t<span class=\"elementor-divider-separator\">\n\t\t\t\t\t\t<\/span>\n\t\t<\/div>\n\t\t\t\t\t\t<\/div>\n\t\t\t\t<\/div>\n\t\t<div class=\"elementor-element elementor-element-f3a8216 e-flex e-con-boxed e-con e-child\" data-id=\"f3a8216\" data-element_type=\"container\" data-e-type=\"container\">\n\t\t\t\t\t<div class=\"e-con-inner\">\n\t\t\t\t<div class=\"elementor-element elementor-element-fecff91 elementor-widget elementor-widget-heading\" data-id=\"fecff91\" data-element_type=\"widget\" data-e-type=\"widget\" data-widget_type=\"heading.default\">\n\t\t\t\t<div class=\"elementor-widget-container\">\n\t\t\t\t\t<h2 class=\"elementor-heading-title elementor-size-default\">Am\u00e9lioration du d\u00e9tail des ressources\n\n<\/h2>\t\t\t\t<\/div>\n\t\t\t\t<\/div>\n\t\t<div class=\"elementor-element elementor-element-ea775cb e-con-full e-flex e-con e-child\" data-id=\"ea775cb\" data-element_type=\"container\" data-e-type=\"container\">\n\t\t\t\t<div class=\"elementor-element elementor-element-1ba7a17 elementor-widget elementor-widget-heading\" data-id=\"1ba7a17\" data-element_type=\"widget\" data-e-type=\"widget\" data-widget_type=\"heading.default\">\n\t\t\t\t<div class=\"elementor-widget-container\">\n\t\t\t\t\t<h3 class=\"elementor-heading-title elementor-size-default\">CUE Navigation et CUE Kiosque\n<\/h3>\t\t\t\t<\/div>\n\t\t\t\t<\/div>\n\t\t\t\t<\/div>\n\t\t\t\t\t<\/div>\n\t\t\t\t<\/div>\n\t\t<div class=\"elementor-element elementor-element-327732b e-grid e-con-boxed e-con e-child\" data-id=\"327732b\" data-element_type=\"container\" data-e-type=\"container\">\n\t\t\t\t\t<div class=\"e-con-inner\">\n\t\t<div class=\"elementor-element elementor-element-cc44c3c e-con-full e-flex e-con e-child\" data-id=\"cc44c3c\" data-element_type=\"container\" data-e-type=\"container\">\n\t\t\t\t<div class=\"elementor-element elementor-element-968ac0d elementor-widget elementor-widget-heading\" data-id=\"968ac0d\" data-element_type=\"widget\" data-e-type=\"widget\" data-widget_type=\"heading.default\">\n\t\t\t\t<div class=\"elementor-widget-container\">\n\t\t\t\t\t<h2 class=\"elementor-heading-title elementor-size-default\">Vid\u00e9o<\/h2>\t\t\t\t<\/div>\n\t\t\t\t<\/div>\n\t\t\t\t<div class=\"elementor-element elementor-element-9be18d5 elementor-widget elementor-widget-text-editor\" data-id=\"9be18d5\" data-element_type=\"widget\" data-e-type=\"widget\" data-widget_type=\"text-editor.default\">\n\t\t\t\t<div class=\"elementor-widget-container\">\n\t\t\t\t\t\t\t\t\t<p>Un <strong>lecteur vid\u00e9o MP4<\/strong> est <strong>d\u00e9sormais disponible<\/strong> pour prendre en charge le <strong>contenu multim\u00e9dia<\/strong> dans chaque ressource. Vous pouvez ainsi facilement <em>sonoriser des<\/em> objets du mus\u00e9e, donner \u00e0 l&rsquo;utilisateur des <em>instructions<\/em> sur la mani\u00e8re d&rsquo;utiliser la ressource, etc. Il prend en charge le <em>multilinguisme<\/em>.  <\/p>\t\t\t\t\t\t\t\t<\/div>\n\t\t\t\t<\/div>\n\t\t\t\t<\/div>\n\t\t<div class=\"elementor-element elementor-element-93e40b5 e-con-full e-flex e-con e-child\" data-id=\"93e40b5\" data-element_type=\"container\" data-e-type=\"container\">\n\t\t\t\t<div class=\"elementor-element elementor-element-cd048be elementor-widget elementor-widget-image\" data-id=\"cd048be\" data-element_type=\"widget\" data-e-type=\"widget\" data-widget_type=\"image.default\">\n\t\t\t\t<div class=\"elementor-widget-container\">\n\t\t\t\t\t\t\t\t\t\t\t\t\t\t\t<img fetchpriority=\"high\" decoding=\"async\" width=\"1014\" height=\"874\" src=\"https:\/\/www.cuesystem.com\/wp-content\/uploads\/2025\/06\/image-20250318-204810-1.webp\" class=\"attachment-large size-large wp-image-30881\" alt=\"\" srcset=\"https:\/\/www.cuesystem.com\/wp-content\/uploads\/2025\/06\/image-20250318-204810-1.webp 1014w, https:\/\/www.cuesystem.com\/wp-content\/uploads\/2025\/06\/image-20250318-204810-1-300x259.webp 300w\" sizes=\"(max-width: 1014px) 100vw, 1014px\" \/>\t\t\t\t\t\t\t\t\t\t\t\t\t\t\t<\/div>\n\t\t\t\t<\/div>\n\t\t\t\t<\/div>\n\t\t\t\t\t<\/div>\n\t\t\t\t<\/div>\n\t\t<div class=\"elementor-element elementor-element-1bbfeaf e-grid e-con-boxed e-con e-child\" data-id=\"1bbfeaf\" data-element_type=\"container\" data-e-type=\"container\">\n\t\t\t\t\t<div class=\"e-con-inner\">\n\t\t<div class=\"elementor-element elementor-element-47cb2b2 e-con-full e-flex e-con e-child\" data-id=\"47cb2b2\" data-element_type=\"container\" data-e-type=\"container\">\n\t\t\t\t<div class=\"elementor-element elementor-element-5267c01 elementor-widget elementor-widget-image\" data-id=\"5267c01\" data-element_type=\"widget\" data-e-type=\"widget\" data-widget_type=\"image.default\">\n\t\t\t\t<div class=\"elementor-widget-container\">\n\t\t\t\t\t\t\t\t\t\t\t\t\t\t\t<img decoding=\"async\" width=\"1022\" height=\"646\" src=\"https:\/\/www.cuesystem.com\/wp-content\/uploads\/2025\/06\/image-20250318-205054.webp\" class=\"attachment-large size-large wp-image-30891\" alt=\"\" srcset=\"https:\/\/www.cuesystem.com\/wp-content\/uploads\/2025\/06\/image-20250318-205054.webp 1022w, https:\/\/www.cuesystem.com\/wp-content\/uploads\/2025\/06\/image-20250318-205054-300x190.webp 300w\" sizes=\"(max-width: 1022px) 100vw, 1022px\" \/>\t\t\t\t\t\t\t\t\t\t\t\t\t\t\t<\/div>\n\t\t\t\t<\/div>\n\t\t\t\t<\/div>\n\t\t<div class=\"elementor-element elementor-element-2de0287 e-con-full e-flex e-con e-child\" data-id=\"2de0287\" data-element_type=\"container\" data-e-type=\"container\">\n\t\t\t\t<div class=\"elementor-element elementor-element-9fa45dc elementor-widget elementor-widget-heading\" data-id=\"9fa45dc\" data-element_type=\"widget\" data-e-type=\"widget\" data-widget_type=\"heading.default\">\n\t\t\t\t<div class=\"elementor-widget-container\">\n\t\t\t\t\t<h2 class=\"elementor-heading-title elementor-size-default\">Audio<\/h2>\t\t\t\t<\/div>\n\t\t\t\t<\/div>\n\t\t\t\t<div class=\"elementor-element elementor-element-83aadef elementor-widget elementor-widget-text-editor\" data-id=\"83aadef\" data-element_type=\"widget\" data-e-type=\"widget\" data-widget_type=\"text-editor.default\">\n\t\t\t\t<div class=\"elementor-widget-container\">\n\t\t\t\t\t\t\t\t\t<p>Les fichiers audio au format <strong>MP3<\/strong> <strong>prennent<\/strong> d\u00e9sormais <strong>en charge le multilinguisme<\/strong>. Cela signifie que l&rsquo;<em>audio<\/em> \u00e0 lire est s\u00e9lectionn\u00e9 <em>en fonction de la<\/em> <em>langue<\/em> utilis\u00e9e dans l&rsquo;application. <\/p>\t\t\t\t\t\t\t\t<\/div>\n\t\t\t\t<\/div>\n\t\t\t\t<\/div>\n\t\t\t\t\t<\/div>\n\t\t\t\t<\/div>\n\t\t<div class=\"elementor-element elementor-element-2ea6d79 e-grid e-con-boxed e-con e-child\" data-id=\"2ea6d79\" data-element_type=\"container\" data-e-type=\"container\">\n\t\t\t\t\t<div class=\"e-con-inner\">\n\t\t<div class=\"elementor-element elementor-element-e57bfa9 e-con-full e-flex e-con e-child\" data-id=\"e57bfa9\" data-element_type=\"container\" data-e-type=\"container\">\n\t\t\t\t<div class=\"elementor-element elementor-element-8bded48 elementor-widget elementor-widget-heading\" data-id=\"8bded48\" data-element_type=\"widget\" data-e-type=\"widget\" data-widget_type=\"heading.default\">\n\t\t\t\t<div class=\"elementor-widget-container\">\n\t\t\t\t\t<h2 class=\"elementor-heading-title elementor-size-default\">Vue 3D interactive<\/h2>\t\t\t\t<\/div>\n\t\t\t\t<\/div>\n\t\t\t\t<div class=\"elementor-element elementor-element-3172db5 elementor-widget elementor-widget-text-editor\" data-id=\"3172db5\" data-element_type=\"widget\" data-e-type=\"widget\" data-widget_type=\"text-editor.default\">\n\t\t\t\t<div class=\"elementor-widget-container\">\n\t\t\t\t\t\t\t\t\t<p>Une <strong>vue 3D interactive<\/strong> utilisant <strong>Matterport<\/strong> est maintenant disponible pour chaque ressource. Les mod\u00e8les Matterport permettent d\u00e9sormais aux utilisateurs d \u00ab <strong>effectuer des visites d\u00e9taill\u00e9es<\/strong> d&rsquo;espaces tels que les <em>salles d&rsquo;op\u00e9ration, les magasins, les salles de r\u00e9union, etc.<\/em> Saisissez l&rsquo;URL de Matterport dans le champ <a href=\"https:\/\/www.cuesystem.com\/fr\/gerer\/administrateurs-de-la-cue\/\"><strong>CUE Admin<\/strong><\/a>et le contenu sera affich\u00e9 dans l \u00bb<em>iframe<\/em>. <\/p>\t\t\t\t\t\t\t\t<\/div>\n\t\t\t\t<\/div>\n\t\t\t\t<\/div>\n\t\t<div class=\"elementor-element elementor-element-72aac8a e-con-full e-flex e-con e-child\" data-id=\"72aac8a\" data-element_type=\"container\" data-e-type=\"container\">\n\t\t\t\t<div class=\"elementor-element elementor-element-3e3feaf elementor-widget elementor-widget-image\" data-id=\"3e3feaf\" data-element_type=\"widget\" data-e-type=\"widget\" data-widget_type=\"image.default\">\n\t\t\t\t<div class=\"elementor-widget-container\">\n\t\t\t\t\t\t\t\t\t\t\t\t\t\t\t\t<a href=\"https:\/\/www.cuesystem.com\/wp-content\/uploads\/2025\/06\/image-20250318-204950.webp\" data-elementor-open-lightbox=\"yes\" data-e-action-hash=\"#elementor-action%3Aaction%3Dlightbox%26settings%3DeyJpZCI6MzA4ODYsInVybCI6Imh0dHBzOlwvXC93d3cuY3Vlc3lzdGVtLmNvbVwvd3AtY29udGVudFwvdXBsb2Fkc1wvMjAyNVwvMDZcL2ltYWdlLTIwMjUwMzE4LTIwNDk1MC53ZWJwIn0%3D\">\n\t\t\t\t\t\t\t<img decoding=\"async\" width=\"1018\" height=\"876\" src=\"https:\/\/www.cuesystem.com\/wp-content\/uploads\/2025\/06\/image-20250318-204950.webp\" class=\"attachment-large size-large wp-image-30886\" alt=\"\" srcset=\"https:\/\/www.cuesystem.com\/wp-content\/uploads\/2025\/06\/image-20250318-204950.webp 1018w, https:\/\/www.cuesystem.com\/wp-content\/uploads\/2025\/06\/image-20250318-204950-300x258.webp 300w\" sizes=\"(max-width: 1018px) 100vw, 1018px\" \/>\t\t\t\t\t\t\t\t<\/a>\n\t\t\t\t\t\t\t\t\t\t\t\t\t\t\t<\/div>\n\t\t\t\t<\/div>\n\t\t\t\t<\/div>\n\t\t\t\t\t<\/div>\n\t\t\t\t<\/div>\n\t\t<div class=\"elementor-element elementor-element-6b69d50 e-flex e-con-boxed e-con e-child\" data-id=\"6b69d50\" data-element_type=\"container\" data-e-type=\"container\">\n\t\t\t\t\t<div class=\"e-con-inner\">\n\t\t\t\t<div class=\"elementor-element elementor-element-a538467 elementor-widget elementor-widget-heading\" data-id=\"a538467\" data-element_type=\"widget\" data-e-type=\"widget\" data-widget_type=\"heading.default\">\n\t\t\t\t<div class=\"elementor-widget-container\">\n\t\t\t\t\t<h2 class=\"elementor-heading-title elementor-size-default\">Recherche am\u00e9lior\u00e9e\n\n\n<\/h2>\t\t\t\t<\/div>\n\t\t\t\t<\/div>\n\t\t<div class=\"elementor-element elementor-element-a1ab3cd e-con-full e-flex e-con e-child\" data-id=\"a1ab3cd\" data-element_type=\"container\" data-e-type=\"container\">\n\t\t\t\t<div class=\"elementor-element elementor-element-c1c7938 elementor-widget elementor-widget-heading\" data-id=\"c1c7938\" data-element_type=\"widget\" data-e-type=\"widget\" data-widget_type=\"heading.default\">\n\t\t\t\t<div class=\"elementor-widget-container\">\n\t\t\t\t\t<h3 class=\"elementor-heading-title elementor-size-default\">CUE Navigation et CUE Kiosque\n<\/h3>\t\t\t\t<\/div>\n\t\t\t\t<\/div>\n\t\t\t\t<div class=\"elementor-element elementor-element-86a854e elementor-widget elementor-widget-text-editor\" data-id=\"86a854e\" data-element_type=\"widget\" data-e-type=\"widget\" data-widget_type=\"text-editor.default\">\n\t\t\t\t<div class=\"elementor-widget-container\">\n\t\t\t\t\t\t\t\t\t<p>La <strong>recherche<\/strong> a \u00e9t\u00e9 am\u00e9lior\u00e9e. D\u00e9sormais, en plus des noms de POI ou de ressources, <strong>la recherche porte<\/strong> \u00e9galement <strong>sur le type de ressource, la cat\u00e9gorie de POI, la description de la ressource et les propri\u00e9t\u00e9s de la ressource<\/strong>. Le terme recherch\u00e9 est visible sous l&rsquo;\u00e9l\u00e9ment dans la liste. Les <strong>possibilit\u00e9s de filtrage<\/strong> et de recherche par crit\u00e8res individuels peuvent \u00eatre configur\u00e9es librement.  <\/p>\t\t\t\t\t\t\t\t<\/div>\n\t\t\t\t<\/div>\n\t\t\t\t<\/div>\n\t\t\t\t\t<\/div>\n\t\t\t\t<\/div>\n\t\t<div class=\"elementor-element elementor-element-3b104bb e-flex e-con-boxed e-con e-child\" data-id=\"3b104bb\" data-element_type=\"container\" data-e-type=\"container\">\n\t\t\t\t\t<div class=\"e-con-inner\">\n\t\t\t\t<div class=\"elementor-element elementor-element-61ba822 elementor-widget elementor-widget-heading\" data-id=\"61ba822\" data-element_type=\"widget\" data-e-type=\"widget\" data-widget_type=\"heading.default\">\n\t\t\t\t<div class=\"elementor-widget-container\">\n\t\t\t\t\t<h2 class=\"elementor-heading-title elementor-size-default\">Vue du calendrier\n<\/h2>\t\t\t\t<\/div>\n\t\t\t\t<\/div>\n\t\t<div class=\"elementor-element elementor-element-eee7fd6 e-con-full e-flex e-con e-child\" data-id=\"eee7fd6\" data-element_type=\"container\" data-e-type=\"container\">\n\t\t\t\t<div class=\"elementor-element elementor-element-c40c3a9 elementor-widget elementor-widget-heading\" data-id=\"c40c3a9\" data-element_type=\"widget\" data-e-type=\"widget\" data-widget_type=\"heading.default\">\n\t\t\t\t<div class=\"elementor-widget-container\">\n\t\t\t\t\t<h3 class=\"elementor-heading-title elementor-size-default\">CUE Assist\n\n<\/h3>\t\t\t\t<\/div>\n\t\t\t\t<\/div>\n\t\t<div class=\"elementor-element elementor-element-79490a0 e-grid e-con-full e-con e-child\" data-id=\"79490a0\" data-element_type=\"container\" data-e-type=\"container\">\n\t\t<div class=\"elementor-element elementor-element-3c91121 e-con-full e-flex e-con e-child\" data-id=\"3c91121\" data-element_type=\"container\" data-e-type=\"container\">\n\t\t\t\t<div class=\"elementor-element elementor-element-11ca583 elementor-widget elementor-widget-image\" data-id=\"11ca583\" data-element_type=\"widget\" data-e-type=\"widget\" data-widget_type=\"image.default\">\n\t\t\t\t<div class=\"elementor-widget-container\">\n\t\t\t\t\t\t\t\t\t\t\t\t\t\t\t\t<a href=\"https:\/\/www.cuesystem.com\/wp-content\/uploads\/2025\/06\/image-20250318-125320.webp\" data-elementor-open-lightbox=\"yes\" data-e-action-hash=\"#elementor-action%3Aaction%3Dlightbox%26settings%3DeyJpZCI6MzA4NzYsInVybCI6Imh0dHBzOlwvXC93d3cuY3Vlc3lzdGVtLmNvbVwvd3AtY29udGVudFwvdXBsb2Fkc1wvMjAyNVwvMDZcL2ltYWdlLTIwMjUwMzE4LTEyNTMyMC53ZWJwIn0%3D\">\n\t\t\t\t\t\t\t<img loading=\"lazy\" decoding=\"async\" width=\"1024\" height=\"466\" src=\"https:\/\/www.cuesystem.com\/wp-content\/uploads\/2025\/06\/image-20250318-125320-1024x466.webp\" class=\"attachment-large size-large wp-image-30876\" alt=\"\" srcset=\"https:\/\/www.cuesystem.com\/wp-content\/uploads\/2025\/06\/image-20250318-125320-1024x466.webp 1024w, https:\/\/www.cuesystem.com\/wp-content\/uploads\/2025\/06\/image-20250318-125320-300x137.webp 300w, https:\/\/www.cuesystem.com\/wp-content\/uploads\/2025\/06\/image-20250318-125320.webp 1898w\" sizes=\"(max-width: 1024px) 100vw, 1024px\" \/>\t\t\t\t\t\t\t\t<\/a>\n\t\t\t\t\t\t\t\t\t\t\t\t\t\t\t<\/div>\n\t\t\t\t<\/div>\n\t\t\t\t<\/div>\n\t\t<div class=\"elementor-element elementor-element-61067b6 e-con-full e-flex e-con e-child\" data-id=\"61067b6\" data-element_type=\"container\" data-e-type=\"container\">\n\t\t\t\t<div class=\"elementor-element elementor-element-3762fca elementor-widget elementor-widget-text-editor\" data-id=\"3762fca\" data-element_type=\"widget\" data-e-type=\"widget\" data-widget_type=\"text-editor.default\">\n\t\t\t\t<div class=\"elementor-widget-container\">\n\t\t\t\t\t\t\t\t\t<p>Une <strong>version b\u00eata de l&rsquo;affichage du calendrier<\/strong> est d\u00e9sormais disponible pour toutes les r\u00e9servations. Essayez-la et attendez-vous \u00e0 des am\u00e9liorations dans les prochaines versions. Vous pouvez d&rsquo;ores et d\u00e9j\u00e0 <strong>passer<\/strong> d&rsquo;une <strong>vue<\/strong> <strong>journali\u00e8re<\/strong> \u00e0 une <strong>vue<\/strong> <strong>hebdomadaire<\/strong> ou <strong>mensuelle<\/strong> et <strong>filtrer<\/strong> comme vous en aviez l&rsquo;habitude avec la vue en liste.  <\/p><p>La possibilit\u00e9 d&rsquo;<strong>afficher des lieux<\/strong> ou des <strong>calendriers d&rsquo;autres utilisateurs<\/strong> en plus de votre calendrier constitue une am\u00e9lioration significative.<\/p>\t\t\t\t\t\t\t\t<\/div>\n\t\t\t\t<\/div>\n\t\t\t\t<\/div>\n\t\t\t\t<\/div>\n\t\t\t\t<\/div>\n\t\t\t\t\t<\/div>\n\t\t\t\t<\/div>\n\t\t<div class=\"elementor-element elementor-element-1662ccf e-flex e-con-boxed e-con e-child\" data-id=\"1662ccf\" data-element_type=\"container\" data-e-type=\"container\">\n\t\t\t\t\t<div class=\"e-con-inner\">\n\t\t\t\t<div class=\"elementor-element elementor-element-9565692 elementor-widget elementor-widget-heading\" data-id=\"9565692\" data-element_type=\"widget\" data-e-type=\"widget\" data-widget_type=\"heading.default\">\n\t\t\t\t<div class=\"elementor-widget-container\">\n\t\t\t\t\t<h2 class=\"elementor-heading-title elementor-size-default\">Autres am\u00e9liorations\n\n\n<\/h2>\t\t\t\t<\/div>\n\t\t\t\t<\/div>\n\t\t<div class=\"elementor-element elementor-element-ffb0a8f e-con-full e-flex e-con e-child\" data-id=\"ffb0a8f\" data-element_type=\"container\" data-e-type=\"container\">\n\t\t\t\t<div class=\"elementor-element elementor-element-4e05238 elementor-widget elementor-widget-text-editor\" data-id=\"4e05238\" data-element_type=\"widget\" data-e-type=\"widget\" data-widget_type=\"text-editor.default\">\n\t\t\t\t<div class=\"elementor-widget-container\">\n\t\t\t\t\t\t\t\t\t<ul><li>\u00c9changer le d\u00e9but et la fin dans <a href=\"https:\/\/www.cuesystem.com\/fr\/naviguer\/navigation-cue\/\"><strong>CUE Navigation<\/strong><\/a> est une nouvelle fonctionnalit\u00e9 qui consiste \u00e0 cliquer simplement sur les fl\u00e8ches qui les s\u00e9parent.<\/li><li><strong>Am\u00e9liorations graphiques et UX<\/strong> de l&rsquo;ensemble de la navigation et du kiosque. Nous nous sommes concentr\u00e9s sur l&rsquo;utilisation de la navigation par \u00e9tapes, l&rsquo;am\u00e9lioration du passage d&rsquo;une carte \u00e0 l&rsquo;autre, le kiosque de portrait, les filtres, etc. <\/li><li>Une nouvelle option pour <a href=\"https:\/\/www.cuesystem.com\/fr\/reserve\/cue-assist\/\"><strong>CUE Assist<\/strong><\/a> de <strong>d\u00e9finir le premier jour de la semaine<\/strong>. En plus de la <strong>langue<\/strong>, ce param\u00e8tre est sauvegard\u00e9 pour l&rsquo;utilisateur et l&rsquo;administrateur peut voir la valeur d\u00e9finie par l&rsquo;utilisateur dans <a href=\"https:\/\/www.cuesystem.com\/fr\/gerer\/administrateurs-de-la-cue\/\"><strong>CUE Admin<\/strong><\/a>. <\/li><li>Dans le d\u00e9tail de la localisation, il y a maintenant un <strong>lien vers le d\u00e9tail de la ressource<\/strong> dans la navigation.<\/li><li>La possibilit\u00e9 d&rsquo;<strong>exporter les<\/strong> codes QR, les ressources, les unit\u00e9s et les <strong>donn\u00e9es des<\/strong> utilisateurs <strong>vers Excel<\/strong> a \u00e9t\u00e9 ajout\u00e9e dans la section <strong><a href=\"https:\/\/www.cuesystem.com\/fr\/gerer\/administrateurs-de-la-cue\/\">CUE Admin<\/a><\/strong>.<\/li><li>Dans CUE Admin, l&rsquo;<strong>adresse IP<\/strong> de l&rsquo;unit\u00e9 est d\u00e9sormais affich\u00e9e directement <strong>dans la grille de l&rsquo;unit\u00e9<\/strong>, ce qui vous permet de cliquer facilement sur son site Web d&rsquo;administration.<\/li><li>Et bien d&rsquo;autres encore&#8230;<\/li><\/ul>\t\t\t\t\t\t\t\t<\/div>\n\t\t\t\t<\/div>\n\t\t<div class=\"elementor-element elementor-element-a2761ef e-con-full e-flex e-con e-child\" data-id=\"a2761ef\" data-element_type=\"container\" data-e-type=\"container\">\n\t\t\t\t<div class=\"elementor-element elementor-element-4675419 elementor-widget-divider--view-line elementor-widget elementor-widget-divider\" data-id=\"4675419\" data-element_type=\"widget\" data-e-type=\"widget\" data-widget_type=\"divider.default\">\n\t\t\t\t<div class=\"elementor-widget-container\">\n\t\t\t\t\t\t\t<div class=\"elementor-divider\">\n\t\t\t<span class=\"elementor-divider-separator\">\n\t\t\t\t\t\t<\/span>\n\t\t<\/div>\n\t\t\t\t\t\t<\/div>\n\t\t\t\t<\/div>\n\t\t\t\t<div class=\"elementor-element elementor-element-fcafde3 elementor-widget elementor-widget-text-editor\" data-id=\"fcafde3\" data-element_type=\"widget\" data-e-type=\"widget\" data-widget_type=\"text-editor.default\">\n\t\t\t\t<div class=\"elementor-widget-container\">\n\t\t\t\t\t\t\t\t\t<p>Cr\u00e9\u00e9 : 2025-04<\/p>\t\t\t\t\t\t\t\t<\/div>\n\t\t\t\t<\/div>\n\t\t\t\t<div class=\"elementor-element elementor-element-9fcc4e4 elementor-widget-divider--view-line elementor-widget elementor-widget-divider\" data-id=\"9fcc4e4\" data-element_type=\"widget\" data-e-type=\"widget\" data-widget_type=\"divider.default\">\n\t\t\t\t<div class=\"elementor-widget-container\">\n\t\t\t\t\t\t\t<div class=\"elementor-divider\">\n\t\t\t<span class=\"elementor-divider-separator\">\n\t\t\t\t\t\t<\/span>\n\t\t<\/div>\n\t\t\t\t\t\t<\/div>\n\t\t\t\t<\/div>\n\t\t\t\t<\/div>\n\t\t\t\t<\/div>\n\t\t\t\t\t<\/div>\n\t\t\t\t<\/div>\n\t\t\t\t<\/div>\n\t\t\t\t<\/div>\n\t\t","protected":false},"excerpt":{"rendered":"<p>Derni\u00e8res mises \u00e0 jour Lancement de la version 11.24.0 de la solution CUE Nous sommes ravis de partager les derni\u00e8res mises \u00e0 jour et am\u00e9liorations de l&rsquo;\u00e9cosyst\u00e8me de la solution CUE, con\u00e7ues pour rationaliser votre exp\u00e9rience et am\u00e9liorer les fonctionnalit\u00e9s. Regardons-les de plus pr\u00e8s, voulez-vous ? Am\u00e9lioration du d\u00e9tail des ressources CUE Navigation et CUE <a href=\"https:\/\/www.cuesystem.com\/fr\/quoi-de-neuf\/lancement-de-la-version-11-24-0-de-la-solution-cue\/\" class=\"more-link\">&#8230;<span class=\"screen-reader-text\">  Lancement de la version 11.24.0 de la solution CUE<\/span><\/a><\/p>\n","protected":false},"author":11,"featured_media":0,"parent":31298,"menu_order":205,"comment_status":"closed","ping_status":"closed","template":"","meta":{"_acf_changed":false,"inline_featured_image":false,"footnotes":""},"kategorie":[],"class_list":["post-31385","page","type-page","status-publish","hentry"],"acf":[],"_links":{"self":[{"href":"https:\/\/www.cuesystem.com\/fr\/wp-json\/wp\/v2\/pages\/31385","targetHints":{"allow":["GET"]}}],"collection":[{"href":"https:\/\/www.cuesystem.com\/fr\/wp-json\/wp\/v2\/pages"}],"about":[{"href":"https:\/\/www.cuesystem.com\/fr\/wp-json\/wp\/v2\/types\/page"}],"author":[{"embeddable":true,"href":"https:\/\/www.cuesystem.com\/fr\/wp-json\/wp\/v2\/users\/11"}],"replies":[{"embeddable":true,"href":"https:\/\/www.cuesystem.com\/fr\/wp-json\/wp\/v2\/comments?post=31385"}],"version-history":[{"count":1,"href":"https:\/\/www.cuesystem.com\/fr\/wp-json\/wp\/v2\/pages\/31385\/revisions"}],"predecessor-version":[{"id":31390,"href":"https:\/\/www.cuesystem.com\/fr\/wp-json\/wp\/v2\/pages\/31385\/revisions\/31390"}],"up":[{"embeddable":true,"href":"https:\/\/www.cuesystem.com\/fr\/wp-json\/wp\/v2\/pages\/31298"}],"wp:attachment":[{"href":"https:\/\/www.cuesystem.com\/fr\/wp-json\/wp\/v2\/media?parent=31385"}],"wp:term":[{"taxonomy":"kategorie","embeddable":true,"href":"https:\/\/www.cuesystem.com\/fr\/wp-json\/wp\/v2\/kategorie?post=31385"}],"curies":[{"name":"wp","href":"https:\/\/api.w.org\/{rel}","templated":true}]}}