{"id":31400,"date":"2024-11-26T10:28:43","date_gmt":"2024-11-26T09:28:43","guid":{"rendered":"https:\/\/www.cuesystem.com\/quoi-de-neuf\/presentation-de-deux-nouveaux-panneaux-5-economiques\/"},"modified":"2025-06-13T14:34:48","modified_gmt":"2025-06-13T12:34:48","slug":"presentation-de-deux-nouveaux-panneaux-5-economiques","status":"publish","type":"page","link":"https:\/\/www.cuesystem.com\/fr\/quoi-de-neuf\/presentation-de-deux-nouveaux-panneaux-5-economiques\/","title":{"rendered":"Pr\u00e9sentation de deux nouveaux panneaux 5&Prime; \u00e9conomiques"},"content":{"rendered":"\t\t<div data-elementor-type=\"wp-page\" data-elementor-id=\"31400\" class=\"elementor elementor-31400 elementor-30657\" data-elementor-post-type=\"page\">\n\t\t\t\t<div class=\"elementor-element elementor-element-04364c5 e-con-full e-flex e-con e-child\" data-id=\"04364c5\" data-element_type=\"container\" data-e-type=\"container\">\n\t\t\t\t<div class=\"elementor-element elementor-element-67b8ba9 elementor-widget elementor-widget-heading\" data-id=\"67b8ba9\" data-element_type=\"widget\" data-e-type=\"widget\" data-widget_type=\"heading.default\">\n\t\t\t\t<div class=\"elementor-widget-container\">\n\t\t\t\t\t<h3 class=\"elementor-heading-title elementor-size-default\"><span style=\"font-size: 20.8px\">Nouveaux produits<\/span><\/h3>\t\t\t\t<\/div>\n\t\t\t\t<\/div>\n\t\t\t\t<div class=\"elementor-element elementor-element-a17dcb8 elementor-widget elementor-widget-heading\" data-id=\"a17dcb8\" data-element_type=\"widget\" data-e-type=\"widget\" data-widget_type=\"heading.default\">\n\t\t\t\t<div class=\"elementor-widget-container\">\n\t\t\t\t\t<h1 class=\"elementor-heading-title elementor-size-default\">Pr\u00e9sentation de deux nouveaux panneaux 5\" \u00e9conomiques<\/h1>\t\t\t\t<\/div>\n\t\t\t\t<\/div>\n\t\t\t\t<div class=\"elementor-element elementor-element-bbe9b2f elementor-widget-divider--view-line elementor-widget elementor-widget-divider\" data-id=\"bbe9b2f\" data-element_type=\"widget\" data-e-type=\"widget\" data-widget_type=\"divider.default\">\n\t\t\t\t<div class=\"elementor-widget-container\">\n\t\t\t\t\t\t\t<div class=\"elementor-divider\">\n\t\t\t<span class=\"elementor-divider-separator\">\n\t\t\t\t\t\t<\/span>\n\t\t<\/div>\n\t\t\t\t\t\t<\/div>\n\t\t\t\t<\/div>\n\t\t<div class=\"elementor-element elementor-element-2970e8d e-flex e-con-boxed e-con e-child\" data-id=\"2970e8d\" data-element_type=\"container\" data-e-type=\"container\">\n\t\t\t\t\t<div class=\"e-con-inner\">\n\t\t\t\t<div class=\"elementor-element elementor-element-ce57d3b elementor-widget elementor-widget-image\" data-id=\"ce57d3b\" data-element_type=\"widget\" data-e-type=\"widget\" data-widget_type=\"image.default\">\n\t\t\t\t<div class=\"elementor-widget-container\">\n\t\t\t\t\t\t\t\t\t\t\t\t\t\t\t<img fetchpriority=\"high\" decoding=\"async\" width=\"1024\" height=\"245\" src=\"https:\/\/www.cuesystem.com\/wp-content\/uploads\/2025\/06\/NewFiveInchesPanels_2-1024x245.webp\" class=\"attachment-large size-large wp-image-30689\" alt=\"\" srcset=\"https:\/\/www.cuesystem.com\/wp-content\/uploads\/2025\/06\/NewFiveInchesPanels_2-1024x245.webp 1024w, https:\/\/www.cuesystem.com\/wp-content\/uploads\/2025\/06\/NewFiveInchesPanels_2-300x72.webp 300w, https:\/\/www.cuesystem.com\/wp-content\/uploads\/2025\/06\/NewFiveInchesPanels_2.webp 1642w\" sizes=\"(max-width: 1024px) 100vw, 1024px\" \/>\t\t\t\t\t\t\t\t\t\t\t\t\t\t\t<\/div>\n\t\t\t\t<\/div>\n\t\t\t\t\t<\/div>\n\t\t\t\t<\/div>\n\t\t\t\t<div class=\"elementor-element elementor-element-a393d97 elementor-widget-divider--view-line elementor-widget elementor-widget-divider\" data-id=\"a393d97\" data-element_type=\"widget\" data-e-type=\"widget\" data-widget_type=\"divider.default\">\n\t\t\t\t<div class=\"elementor-widget-container\">\n\t\t\t\t\t\t\t<div class=\"elementor-divider\">\n\t\t\t<span class=\"elementor-divider-separator\">\n\t\t\t\t\t\t<\/span>\n\t\t<\/div>\n\t\t\t\t\t\t<\/div>\n\t\t\t\t<\/div>\n\t\t<div class=\"elementor-element elementor-element-7b8c2f0 e-flex e-con-boxed e-con e-child\" data-id=\"7b8c2f0\" data-element_type=\"container\" data-e-type=\"container\">\n\t\t\t\t\t<div class=\"e-con-inner\">\n\t\t\t\t<div class=\"elementor-element elementor-element-3f393fd elementor-widget elementor-widget-text-editor\" data-id=\"3f393fd\" data-element_type=\"widget\" data-e-type=\"widget\" data-widget_type=\"text-editor.default\">\n\t\t\t\t<div class=\"elementor-widget-container\">\n\t\t\t\t\t\t\t\t\t<p>D\u00e9couvrez nos derni\u00e8res innovations : le <a href=\"https:\/\/docs.cuesystem.com\/space\/PRODUCTS\/664666192\"><strong>touchCUE-5-knob<\/strong><\/a> et le contr\u00f4leur, et le <strong><a href=\"https:\/\/docs.cuesystem.com\/space\/PRODUCTS\/1288175654\">touchONE-5<\/a><\/strong> et le panneau de r\u00e9servation touchONE-5. Con\u00e7us pour offrir des performances et des fonctionnalit\u00e9s exceptionnelles, ces panneaux sont parfaits pour les lieux de travail modernes, les salles de classe, les centres de formation et les micro-bureaux. <\/p>\t\t\t\t\t\t\t\t<\/div>\n\t\t\t\t<\/div>\n\t\t\t\t\t<\/div>\n\t\t\t\t<\/div>\n\t\t<div class=\"elementor-element elementor-element-32f7824 e-flex e-con-boxed e-con e-child\" data-id=\"32f7824\" data-element_type=\"container\" data-e-type=\"container\">\n\t\t\t\t\t<div class=\"e-con-inner\">\n\t\t\t\t<div class=\"elementor-element elementor-element-d96af9e elementor-widget elementor-widget-heading\" data-id=\"d96af9e\" data-element_type=\"widget\" data-e-type=\"widget\" data-widget_type=\"heading.default\">\n\t\t\t\t<div class=\"elementor-widget-container\">\n\t\t\t\t\t<h2 class=\"elementor-heading-title elementor-size-default\">Fonctionnalit\u00e9s partag\u00e9es : Une plateforme de possibilit\u00e9s<\/h2>\t\t\t\t<\/div>\n\t\t\t\t<\/div>\n\t\t\t\t<div class=\"elementor-element elementor-element-14ffd6c elementor-widget elementor-widget-text-editor\" data-id=\"14ffd6c\" data-element_type=\"widget\" data-e-type=\"widget\" data-widget_type=\"text-editor.default\">\n\t\t\t\t<div class=\"elementor-widget-container\">\n\t\t\t\t\t\t\t\t\t<ul><li>Les deux panneaux sont construits sur la plateforme \u00e9prouv\u00e9e utilis\u00e9e dans nos panneaux tactiles existants et disposent d&rsquo;un <strong>\u00e9cran de 5 pouces<\/strong> d&rsquo;une r\u00e9solution de <strong>1280 x 720 pixels.<\/strong><\/li><li>Leur design fin et \u00e9l\u00e9gant est log\u00e9 dans un bo\u00eetier en plastique durable, offrant une esth\u00e9tique moderne et une grande praticit\u00e9.<\/li><li>Avec des options d&rsquo;installation polyvalentes, ils peuvent \u00eatre mont\u00e9s sur une table, un mur ou toute autre surface plane, en <strong>mode<\/strong> <strong>paysage<\/strong> ou <strong>portrait<\/strong>. Un adaptateur de montage garantit une compatibilit\u00e9 parfaite avec les bo\u00eetiers muraux \u00e9lectriques standard, ce qui facilite l&rsquo;installation. <\/li><li>Aliment\u00e9s par Power over Ethernet (PoE), ces panneaux ne n\u00e9cessitent qu&rsquo;un seul c\u00e2ble Ethernet pour fournir \u00e0 la fois l&rsquo;alimentation et les donn\u00e9es, ce qui rationalise l&rsquo;installation et simplifie l&rsquo;int\u00e9gration du r\u00e9seau.<\/li><li>En outre, les deux mod\u00e8les sont enti\u00e8rement compatibles avec le <strong><a href=\"https:\/\/docs.cuesystem.com\/space\/PRODUCTS\/1015939092\">Support de table 5<\/a><\/strong>qui positionne les panneaux \u00e0 un angle ergonomique de 15\u00b0 pour am\u00e9liorer la convivialit\u00e9 et le confort d&rsquo;utilisation. Qu&rsquo;ils soient install\u00e9s sur une table ou fix\u00e9s au mur, ces panneaux sont con\u00e7us pour am\u00e9liorer la fonctionnalit\u00e9 et l&rsquo;exp\u00e9rience de l&rsquo;utilisateur dans n&rsquo;importe quel environnement. <\/li><\/ul>\t\t\t\t\t\t\t\t<\/div>\n\t\t\t\t<\/div>\n\t\t\t\t\t<\/div>\n\t\t\t\t<\/div>\n\t\t<div class=\"elementor-element elementor-element-4e35e8a e-grid e-con-boxed e-con e-child\" data-id=\"4e35e8a\" data-element_type=\"container\" data-e-type=\"container\">\n\t\t\t\t\t<div class=\"e-con-inner\">\n\t\t<div class=\"elementor-element elementor-element-f39e8a0 e-con-full e-flex e-con e-child\" data-id=\"f39e8a0\" data-element_type=\"container\" data-e-type=\"container\">\n\t\t\t\t<div class=\"elementor-element elementor-element-a4de883 elementor-widget elementor-widget-heading\" data-id=\"a4de883\" data-element_type=\"widget\" data-e-type=\"widget\" data-widget_type=\"heading.default\">\n\t\t\t\t<div class=\"elementor-widget-container\">\n\t\t\t\t\t<h2 class=\"elementor-heading-title elementor-size-default\"><a href=\"https:\/\/docs.cuesystem.com\/space\/PRODUCTS\/664666192\">bouton touchCUE-5<\/a><\/h2>\t\t\t\t<\/div>\n\t\t\t\t<\/div>\n\t\t\t\t<div class=\"elementor-element elementor-element-884bcbb elementor-widget elementor-widget-text-editor\" data-id=\"884bcbb\" data-element_type=\"widget\" data-e-type=\"widget\" data-widget_type=\"text-editor.default\">\n\t\t\t\t<div class=\"elementor-widget-container\">\n\t\t\t\t\t\t\t\t\t<ul><li>Le bouton <strong><a href=\"https:\/\/docs.cuesystem.com\/space\/PRODUCTS\/664666192\">touchCUE-5-knob<\/a><\/strong> est un <strong>\u00e9cran tactile de contr\u00f4le complet<\/strong> qui sert \u00e9galement de contr\u00f4leur, \u00e9liminant ainsi le besoin d&rsquo;un contr\u00f4leur s\u00e9par\u00e9 si tous les appareils connect\u00e9s sont compatibles IP. Il s&rsquo;agit donc d&rsquo;une solution id\u00e9ale et <strong>rentable<\/strong> pour les <strong>salles de classe<\/strong>, les <strong>centres de<\/strong> <strong>formation<\/strong>, les <strong>salles de r\u00e9union<\/strong> et autres espaces professionnels. <\/li><li>Avec CUE Visual Composer, le panneau est <strong>enti\u00e8rement programmable<\/strong>, ce qui vous permet de cr\u00e9er de superbes pr\u00e9sentations personnalis\u00e9es \u00e0 l&rsquo;aide de biblioth\u00e8ques graphiques.<\/li><li>Pour plus de commodit\u00e9, les <strong>boutons programmables<\/strong> \u00e9clair\u00e9s peuvent g\u00e9rer des fonctions cl\u00e9s telles que la mise en marche et l&rsquo;arr\u00eat du syst\u00e8me ou d&rsquo;autres commandes pr\u00e9d\u00e9finies &#8211; parfaites pour des actions rapides sans avoir besoin de l&rsquo;\u00e9cran tactile.<\/li><li>Le <strong>bouton rotatif avec interrupteur \u00e0 poussoir<\/strong> am\u00e9liore encore la fonctionnalit\u00e9, offrant un r\u00e9glage rapide et intuitif du volume, un contr\u00f4le de la sourdine et d&rsquo;autres changements de valeurs analogiques.<\/li><li>Parmi les autres caract\u00e9ristiques remarquables, citons<ul><li><strong>Visualisation de vid\u00e9os en direct<\/strong> \u00e0 partir de cam\u00e9ras IP ou d&rsquo;autres sources vid\u00e9o connect\u00e9es \u00e0 l&rsquo;Ethernet.<\/li><li>La <strong>navigation sur le web<\/strong> permet de contr\u00f4ler directement les appareils \u00e0 l&rsquo;aide d&rsquo;une interface utilisateur web.<\/li><\/ul><\/li><\/ul><p>Pour plus de d\u00e9tails, voir <strong><a href=\"https:\/\/docs.cuesystem.com\/space\/PRODUCTS\/664666192\">la fiche technique du produit<\/a><\/strong>.<\/p>\t\t\t\t\t\t\t\t<\/div>\n\t\t\t\t<\/div>\n\t\t\t\t<\/div>\n\t\t<div class=\"elementor-element elementor-element-d644c3f e-con-full e-flex e-con e-child\" data-id=\"d644c3f\" data-element_type=\"container\" data-e-type=\"container\">\n\t\t\t\t<div class=\"elementor-element elementor-element-e71c157 elementor-widget elementor-widget-image\" data-id=\"e71c157\" data-element_type=\"widget\" data-e-type=\"widget\" data-widget_type=\"image.default\">\n\t\t\t\t<div class=\"elementor-widget-container\">\n\t\t\t\t\t\t\t\t\t\t\t\t\t\t\t<img decoding=\"async\" width=\"300\" height=\"177\" src=\"https:\/\/www.cuesystem.com\/wp-content\/uploads\/2025\/06\/touchCUE-5-knob_stand_A-300x177.webp\" class=\"attachment-medium size-medium wp-image-30694\" alt=\"\" srcset=\"https:\/\/www.cuesystem.com\/wp-content\/uploads\/2025\/06\/touchCUE-5-knob_stand_A-300x177.webp 300w, https:\/\/www.cuesystem.com\/wp-content\/uploads\/2025\/06\/touchCUE-5-knob_stand_A-1024x603.webp 1024w\" sizes=\"(max-width: 300px) 100vw, 300px\" \/>\t\t\t\t\t\t\t\t\t\t\t\t\t\t\t<\/div>\n\t\t\t\t<\/div>\n\t\t\t\t<div class=\"elementor-element elementor-element-733315a elementor-widget elementor-widget-image\" data-id=\"733315a\" data-element_type=\"widget\" data-e-type=\"widget\" data-widget_type=\"image.default\">\n\t\t\t\t<div class=\"elementor-widget-container\">\n\t\t\t\t\t\t\t\t\t\t\t\t\t\t\t<img decoding=\"async\" width=\"157\" height=\"300\" src=\"https:\/\/www.cuesystem.com\/wp-content\/uploads\/2025\/06\/touchCUE-5-knob_wall-portrait_A-157x300.webp\" class=\"attachment-medium size-medium wp-image-30699\" alt=\"\" srcset=\"https:\/\/www.cuesystem.com\/wp-content\/uploads\/2025\/06\/touchCUE-5-knob_wall-portrait_A-157x300.webp 157w, https:\/\/www.cuesystem.com\/wp-content\/uploads\/2025\/06\/touchCUE-5-knob_wall-portrait_A-537x1024.webp 537w, https:\/\/www.cuesystem.com\/wp-content\/uploads\/2025\/06\/touchCUE-5-knob_wall-portrait_A.webp 1752w\" sizes=\"(max-width: 157px) 100vw, 157px\" \/>\t\t\t\t\t\t\t\t\t\t\t\t\t\t\t<\/div>\n\t\t\t\t<\/div>\n\t\t\t\t<\/div>\n\t\t\t\t\t<\/div>\n\t\t\t\t<\/div>\n\t\t<div class=\"elementor-element elementor-element-26fb6c2 e-grid e-con-boxed e-con e-child\" data-id=\"26fb6c2\" data-element_type=\"container\" data-e-type=\"container\">\n\t\t\t\t\t<div class=\"e-con-inner\">\n\t\t<div class=\"elementor-element elementor-element-21a6cdc e-con-full e-flex e-con e-child\" data-id=\"21a6cdc\" data-element_type=\"container\" data-e-type=\"container\">\n\t\t\t\t<div class=\"elementor-element elementor-element-fd3d9ff elementor-widget elementor-widget-image\" data-id=\"fd3d9ff\" data-element_type=\"widget\" data-e-type=\"widget\" data-widget_type=\"image.default\">\n\t\t\t\t<div class=\"elementor-widget-container\">\n\t\t\t\t\t\t\t\t\t\t\t\t\t\t\t<img loading=\"lazy\" decoding=\"async\" width=\"300\" height=\"153\" src=\"https:\/\/www.cuesystem.com\/wp-content\/uploads\/2025\/06\/touchONE-5_stand_occupied_A-300x153.webp\" class=\"attachment-medium size-medium wp-image-30704\" alt=\"\" srcset=\"https:\/\/www.cuesystem.com\/wp-content\/uploads\/2025\/06\/touchONE-5_stand_occupied_A-300x153.webp 300w, https:\/\/www.cuesystem.com\/wp-content\/uploads\/2025\/06\/touchONE-5_stand_occupied_A-1024x523.webp 1024w\" sizes=\"(max-width: 300px) 100vw, 300px\" \/>\t\t\t\t\t\t\t\t\t\t\t\t\t\t\t<\/div>\n\t\t\t\t<\/div>\n\t\t\t\t<div class=\"elementor-element elementor-element-a5ce0bb elementor-widget elementor-widget-image\" data-id=\"a5ce0bb\" data-element_type=\"widget\" data-e-type=\"widget\" data-widget_type=\"image.default\">\n\t\t\t\t<div class=\"elementor-widget-container\">\n\t\t\t\t\t\t\t\t\t\t\t\t\t\t\t<img loading=\"lazy\" decoding=\"async\" width=\"157\" height=\"300\" src=\"https:\/\/www.cuesystem.com\/wp-content\/uploads\/2025\/06\/touchONE-5_wall-portrait_occupied_A-157x300.webp\" class=\"attachment-medium size-medium wp-image-30709\" alt=\"\" srcset=\"https:\/\/www.cuesystem.com\/wp-content\/uploads\/2025\/06\/touchONE-5_wall-portrait_occupied_A-157x300.webp 157w, https:\/\/www.cuesystem.com\/wp-content\/uploads\/2025\/06\/touchONE-5_wall-portrait_occupied_A-537x1024.webp 537w, https:\/\/www.cuesystem.com\/wp-content\/uploads\/2025\/06\/touchONE-5_wall-portrait_occupied_A.webp 1537w\" sizes=\"(max-width: 157px) 100vw, 157px\" \/>\t\t\t\t\t\t\t\t\t\t\t\t\t\t\t<\/div>\n\t\t\t\t<\/div>\n\t\t\t\t<\/div>\n\t\t<div class=\"elementor-element elementor-element-3ffaf7c e-con-full e-flex e-con e-child\" data-id=\"3ffaf7c\" data-element_type=\"container\" data-e-type=\"container\">\n\t\t\t\t<div class=\"elementor-element elementor-element-c05eb60 elementor-widget elementor-widget-heading\" data-id=\"c05eb60\" data-element_type=\"widget\" data-e-type=\"widget\" data-widget_type=\"heading.default\">\n\t\t\t\t<div class=\"elementor-widget-container\">\n\t\t\t\t\t<h2 class=\"elementor-heading-title elementor-size-default\"><a href=\"https:\/\/docs.cuesystem.com\/space\/PRODUCTS\/1288175654\">touchONE-5<\/a><\/h2>\t\t\t\t<\/div>\n\t\t\t\t<\/div>\n\t\t\t\t<div class=\"elementor-element elementor-element-dd8c544 elementor-widget elementor-widget-text-editor\" data-id=\"dd8c544\" data-element_type=\"widget\" data-e-type=\"widget\" data-widget_type=\"text-editor.default\">\n\t\t\t\t<div class=\"elementor-widget-container\">\n\t\t\t\t\t\t\t\t\t<ul><li>Le <strong><a href=\"https:\/\/docs.cuesystem.com\/space\/PRODUCTS\/1288175654\">touchONE-5<\/a><\/strong> est un <strong>panneau de r\u00e9servation<\/strong> adapt\u00e9 \u00e0 tout <strong>lieu de travail<\/strong>, <strong>micro-bureau<\/strong>, <strong>salle de r\u00e9union<\/strong> ou autre type de ressource.<\/li><li>Le panneau de r\u00e9servation est livr\u00e9 avec une <strong>application de r\u00e9servation d\u00e9di\u00e9e<\/strong> et fonctionne comme un <strong>client<\/strong> <strong>direct<\/strong> <strong>pour les syst\u00e8mes de calendrier<\/strong>, par exemple Microsoft 365, Google Workspace ou CUE Calendar &#8211; aucun mat\u00e9riel ou logiciel suppl\u00e9mentaire n&rsquo;est n\u00e9cessaire.<\/li><li>Son<strong> interface intuitive<\/strong> affiche l&rsquo;\u00e9tat actuel de la salle et un calendrier des \u00e9v\u00e9nements \u00e0 venir, tout en permettant aux utilisateurs de r\u00e9server un espace, de prolonger les r\u00e9servations ou d&rsquo;annuler des \u00e9v\u00e9nements directement \u00e0 partir du panneau. De nombreuses autres fonctions sont disponibles. <\/li><li>Con\u00e7u pour \u00eatre polyvalent, le <strong><a href=\"https:\/\/docs.cuesystem.com\/space\/PRODUCTS\/1288175654\">touchONE-5<\/a><\/strong> dispose \u00e9galement d&rsquo;une <strong>fonctionnalit\u00e9 d&rsquo;affichage num\u00e9rique simple<\/strong> gr\u00e2ce \u00e0 son mode info. Celui-ci permet d&rsquo;afficher des s\u00e9quences d&rsquo;images, personnalisables via l&rsquo;application CUE Admin, offrant une mani\u00e8re \u00e9l\u00e9gante de partager des informations ou des messages de marque. <\/li><\/ul><p>Pour plus de d\u00e9tails, voir <strong><a href=\"https:\/\/docs.cuesystem.com\/space\/PRODUCTS\/1288175654\">la fiche technique du produit<\/a><\/strong>.<\/p>\t\t\t\t\t\t\t\t<\/div>\n\t\t\t\t<\/div>\n\t\t\t\t<\/div>\n\t\t\t\t\t<\/div>\n\t\t\t\t<\/div>\n\t\t<div class=\"elementor-element elementor-element-c365ab7 e-flex e-con-boxed e-con e-child\" data-id=\"c365ab7\" data-element_type=\"container\" data-e-type=\"container\" data-settings=\"{&quot;background_background&quot;:&quot;classic&quot;}\">\n\t\t\t\t\t<div class=\"e-con-inner\">\n\t\t<div class=\"elementor-element elementor-element-fe97168 e-con-full e-flex e-con e-child\" data-id=\"fe97168\" data-element_type=\"container\" data-e-type=\"container\">\n\t\t\t\t<div class=\"elementor-element elementor-element-399b2d4 elementor-widget elementor-widget-heading\" data-id=\"399b2d4\" data-element_type=\"widget\" data-e-type=\"widget\" data-widget_type=\"heading.default\">\n\t\t\t\t<div class=\"elementor-widget-container\">\n\t\t\t\t\t<h2 class=\"elementor-heading-title elementor-size-default\">Gestion centrale<\/h2>\t\t\t\t<\/div>\n\t\t\t\t<\/div>\n\t\t\t\t<div class=\"elementor-element elementor-element-68f9055 elementor-widget elementor-widget-text-editor\" data-id=\"68f9055\" data-element_type=\"widget\" data-e-type=\"widget\" data-widget_type=\"text-editor.default\">\n\t\t\t\t<div class=\"elementor-widget-container\">\n\t\t\t\t\t\t\t\t\t<p>Les deux panneaux peuvent \u00eatre <strong>g\u00e9r\u00e9s de mani\u00e8re centralis\u00e9e et \u00e0 distance<\/strong> \u00e0 l&rsquo;aide du logiciel bas\u00e9 sur le cloud. <a href=\"https:\/\/www.cuesystem.com\/fr\/solution-cue\/\"><strong>CUE Solution<\/strong><\/a>version 11.11.3 ou sup\u00e9rieure.<\/p><p>Pour plus de d\u00e9tails sur la t\u00e9l\u00e9gestion centralis\u00e9e, voir<\/p><ul><li><a href=\"https:\/\/docs.cuesystem.com\/space\/CVCBP\/1372553259\"><strong>Gestion centralis\u00e9e du syst\u00e8me de contr\u00f4le \u00e0 l&rsquo;aide de la solution CUE<\/strong><\/a><\/li><li><strong><a href=\"https:\/\/docs.cuesystem.com\/space\/TAM\/162004993\">Administration des unit\u00e9s<\/a><\/strong><\/li><\/ul>\t\t\t\t\t\t\t\t<\/div>\n\t\t\t\t<\/div>\n\t\t\t\t<\/div>\n\t\t\t\t\t<\/div>\n\t\t\t\t<\/div>\n\t\t\t\t<\/div>\n\t\t\t\t<\/div>\n\t\t","protected":false},"excerpt":{"rendered":"<p>Nouveaux produits Pr\u00e9sentation de deux nouveaux panneaux 5&Prime; \u00e9conomiques D\u00e9couvrez nos derni\u00e8res innovations : le touchCUE-5-knob et le contr\u00f4leur, et le touchONE-5 et le panneau de r\u00e9servation touchONE-5. Con\u00e7us pour offrir des performances et des fonctionnalit\u00e9s exceptionnelles, ces panneaux sont parfaits pour les lieux de travail modernes, les salles de classe, les centres de formation <a href=\"https:\/\/www.cuesystem.com\/fr\/quoi-de-neuf\/presentation-de-deux-nouveaux-panneaux-5-economiques\/\" class=\"more-link\">&#8230;<span class=\"screen-reader-text\">  Pr\u00e9sentation de deux nouveaux panneaux 5&Prime; \u00e9conomiques<\/span><\/a><\/p>\n","protected":false},"author":11,"featured_media":0,"parent":31298,"menu_order":189,"comment_status":"closed","ping_status":"closed","template":"","meta":{"_acf_changed":false,"inline_featured_image":false,"footnotes":""},"kategorie":[],"class_list":["post-31400","page","type-page","status-publish","hentry"],"acf":[],"_links":{"self":[{"href":"https:\/\/www.cuesystem.com\/fr\/wp-json\/wp\/v2\/pages\/31400","targetHints":{"allow":["GET"]}}],"collection":[{"href":"https:\/\/www.cuesystem.com\/fr\/wp-json\/wp\/v2\/pages"}],"about":[{"href":"https:\/\/www.cuesystem.com\/fr\/wp-json\/wp\/v2\/types\/page"}],"author":[{"embeddable":true,"href":"https:\/\/www.cuesystem.com\/fr\/wp-json\/wp\/v2\/users\/11"}],"replies":[{"embeddable":true,"href":"https:\/\/www.cuesystem.com\/fr\/wp-json\/wp\/v2\/comments?post=31400"}],"version-history":[{"count":1,"href":"https:\/\/www.cuesystem.com\/fr\/wp-json\/wp\/v2\/pages\/31400\/revisions"}],"predecessor-version":[{"id":31402,"href":"https:\/\/www.cuesystem.com\/fr\/wp-json\/wp\/v2\/pages\/31400\/revisions\/31402"}],"up":[{"embeddable":true,"href":"https:\/\/www.cuesystem.com\/fr\/wp-json\/wp\/v2\/pages\/31298"}],"wp:attachment":[{"href":"https:\/\/www.cuesystem.com\/fr\/wp-json\/wp\/v2\/media?parent=31400"}],"wp:term":[{"taxonomy":"kategorie","embeddable":true,"href":"https:\/\/www.cuesystem.com\/fr\/wp-json\/wp\/v2\/kategorie?post=31400"}],"curies":[{"name":"wp","href":"https:\/\/api.w.org\/{rel}","templated":true}]}}