{"id":31411,"date":"2024-12-10T15:54:34","date_gmt":"2024-12-10T14:54:34","guid":{"rendered":"https:\/\/www.cuesystem.com\/quoi-de-neuf\/finaliste-des-inavation-awards-2025\/"},"modified":"2025-06-13T14:35:44","modified_gmt":"2025-06-13T12:35:44","slug":"finaliste-des-inavation-awards-2025","status":"publish","type":"page","link":"https:\/\/www.cuesystem.com\/fr\/quoi-de-neuf\/finaliste-des-inavation-awards-2025\/","title":{"rendered":"Finaliste des InAVation Awards 2025"},"content":{"rendered":"\t\t<div data-elementor-type=\"wp-page\" data-elementor-id=\"31411\" class=\"elementor elementor-31411 elementor-30591\" data-elementor-post-type=\"page\">\n\t\t\t\t<div class=\"elementor-element elementor-element-7abcf61 e-con-full e-flex e-con e-child\" data-id=\"7abcf61\" data-element_type=\"container\" data-e-type=\"container\">\n\t\t\t\t<div class=\"elementor-element elementor-element-ab07d97 elementor-widget elementor-widget-heading\" data-id=\"ab07d97\" data-element_type=\"widget\" data-e-type=\"widget\" data-widget_type=\"heading.default\">\n\t\t\t\t<div class=\"elementor-widget-container\">\n\t\t\t\t\t<h3 class=\"elementor-heading-title elementor-size-default\"><span style=\"font-size: 20.8px\">Annonce<\/span><\/h3>\t\t\t\t<\/div>\n\t\t\t\t<\/div>\n\t\t\t\t<div class=\"elementor-element elementor-element-2ef377f elementor-widget elementor-widget-heading\" data-id=\"2ef377f\" data-element_type=\"widget\" data-e-type=\"widget\" data-widget_type=\"heading.default\">\n\t\t\t\t<div class=\"elementor-widget-container\">\n\t\t\t\t\t<h1 class=\"elementor-heading-title elementor-size-default\">Finaliste des InAVation Awards 2025<\/h1>\t\t\t\t<\/div>\n\t\t\t\t<\/div>\n\t\t\t\t<div class=\"elementor-element elementor-element-32f6db6 elementor-widget-divider--view-line elementor-widget elementor-widget-divider\" data-id=\"32f6db6\" data-element_type=\"widget\" data-e-type=\"widget\" data-widget_type=\"divider.default\">\n\t\t\t\t<div class=\"elementor-widget-container\">\n\t\t\t\t\t\t\t<div class=\"elementor-divider\">\n\t\t\t<span class=\"elementor-divider-separator\">\n\t\t\t\t\t\t<\/span>\n\t\t<\/div>\n\t\t\t\t\t\t<\/div>\n\t\t\t\t<\/div>\n\t\t<div class=\"elementor-element elementor-element-817c993 e-flex e-con-boxed e-con e-child\" data-id=\"817c993\" data-element_type=\"container\" data-e-type=\"container\">\n\t\t\t\t\t<div class=\"e-con-inner\">\n\t\t\t\t<div class=\"elementor-element elementor-element-9315e84 elementor-widget elementor-widget-image\" data-id=\"9315e84\" data-element_type=\"widget\" data-e-type=\"widget\" data-widget_type=\"image.default\">\n\t\t\t\t<div class=\"elementor-widget-container\">\n\t\t\t\t\t\t\t\t\t\t\t\t\t\t\t<img decoding=\"async\" width=\"300\" height=\"86\" src=\"https:\/\/www.cuesystem.com\/wp-content\/uploads\/2025\/06\/INQ-FINALIST-HORIZONTAL-black_copy-300x86.webp\" class=\"attachment-medium size-medium wp-image-30807\" alt=\"\" srcset=\"https:\/\/www.cuesystem.com\/wp-content\/uploads\/2025\/06\/INQ-FINALIST-HORIZONTAL-black_copy-300x86.webp 300w, https:\/\/www.cuesystem.com\/wp-content\/uploads\/2025\/06\/INQ-FINALIST-HORIZONTAL-black_copy-1024x295.webp 1024w, https:\/\/www.cuesystem.com\/wp-content\/uploads\/2025\/06\/INQ-FINALIST-HORIZONTAL-black_copy-350x100.webp 350w\" sizes=\"(max-width: 300px) 100vw, 300px\" \/>\t\t\t\t\t\t\t\t\t\t\t\t\t\t\t<\/div>\n\t\t\t\t<\/div>\n\t\t\t\t<div class=\"elementor-element elementor-element-ff73d7d elementor-widget-divider--view-line elementor-widget elementor-widget-divider\" data-id=\"ff73d7d\" data-element_type=\"widget\" data-e-type=\"widget\" data-widget_type=\"divider.default\">\n\t\t\t\t<div class=\"elementor-widget-container\">\n\t\t\t\t\t\t\t<div class=\"elementor-divider\">\n\t\t\t<span class=\"elementor-divider-separator\">\n\t\t\t\t\t\t<\/span>\n\t\t<\/div>\n\t\t\t\t\t\t<\/div>\n\t\t\t\t<\/div>\n\t\t\t\t<div class=\"elementor-element elementor-element-00f18ad elementor-widget elementor-widget-text-editor\" data-id=\"00f18ad\" data-element_type=\"widget\" data-e-type=\"widget\" data-widget_type=\"text-editor.default\">\n\t\t\t\t<div class=\"elementor-widget-container\">\n\t\t\t\t\t\t\t\t\t<p>Nous sommes fiers d&rsquo;annoncer que CUE est <strong>doublement finaliste<\/strong> des <strong>prestigieux <a href=\"https:\/\/www.inavationawards.com\/\">InAVation Awards 2025, d\u00e9cern\u00e9s<\/a><\/strong> par <strong>Inavate <\/strong>+ <strong>ISE<\/strong>! Cette reconnaissance souligne notre <strong>engagement en faveur de l&rsquo;innovation<\/strong> et de l&rsquo;<strong>excellence dans l&rsquo;industrie audiovisuelle<\/strong>.<\/p><p>Nous avons maintenant besoin de votre soutien pour aller jusqu&rsquo;au bout ! Le<strong> vote est ouvert<\/strong> et chaque voix compte.<\/p><h3>Cat\u00e9gories de finalistes :<\/h3>\t\t\t\t\t\t\t\t<\/div>\n\t\t\t\t<\/div>\n\t\t<div class=\"elementor-element elementor-element-0a5e0fe e-con-full e-flex e-con e-child\" data-id=\"0a5e0fe\" data-element_type=\"container\" data-e-type=\"container\">\n\t\t<div class=\"elementor-element elementor-element-0c50b60 e-grid e-con-full e-con e-child\" data-id=\"0c50b60\" data-element_type=\"container\" data-e-type=\"container\">\n\t\t\t\t<div class=\"elementor-element elementor-element-f7e34fe elementor-widget elementor-widget-image\" data-id=\"f7e34fe\" data-element_type=\"widget\" data-e-type=\"widget\" data-widget_type=\"image.default\">\n\t\t\t\t<div class=\"elementor-widget-container\">\n\t\t\t\t\t\t\t\t\t\t\t\t\t\t\t<img fetchpriority=\"high\" decoding=\"async\" width=\"300\" height=\"300\" src=\"https:\/\/www.cuesystem.com\/wp-content\/uploads\/2025\/06\/1-300x300.webp\" class=\"attachment-medium size-medium wp-image-30797\" alt=\"\" srcset=\"https:\/\/www.cuesystem.com\/wp-content\/uploads\/2025\/06\/1-300x300.webp 300w, https:\/\/www.cuesystem.com\/wp-content\/uploads\/2025\/06\/1-1024x1024.webp 1024w, https:\/\/www.cuesystem.com\/wp-content\/uploads\/2025\/06\/1-150x150.webp 150w, https:\/\/www.cuesystem.com\/wp-content\/uploads\/2025\/06\/1.webp 1080w\" sizes=\"(max-width: 300px) 100vw, 300px\" \/>\t\t\t\t\t\t\t\t\t\t\t\t\t\t\t<\/div>\n\t\t\t\t<\/div>\n\t\t\t\t<div class=\"elementor-element elementor-element-f69eac1 elementor-widget elementor-widget-image\" data-id=\"f69eac1\" data-element_type=\"widget\" data-e-type=\"widget\" data-widget_type=\"image.default\">\n\t\t\t\t<div class=\"elementor-widget-container\">\n\t\t\t\t\t\t\t\t\t\t\t\t\t\t\t<img decoding=\"async\" width=\"300\" height=\"300\" src=\"https:\/\/www.cuesystem.com\/wp-content\/uploads\/2025\/06\/2-300x300.webp\" class=\"attachment-medium size-medium wp-image-30802\" alt=\"\" srcset=\"https:\/\/www.cuesystem.com\/wp-content\/uploads\/2025\/06\/2-300x300.webp 300w, https:\/\/www.cuesystem.com\/wp-content\/uploads\/2025\/06\/2-1024x1024.webp 1024w, https:\/\/www.cuesystem.com\/wp-content\/uploads\/2025\/06\/2-150x150.webp 150w, https:\/\/www.cuesystem.com\/wp-content\/uploads\/2025\/06\/2.webp 1080w\" sizes=\"(max-width: 300px) 100vw, 300px\" \/>\t\t\t\t\t\t\t\t\t\t\t\t\t\t\t<\/div>\n\t\t\t\t<\/div>\n\t\t\t\t<div class=\"elementor-element elementor-element-af8ef55 elementor-widget elementor-widget-text-editor\" data-id=\"af8ef55\" data-element_type=\"widget\" data-e-type=\"widget\" data-widget_type=\"text-editor.default\">\n\t\t\t\t<div class=\"elementor-widget-container\">\n\t\t\t\t\t\t\t\t\t<p>Une <strong>solution<\/strong> compacte et <strong>tout-en-un qui simplifie le contr\u00f4le<\/strong> dans les salles de classe, les salles de r\u00e9union et les centres de formation.<\/p><p><strong><a href=\"https:\/\/www.cuesystem.com\/fr\/naviguer\/\">Voir plus de d\u00e9tails&#8230;<\/a><\/strong><\/p><h2><strong><a href=\"https:\/\/docs.cuesystem.com\/space\/NEWS\/1457946637#VOTE-FOR-US\">VOTEZ POUR NOUS<\/a><\/strong><\/h2>\t\t\t\t\t\t\t\t<\/div>\n\t\t\t\t<\/div>\n\t\t\t\t<div class=\"elementor-element elementor-element-69e0ac6 elementor-widget elementor-widget-text-editor\" data-id=\"69e0ac6\" data-element_type=\"widget\" data-e-type=\"widget\" data-widget_type=\"text-editor.default\">\n\t\t\t\t<div class=\"elementor-widget-container\">\n\t\t\t\t\t\t\t\t\t<p><strong>R\u00e9volutionner la navigation dans les \u00e9tablissements de sant\u00e9<\/strong> en r\u00e9duisant le stress et en faisant gagner du temps aux patients et aux visiteurs.<\/p><p><strong><a href=\"https:\/\/www.cuesystem.com\/fr\/controle\/panneaux-tactiles\/\">Voir plus de d\u00e9tails&#8230;<\/a><\/strong><\/p><h2><strong><a href=\"https:\/\/docs.cuesystem.com\/space\/NEWS\/1457946637#VOTE-FOR-US.1\">VOTEZ POUR NOUS<\/a><\/strong><\/h2>\t\t\t\t\t\t\t\t<\/div>\n\t\t\t\t<\/div>\n\t\t\t\t<\/div>\n\t\t\t\t<\/div>\n\t\t\t\t\t<\/div>\n\t\t\t\t<\/div>\n\t\t\t\t<div class=\"elementor-element elementor-element-f5cc646 elementor-widget-divider--view-line elementor-widget elementor-widget-divider\" data-id=\"f5cc646\" data-element_type=\"widget\" data-e-type=\"widget\" data-widget_type=\"divider.default\">\n\t\t\t\t<div class=\"elementor-widget-container\">\n\t\t\t\t\t\t\t<div class=\"elementor-divider\">\n\t\t\t<span class=\"elementor-divider-separator\">\n\t\t\t\t\t\t<\/span>\n\t\t<\/div>\n\t\t\t\t\t\t<\/div>\n\t\t\t\t<\/div>\n\t\t<div class=\"elementor-element elementor-element-87e3063 e-flex e-con-boxed e-con e-child\" data-id=\"87e3063\" data-element_type=\"container\" data-e-type=\"container\">\n\t\t\t\t\t<div class=\"e-con-inner\">\n\t\t<div class=\"elementor-element elementor-element-45de3c6 e-con-full e-flex e-con e-child\" data-id=\"45de3c6\" data-element_type=\"container\" data-e-type=\"container\">\n\t\t\t\t<div class=\"elementor-element elementor-element-d25eee2 elementor-widget elementor-widget-text-editor\" data-id=\"d25eee2\" data-element_type=\"widget\" data-e-type=\"widget\" data-widget_type=\"text-editor.default\">\n\t\t\t\t<div class=\"elementor-widget-container\">\n\t\t\t\t\t\t\t\t\t<p>Le vote se termine le<strong> 17 janvier 2025<\/strong>, alors ne manquez pas l&rsquo;occasion de nous soutenir ! Chaque vote fait la diff\u00e9rence et <strong>nous appr\u00e9cions sinc\u00e8rement votre temps<\/strong> et vos encouragements. Nous vous remercions d&rsquo;avoir jou\u00e9 un r\u00f4le aussi important dans notre parcours.<em><strong>nous ne pourrions pas le faire sans vous<\/strong><\/em>.  <\/p>\t\t\t\t\t\t\t\t<\/div>\n\t\t\t\t<\/div>\n\t\t\t\t<\/div>\n\t\t\t\t\t<\/div>\n\t\t\t\t<\/div>\n\t\t<div class=\"elementor-element elementor-element-e8adb8f e-flex e-con-boxed e-con e-child\" data-id=\"e8adb8f\" data-element_type=\"container\" data-e-type=\"container\">\n\t\t\t\t\t<div class=\"e-con-inner\">\n\t\t<div class=\"elementor-element elementor-element-c08c0ff e-con-full e-flex e-con e-child\" data-id=\"c08c0ff\" data-element_type=\"container\" data-e-type=\"container\">\n\t\t\t\t<div class=\"elementor-element elementor-element-9eaa0d6 elementor-widget-divider--view-line elementor-widget elementor-widget-divider\" data-id=\"9eaa0d6\" data-element_type=\"widget\" data-e-type=\"widget\" data-widget_type=\"divider.default\">\n\t\t\t\t<div class=\"elementor-widget-container\">\n\t\t\t\t\t\t\t<div class=\"elementor-divider\">\n\t\t\t<span class=\"elementor-divider-separator\">\n\t\t\t\t\t\t<\/span>\n\t\t<\/div>\n\t\t\t\t\t\t<\/div>\n\t\t\t\t<\/div>\n\t\t\t\t<div class=\"elementor-element elementor-element-e3bbad7 elementor-widget elementor-widget-text-editor\" data-id=\"e3bbad7\" data-element_type=\"widget\" data-e-type=\"widget\" data-widget_type=\"text-editor.default\">\n\t\t\t\t<div class=\"elementor-widget-container\">\n\t\t\t\t\t\t\t\t\t<p>Cr\u00e9\u00e9 : 2024-12<\/p>\t\t\t\t\t\t\t\t<\/div>\n\t\t\t\t<\/div>\n\t\t\t\t<div class=\"elementor-element elementor-element-708fac1 elementor-widget-divider--view-line elementor-widget elementor-widget-divider\" data-id=\"708fac1\" data-element_type=\"widget\" data-e-type=\"widget\" data-widget_type=\"divider.default\">\n\t\t\t\t<div class=\"elementor-widget-container\">\n\t\t\t\t\t\t\t<div class=\"elementor-divider\">\n\t\t\t<span class=\"elementor-divider-separator\">\n\t\t\t\t\t\t<\/span>\n\t\t<\/div>\n\t\t\t\t\t\t<\/div>\n\t\t\t\t<\/div>\n\t\t\t\t<\/div>\n\t\t\t\t\t<\/div>\n\t\t\t\t<\/div>\n\t\t\t\t<\/div>\n\t\t\t\t<\/div>\n\t\t","protected":false},"excerpt":{"rendered":"<p>Annonce Finaliste des InAVation Awards 2025 Nous sommes fiers d&rsquo;annoncer que CUE est doublement finaliste des prestigieux InAVation Awards 2025, d\u00e9cern\u00e9s par Inavate + ISE! Cette reconnaissance souligne notre engagement en faveur de l&rsquo;innovation et de l&rsquo;excellence dans l&rsquo;industrie audiovisuelle. Nous avons maintenant besoin de votre soutien pour aller jusqu&rsquo;au bout ! Le vote est <a href=\"https:\/\/www.cuesystem.com\/fr\/quoi-de-neuf\/finaliste-des-inavation-awards-2025\/\" class=\"more-link\">&#8230;<span class=\"screen-reader-text\">  Finaliste des InAVation Awards 2025<\/span><\/a><\/p>\n","protected":false},"author":11,"featured_media":0,"parent":31298,"menu_order":194,"comment_status":"closed","ping_status":"closed","template":"","meta":{"_acf_changed":false,"inline_featured_image":false,"footnotes":""},"kategorie":[],"class_list":["post-31411","page","type-page","status-publish","hentry"],"acf":[],"_links":{"self":[{"href":"https:\/\/www.cuesystem.com\/fr\/wp-json\/wp\/v2\/pages\/31411","targetHints":{"allow":["GET"]}}],"collection":[{"href":"https:\/\/www.cuesystem.com\/fr\/wp-json\/wp\/v2\/pages"}],"about":[{"href":"https:\/\/www.cuesystem.com\/fr\/wp-json\/wp\/v2\/types\/page"}],"author":[{"embeddable":true,"href":"https:\/\/www.cuesystem.com\/fr\/wp-json\/wp\/v2\/users\/11"}],"replies":[{"embeddable":true,"href":"https:\/\/www.cuesystem.com\/fr\/wp-json\/wp\/v2\/comments?post=31411"}],"version-history":[{"count":1,"href":"https:\/\/www.cuesystem.com\/fr\/wp-json\/wp\/v2\/pages\/31411\/revisions"}],"predecessor-version":[{"id":31412,"href":"https:\/\/www.cuesystem.com\/fr\/wp-json\/wp\/v2\/pages\/31411\/revisions\/31412"}],"up":[{"embeddable":true,"href":"https:\/\/www.cuesystem.com\/fr\/wp-json\/wp\/v2\/pages\/31298"}],"wp:attachment":[{"href":"https:\/\/www.cuesystem.com\/fr\/wp-json\/wp\/v2\/media?parent=31411"}],"wp:term":[{"taxonomy":"kategorie","embeddable":true,"href":"https:\/\/www.cuesystem.com\/fr\/wp-json\/wp\/v2\/kategorie?post=31411"}],"curies":[{"name":"wp","href":"https:\/\/api.w.org\/{rel}","templated":true}]}}