{"id":31511,"date":"2025-05-05T16:17:41","date_gmt":"2025-05-05T14:17:41","guid":{"rendered":"https:\/\/www.cuesystem.com\/etudes-de-cas\/surveillance-ecg-en-temps-reel\/"},"modified":"2025-06-19T10:16:16","modified_gmt":"2025-06-19T08:16:16","slug":"surveillance-ecg-en-temps-reel","status":"publish","type":"page","link":"https:\/\/www.cuesystem.com\/fr\/etudes-de-cas\/surveillance-ecg-en-temps-reel\/","title":{"rendered":"Surveillance ECG en temps r\u00e9el"},"content":{"rendered":"\t\t<div data-elementor-type=\"wp-page\" data-elementor-id=\"31511\" class=\"elementor elementor-31511 elementor-30278\" data-elementor-post-type=\"page\">\n\t\t\t\t<div class=\"elementor-element elementor-element-6681c81 e-con-full e-flex e-con e-child\" data-id=\"6681c81\" data-element_type=\"container\" data-e-type=\"container\">\n\t\t\t\t<div class=\"elementor-element elementor-element-f126c0b elementor-widget elementor-widget-heading\" data-id=\"f126c0b\" data-element_type=\"widget\" data-e-type=\"widget\" data-widget_type=\"heading.default\">\n\t\t\t\t<div class=\"elementor-widget-container\">\n\t\t\t\t\t<h3 class=\"elementor-heading-title elementor-size-default\">\u00c9tude de cas<\/h3>\t\t\t\t<\/div>\n\t\t\t\t<\/div>\n\t\t\t\t<div class=\"elementor-element elementor-element-a1a78a6 elementor-widget elementor-widget-heading\" data-id=\"a1a78a6\" data-element_type=\"widget\" data-e-type=\"widget\" data-widget_type=\"heading.default\">\n\t\t\t\t<div class=\"elementor-widget-container\">\n\t\t\t\t\t<h1 class=\"elementor-heading-title elementor-size-default\">Surveillance ECG en temps r\u00e9el\n\n<\/h1>\t\t\t\t<\/div>\n\t\t\t\t<\/div>\n\t\t\t\t<div class=\"elementor-element elementor-element-29f81ef elementor-widget-divider--view-line elementor-widget elementor-widget-divider\" data-id=\"29f81ef\" data-element_type=\"widget\" data-e-type=\"widget\" data-widget_type=\"divider.default\">\n\t\t\t\t<div class=\"elementor-widget-container\">\n\t\t\t\t\t\t\t<div class=\"elementor-divider\">\n\t\t\t<span class=\"elementor-divider-separator\">\n\t\t\t\t\t\t<\/span>\n\t\t<\/div>\n\t\t\t\t\t\t<\/div>\n\t\t\t\t<\/div>\n\t\t<div class=\"elementor-element elementor-element-de968a7 e-grid e-con-boxed e-con e-child\" data-id=\"de968a7\" data-element_type=\"container\" data-e-type=\"container\">\n\t\t\t\t\t<div class=\"e-con-inner\">\n\t\t<div class=\"elementor-element elementor-element-712377c e-con-full e-flex e-con e-child\" data-id=\"712377c\" data-element_type=\"container\" data-e-type=\"container\">\n\t\t\t\t<div class=\"elementor-element elementor-element-fe0fa8a elementor-widget elementor-widget-heading\" data-id=\"fe0fa8a\" data-element_type=\"widget\" data-e-type=\"widget\" data-widget_type=\"heading.default\">\n\t\t\t\t<div class=\"elementor-widget-container\">\n\t\t\t\t\t<h2 class=\"elementor-heading-title elementor-size-default\">Transformer une vision en r\u00e9alit\u00e9<\/h2>\t\t\t\t<\/div>\n\t\t\t\t<\/div>\n\t\t\t\t<div class=\"elementor-element elementor-element-1a78192 elementor-widget elementor-widget-text-editor\" data-id=\"1a78192\" data-element_type=\"widget\" data-e-type=\"widget\" data-widget_type=\"text-editor.default\">\n\t\t\t\t<div class=\"elementor-widget-container\">\n\t\t\t\t\t\t\t\t\t<p>A Tch\u00e8que&nbsp;Ad\u00e9la Jare\u0161ov\u00e1, <strong>lyc\u00e9enne <\/strong>passionn\u00e9e de <strong>technologie<\/strong> et de <strong>m\u00e9decine<\/strong>, a entrepris de cr\u00e9er un <strong>syst\u00e8me de surveillance ECG en temps r\u00e9el<\/strong> dans le cadre de son <strong>m\u00e9moire de fin d&rsquo;\u00e9tudes<\/strong>. L&rsquo;objectif \u00e9tait de concevoir une <strong>solution<\/strong> <strong>fonctionnelle<\/strong>, <strong>intuitive<\/strong> et <strong>accessible<\/strong>: <\/p>\n<ul>\n<li>Capturez l \u00ab <strong>activit\u00e9 cardiaque en temps r\u00e9el<\/strong> \u00e0 l&rsquo;aide d&rsquo;un <strong>module ECG<\/strong> dot\u00e9 d \u00bb<strong>\u00e9lectrodes<\/strong>.<\/li>\n<li><strong>Traiter<\/strong> et <strong>visualiser<\/strong> <strong>efficacement<\/strong> le <strong>signal<\/strong> ECG.<\/li>\n<li><strong>Tirez parti d&rsquo;<\/strong> un <strong>syst\u00e8me de contr\u00f4le avanc\u00e9<\/strong> pour <strong>afficher les donn\u00e9es de<\/strong> mani\u00e8re <strong>intuitive<\/strong>.<\/li>\n<\/ul>\n<p>Pour y parvenir, le projet a n\u00e9cessit\u00e9 une combinaison de <strong>solutions<\/strong> <strong>mat\u00e9rielles<\/strong> et <strong>logicielles<\/strong>, en mettant l&rsquo;accent sur l&rsquo;<strong>int\u00e9gration transparente<\/strong> entre les <strong>capteurs bas\u00e9s sur Arduino<\/strong> et un <strong>syst\u00e8me d&rsquo;affichage professionnel.<\/strong><\/p>\t\t\t\t\t\t\t\t<\/div>\n\t\t\t\t<\/div>\n\t\t\t\t<\/div>\n\t\t<div class=\"elementor-element elementor-element-0e3bca2 e-con-full e-flex e-con e-child\" data-id=\"0e3bca2\" data-element_type=\"container\" data-e-type=\"container\">\n\t\t\t\t<div class=\"elementor-element elementor-element-39ae5da elementor-widget elementor-widget-image\" data-id=\"39ae5da\" data-element_type=\"widget\" data-e-type=\"widget\" data-widget_type=\"image.default\">\n\t\t\t\t<div class=\"elementor-widget-container\">\n\t\t\t\t\t\t\t\t\t\t\t\t\t\t\t\t<a href=\"https:\/\/www.cuesystem.com\/wp-content\/uploads\/2025\/05\/joshua-chehov-beXUIzvxW-Q-unsplash.webp\" data-elementor-open-lightbox=\"yes\" data-e-action-hash=\"#elementor-action%3Aaction%3Dlightbox%26settings%3DeyJpZCI6MzAyOTMsInVybCI6Imh0dHBzOlwvXC93d3cuY3Vlc3lzdGVtLmNvbVwvd3AtY29udGVudFwvdXBsb2Fkc1wvMjAyNVwvMDVcL2pvc2h1YS1jaGVob3YtYmVYVUl6dnhXLVEtdW5zcGxhc2gud2VicCJ9\">\n\t\t\t\t\t\t\t<img fetchpriority=\"high\" decoding=\"async\" width=\"1024\" height=\"683\" src=\"https:\/\/www.cuesystem.com\/wp-content\/uploads\/2025\/05\/joshua-chehov-beXUIzvxW-Q-unsplash-1024x683.webp\" class=\"attachment-large size-large wp-image-30293\" alt=\"\" srcset=\"https:\/\/www.cuesystem.com\/wp-content\/uploads\/2025\/05\/joshua-chehov-beXUIzvxW-Q-unsplash-1024x683.webp 1024w, https:\/\/www.cuesystem.com\/wp-content\/uploads\/2025\/05\/joshua-chehov-beXUIzvxW-Q-unsplash-300x200.webp 300w\" sizes=\"(max-width: 1024px) 100vw, 1024px\" \/>\t\t\t\t\t\t\t\t<\/a>\n\t\t\t\t\t\t\t\t\t\t\t\t\t\t\t<\/div>\n\t\t\t\t<\/div>\n\t\t\t\t<\/div>\n\t\t\t\t\t<\/div>\n\t\t\t\t<\/div>\n\t\t<div class=\"elementor-element elementor-element-ad3e001 e-flex e-con-boxed e-con e-child\" data-id=\"ad3e001\" data-element_type=\"container\" data-e-type=\"container\">\n\t\t\t\t\t<div class=\"e-con-inner\">\n\t\t<div class=\"elementor-element elementor-element-2a2781b e-con-full e-flex e-con e-child\" data-id=\"2a2781b\" data-element_type=\"container\" data-e-type=\"container\">\n\t\t\t\t<div class=\"elementor-element elementor-element-a926bdb elementor-widget elementor-widget-heading\" data-id=\"a926bdb\" data-element_type=\"widget\" data-e-type=\"widget\" data-widget_type=\"heading.default\">\n\t\t\t\t<div class=\"elementor-widget-container\">\n\t\t\t\t\t<h2 class=\"elementor-heading-title elementor-size-default\">Int\u00e9gration transparente du mat\u00e9riel et des logiciels<\/h2>\t\t\t\t<\/div>\n\t\t\t\t<\/div>\n\t\t\t\t<div class=\"elementor-element elementor-element-4c4cb19 elementor-widget elementor-widget-text-editor\" data-id=\"4c4cb19\" data-element_type=\"widget\" data-e-type=\"widget\" data-widget_type=\"text-editor.default\">\n\t\t\t\t<div class=\"elementor-widget-container\">\n\t\t\t\t\t\t\t\t\t<p>Pour r\u00e9pondre aux exigences du projet, un syst\u00e8me de surveillance ECG fonctionnel a \u00e9t\u00e9 d\u00e9velopp\u00e9 en utilisant le syst\u00e8me de contr\u00f4le CUE. <a href=\"https:\/\/www.cuesystem.com\/fr\/controle\/\"><strong>CUE<\/strong><\/a> et de visualisation CUE. Le syst\u00e8me comprenait <\/p><ul><li><a href=\"https:\/\/docs.cuesystem.com\/space\/PRODUCTS\/484900953\"><strong>\u00c9cran tactile CUE (12,1&Prime;)<\/strong><\/a> &#8211; Un <strong>\u00e9cran tactile haute r\u00e9solution<\/strong> pour une <strong>visualisation claire<\/strong> des donn\u00e9es ECG.<\/li><li><strong>Arduino UNO R3 avec un module ECG<\/strong> &#8211; Responsable de la capture et de la<strong> transmission des<\/strong> <strong>signaux d&rsquo;<\/strong>activit\u00e9 cardiaque.<\/li><li><strong>Commutateur et r\u00e9partiteur PoE<\/strong> &#8211; Pour une<strong> distribution<\/strong> efficace<strong> de l&rsquo;\u00e9nergie<\/strong> et une transmission efficace des donn\u00e9es <strong>via Ethernet<\/strong>.<\/li><li><strong>Bouclier Ethernet<\/strong> &#8211; Permet une <strong>communication transparente<\/strong> entre l&rsquo;<strong>Arduino<\/strong> et le <strong>syst\u00e8me CUE<\/strong>.<\/li><\/ul><p>Le syst\u00e8me fonctionne en <strong>captant l&rsquo;<\/strong> <strong>activit\u00e9<\/strong> \u00e9lectrique <strong>du c\u0153ur<\/strong> au moyen d&rsquo;<strong>\u00e9lectrodes<\/strong>, en <strong>convertissant<\/strong> les <strong>signaux<\/strong> en donn\u00e9es num\u00e9riques via Arduino et en les transmettant au <strong>syst\u00e8me CUE<\/strong>. Le <strong><a href=\"https:\/\/docs.cuesystem.com\/space\/PRODUCTS\/491061541\/CUE+Visual+Composer\">CUE Visual Composer<\/a><\/strong> traite les <strong>donn\u00e9es re\u00e7ues<\/strong> et g\u00e9n\u00e8re une <strong>forme d&rsquo;onde ECG en temps r\u00e9el<\/strong> sur l&rsquo;\u00e9cran tactile de l&rsquo;appareil. <a href=\"https:\/\/docs.cuesystem.com\/space\/PRODUCTS\/484900953\"><strong>\u00e9cran tactile<\/strong><\/a>.  L&rsquo;interface comprend des <strong>commandes interactives<\/strong>, telles que des <strong>boutons de d\u00e9marrage et d&rsquo;arr\u00eat<\/strong>, afin d&rsquo;<strong>am\u00e9liorer la facilit\u00e9 d&rsquo;utilisation<\/strong> \u00e0 des <strong>fins \u00e9ducatives<\/strong>.<\/p>\t\t\t\t\t\t\t\t<\/div>\n\t\t\t\t<\/div>\n\t\t\t\t<\/div>\n\t\t\t\t\t<\/div>\n\t\t\t\t<\/div>\n\t\t<div class=\"elementor-element elementor-element-6e27b1b e-grid e-con-boxed e-con e-child\" data-id=\"6e27b1b\" data-element_type=\"container\" data-e-type=\"container\">\n\t\t\t\t\t<div class=\"e-con-inner\">\n\t\t<div class=\"elementor-element elementor-element-e629aa8 e-con-full e-flex e-con e-child\" data-id=\"e629aa8\" data-element_type=\"container\" data-e-type=\"container\">\n\t\t\t\t<div class=\"elementor-element elementor-element-22cb1f5 elementor-widget elementor-widget-heading\" data-id=\"22cb1f5\" data-element_type=\"widget\" data-e-type=\"widget\" data-widget_type=\"heading.default\">\n\t\t\t\t<div class=\"elementor-widget-container\">\n\t\t\t\t\t<h2 class=\"elementor-heading-title elementor-size-default\">Une innovation qui a un impact sur le monde r\u00e9el<\/h2>\t\t\t\t<\/div>\n\t\t\t\t<\/div>\n\t\t\t\t<div class=\"elementor-element elementor-element-03458b8 elementor-widget elementor-widget-text-editor\" data-id=\"03458b8\" data-element_type=\"widget\" data-e-type=\"widget\" data-widget_type=\"text-editor.default\">\n\t\t\t\t<div class=\"elementor-widget-container\">\n\t\t\t\t\t\t\t\t\t<p>Le projet <strong>a d\u00e9montr\u00e9 avec succ\u00e8s le<\/strong> potentiel d&rsquo;int\u00e9gration de la <strong>technologie CUE<\/strong> dans les <strong>applications biom\u00e9dicales<\/strong>. Les principales r\u00e9alisations sont les suivantes <\/p><ul><li><strong>Visualisation en temps r\u00e9el<\/strong> &#8211; Le panneau tactile <strong><a href=\"https:\/\/docs.cuesystem.com\/space\/PRODUCTS\/484900953\">\u00e9cran tactile CUE<\/a><\/strong> offre un <strong>affichage<\/strong> clair et <strong>pr\u00e9cis<\/strong> de l&rsquo;<strong>activit\u00e9 cardiaque<\/strong>, ce qui <strong>facilite l&rsquo;interpr\u00e9tation des donn\u00e9es<\/strong>.<\/li><li><strong>Communication efficace<\/strong> &#8211; L&rsquo;utilisation de la <strong>technologie PoE<\/strong> a permis de <strong>rationaliser la connectivit\u00e9<\/strong> et de minimiser le besoin de sources d&rsquo;alimentation multiples.<\/li><li><strong>Impact \u00e9ducatif<\/strong> &#8211; Le projet a servi d&rsquo;<strong>outil d&rsquo;apprentissage pr\u00e9cieux<\/strong>, en montrant comment des syst\u00e8mes de contr\u00f4le avanc\u00e9s peuvent \u00eatre appliqu\u00e9s \u00e0 la <strong>surveillance des soins de sant\u00e9<\/strong>.<\/li><\/ul><p>Cette <strong>approche innovante<\/strong> de la <strong>surveillance de l&rsquo;ECG<\/strong> met en \u00e9vidence la <strong>polyvalence des solutions CUE<\/strong> au-del\u00e0 du contr\u00f4le AV traditionnel, ouvrant la voie \u00e0 des applications <strong>potentielles<\/strong> dans le domaine de l&rsquo;<strong>ing\u00e9nierie<\/strong> et de la <strong>recherche<\/strong> <strong>biom\u00e9dicales<\/strong>.<\/p>\t\t\t\t\t\t\t\t<\/div>\n\t\t\t\t<\/div>\n\t\t\t\t<\/div>\n\t\t<div class=\"elementor-element elementor-element-20fef64 e-con-full e-flex e-con e-child\" data-id=\"20fef64\" data-element_type=\"container\" data-e-type=\"container\">\n\t\t\t\t<div class=\"elementor-element elementor-element-1ce1b07 elementor-widget elementor-widget-image\" data-id=\"1ce1b07\" data-element_type=\"widget\" data-e-type=\"widget\" data-widget_type=\"image.default\">\n\t\t\t\t<div class=\"elementor-widget-container\">\n\t\t\t\t\t\t\t\t\t\t\t\t\t\t\t\t<a href=\"https:\/\/www.cuesystem.com\/wp-content\/uploads\/2025\/05\/image-20250329-114157.webp\" data-elementor-open-lightbox=\"yes\" data-e-action-hash=\"#elementor-action%3Aaction%3Dlightbox%26settings%3DeyJpZCI6MzAyODgsInVybCI6Imh0dHBzOlwvXC93d3cuY3Vlc3lzdGVtLmNvbVwvd3AtY29udGVudFwvdXBsb2Fkc1wvMjAyNVwvMDVcL2ltYWdlLTIwMjUwMzI5LTExNDE1Ny53ZWJwIn0%3D\">\n\t\t\t\t\t\t\t<img decoding=\"async\" width=\"1024\" height=\"812\" src=\"https:\/\/www.cuesystem.com\/wp-content\/uploads\/2025\/05\/image-20250329-114157-1024x812.webp\" class=\"attachment-large size-large wp-image-30288\" alt=\"\" srcset=\"https:\/\/www.cuesystem.com\/wp-content\/uploads\/2025\/05\/image-20250329-114157-1024x812.webp 1024w, https:\/\/www.cuesystem.com\/wp-content\/uploads\/2025\/05\/image-20250329-114157-300x238.webp 300w, https:\/\/www.cuesystem.com\/wp-content\/uploads\/2025\/05\/image-20250329-114157.webp 1044w\" sizes=\"(max-width: 1024px) 100vw, 1024px\" \/>\t\t\t\t\t\t\t\t<\/a>\n\t\t\t\t\t\t\t\t\t\t\t\t\t\t\t<\/div>\n\t\t\t\t<\/div>\n\t\t\t\t<\/div>\n\t\t\t\t\t<\/div>\n\t\t\t\t<\/div>\n\t\t\t\t<\/div>\n\t\t\t\t<\/div>\n\t\t","protected":false},"excerpt":{"rendered":"<p>\u00c9tude de cas Surveillance ECG en temps r\u00e9el Transformer une vision en r\u00e9alit\u00e9 A Tch\u00e8que&nbsp;Ad\u00e9la Jare\u0161ov\u00e1, lyc\u00e9enne passionn\u00e9e de technologie et de m\u00e9decine, a entrepris de cr\u00e9er un syst\u00e8me de surveillance ECG en temps r\u00e9el dans le cadre de son m\u00e9moire de fin d&rsquo;\u00e9tudes. L&rsquo;objectif \u00e9tait de concevoir une solution fonctionnelle, intuitive et accessible: Capturez <a href=\"https:\/\/www.cuesystem.com\/fr\/etudes-de-cas\/surveillance-ecg-en-temps-reel\/\" class=\"more-link\">&#8230;<span class=\"screen-reader-text\">  Surveillance ECG en temps r\u00e9el<\/span><\/a><\/p>\n","protected":false},"author":11,"featured_media":0,"parent":30190,"menu_order":210,"comment_status":"closed","ping_status":"closed","template":"","meta":{"_acf_changed":false,"inline_featured_image":false,"footnotes":""},"kategorie":[],"class_list":["post-31511","page","type-page","status-publish","hentry"],"acf":[],"_links":{"self":[{"href":"https:\/\/www.cuesystem.com\/fr\/wp-json\/wp\/v2\/pages\/31511","targetHints":{"allow":["GET"]}}],"collection":[{"href":"https:\/\/www.cuesystem.com\/fr\/wp-json\/wp\/v2\/pages"}],"about":[{"href":"https:\/\/www.cuesystem.com\/fr\/wp-json\/wp\/v2\/types\/page"}],"author":[{"embeddable":true,"href":"https:\/\/www.cuesystem.com\/fr\/wp-json\/wp\/v2\/users\/11"}],"replies":[{"embeddable":true,"href":"https:\/\/www.cuesystem.com\/fr\/wp-json\/wp\/v2\/comments?post=31511"}],"version-history":[{"count":1,"href":"https:\/\/www.cuesystem.com\/fr\/wp-json\/wp\/v2\/pages\/31511\/revisions"}],"predecessor-version":[{"id":31512,"href":"https:\/\/www.cuesystem.com\/fr\/wp-json\/wp\/v2\/pages\/31511\/revisions\/31512"}],"up":[{"embeddable":true,"href":"https:\/\/www.cuesystem.com\/fr\/wp-json\/wp\/v2\/pages\/30190"}],"wp:attachment":[{"href":"https:\/\/www.cuesystem.com\/fr\/wp-json\/wp\/v2\/media?parent=31511"}],"wp:term":[{"taxonomy":"kategorie","embeddable":true,"href":"https:\/\/www.cuesystem.com\/fr\/wp-json\/wp\/v2\/kategorie?post=31511"}],"curies":[{"name":"wp","href":"https:\/\/api.w.org\/{rel}","templated":true}]}}