{"id":31954,"date":"2025-03-18T13:50:42","date_gmt":"2025-03-18T12:50:42","guid":{"rendered":"https:\/\/www.cuesystem.com\/quoi-de-neuf\/cue-a-medialog-2025-mir-2025\/"},"modified":"2025-07-28T18:59:33","modified_gmt":"2025-07-28T16:59:33","slug":"cue-a-medialog-2025-mir-2025","status":"publish","type":"page","link":"https:\/\/www.cuesystem.com\/fr\/quoi-de-neuf\/cue-a-medialog-2025-mir-2025\/","title":{"rendered":"CUE \u00e0 MEDIALOG 2025 &amp; MIR 2025"},"content":{"rendered":"\t\t<div data-elementor-type=\"wp-page\" data-elementor-id=\"31954\" class=\"elementor elementor-31954 elementor-31714\" data-elementor-post-type=\"page\">\n\t\t\t\t<div class=\"elementor-element elementor-element-b4b3851 e-con-full e-flex e-con e-child\" data-id=\"b4b3851\" data-element_type=\"container\" data-e-type=\"container\">\n\t\t\t\t<div class=\"elementor-element elementor-element-0852bd1 elementor-widget elementor-widget-heading\" data-id=\"0852bd1\" data-element_type=\"widget\" data-e-type=\"widget\" data-widget_type=\"heading.default\">\n\t\t\t\t<div class=\"elementor-widget-container\">\n\t\t\t\t\t<h3 class=\"elementor-heading-title elementor-size-default\">Ev\u00e9nements<\/h3>\t\t\t\t<\/div>\n\t\t\t\t<\/div>\n\t\t\t\t<div class=\"elementor-element elementor-element-2717a13 elementor-widget elementor-widget-heading\" data-id=\"2717a13\" data-element_type=\"widget\" data-e-type=\"widget\" data-widget_type=\"heading.default\">\n\t\t\t\t<div class=\"elementor-widget-container\">\n\t\t\t\t\t<h1 class=\"elementor-heading-title elementor-size-default\">CUE \u00e0 MEDIALOG 2025 &amp; MIR 2025<\/h1>\t\t\t\t<\/div>\n\t\t\t\t<\/div>\n\t\t\t\t<div class=\"elementor-element elementor-element-c5d8d5d elementor-widget-divider--view-line elementor-widget elementor-widget-divider\" data-id=\"c5d8d5d\" data-element_type=\"widget\" data-e-type=\"widget\" data-widget_type=\"divider.default\">\n\t\t\t\t<div class=\"elementor-widget-container\">\n\t\t\t\t\t\t\t<div class=\"elementor-divider\">\n\t\t\t<span class=\"elementor-divider-separator\">\n\t\t\t\t\t\t<\/span>\n\t\t<\/div>\n\t\t\t\t\t\t<\/div>\n\t\t\t\t<\/div>\n\t\t<div class=\"elementor-element elementor-element-68d86b1 e-flex e-con-boxed e-con e-child\" data-id=\"68d86b1\" data-element_type=\"container\" data-e-type=\"container\">\n\t\t\t\t\t<div class=\"e-con-inner\">\n\t\t\t\t<div class=\"elementor-element elementor-element-26f2831 elementor-widget elementor-widget-text-editor\" data-id=\"26f2831\" data-element_type=\"widget\" data-e-type=\"widget\" data-widget_type=\"text-editor.default\">\n\t\t\t\t<div class=\"elementor-widget-container\">\n\t\t\t\t\t\t\t\t\t<p>De l&rsquo;<strong>Allemagne<\/strong> \u00e0 l&rsquo;<strong>Italie<\/strong>, nous nous pr\u00e9parons \u00e0 pr\u00e9senter nos <strong>derni\u00e8res innovations<\/strong> en mati\u00e8re de syst\u00e8mes de contr\u00f4le intelligents. Voici o\u00f9 vous nous trouverez <strong>au printemps<\/strong>: <\/p>\t\t\t\t\t\t\t\t<\/div>\n\t\t\t\t<\/div>\n\t\t\t\t\t<\/div>\n\t\t\t\t<\/div>\n\t\t<div class=\"elementor-element elementor-element-61edc13 e-flex e-con-boxed e-con e-child\" data-id=\"61edc13\" data-element_type=\"container\" data-e-type=\"container\">\n\t\t\t\t\t<div class=\"e-con-inner\">\n\t\t\t\t<div class=\"elementor-element elementor-element-562e00b elementor-widget-divider--view-line elementor-widget elementor-widget-divider\" data-id=\"562e00b\" data-element_type=\"widget\" data-e-type=\"widget\" data-widget_type=\"divider.default\">\n\t\t\t\t<div class=\"elementor-widget-container\">\n\t\t\t\t\t\t\t<div class=\"elementor-divider\">\n\t\t\t<span class=\"elementor-divider-separator\">\n\t\t\t\t\t\t<\/span>\n\t\t<\/div>\n\t\t\t\t\t\t<\/div>\n\t\t\t\t<\/div>\n\t\t\t\t<div class=\"elementor-element elementor-element-b0ecdb0 elementor-widget elementor-widget-heading\" data-id=\"b0ecdb0\" data-element_type=\"widget\" data-e-type=\"widget\" data-widget_type=\"heading.default\">\n\t\t\t\t<div class=\"elementor-widget-container\">\n\t\t\t\t\t<h2 class=\"elementor-heading-title elementor-size-default\">MEDIALOG 2025\n<\/h2>\t\t\t\t<\/div>\n\t\t\t\t<\/div>\n\t\t\t\t<div class=\"elementor-element elementor-element-5573396 elementor-widget-divider--view-line elementor-widget elementor-widget-divider\" data-id=\"5573396\" data-element_type=\"widget\" data-e-type=\"widget\" data-widget_type=\"divider.default\">\n\t\t\t\t<div class=\"elementor-widget-container\">\n\t\t\t\t\t\t\t<div class=\"elementor-divider\">\n\t\t\t<span class=\"elementor-divider-separator\">\n\t\t\t\t\t\t<\/span>\n\t\t<\/div>\n\t\t\t\t\t\t<\/div>\n\t\t\t\t<\/div>\n\t\t\t\t\t<\/div>\n\t\t\t\t<\/div>\n\t\t<div class=\"elementor-element elementor-element-2faa0b9 e-grid e-con-boxed e-con e-child\" data-id=\"2faa0b9\" data-element_type=\"container\" data-e-type=\"container\">\n\t\t\t\t\t<div class=\"e-con-inner\">\n\t\t<div class=\"elementor-element elementor-element-dbd5a14 e-con-full e-flex e-con e-child\" data-id=\"dbd5a14\" data-element_type=\"container\" data-e-type=\"container\">\n\t\t\t\t<div class=\"elementor-element elementor-element-9adb26d elementor-widget elementor-widget-text-editor\" data-id=\"9adb26d\" data-element_type=\"widget\" data-e-type=\"widget\" data-widget_type=\"text-editor.default\">\n\t\t\t\t<div class=\"elementor-widget-container\">\n\t\t\t\t\t\t\t\t\t<h3>2-3 avril 2025<\/h3><h4><em>Halle 45, Mayence, Allemagne<\/em><\/h4><p>Nous sommes de retour \u00e0 <strong>MEDIALOG<\/strong>, l&rsquo;<strong>\u00e9v\u00e9nement de<\/strong> <strong>premier plan en mati\u00e8re de technologie AV et UC<\/strong> organis\u00e9 par notre partenaire <a href=\"https:\/\/www.kern-stelly.de\/\"><strong>Kern &amp; Stelly<\/strong><\/a>. Arr\u00eatez-vous \u00e0 notre stand pour des <strong>d\u00e9monstrations pratiques<\/strong> et des <strong>informations<\/strong> sur les <a href=\"https:\/\/www.cuesystem.com\/fr\/ecosysteme-cue\/\"><strong>cinq piliers<\/strong><\/a> de la <strong>solution CUE<\/strong>. Que vous souhaitiez d\u00e9couvrir les \u00e9crans tactiles, l&rsquo;automatisation, la programmation ou la gestion \u00e0 distance, nous sommes <strong>pr\u00eats \u00e0 vous parler de<\/strong> technologie, de tendances et de l&rsquo;avenir du contr\u00f4le int\u00e9gr\u00e9.  <\/p><p>En savoir plus <strong><a href=\"https:\/\/www.kern-stelly.de\/profile\/news\/read\/id\/2077\/\">ICI<\/a><\/strong>.  <\/p>\t\t\t\t\t\t\t\t<\/div>\n\t\t\t\t<\/div>\n\t\t\t\t<\/div>\n\t\t<div class=\"elementor-element elementor-element-0f11549 e-con-full e-flex e-con e-child\" data-id=\"0f11549\" data-element_type=\"container\" data-e-type=\"container\">\n\t\t\t\t<div class=\"elementor-element elementor-element-aa493e7 elementor-widget elementor-widget-image\" data-id=\"aa493e7\" data-element_type=\"widget\" data-e-type=\"widget\" data-widget_type=\"image.default\">\n\t\t\t\t<div class=\"elementor-widget-container\">\n\t\t\t\t\t\t\t\t\t\t\t\t<figure class=\"wp-caption\">\n\t\t\t\t\t\t\t\t\t\t\t<a href=\"https:\/\/www.cuesystem.com\/wp-content\/uploads\/2025\/07\/prispevek-SoMe-\u2013-Medialog-grafika.webp\" data-elementor-open-lightbox=\"yes\" data-e-action-hash=\"#elementor-action%3Aaction%3Dlightbox%26settings%3DeyJpZCI6MzE3MzIsInVybCI6Imh0dHBzOlwvXC93d3cuY3Vlc3lzdGVtLmNvbVwvd3AtY29udGVudFwvdXBsb2Fkc1wvMjAyNVwvMDdcL3ByaXNwZXZlay1Tb01lLVx1MjAxMy1NZWRpYWxvZy1ncmFmaWthLndlYnAifQ%3D%3D\">\n\t\t\t\t\t\t\t<img fetchpriority=\"high\" decoding=\"async\" width=\"1024\" height=\"535\" src=\"https:\/\/www.cuesystem.com\/wp-content\/uploads\/2025\/07\/prispevek-SoMe-\u2013-Medialog-grafika-1024x535.webp\" class=\"attachment-large size-large wp-image-31732\" alt=\"\" srcset=\"https:\/\/www.cuesystem.com\/wp-content\/uploads\/2025\/07\/prispevek-SoMe-\u2013-Medialog-grafika-1024x535.webp 1024w, https:\/\/www.cuesystem.com\/wp-content\/uploads\/2025\/07\/prispevek-SoMe-\u2013-Medialog-grafika-300x157.webp 300w, https:\/\/www.cuesystem.com\/wp-content\/uploads\/2025\/07\/prispevek-SoMe-\u2013-Medialog-grafika.webp 1200w\" sizes=\"(max-width: 1024px) 100vw, 1024px\" \/>\t\t\t\t\t\t\t\t<\/a>\n\t\t\t\t\t\t\t\t\t\t\t<figcaption class=\"widget-image-caption wp-caption-text\"><\/figcaption>\n\t\t\t\t\t\t\t\t\t\t<\/figure>\n\t\t\t\t\t\t\t\t\t<\/div>\n\t\t\t\t<\/div>\n\t\t\t\t<\/div>\n\t\t\t\t\t<\/div>\n\t\t\t\t<\/div>\n\t\t<div class=\"elementor-element elementor-element-ee346a7 e-flex e-con-boxed e-con e-child\" data-id=\"ee346a7\" data-element_type=\"container\" data-e-type=\"container\">\n\t\t\t\t\t<div class=\"e-con-inner\">\n\t\t\t\t<div class=\"elementor-element elementor-element-91f0900 elementor-widget-divider--view-line elementor-widget elementor-widget-divider\" data-id=\"91f0900\" data-element_type=\"widget\" data-e-type=\"widget\" data-widget_type=\"divider.default\">\n\t\t\t\t<div class=\"elementor-widget-container\">\n\t\t\t\t\t\t\t<div class=\"elementor-divider\">\n\t\t\t<span class=\"elementor-divider-separator\">\n\t\t\t\t\t\t<\/span>\n\t\t<\/div>\n\t\t\t\t\t\t<\/div>\n\t\t\t\t<\/div>\n\t\t\t\t<div class=\"elementor-element elementor-element-bc7af78 elementor-widget elementor-widget-heading\" data-id=\"bc7af78\" data-element_type=\"widget\" data-e-type=\"widget\" data-widget_type=\"heading.default\">\n\t\t\t\t<div class=\"elementor-widget-container\">\n\t\t\t\t\t<h2 class=\"elementor-heading-title elementor-size-default\">MIR 2025<\/h2>\t\t\t\t<\/div>\n\t\t\t\t<\/div>\n\t\t\t\t<div class=\"elementor-element elementor-element-d3d287f elementor-widget-divider--view-line elementor-widget elementor-widget-divider\" data-id=\"d3d287f\" data-element_type=\"widget\" data-e-type=\"widget\" data-widget_type=\"divider.default\">\n\t\t\t\t<div class=\"elementor-widget-container\">\n\t\t\t\t\t\t\t<div class=\"elementor-divider\">\n\t\t\t<span class=\"elementor-divider-separator\">\n\t\t\t\t\t\t<\/span>\n\t\t<\/div>\n\t\t\t\t\t\t<\/div>\n\t\t\t\t<\/div>\n\t\t<div class=\"elementor-element elementor-element-e8290a1 e-grid e-con-full e-con e-child\" data-id=\"e8290a1\" data-element_type=\"container\" data-e-type=\"container\">\n\t\t<div class=\"elementor-element elementor-element-4f87ec8 e-con-full e-flex e-con e-child\" data-id=\"4f87ec8\" data-element_type=\"container\" data-e-type=\"container\">\n\t\t\t\t<div class=\"elementor-element elementor-element-e6bf72d elementor-widget elementor-widget-image\" data-id=\"e6bf72d\" data-element_type=\"widget\" data-e-type=\"widget\" data-widget_type=\"image.default\">\n\t\t\t\t<div class=\"elementor-widget-container\">\n\t\t\t\t\t\t\t\t\t\t\t\t<figure class=\"wp-caption\">\n\t\t\t\t\t\t\t\t\t\t\t<a href=\"https:\/\/www.cuesystem.com\/wp-content\/uploads\/2025\/07\/at-ISE-2025.webp\" data-elementor-open-lightbox=\"yes\" data-e-action-hash=\"#elementor-action%3Aaction%3Dlightbox%26settings%3DeyJpZCI6MzE3MjcsInVybCI6Imh0dHBzOlwvXC93d3cuY3Vlc3lzdGVtLmNvbVwvd3AtY29udGVudFwvdXBsb2Fkc1wvMjAyNVwvMDdcL2F0LUlTRS0yMDI1LndlYnAifQ%3D%3D\">\n\t\t\t\t\t\t\t<img decoding=\"async\" width=\"1024\" height=\"466\" src=\"https:\/\/www.cuesystem.com\/wp-content\/uploads\/2025\/07\/at-ISE-2025-1024x466.webp\" class=\"attachment-large size-large wp-image-31727\" alt=\"\" srcset=\"https:\/\/www.cuesystem.com\/wp-content\/uploads\/2025\/07\/at-ISE-2025-1024x466.webp 1024w, https:\/\/www.cuesystem.com\/wp-content\/uploads\/2025\/07\/at-ISE-2025-300x137.webp 300w, https:\/\/www.cuesystem.com\/wp-content\/uploads\/2025\/07\/at-ISE-2025.webp 1280w\" sizes=\"(max-width: 1024px) 100vw, 1024px\" \/>\t\t\t\t\t\t\t\t<\/a>\n\t\t\t\t\t\t\t\t\t\t\t<figcaption class=\"widget-image-caption wp-caption-text\"><\/figcaption>\n\t\t\t\t\t\t\t\t\t\t<\/figure>\n\t\t\t\t\t\t\t\t\t<\/div>\n\t\t\t\t<\/div>\n\t\t\t\t<\/div>\n\t\t<div class=\"elementor-element elementor-element-ccfe4e0 e-con-full e-flex e-con e-child\" data-id=\"ccfe4e0\" data-element_type=\"container\" data-e-type=\"container\">\n\t\t\t\t<div class=\"elementor-element elementor-element-c7c409c elementor-widget elementor-widget-text-editor\" data-id=\"c7c409c\" data-element_type=\"widget\" data-e-type=\"widget\" data-widget_type=\"text-editor.default\">\n\t\t\t\t<div class=\"elementor-widget-container\">\n\t\t\t\t\t\t\t\t\t<h3>23-25 mars 2025<\/h3><h4><em>Hall A1 &#8211; Stand 165 | Fiera di Rimini, Italie<\/em><\/h4><p>Cette ann\u00e9e, nous <strong>participons pour la premi\u00e8re fois<\/strong> au salon <strong>MIR<\/strong> avec notre nouveau partenaire <strong><a href=\"https:\/\/www.intermark.it\/home-english\/\">Intermark Sistemi<\/a><\/strong>. L <strong>&lsquo;\u00e9v\u00e9nement le plus important d&rsquo;Italie<\/strong> pour les technologies de l&rsquo;audiovisuel, de l&rsquo;\u00e9clairage et du contr\u00f4le est le <strong>cadre id\u00e9al pour d\u00e9couvrir<\/strong> notre <strong>gamme compl\u00e8te de produits<\/strong>. Rencontrons-nous, \u00e9changeons des id\u00e9es et d\u00e9couvrons des moyens plus intelligents de g\u00e9rer les environnements audiovisuels, <strong>en direct \u00e0 Rimini<\/strong>. <\/p><p>En savoir plus <strong><a href=\"https:\/\/www.intermark.it\/events\/fiera-mir-intermark-sistemi-rimini-23-25-marzo-2025\/\">ICI<\/a> <\/strong>ou <strong><a href=\"https:\/\/en.mirtechexpo.com\/\">ICI<\/a><\/strong>.<\/p>\t\t\t\t\t\t\t\t<\/div>\n\t\t\t\t<\/div>\n\t\t\t\t<\/div>\n\t\t\t\t<\/div>\n\t\t\t\t\t<\/div>\n\t\t\t\t<\/div>\n\t\t\t\t<\/div>\n\t\t\t\t<\/div>\n\t\t","protected":false},"excerpt":{"rendered":"<p>Ev\u00e9nements CUE \u00e0 MEDIALOG 2025 &amp; MIR 2025 De l&rsquo;Allemagne \u00e0 l&rsquo;Italie, nous nous pr\u00e9parons \u00e0 pr\u00e9senter nos derni\u00e8res innovations en mati\u00e8re de syst\u00e8mes de contr\u00f4le intelligents. Voici o\u00f9 vous nous trouverez au printemps: MEDIALOG 2025 2-3 avril 2025 Halle 45, Mayence, Allemagne Nous sommes de retour \u00e0 MEDIALOG, l&rsquo;\u00e9v\u00e9nement de premier plan en mati\u00e8re <a href=\"https:\/\/www.cuesystem.com\/fr\/quoi-de-neuf\/cue-a-medialog-2025-mir-2025\/\" class=\"more-link\">&#8230;<span class=\"screen-reader-text\">  CUE \u00e0 MEDIALOG 2025 &amp; MIR 2025<\/span><\/a><\/p>\n","protected":false},"author":11,"featured_media":0,"parent":31298,"menu_order":167,"comment_status":"closed","ping_status":"closed","template":"","meta":{"_acf_changed":false,"inline_featured_image":false,"footnotes":""},"kategorie":[],"class_list":["post-31954","page","type-page","status-publish","hentry"],"acf":[],"_links":{"self":[{"href":"https:\/\/www.cuesystem.com\/fr\/wp-json\/wp\/v2\/pages\/31954","targetHints":{"allow":["GET"]}}],"collection":[{"href":"https:\/\/www.cuesystem.com\/fr\/wp-json\/wp\/v2\/pages"}],"about":[{"href":"https:\/\/www.cuesystem.com\/fr\/wp-json\/wp\/v2\/types\/page"}],"author":[{"embeddable":true,"href":"https:\/\/www.cuesystem.com\/fr\/wp-json\/wp\/v2\/users\/11"}],"replies":[{"embeddable":true,"href":"https:\/\/www.cuesystem.com\/fr\/wp-json\/wp\/v2\/comments?post=31954"}],"version-history":[{"count":1,"href":"https:\/\/www.cuesystem.com\/fr\/wp-json\/wp\/v2\/pages\/31954\/revisions"}],"predecessor-version":[{"id":31955,"href":"https:\/\/www.cuesystem.com\/fr\/wp-json\/wp\/v2\/pages\/31954\/revisions\/31955"}],"up":[{"embeddable":true,"href":"https:\/\/www.cuesystem.com\/fr\/wp-json\/wp\/v2\/pages\/31298"}],"wp:attachment":[{"href":"https:\/\/www.cuesystem.com\/fr\/wp-json\/wp\/v2\/media?parent=31954"}],"wp:term":[{"taxonomy":"kategorie","embeddable":true,"href":"https:\/\/www.cuesystem.com\/fr\/wp-json\/wp\/v2\/kategorie?post=31954"}],"curies":[{"name":"wp","href":"https:\/\/api.w.org\/{rel}","templated":true}]}}