{"id":32214,"date":"2025-08-19T10:17:44","date_gmt":"2025-08-19T08:17:44","guid":{"rendered":"https:\/\/www.cuesystem.com\/etudes-de-cas\/hotel-grand-hansa\/"},"modified":"2025-08-19T10:36:49","modified_gmt":"2025-08-19T08:36:49","slug":"hotel-grand-hansa","status":"publish","type":"page","link":"https:\/\/www.cuesystem.com\/fr\/etudes-de-cas\/hotel-grand-hansa\/","title":{"rendered":"H\u00f4tel Grand Hansa"},"content":{"rendered":"\t\t<div data-elementor-type=\"wp-page\" data-elementor-id=\"32214\" class=\"elementor elementor-32214 elementor-32156\" data-elementor-post-type=\"page\">\n\t\t\t\t<div class=\"elementor-element elementor-element-ede1820 e-con-full e-flex e-con e-child\" data-id=\"ede1820\" data-element_type=\"container\" data-e-type=\"container\">\n\t\t\t\t<div class=\"elementor-element elementor-element-e3bf7b8 elementor-widget elementor-widget-heading\" data-id=\"e3bf7b8\" data-element_type=\"widget\" data-e-type=\"widget\" data-widget_type=\"heading.default\">\n\t\t\t\t<div class=\"elementor-widget-container\">\n\t\t\t\t\t<h3 class=\"elementor-heading-title elementor-size-default\">\u00c9tude de cas<\/h3>\t\t\t\t<\/div>\n\t\t\t\t<\/div>\n\t\t\t\t<div class=\"elementor-element elementor-element-be66416 elementor-widget elementor-widget-heading\" data-id=\"be66416\" data-element_type=\"widget\" data-e-type=\"widget\" data-widget_type=\"heading.default\">\n\t\t\t\t<div class=\"elementor-widget-container\">\n\t\t\t\t\t<h1 class=\"elementor-heading-title elementor-size-default\">H\u00f4tel Grand Hansa\n\n\n<\/h1>\t\t\t\t<\/div>\n\t\t\t\t<\/div>\n\t\t\t\t<div class=\"elementor-element elementor-element-be8709c elementor-widget-divider--view-line elementor-widget elementor-widget-divider\" data-id=\"be8709c\" data-element_type=\"widget\" data-e-type=\"widget\" data-widget_type=\"divider.default\">\n\t\t\t\t<div class=\"elementor-widget-container\">\n\t\t\t\t\t\t\t<div class=\"elementor-divider\">\n\t\t\t<span class=\"elementor-divider-separator\">\n\t\t\t\t\t\t<\/span>\n\t\t<\/div>\n\t\t\t\t\t\t<\/div>\n\t\t\t\t<\/div>\n\t\t<div class=\"elementor-element elementor-element-d461f5a e-grid e-con-boxed e-con e-child\" data-id=\"d461f5a\" data-element_type=\"container\" data-e-type=\"container\">\n\t\t\t\t\t<div class=\"e-con-inner\">\n\t\t<div class=\"elementor-element elementor-element-c5a05d5 e-con-full e-flex e-con e-child\" data-id=\"c5a05d5\" data-element_type=\"container\" data-e-type=\"container\">\n\t\t\t\t<div class=\"elementor-element elementor-element-827b0b2 elementor-widget elementor-widget-heading\" data-id=\"827b0b2\" data-element_type=\"widget\" data-e-type=\"widget\" data-widget_type=\"heading.default\">\n\t\t\t\t<div class=\"elementor-widget-container\">\n\t\t\t\t\t<h2 class=\"elementor-heading-title elementor-size-default\">Le d\u00e9fi<\/h2>\t\t\t\t<\/div>\n\t\t\t\t<\/div>\n\t\t\t\t<div class=\"elementor-element elementor-element-0f48069 elementor-widget elementor-widget-text-editor\" data-id=\"0f48069\" data-element_type=\"widget\" data-e-type=\"widget\" data-widget_type=\"text-editor.default\">\n\t\t\t\t<div class=\"elementor-widget-container\">\n\t\t\t\t\t\t\t\t\t<p data-renderer-start-pos=\"20\">Le <strong data-renderer-mark=\"true\">Grand Hansa Hotel<\/strong>, qui vient d&rsquo;ouvrir ses portes au c\u0153ur d&rsquo;Helsinki, s&rsquo;est fix\u00e9 pour objectif d&rsquo;offrir <strong data-renderer-mark=\"true\">\u00e0 ses clients une exp\u00e9rience cinq \u00e9toiles<\/strong> alliant <strong data-renderer-mark=\"true\">\u00e9l\u00e9gance intemporelle<\/strong> et <strong data-renderer-mark=\"true\">technologie de pointe.<\/strong><\/p><p data-renderer-start-pos=\"187\">Pour r\u00e9pondre aux <strong data-renderer-mark=\"true\">attentes modernes<\/strong>, l&rsquo;h\u00f4tel avait besoin d&rsquo;une <strong data-renderer-mark=\"true\">solution audiovisuelle et de contr\u00f4le robuste<\/strong> qui couvrirait un <strong data-renderer-mark=\"true\">large \u00e9ventail d&rsquo;espaces<\/strong>, notamment :<\/p><ul class=\"ak-ul\" data-indent-level=\"1\"><li><p data-renderer-start-pos=\"323\">Salle de bal et salles de r\u00e9union haut de gamme<\/p><\/li><li><p data-renderer-start-pos=\"362\">Restaurants et halls d&rsquo;entr\u00e9e<\/p><\/li><li><p data-renderer-start-pos=\"393\">Chambres d&rsquo;h\u00f4tes et zones communes<\/p><\/li><\/ul><p data-renderer-start-pos=\"425\">Le principal d\u00e9fi consistait \u00e0 <strong data-renderer-mark=\"true\">assurer un fonctionnement transparent<\/strong>, un <strong data-renderer-mark=\"true\">contr\u00f4le simple<\/strong> pour le personnel de l&rsquo;h\u00f4tel et une <strong data-renderer-mark=\"true\">compatibilit\u00e9 totale<\/strong> avec les appareils personnels des clients, tout en <strong data-renderer-mark=\"true\">conservant l&rsquo;ambiance raffin\u00e9e<\/strong> de l&rsquo;espace.<\/p>\t\t\t\t\t\t\t\t<\/div>\n\t\t\t\t<\/div>\n\t\t\t\t<\/div>\n\t\t<div class=\"elementor-element elementor-element-e4ea18d e-con-full e-flex e-con e-child\" data-id=\"e4ea18d\" data-element_type=\"container\" data-e-type=\"container\">\n\t\t\t\t<div class=\"elementor-element elementor-element-8d80a2c elementor-widget elementor-widget-image\" data-id=\"8d80a2c\" data-element_type=\"widget\" data-e-type=\"widget\" data-widget_type=\"image.default\">\n\t\t\t\t<div class=\"elementor-widget-container\">\n\t\t\t\t\t\t\t\t\t\t\t\t<figure class=\"wp-caption\">\n\t\t\t\t\t\t\t\t\t\t<img fetchpriority=\"high\" decoding=\"async\" width=\"700\" height=\"466\" src=\"https:\/\/www.cuesystem.com\/wp-content\/uploads\/2025\/08\/MeetingRoom_Socis_wide.webp\" class=\"attachment-large size-large wp-image-32178\" alt=\"\" srcset=\"https:\/\/www.cuesystem.com\/wp-content\/uploads\/2025\/08\/MeetingRoom_Socis_wide.webp 700w, https:\/\/www.cuesystem.com\/wp-content\/uploads\/2025\/08\/MeetingRoom_Socis_wide-300x200.webp 300w\" sizes=\"(max-width: 700px) 100vw, 700px\" \/>\t\t\t\t\t\t\t\t\t\t\t<figcaption class=\"widget-image-caption wp-caption-text\">Salle Socis<\/figcaption>\n\t\t\t\t\t\t\t\t\t\t<\/figure>\n\t\t\t\t\t\t\t\t\t<\/div>\n\t\t\t\t<\/div>\n\t\t\t\t<\/div>\n\t\t\t\t\t<\/div>\n\t\t\t\t<\/div>\n\t\t<div class=\"elementor-element elementor-element-77e9e23 e-grid e-con-boxed e-con e-child\" data-id=\"77e9e23\" data-element_type=\"container\" data-e-type=\"container\">\n\t\t\t\t\t<div class=\"e-con-inner\">\n\t\t<div class=\"elementor-element elementor-element-d855524 e-con-full e-flex e-con e-child\" data-id=\"d855524\" data-element_type=\"container\" data-e-type=\"container\">\n\t\t\t\t<div class=\"elementor-element elementor-element-f420aab elementor-widget elementor-widget-image\" data-id=\"f420aab\" data-element_type=\"widget\" data-e-type=\"widget\" data-widget_type=\"image.default\">\n\t\t\t\t<div class=\"elementor-widget-container\">\n\t\t\t\t\t\t\t\t\t\t\t\t\t\t\t<img decoding=\"async\" width=\"1024\" height=\"682\" src=\"https:\/\/www.cuesystem.com\/wp-content\/uploads\/2025\/08\/Grandhansa_paa-CC-1024x682.webp\" class=\"attachment-large size-large wp-image-32188\" alt=\"\" srcset=\"https:\/\/www.cuesystem.com\/wp-content\/uploads\/2025\/08\/Grandhansa_paa-CC-1024x682.webp 1024w, https:\/\/www.cuesystem.com\/wp-content\/uploads\/2025\/08\/Grandhansa_paa-CC-300x200.webp 300w, https:\/\/www.cuesystem.com\/wp-content\/uploads\/2025\/08\/Grandhansa_paa-CC.webp 1920w\" sizes=\"(max-width: 1024px) 100vw, 1024px\" \/>\t\t\t\t\t\t\t\t\t\t\t\t\t\t\t<\/div>\n\t\t\t\t<\/div>\n\t\t\t\t<\/div>\n\t\t<div class=\"elementor-element elementor-element-3784e43 e-con-full e-flex e-con e-child\" data-id=\"3784e43\" data-element_type=\"container\" data-e-type=\"container\">\n\t\t\t\t<div class=\"elementor-element elementor-element-3871a3f elementor-widget elementor-widget-heading\" data-id=\"3871a3f\" data-element_type=\"widget\" data-e-type=\"widget\" data-widget_type=\"heading.default\">\n\t\t\t\t<div class=\"elementor-widget-container\">\n\t\t\t\t\t<h2 class=\"elementor-heading-title elementor-size-default\">\u00c0 propos de l'h\u00f4tel Grand Hansa<\/h2>\t\t\t\t<\/div>\n\t\t\t\t<\/div>\n\t\t\t\t<div class=\"elementor-element elementor-element-81b7bf1 elementor-widget elementor-widget-text-editor\" data-id=\"81b7bf1\" data-element_type=\"widget\" data-e-type=\"widget\" data-widget_type=\"text-editor.default\">\n\t\t\t\t<div class=\"elementor-widget-container\">\n\t\t\t\t\t\t\t\t\t<p data-renderer-start-pos=\"675\">Exploit\u00e9 sous la marque NH Collection, <a class=\"_mizu1p6i _1ah31bk5 _ra3xnqa1 _128m1bk5 _1cvmnqa1 _4davt94y _4bfu18uv _1hms8stv _ajmmnqa1 _vchhusvi _kqswh2mm _syaz14q2 _ect41gqc _1a3b18uv _4fpr8stv _5goinqa1 _f8pj14q2 _9oik18uv _1bnxglyw _jf4cnqa1 _30l314q2 _1nrm18uv _c2waglyw _1iohnqa1 _9h8h16c2 _1053w7te _1ienw7te _n0fxw7te _1vhvg3x0\" title=\"https:\/\/www.nh-collection.com\/en\/hotel\/nh-collection-helsinki-grand-hansa\" href=\"https:\/\/www.nh-collection.com\/en\/hotel\/nh-collection-helsinki-grand-hansa\" data-renderer-mark=\"true\" data-is-router-link=\"false\" data-testid=\"link-with-safety\"><strong data-renderer-mark=\"true\">Grand Hansa Hotel<\/strong><\/a> est un <strong data-renderer-mark=\"true\">\u00e9tablissement cinq \u00e9toiles<\/strong> situ\u00e9 dans le centre d&rsquo;<strong data-renderer-mark=\"true\">Helsinki<\/strong>. Avec <strong data-renderer-mark=\"true\">229 chambres<\/strong> et un <strong data-renderer-mark=\"true\">large choix <\/strong>d&rsquo;<strong data-renderer-mark=\"true\">espaces de<\/strong> <strong data-renderer-mark=\"true\">r\u00e9union <\/strong>et d&rsquo;<strong data-renderer-mark=\"true\">\u00e9v\u00e9nements<\/strong>, l&rsquo;h\u00f4tel s&rsquo;adresse aussi bien aux voyageurs d&rsquo;affaires qu&rsquo;aux touristes. <\/p><p data-renderer-start-pos=\"924\">Notre <strong data-renderer-mark=\"true\">partenaire finlandais <\/strong><a class=\"_mizu1p6i _1ah31bk5 _ra3xnqa1 _128m1bk5 _1cvmnqa1 _4davt94y _4bfu18uv _1hms8stv _ajmmnqa1 _vchhusvi _kqswh2mm _syaz14q2 _ect41gqc _1a3b18uv _4fpr8stv _5goinqa1 _f8pj14q2 _9oik18uv _1bnxglyw _jf4cnqa1 _30l314q2 _1nrm18uv _c2waglyw _1iohnqa1 _9h8h16c2 _1053w7te _1ienw7te _n0fxw7te _1vhvg3x0\" title=\"https:\/\/electrowaves.fi\/en\/home\/\" href=\"https:\/\/electrowaves.fi\/en\/home\/\" data-renderer-mark=\"true\" data-is-router-link=\"false\" data-testid=\"link-with-safety\"><strong data-renderer-mark=\"true\">Electro Waves Oy<\/strong><\/a> s&rsquo;est charg\u00e9 de la mise en \u0153uvre du projet.<\/p>\t\t\t\t\t\t\t\t<\/div>\n\t\t\t\t<\/div>\n\t\t\t\t<\/div>\n\t\t\t\t\t<\/div>\n\t\t\t\t<\/div>\n\t\t<div class=\"elementor-element elementor-element-9027ce5 e-grid e-con-boxed e-con e-child\" data-id=\"9027ce5\" data-element_type=\"container\" data-e-type=\"container\">\n\t\t\t\t\t<div class=\"e-con-inner\">\n\t\t<div class=\"elementor-element elementor-element-e285d9e e-con-full e-flex e-con e-child\" data-id=\"e285d9e\" data-element_type=\"container\" data-e-type=\"container\">\n\t\t\t\t<div class=\"elementor-element elementor-element-165b4cc elementor-widget elementor-widget-heading\" data-id=\"165b4cc\" data-element_type=\"widget\" data-e-type=\"widget\" data-widget_type=\"heading.default\">\n\t\t\t\t<div class=\"elementor-widget-container\">\n\t\t\t\t\t<h2 class=\"elementor-heading-title elementor-size-default\">Notre r\u00e9solution<\/h2>\t\t\t\t<\/div>\n\t\t\t\t<\/div>\n\t\t\t\t<div class=\"elementor-element elementor-element-15b915c elementor-widget elementor-widget-text-editor\" data-id=\"15b915c\" data-element_type=\"widget\" data-e-type=\"widget\" data-widget_type=\"text-editor.default\">\n\t\t\t\t<div class=\"elementor-widget-container\">\n\t\t\t\t\t\t\t\t\t<p data-renderer-start-pos=\"1023\">Afin de fournir un contr\u00f4le intuitif et une automatisation fiable dans l&rsquo;ensemble de la propri\u00e9t\u00e9, les <strong data-renderer-mark=\"true\">syst\u00e8mes de contr\u00f4le de CUE<\/strong> ont \u00e9t\u00e9 int\u00e9gr\u00e9s dans l&rsquo;ensemble du projet. Ces technologies permettent au personnel et aux clients de l&rsquo;h\u00f4tel de <strong data-renderer-mark=\"true\">g\u00e9rer facilement les environnements audiovisuels<\/strong>, qu&rsquo;il s&rsquo;agisse d&rsquo;une <strong data-renderer-mark=\"true\">pr\u00e9sentation professionnelle<\/strong>, d&rsquo;un <strong data-renderer-mark=\"true\">d\u00eener priv\u00e9<\/strong> ou d&rsquo;une <strong data-renderer-mark=\"true\">r\u00e9union hybride<\/strong>. <\/p><p data-renderer-start-pos=\"1322\"><strong data-renderer-mark=\"true\">Technologies CUE install\u00e9es :<\/strong><\/p><ul class=\"ak-ul\" data-indent-level=\"1\"><li><p data-renderer-start-pos=\"1353\"><a class=\"_mizu1p6i _1ah31bk5 _ra3xnqa1 _128m1bk5 _1cvmnqa1 _4davt94y _4bfu18uv _1hms8stv _ajmmnqa1 _vchhusvi _kqswh2mm _syaz14q2 _ect41gqc _1a3b18uv _4fpr8stv _5goinqa1 _f8pj14q2 _9oik18uv _1bnxglyw _jf4cnqa1 _30l314q2 _1nrm18uv _c2waglyw _1iohnqa1 _9h8h16c2 _1053w7te _1ienw7te _n0fxw7te _1vhvg3x0\" title=\"https:\/\/docs.cuesystem.com\/space\/PRODUCTS\/490242076\" href=\"https:\/\/docs.cuesystem.com\/space\/PRODUCTS\/490242076\" data-renderer-mark=\"true\" data-is-router-link=\"false\" data-testid=\"link-with-safety\"><strong data-renderer-mark=\"true\">touchCUE-7-M<\/strong><\/a> panneaux tactiles<\/p><\/li><li><p data-renderer-start-pos=\"1382\"><a class=\"_mizu1p6i _1ah31bk5 _ra3xnqa1 _128m1bk5 _1cvmnqa1 _4davt94y _4bfu18uv _1hms8stv _ajmmnqa1 _vchhusvi _kqswh2mm _syaz14q2 _ect41gqc _1a3b18uv _4fpr8stv _5goinqa1 _f8pj14q2 _9oik18uv _1bnxglyw _jf4cnqa1 _30l314q2 _1nrm18uv _c2waglyw _1iohnqa1 _9h8h16c2 _1053w7te _1ienw7te _n0fxw7te _1vhvg3x0\" title=\"https:\/\/docs.cuesystem.com\/space\/PRODUCTS\/484704416\" href=\"https:\/\/docs.cuesystem.com\/space\/PRODUCTS\/484704416\" data-renderer-mark=\"true\" data-is-router-link=\"false\" data-testid=\"link-with-safety\"><strong data-renderer-mark=\"true\">touchCUE-10<\/strong><\/a> panneaux<\/p><\/li><li><p data-renderer-start-pos=\"1404\"><a class=\"_mizu1p6i _1ah31bk5 _ra3xnqa1 _128m1bk5 _1cvmnqa1 _4davt94y _4bfu18uv _1hms8stv _ajmmnqa1 _vchhusvi _kqswh2mm _syaz14q2 _ect41gqc _1a3b18uv _4fpr8stv _5goinqa1 _f8pj14q2 _9oik18uv _1bnxglyw _jf4cnqa1 _30l314q2 _1nrm18uv _c2waglyw _1iohnqa1 _9h8h16c2 _1053w7te _1ienw7te _n0fxw7te _1vhvg3x0\" title=\"https:\/\/docs.cuesystem.com\/space\/PRODUCTS\/487981257\" href=\"https:\/\/docs.cuesystem.com\/space\/PRODUCTS\/487981257\" data-renderer-mark=\"true\" data-is-router-link=\"false\" data-testid=\"link-with-safety\"><strong data-renderer-mark=\"true\">contr\u00f4leCUE-deux<\/strong><\/a> contr\u00f4leurs<\/p><\/li><li><p data-renderer-start-pos=\"1434\"><a class=\"_mizu1p6i _1ah31bk5 _ra3xnqa1 _128m1bk5 _1cvmnqa1 _4davt94y _4bfu18uv _1hms8stv _ajmmnqa1 _vchhusvi _kqswh2mm _syaz14q2 _ect41gqc _1a3b18uv _4fpr8stv _5goinqa1 _f8pj14q2 _9oik18uv _1bnxglyw _jf4cnqa1 _30l314q2 _1nrm18uv _c2waglyw _1iohnqa1 _9h8h16c2 _1053w7te _1ienw7te _n0fxw7te _1vhvg3x0\" title=\"https:\/\/docs.cuesystem.com\/space\/PRODUCTS\/483885057\" href=\"https:\/\/docs.cuesystem.com\/space\/PRODUCTS\/483885057\" data-renderer-mark=\"true\" data-is-router-link=\"false\" data-testid=\"link-with-safety\"><strong data-renderer-mark=\"true\">controlCUE-KNX<\/strong><\/a> pour l&rsquo;int\u00e9gration des syst\u00e8mes de construction<\/p><\/li><\/ul>\t\t\t\t\t\t\t\t<\/div>\n\t\t\t\t<\/div>\n\t\t\t\t<\/div>\n\t\t<div class=\"elementor-element elementor-element-86bd9d0 e-con-full e-flex e-con e-child\" data-id=\"86bd9d0\" data-element_type=\"container\" data-e-type=\"container\">\n\t\t\t\t<div class=\"elementor-element elementor-element-389e975 elementor-widget elementor-widget-image\" data-id=\"389e975\" data-element_type=\"widget\" data-e-type=\"widget\" data-widget_type=\"image.default\">\n\t\t\t\t<div class=\"elementor-widget-container\">\n\t\t\t\t\t\t\t\t\t\t\t\t<figure class=\"wp-caption\">\n\t\t\t\t\t\t\t\t\t\t<img decoding=\"async\" width=\"700\" height=\"466\" src=\"https:\/\/www.cuesystem.com\/wp-content\/uploads\/2025\/08\/MeetingRoom_Wilhelm.webp\" class=\"attachment-large size-large wp-image-32183\" alt=\"\" srcset=\"https:\/\/www.cuesystem.com\/wp-content\/uploads\/2025\/08\/MeetingRoom_Wilhelm.webp 700w, https:\/\/www.cuesystem.com\/wp-content\/uploads\/2025\/08\/MeetingRoom_Wilhelm-300x200.webp 300w\" sizes=\"(max-width: 700px) 100vw, 700px\" \/>\t\t\t\t\t\t\t\t\t\t\t<figcaption class=\"widget-image-caption wp-caption-text\">Salle de r\u00e9union<\/figcaption>\n\t\t\t\t\t\t\t\t\t\t<\/figure>\n\t\t\t\t\t\t\t\t\t<\/div>\n\t\t\t\t<\/div>\n\t\t\t\t<\/div>\n\t\t\t\t\t<\/div>\n\t\t\t\t<\/div>\n\t\t<div class=\"elementor-element elementor-element-2841d29 e-grid e-con-boxed e-con e-child\" data-id=\"2841d29\" data-element_type=\"container\" data-e-type=\"container\">\n\t\t\t\t\t<div class=\"e-con-inner\">\n\t\t<div class=\"elementor-element elementor-element-d6879f8 e-con-full e-flex e-con e-child\" data-id=\"d6879f8\" data-element_type=\"container\" data-e-type=\"container\">\n\t\t\t\t<div class=\"elementor-element elementor-element-b247769 elementor-widget elementor-widget-image\" data-id=\"b247769\" data-element_type=\"widget\" data-e-type=\"widget\" data-widget_type=\"image.default\">\n\t\t\t\t<div class=\"elementor-widget-container\">\n\t\t\t\t\t\t\t\t\t\t\t\t<figure class=\"wp-caption\">\n\t\t\t\t\t\t\t\t\t\t<img loading=\"lazy\" decoding=\"async\" width=\"700\" height=\"466\" src=\"https:\/\/www.cuesystem.com\/wp-content\/uploads\/2025\/08\/Foyer_Digital-Signage.webp\" class=\"attachment-large size-large wp-image-32173\" alt=\"\" srcset=\"https:\/\/www.cuesystem.com\/wp-content\/uploads\/2025\/08\/Foyer_Digital-Signage.webp 700w, https:\/\/www.cuesystem.com\/wp-content\/uploads\/2025\/08\/Foyer_Digital-Signage-300x200.webp 300w\" sizes=\"(max-width: 700px) 100vw, 700px\" \/>\t\t\t\t\t\t\t\t\t\t\t<figcaption class=\"widget-image-caption wp-caption-text\">Espace commun<\/figcaption>\n\t\t\t\t\t\t\t\t\t\t<\/figure>\n\t\t\t\t\t\t\t\t\t<\/div>\n\t\t\t\t<\/div>\n\t\t\t\t<\/div>\n\t\t<div class=\"elementor-element elementor-element-799a363 e-con-full e-flex e-con e-child\" data-id=\"799a363\" data-element_type=\"container\" data-e-type=\"container\">\n\t\t\t\t<div class=\"elementor-element elementor-element-6f4d6d4 elementor-widget elementor-widget-text-editor\" data-id=\"6f4d6d4\" data-element_type=\"widget\" data-e-type=\"widget\" data-widget_type=\"text-editor.default\">\n\t\t\t\t<div class=\"elementor-widget-container\">\n\t\t\t\t\t\t\t\t\t<p data-renderer-start-pos=\"1531\">Utilis\u00e9s en combinaison avec le syst\u00e8me AV plus large, les composants CUE <strong data-renderer-mark=\"true\">permettent un<\/strong> <strong data-renderer-mark=\"true\">contr\u00f4le<\/strong> <strong data-renderer-mark=\"true\">centralis\u00e9<\/strong> et <strong data-renderer-mark=\"true\">local<\/strong>:<\/p><ul class=\"ak-ul\" data-indent-level=\"1\"><li><p data-renderer-start-pos=\"1640\"><strong data-renderer-mark=\"true\">Salles de r\u00e9union haut de gamme <\/strong>(y compris l&rsquo;impressionnante <strong data-renderer-mark=\"true\">salle Socis<\/strong> avec un mur LED incurv\u00e9)<\/p><\/li><li><p data-renderer-start-pos=\"1727\">La <strong data-renderer-mark=\"true\">salle de bal<\/strong>, utilis\u00e9e pour des \u00e9v\u00e9nements et des conf\u00e9rences<\/p><\/li><li><p data-renderer-start-pos=\"1776\">Musique d&rsquo;ambiance et syst\u00e8mes de signalisation dans les espaces publics<\/p><\/li><li><p data-renderer-start-pos=\"1832\">Grandes suites et espaces ex\u00e9cutifs<\/p><\/li><\/ul>\t\t\t\t\t\t\t\t<\/div>\n\t\t\t\t<\/div>\n\t\t\t\t<\/div>\n\t\t\t\t\t<\/div>\n\t\t\t\t<\/div>\n\t\t<div class=\"elementor-element elementor-element-1df0603 e-grid e-con-boxed e-con e-child\" data-id=\"1df0603\" data-element_type=\"container\" data-e-type=\"container\">\n\t\t\t\t\t<div class=\"e-con-inner\">\n\t\t<div class=\"elementor-element elementor-element-02abb3c e-con-full e-flex e-con e-child\" data-id=\"02abb3c\" data-element_type=\"container\" data-e-type=\"container\">\n\t\t\t\t<div class=\"elementor-element elementor-element-66b3c4b elementor-widget elementor-widget-text-editor\" data-id=\"66b3c4b\" data-element_type=\"widget\" data-e-type=\"widget\" data-widget_type=\"text-editor.default\">\n\t\t\t\t<div class=\"elementor-widget-container\">\n\t\t\t\t\t\t\t\t\t<p data-renderer-start-pos=\"1873\">Gr\u00e2ce \u00e0 la <strong data-renderer-mark=\"true\">flexibilit\u00e9 <\/strong>et \u00e0 la <strong data-renderer-mark=\"true\">facilit\u00e9 d&rsquo;utilisation<\/strong> du syst\u00e8me CUE, l&rsquo;h\u00f4tel peut d\u00e9sormais offrir une <strong data-renderer-mark=\"true\">exp\u00e9rience fluide \u00e0 ses clients <\/strong>tout en donnant au personnel un <strong data-renderer-mark=\"true\">contr\u00f4le total des syst\u00e8mes audiovisuels<\/strong> dans l&rsquo;ensemble du site : \u00e0 partir d&rsquo;\u00e9crans tactiles ou \u00e0 distance.<\/p><p data-renderer-start-pos=\"2077\">Le r\u00e9sultat est une int\u00e9gration \u00e9l\u00e9gante de la <strong data-renderer-mark=\"true\">technologie moderne dans un espace riche en patrimoine<\/strong>, garantissant que l <a class=\"_mizu1p6i _1ah31bk5 _ra3xnqa1 _128m1bk5 _1cvmnqa1 _4davt94y _4bfu18uv _1hms8stv _ajmmnqa1 _vchhusvi _kqswh2mm _syaz14q2 _ect41gqc _1a3b18uv _4fpr8stv _5goinqa1 _f8pj14q2 _9oik18uv _1bnxglyw _jf4cnqa1 _30l314q2 _1nrm18uv _c2waglyw _1iohnqa1 _9h8h16c2 _1053w7te _1ienw7te _n0fxw7te _1vhvg3x0\" title=\"https:\/\/www.nh-collection.com\/en\/hotel\/nh-collection-helsinki-grand-hansa\" href=\"https:\/\/www.nh-collection.com\/en\/hotel\/nh-collection-helsinki-grand-hansa\" data-renderer-mark=\"true\" data-is-router-link=\"false\" data-testid=\"link-with-safety\">&lsquo;h\u00f4tel Grand Hansa<\/a> est pr\u00eat \u00e0 r\u00e9pondre aux demandes d&rsquo;aujourd&rsquo;hui et aux attentes de demain.<\/p>\t\t\t\t\t\t\t\t<\/div>\n\t\t\t\t<\/div>\n\t\t\t\t<\/div>\n\t\t<div class=\"elementor-element elementor-element-dfed210 e-con-full e-flex e-con e-child\" data-id=\"dfed210\" data-element_type=\"container\" data-e-type=\"container\">\n\t\t\t\t<div class=\"elementor-element elementor-element-1313755 elementor-widget elementor-widget-image\" data-id=\"1313755\" data-element_type=\"widget\" data-e-type=\"widget\" data-widget_type=\"image.default\">\n\t\t\t\t<div class=\"elementor-widget-container\">\n\t\t\t\t\t\t\t\t\t\t\t\t<figure class=\"wp-caption\">\n\t\t\t\t\t\t\t\t\t\t<img loading=\"lazy\" decoding=\"async\" width=\"700\" height=\"466\" src=\"https:\/\/www.cuesystem.com\/wp-content\/uploads\/2025\/08\/Ballroom-valkokankaat.webp\" class=\"attachment-large size-large wp-image-32168\" alt=\"\" srcset=\"https:\/\/www.cuesystem.com\/wp-content\/uploads\/2025\/08\/Ballroom-valkokankaat.webp 700w, https:\/\/www.cuesystem.com\/wp-content\/uploads\/2025\/08\/Ballroom-valkokankaat-300x200.webp 300w\" sizes=\"(max-width: 700px) 100vw, 700px\" \/>\t\t\t\t\t\t\t\t\t\t\t<figcaption class=\"widget-image-caption wp-caption-text\">Salle de bal<\/figcaption>\n\t\t\t\t\t\t\t\t\t\t<\/figure>\n\t\t\t\t\t\t\t\t\t<\/div>\n\t\t\t\t<\/div>\n\t\t\t\t<\/div>\n\t\t\t\t\t<\/div>\n\t\t\t\t<\/div>\n\t\t\t\t<\/div>\n\t\t<div class=\"elementor-element elementor-element-0541ade e-flex e-con-boxed e-con e-parent\" data-id=\"0541ade\" data-element_type=\"container\" data-e-type=\"container\">\n\t\t\t\t\t<div class=\"e-con-inner\">\n\t\t\t\t<div class=\"elementor-element elementor-element-d2c400f elementor-widget elementor-widget-heading\" data-id=\"d2c400f\" data-element_type=\"widget\" data-e-type=\"widget\" data-widget_type=\"heading.default\">\n\t\t\t\t<div class=\"elementor-widget-container\">\n\t\t\t\t\t<h2 class=\"elementor-heading-title elementor-size-default\"><a href=\"https:\/\/electrowaves.fi\/en\/grand-hansa-hotel\/\">En savoir plus sur ce projet<\/a><\/h2>\t\t\t\t<\/div>\n\t\t\t\t<\/div>\n\t\t\t\t\t<\/div>\n\t\t\t\t<\/div>\n\t\t\t\t<\/div>\n\t\t","protected":false},"excerpt":{"rendered":"<p>\u00c9tude de cas H\u00f4tel Grand Hansa Le d\u00e9fi Le Grand Hansa Hotel, qui vient d&rsquo;ouvrir ses portes au c\u0153ur d&rsquo;Helsinki, s&rsquo;est fix\u00e9 pour objectif d&rsquo;offrir \u00e0 ses clients une exp\u00e9rience cinq \u00e9toiles alliant \u00e9l\u00e9gance intemporelle et technologie de pointe. Pour r\u00e9pondre aux attentes modernes, l&rsquo;h\u00f4tel avait besoin d&rsquo;une solution audiovisuelle et de contr\u00f4le robuste qui <a href=\"https:\/\/www.cuesystem.com\/fr\/etudes-de-cas\/hotel-grand-hansa\/\" class=\"more-link\">&#8230;<span class=\"screen-reader-text\">  H\u00f4tel Grand Hansa<\/span><\/a><\/p>\n","protected":false},"author":11,"featured_media":0,"parent":30190,"menu_order":148,"comment_status":"closed","ping_status":"closed","template":"","meta":{"_acf_changed":false,"inline_featured_image":false,"footnotes":""},"kategorie":[],"class_list":["post-32214","page","type-page","status-publish","hentry"],"acf":[],"_links":{"self":[{"href":"https:\/\/www.cuesystem.com\/fr\/wp-json\/wp\/v2\/pages\/32214","targetHints":{"allow":["GET"]}}],"collection":[{"href":"https:\/\/www.cuesystem.com\/fr\/wp-json\/wp\/v2\/pages"}],"about":[{"href":"https:\/\/www.cuesystem.com\/fr\/wp-json\/wp\/v2\/types\/page"}],"author":[{"embeddable":true,"href":"https:\/\/www.cuesystem.com\/fr\/wp-json\/wp\/v2\/users\/11"}],"replies":[{"embeddable":true,"href":"https:\/\/www.cuesystem.com\/fr\/wp-json\/wp\/v2\/comments?post=32214"}],"version-history":[{"count":1,"href":"https:\/\/www.cuesystem.com\/fr\/wp-json\/wp\/v2\/pages\/32214\/revisions"}],"predecessor-version":[{"id":32215,"href":"https:\/\/www.cuesystem.com\/fr\/wp-json\/wp\/v2\/pages\/32214\/revisions\/32215"}],"up":[{"embeddable":true,"href":"https:\/\/www.cuesystem.com\/fr\/wp-json\/wp\/v2\/pages\/30190"}],"wp:attachment":[{"href":"https:\/\/www.cuesystem.com\/fr\/wp-json\/wp\/v2\/media?parent=32214"}],"wp:term":[{"taxonomy":"kategorie","embeddable":true,"href":"https:\/\/www.cuesystem.com\/fr\/wp-json\/wp\/v2\/kategorie?post=32214"}],"curies":[{"name":"wp","href":"https:\/\/api.w.org\/{rel}","templated":true}]}}