{"id":32230,"date":"2025-08-18T15:44:51","date_gmt":"2025-08-18T13:44:51","guid":{"rendered":"https:\/\/www.cuesystem.com\/quoi-de-neuf\/cue-a-dtu-2025\/"},"modified":"2025-08-19T13:27:03","modified_gmt":"2025-08-19T11:27:03","slug":"cue-a-dtu-2025","status":"publish","type":"page","link":"https:\/\/www.cuesystem.com\/fr\/quoi-de-neuf\/cue-a-dtu-2025\/","title":{"rendered":"CUE \u00e0 DTU 2025"},"content":{"rendered":"\t\t<div data-elementor-type=\"wp-page\" data-elementor-id=\"32230\" class=\"elementor elementor-32230 elementor-32126\" data-elementor-post-type=\"page\">\n\t\t\t\t<div class=\"elementor-element elementor-element-ee5dd2a e-con-full e-flex e-con e-child\" data-id=\"ee5dd2a\" data-element_type=\"container\" data-e-type=\"container\">\n\t\t\t\t<div class=\"elementor-element elementor-element-3f54a66 elementor-widget elementor-widget-heading\" data-id=\"3f54a66\" data-element_type=\"widget\" data-e-type=\"widget\" data-widget_type=\"heading.default\">\n\t\t\t\t<div class=\"elementor-widget-container\">\n\t\t\t\t\t<h3 class=\"elementor-heading-title elementor-size-default\">Ev\u00e9nements<\/h3>\t\t\t\t<\/div>\n\t\t\t\t<\/div>\n\t\t\t\t<div class=\"elementor-element elementor-element-15d3498 elementor-widget elementor-widget-heading\" data-id=\"15d3498\" data-element_type=\"widget\" data-e-type=\"widget\" data-widget_type=\"heading.default\">\n\t\t\t\t<div class=\"elementor-widget-container\">\n\t\t\t\t\t<h1 class=\"elementor-heading-title elementor-size-default\">CUE \u00e0 DTU 2025<\/h1>\t\t\t\t<\/div>\n\t\t\t\t<\/div>\n\t\t\t\t<div class=\"elementor-element elementor-element-f9558da elementor-widget-divider--view-line elementor-widget elementor-widget-divider\" data-id=\"f9558da\" data-element_type=\"widget\" data-e-type=\"widget\" data-widget_type=\"divider.default\">\n\t\t\t\t<div class=\"elementor-widget-container\">\n\t\t\t\t\t\t\t<div class=\"elementor-divider\">\n\t\t\t<span class=\"elementor-divider-separator\">\n\t\t\t\t\t\t<\/span>\n\t\t<\/div>\n\t\t\t\t\t\t<\/div>\n\t\t\t\t<\/div>\n\t\t<div class=\"elementor-element elementor-element-1da5e70 e-grid e-con-boxed e-con e-child\" data-id=\"1da5e70\" data-element_type=\"container\" data-e-type=\"container\">\n\t\t\t\t\t<div class=\"e-con-inner\">\n\t\t<div class=\"elementor-element elementor-element-cafd5a0 e-con-full e-flex e-con e-child\" data-id=\"cafd5a0\" data-element_type=\"container\" data-e-type=\"container\">\n\t\t\t\t<div class=\"elementor-element elementor-element-371961c elementor-widget elementor-widget-text-editor\" data-id=\"371961c\" data-element_type=\"widget\" data-e-type=\"widget\" data-widget_type=\"text-editor.default\">\n\t\t\t\t<div class=\"elementor-widget-container\">\n\t\t\t\t\t\t\t\t\t<p data-renderer-start-pos=\"137\">Nous avons le plaisir d&rsquo;annoncer que la CUE participera \u00e0 la prochaine conf\u00e9rence sur <em data-renderer-mark=\"true\">la transformation num\u00e9rique des universit\u00e9s<\/em>, qui se tiendra le <strong data-renderer-mark=\"true\">10 septembre 2025<\/strong> au Arno\u0161t of Pardubice Hall, \u00e0 l&rsquo;Universit\u00e9 de Pardubice.<\/p><p data-renderer-start-pos=\"346\">Vous pourrez nous rencontrer sur le stand de notre distributeur tch\u00e8que <strong data-renderer-mark=\"true\"><span data-highlighted=\"true\" data-vc=\"highlighted-text\"><span class=\"_kqswh2mm\"><span class=\"_5pioz8co _189eyh40 _1il9buyh _19lcevot _d0altlke\" data-testid=\"definition-highlighter\">AV<\/span><\/span><\/span> Media<\/strong>, qui est \u00e9galement partenaire de l&rsquo;\u00e9v\u00e9nement. <strong data-renderer-mark=\"true\">Jaroslav Dibitanzl, pr\u00e9sident du conseil d&rsquo;administration,<\/strong> repr\u00e9sentera CUE. <\/p>\t\t\t\t\t\t\t\t<\/div>\n\t\t\t\t<\/div>\n\t\t\t\t<\/div>\n\t\t<div class=\"elementor-element elementor-element-ff033a0 e-con-full e-flex e-con e-child\" data-id=\"ff033a0\" data-element_type=\"container\" data-e-type=\"container\">\n\t\t\t\t<div class=\"elementor-element elementor-element-e36b8ce elementor-widget elementor-widget-image\" data-id=\"e36b8ce\" data-element_type=\"widget\" data-e-type=\"widget\" data-widget_type=\"image.default\">\n\t\t\t\t<div class=\"elementor-widget-container\">\n\t\t\t\t\t\t\t\t\t\t\t\t\t\t\t<img fetchpriority=\"high\" decoding=\"async\" width=\"1024\" height=\"683\" src=\"https:\/\/www.cuesystem.com\/wp-content\/uploads\/2025\/08\/DSC_8175.jpg-1024x683.webp\" class=\"attachment-large size-large wp-image-32133\" alt=\"\" srcset=\"https:\/\/www.cuesystem.com\/wp-content\/uploads\/2025\/08\/DSC_8175.jpg-1024x683.webp 1024w, https:\/\/www.cuesystem.com\/wp-content\/uploads\/2025\/08\/DSC_8175.jpg-300x200.webp 300w, https:\/\/www.cuesystem.com\/wp-content\/uploads\/2025\/08\/DSC_8175.jpg.webp 1920w\" sizes=\"(max-width: 1024px) 100vw, 1024px\" \/>\t\t\t\t\t\t\t\t\t\t\t\t\t\t\t<\/div>\n\t\t\t\t<\/div>\n\t\t\t\t<\/div>\n\t\t\t\t\t<\/div>\n\t\t\t\t<\/div>\n\t\t<div class=\"elementor-element elementor-element-d7cd6ef e-flex e-con-boxed e-con e-child\" data-id=\"d7cd6ef\" data-element_type=\"container\" data-e-type=\"container\">\n\t\t\t\t\t<div class=\"e-con-inner\">\n\t\t<div class=\"elementor-element elementor-element-eee8373 e-grid e-con-full e-con e-child\" data-id=\"eee8373\" data-element_type=\"container\" data-e-type=\"container\">\n\t\t<div class=\"elementor-element elementor-element-92d208f e-con-full e-flex e-con e-child\" data-id=\"92d208f\" data-element_type=\"container\" data-e-type=\"container\">\n\t\t\t\t<div class=\"elementor-element elementor-element-f8359be elementor-widget elementor-widget-image\" data-id=\"f8359be\" data-element_type=\"widget\" data-e-type=\"widget\" data-widget_type=\"image.default\">\n\t\t\t\t<div class=\"elementor-widget-container\">\n\t\t\t\t\t\t\t\t\t\t\t\t\t\t\t<img decoding=\"async\" width=\"1024\" height=\"683\" src=\"https:\/\/www.cuesystem.com\/wp-content\/uploads\/2025\/08\/DSC_8722.jpg-1024x683.webp\" class=\"attachment-large size-large wp-image-32138\" alt=\"\" srcset=\"https:\/\/www.cuesystem.com\/wp-content\/uploads\/2025\/08\/DSC_8722.jpg-1024x683.webp 1024w, https:\/\/www.cuesystem.com\/wp-content\/uploads\/2025\/08\/DSC_8722.jpg-300x200.webp 300w, https:\/\/www.cuesystem.com\/wp-content\/uploads\/2025\/08\/DSC_8722.jpg.webp 1920w\" sizes=\"(max-width: 1024px) 100vw, 1024px\" \/>\t\t\t\t\t\t\t\t\t\t\t\t\t\t\t<\/div>\n\t\t\t\t<\/div>\n\t\t\t\t<\/div>\n\t\t<div class=\"elementor-element elementor-element-2a02dc3 e-con-full e-flex e-con e-child\" data-id=\"2a02dc3\" data-element_type=\"container\" data-e-type=\"container\">\n\t\t\t\t<div class=\"elementor-element elementor-element-e36630d elementor-widget elementor-widget-text-editor\" data-id=\"e36630d\" data-element_type=\"widget\" data-e-type=\"widget\" data-widget_type=\"text-editor.default\">\n\t\t\t\t<div class=\"elementor-widget-container\">\n\t\t\t\t\t\t\t\t\t<p data-renderer-start-pos=\"528\">La conf\u00e9rence, organis\u00e9e par l&rsquo;universit\u00e9 de Pardubice sous les auspices du minist\u00e8re de l&rsquo;\u00e9ducation, de la jeunesse et des sports (M\u0160MT) et d&rsquo;EUNIS, s&rsquo;est d\u00e9roul\u00e9e dans le cadre de l&rsquo;Ann\u00e9e europ\u00e9enne de l&rsquo;\u00e9galit\u00e9 des chances pour les femmes et les hommes. <span data-highlighted=\"true\" data-vc=\"highlighted-text\"><span class=\"_kqswh2mm\"><span class=\"_5pioz8co _189eyh40 _1il9buyh _19lcevot _d0altlke\" data-testid=\"definition-highlighter\">EUNIS<\/span><\/span><\/span>rassemble des dirigeants d&rsquo;universit\u00e9s, des experts en informatique et des institutions publiques. Elle se concentre sur les aspects strat\u00e9giques et technologiques de la num\u00e9risation, de la gestion des processus et des cadres l\u00e9gislatifs \u00e0 l&rsquo;analyse des donn\u00e9es et \u00e0 la cybers\u00e9curit\u00e9. <\/p><p data-renderer-start-pos=\"902\">Nous sommes impatients de participer \u00e0 cette importante discussion sur l&rsquo;avenir de la transformation num\u00e9rique dans l&rsquo;enseignement sup\u00e9rieur.<\/p><p data-renderer-start-pos=\"902\"><strong>Pour en savoir plus sur cet \u00e9v\u00e9nement, consultez le site <a class=\"_mizu1p6i _1ah31bk5 _ra3xnqa1 _128m1bk5 _1cvmnqa1 _4davt94y _4bfu18uv _1hms8stv _ajmmnqa1 _vchhusvi _kqswh2mm _syaz14q2 _ect41gqc _1a3b18uv _4fpr8stv _5goinqa1 _f8pj14q2 _9oik18uv _1bnxglyw _jf4cnqa1 _30l314q2 _1nrm18uv _c2waglyw _1iohnqa1 _9h8h16c2 _1053w7te _1ienw7te _n0fxw7te _1vhvg3x0\" title=\"https:\/\/digitalni-transformace-univerzit.cz\/\" href=\"https:\/\/digitalni-transformace-univerzit.cz\/\" data-renderer-mark=\"true\" data-is-router-link=\"false\" data-testid=\"link-with-safety\">https:\/\/digitalni-transformace-univerzit.cz\/<\/a>.<\/strong><\/p>\t\t\t\t\t\t\t\t<\/div>\n\t\t\t\t<\/div>\n\t\t\t\t<\/div>\n\t\t\t\t<\/div>\n\t\t\t\t\t<\/div>\n\t\t\t\t<\/div>\n\t\t\t\t<\/div>\n\t\t\t\t<\/div>\n\t\t","protected":false},"excerpt":{"rendered":"<p>Ev\u00e9nements CUE \u00e0 DTU 2025 Nous avons le plaisir d&rsquo;annoncer que la CUE participera \u00e0 la prochaine conf\u00e9rence sur la transformation num\u00e9rique des universit\u00e9s, qui se tiendra le 10 septembre 2025 au Arno\u0161t of Pardubice Hall, \u00e0 l&rsquo;Universit\u00e9 de Pardubice. Vous pourrez nous rencontrer sur le stand de notre distributeur tch\u00e8que AV Media, qui est <a href=\"https:\/\/www.cuesystem.com\/fr\/quoi-de-neuf\/cue-a-dtu-2025\/\" class=\"more-link\">&#8230;<span class=\"screen-reader-text\">  CUE \u00e0 DTU 2025<\/span><\/a><\/p>\n","protected":false},"author":11,"featured_media":0,"parent":31298,"menu_order":152,"comment_status":"closed","ping_status":"closed","template":"","meta":{"_acf_changed":false,"inline_featured_image":false,"footnotes":""},"kategorie":[],"class_list":["post-32230","page","type-page","status-publish","hentry"],"acf":[],"_links":{"self":[{"href":"https:\/\/www.cuesystem.com\/fr\/wp-json\/wp\/v2\/pages\/32230","targetHints":{"allow":["GET"]}}],"collection":[{"href":"https:\/\/www.cuesystem.com\/fr\/wp-json\/wp\/v2\/pages"}],"about":[{"href":"https:\/\/www.cuesystem.com\/fr\/wp-json\/wp\/v2\/types\/page"}],"author":[{"embeddable":true,"href":"https:\/\/www.cuesystem.com\/fr\/wp-json\/wp\/v2\/users\/11"}],"replies":[{"embeddable":true,"href":"https:\/\/www.cuesystem.com\/fr\/wp-json\/wp\/v2\/comments?post=32230"}],"version-history":[{"count":1,"href":"https:\/\/www.cuesystem.com\/fr\/wp-json\/wp\/v2\/pages\/32230\/revisions"}],"predecessor-version":[{"id":32231,"href":"https:\/\/www.cuesystem.com\/fr\/wp-json\/wp\/v2\/pages\/32230\/revisions\/32231"}],"up":[{"embeddable":true,"href":"https:\/\/www.cuesystem.com\/fr\/wp-json\/wp\/v2\/pages\/31298"}],"wp:attachment":[{"href":"https:\/\/www.cuesystem.com\/fr\/wp-json\/wp\/v2\/media?parent=32230"}],"wp:term":[{"taxonomy":"kategorie","embeddable":true,"href":"https:\/\/www.cuesystem.com\/fr\/wp-json\/wp\/v2\/kategorie?post=32230"}],"curies":[{"name":"wp","href":"https:\/\/api.w.org\/{rel}","templated":true}]}}