{"id":32844,"date":"2025-09-30T14:41:01","date_gmt":"2025-09-30T12:41:01","guid":{"rendered":"https:\/\/www.cuesystem.com\/adaptateur-de-montage-10-liberte-dans-la-maniere-de-monter-votre-panneau\/"},"modified":"2025-09-30T16:50:12","modified_gmt":"2025-09-30T14:50:12","slug":"adaptateur-de-montage-10-liberte-dans-la-maniere-de-monter-votre-panneau","status":"publish","type":"page","link":"https:\/\/www.cuesystem.com\/fr\/quoi-de-neuf\/adaptateur-de-montage-10-liberte-dans-la-maniere-de-monter-votre-panneau\/","title":{"rendered":"Adaptateur de montage 10 : Libert\u00e9 dans la mani\u00e8re de monter votre panneau"},"content":{"rendered":"\t\t<div data-elementor-type=\"wp-page\" data-elementor-id=\"32844\" class=\"elementor elementor-32844 elementor-32790\" data-elementor-post-type=\"page\">\n\t\t\t\t<div class=\"elementor-element elementor-element-722b1de e-con-full e-flex e-con e-child\" data-id=\"722b1de\" data-element_type=\"container\" data-e-type=\"container\">\n\t\t\t\t<div class=\"elementor-element elementor-element-a2722b8 elementor-widget elementor-widget-heading\" data-id=\"a2722b8\" data-element_type=\"widget\" data-e-type=\"widget\" data-widget_type=\"heading.default\">\n\t\t\t\t<div class=\"elementor-widget-container\">\n\t\t\t\t\t<h3 class=\"elementor-heading-title elementor-size-default\">Nouveaux produits<\/h3>\t\t\t\t<\/div>\n\t\t\t\t<\/div>\n\t\t\t\t<div class=\"elementor-element elementor-element-5964008 elementor-widget elementor-widget-heading\" data-id=\"5964008\" data-element_type=\"widget\" data-e-type=\"widget\" data-widget_type=\"heading.default\">\n\t\t\t\t<div class=\"elementor-widget-container\">\n\t\t\t\t\t<h1 class=\"elementor-heading-title elementor-size-default\">Adaptateur de montage 10 :<\/h1>\t\t\t\t<\/div>\n\t\t\t\t<\/div>\n\t\t\t\t<div class=\"elementor-element elementor-element-27e6054 elementor-widget elementor-widget-heading\" data-id=\"27e6054\" data-element_type=\"widget\" data-e-type=\"widget\" data-widget_type=\"heading.default\">\n\t\t\t\t<div class=\"elementor-widget-container\">\n\t\t\t\t\t<h2 class=\"elementor-heading-title elementor-size-default\"><i>Libert\u00e9 dans le montage de votre panneau<\/i><\/h2>\t\t\t\t<\/div>\n\t\t\t\t<\/div>\n\t\t<div class=\"elementor-element elementor-element-efd1b25 e-flex e-con-boxed e-con e-child\" data-id=\"efd1b25\" data-element_type=\"container\" data-e-type=\"container\" data-settings=\"{&quot;background_background&quot;:&quot;classic&quot;}\">\n\t\t\t\t\t<div class=\"e-con-inner\">\n\t\t\t\t<div class=\"elementor-element elementor-element-f37b8f2 elementor-widget elementor-widget-text-editor\" data-id=\"f37b8f2\" data-element_type=\"widget\" data-e-type=\"widget\" data-widget_type=\"text-editor.default\">\n\t\t\t\t<div class=\"elementor-widget-container\">\n\t\t\t\t\t\t\t\t\t<p data-prosemirror-content-type=\"node\" data-prosemirror-node-name=\"paragraph\" data-prosemirror-node-block=\"true\" data-pm-slice=\"1 1 []\">Choisissez \u00e0 tout moment une <strong data-prosemirror-content-type=\"mark\" data-prosemirror-mark-name=\"strong\">installation sur<\/strong> <strong data-prosemirror-content-type=\"mark\" data-prosemirror-mark-name=\"strong\">table <\/strong>ou <strong data-prosemirror-content-type=\"mark\" data-prosemirror-mark-name=\"strong\">murale<\/strong>, sans avoir \u00e0 stocker diff\u00e9rentes versions de panneaux.<\/p><p data-prosemirror-content-type=\"node\" data-prosemirror-node-name=\"paragraph\" data-prosemirror-node-block=\"true\" data-pm-slice=\"1 1 []\">Avec le nouvel <strong data-prosemirror-content-type=\"mark\" data-prosemirror-mark-name=\"strong\">adaptateur de montage 10<\/strong>, votre <a href=\"https:\/\/docs.cuesystem.com\/space\/PRODUCTS\/605093893\" data-prosemirror-content-type=\"mark\" data-prosemirror-mark-name=\"link\" style=\"font-family: Nunito, sans-serif; font-size: 16px;\">\n  <strong data-prosemirror-content-type=\"mark\" data-prosemirror-mark-name=\"strong\">touchCUE-10-W<\/strong>\n<\/a> ou <a href=\"https:\/\/docs.cuesystem.com\/space\/PRODUCTS\/604766221\" data-prosemirror-content-type=\"mark\" data-prosemirror-mark-name=\"link\" style=\"font-family: Nunito, sans-serif; font-size: 16px;\">\n  <strong data-prosemirror-content-type=\"mark\" data-prosemirror-mark-name=\"strong\">touchONE-10-W<\/strong>\n<\/a> devient <strong data-prosemirror-content-type=\"mark\" data-prosemirror-mark-name=\"strong\">vraiment polyvalent<\/strong>.<\/p>\t\t\t\t\t\t\t\t<\/div>\n\t\t\t\t<\/div>\n\t\t\t\t\t<\/div>\n\t\t\t\t<\/div>\n\t\t<div class=\"elementor-element elementor-element-ea92e26 e-grid e-con-boxed e-con e-child\" data-id=\"ea92e26\" data-element_type=\"container\" data-e-type=\"container\">\n\t\t\t\t\t<div class=\"e-con-inner\">\n\t\t<div class=\"elementor-element elementor-element-995b55e e-con-full e-flex e-con e-child\" data-id=\"995b55e\" data-element_type=\"container\" data-e-type=\"container\">\n\t\t\t\t<div class=\"elementor-element elementor-element-146f78c elementor-widget elementor-widget-text-editor\" data-id=\"146f78c\" data-element_type=\"widget\" data-e-type=\"widget\" data-widget_type=\"text-editor.default\">\n\t\t\t\t<div class=\"elementor-widget-container\">\n\t\t\t\t\t\t\t\t\t<div data-layout-column=\"true\" data-column-width=\"50\" data-prosemirror-content-type=\"node\" data-prosemirror-node-name=\"layoutColumn\" data-prosemirror-node-block=\"true\" data-pm-slice=\"2 2 [\"layoutSection\",{\"columnRuleStyle\":null,\"localId\":null}]\"><div data-layout-content=\"true\"><p data-prosemirror-content-type=\"node\" data-prosemirror-node-name=\"paragraph\" data-prosemirror-node-block=\"true\">Que vous pr\u00e9f\u00e9riez une <strong data-prosemirror-content-type=\"mark\" data-prosemirror-mark-name=\"strong\">installation sur table<\/strong> ou une <strong data-prosemirror-content-type=\"mark\" data-prosemirror-mark-name=\"strong\">fixation murale \u00e9l\u00e9gante et inclin\u00e9e \u00e0 15\u00b0<\/strong>, cet adaptateur vous offre une <strong data-prosemirror-content-type=\"mark\" data-prosemirror-mark-name=\"strong\">flexibilit\u00e9 totale<\/strong>.<\/p><p data-prosemirror-content-type=\"node\" data-prosemirror-node-name=\"paragraph\" data-prosemirror-node-block=\"true\">Parfait pour les projets<strong data-prosemirror-content-type=\"mark\" data-prosemirror-mark-name=\"strong\"> o\u00f9 le style d&rsquo;installation final peut changer<\/strong>, il vous permet de <strong data-prosemirror-content-type=\"mark\" data-prosemirror-mark-name=\"strong\">garder des panneaux en stock <\/strong>et de <strong data-prosemirror-content-type=\"mark\" data-prosemirror-mark-name=\"strong\">d\u00e9cider de l&#8217;emplacement<\/strong> au <strong data-prosemirror-content-type=\"mark\" data-prosemirror-mark-name=\"strong\">tout dernier moment<\/strong>.<\/p><\/div><\/div>\t\t\t\t\t\t\t\t<\/div>\n\t\t\t\t<\/div>\n\t\t\t\t<\/div>\n\t\t<div class=\"elementor-element elementor-element-3d42ef6 e-con-full e-flex e-con e-child\" data-id=\"3d42ef6\" data-element_type=\"container\" data-e-type=\"container\">\n\t\t\t\t<div class=\"elementor-element elementor-element-a936210 elementor-widget elementor-widget-image\" data-id=\"a936210\" data-element_type=\"widget\" data-e-type=\"widget\" data-widget_type=\"image.default\">\n\t\t\t\t<div class=\"elementor-widget-container\">\n\t\t\t\t\t\t\t\t\t\t\t\t\t\t\t<img fetchpriority=\"high\" decoding=\"async\" width=\"1024\" height=\"427\" src=\"https:\/\/www.cuesystem.com\/wp-content\/uploads\/2025\/09\/CS0645-Mountain-Adapter-W1920-1024x427.webp\" class=\"attachment-large size-large wp-image-32800\" alt=\"\" srcset=\"https:\/\/www.cuesystem.com\/wp-content\/uploads\/2025\/09\/CS0645-Mountain-Adapter-W1920-1024x427.webp 1024w, https:\/\/www.cuesystem.com\/wp-content\/uploads\/2025\/09\/CS0645-Mountain-Adapter-W1920-300x125.webp 300w, https:\/\/www.cuesystem.com\/wp-content\/uploads\/2025\/09\/CS0645-Mountain-Adapter-W1920.webp 1920w\" sizes=\"(max-width: 1024px) 100vw, 1024px\" \/>\t\t\t\t\t\t\t\t\t\t\t\t\t\t\t<\/div>\n\t\t\t\t<\/div>\n\t\t\t\t<\/div>\n\t\t\t\t\t<\/div>\n\t\t\t\t<\/div>\n\t\t<div class=\"elementor-element elementor-element-0b65559 e-flex e-con-boxed e-con e-child\" data-id=\"0b65559\" data-element_type=\"container\" data-e-type=\"container\" data-settings=\"{&quot;background_background&quot;:&quot;classic&quot;}\">\n\t\t\t\t\t<div class=\"e-con-inner\">\n\t\t\t\t<div class=\"elementor-element elementor-element-1c139d8 elementor-widget elementor-widget-heading\" data-id=\"1c139d8\" data-element_type=\"widget\" data-e-type=\"widget\" data-widget_type=\"heading.default\">\n\t\t\t\t<div class=\"elementor-widget-container\">\n\t\t\t\t\t<h2 class=\"elementor-heading-title elementor-size-default\">Les principaux avantages en un coup d'\u0153il\n<\/h2>\t\t\t\t<\/div>\n\t\t\t\t<\/div>\n\t\t\t\t<div class=\"elementor-element elementor-element-69fdd1f elementor-widget elementor-widget-text-editor\" data-id=\"69fdd1f\" data-element_type=\"widget\" data-e-type=\"widget\" data-widget_type=\"text-editor.default\">\n\t\t\t\t<div class=\"elementor-widget-container\">\n\t\t\t\t\t\t\t\t\t<ul class=\"ak-ul\" data-prosemirror-content-type=\"node\" data-prosemirror-node-name=\"bulletList\" data-prosemirror-node-block=\"true\"><li data-prosemirror-content-type=\"node\" data-prosemirror-node-name=\"listItem\" data-prosemirror-node-block=\"true\"><p data-prosemirror-content-type=\"node\" data-prosemirror-node-name=\"paragraph\" data-prosemirror-node-block=\"true\"><strong data-prosemirror-content-type=\"mark\" data-prosemirror-mark-name=\"strong\">Polyvalence universelle<\/strong> &#8211; un accessoire, deux options d&rsquo;installation<\/p><\/li><li data-prosemirror-content-type=\"node\" data-prosemirror-node-name=\"listItem\" data-prosemirror-node-block=\"true\"><p data-prosemirror-content-type=\"node\" data-prosemirror-node-name=\"paragraph\" data-prosemirror-node-block=\"true\"><strong data-prosemirror-content-type=\"mark\" data-prosemirror-mark-name=\"strong\">Prise de d\u00e9cision flexible<\/strong> &#8211; choisissez ult\u00e9rieurement le montage sur table ou le montage mural<\/p><\/li><li data-prosemirror-content-type=\"node\" data-prosemirror-node-name=\"listItem\" data-prosemirror-node-block=\"true\"><p data-prosemirror-content-type=\"node\" data-prosemirror-node-name=\"paragraph\" data-prosemirror-node-block=\"true\"><strong data-prosemirror-content-type=\"mark\" data-prosemirror-mark-name=\"strong\">Aspect professionnel <\/strong>&#8211; inclinaison de 15\u00b0 pour une utilisation confortable et une bonne visibilit\u00e9<\/p><\/li><li data-prosemirror-content-type=\"node\" data-prosemirror-node-name=\"listItem\" data-prosemirror-node-block=\"true\"><p data-prosemirror-content-type=\"node\" data-prosemirror-node-name=\"paragraph\" data-prosemirror-node-block=\"true\"><strong data-prosemirror-content-type=\"mark\" data-prosemirror-mark-name=\"strong\">Gestion intelligente des c\u00e2bles<\/strong> &#8211; passage et fixation int\u00e9gr\u00e9e<\/p><\/li><li data-prosemirror-content-type=\"node\" data-prosemirror-node-name=\"listItem\" data-prosemirror-node-block=\"true\"><p data-prosemirror-content-type=\"node\" data-prosemirror-node-name=\"paragraph\" data-prosemirror-node-block=\"true\"><strong data-prosemirror-content-type=\"mark\" data-prosemirror-mark-name=\"strong\">Installation facile<\/strong> &#8211; compatible avec les cloisons s\u00e8ches, les parois en verre et les bo\u00eetiers muraux \u00e9lectriques standard<\/p><\/li><\/ul>\t\t\t\t\t\t\t\t<\/div>\n\t\t\t\t<\/div>\n\t\t\t\t\t<\/div>\n\t\t\t\t<\/div>\n\t\t<div class=\"elementor-element elementor-element-d045fa8 e-flex e-con-boxed e-con e-child\" data-id=\"d045fa8\" data-element_type=\"container\" data-e-type=\"container\">\n\t\t\t\t\t<div class=\"e-con-inner\">\n\t\t<div class=\"elementor-element elementor-element-c842873 e-con-full e-flex e-con e-child\" data-id=\"c842873\" data-element_type=\"container\" data-e-type=\"container\">\n\t\t\t\t<div class=\"elementor-element elementor-element-c051982 elementor-widget elementor-widget-heading\" data-id=\"c051982\" data-element_type=\"widget\" data-e-type=\"widget\" data-widget_type=\"heading.default\">\n\t\t\t\t<div class=\"elementor-widget-container\">\n\t\t\t\t\t<h2 class=\"elementor-heading-title elementor-size-default\">L\u00e0 o\u00f9 \u00e7a marche le mieux<\/h2>\t\t\t\t<\/div>\n\t\t\t\t<\/div>\n\t\t\t\t<\/div>\n\t\t<div class=\"elementor-element elementor-element-1f7dc8d e-grid e-con-full e-con e-child\" data-id=\"1f7dc8d\" data-element_type=\"container\" data-e-type=\"container\">\n\t\t\t\t<div class=\"elementor-element elementor-element-e6a615e elementor-widget elementor-widget-image\" data-id=\"e6a615e\" data-element_type=\"widget\" data-e-type=\"widget\" data-widget_type=\"image.default\">\n\t\t\t\t<div class=\"elementor-widget-container\">\n\t\t\t\t\t\t\t\t\t\t\t\t\t\t\t<img decoding=\"async\" width=\"1024\" height=\"576\" src=\"https:\/\/www.cuesystem.com\/wp-content\/uploads\/2025\/09\/CS0645-Mountain-Adapter-render-table-1024x576.webp\" class=\"attachment-large size-large wp-image-32805\" alt=\"\" srcset=\"https:\/\/www.cuesystem.com\/wp-content\/uploads\/2025\/09\/CS0645-Mountain-Adapter-render-table-1024x576.webp 1024w, https:\/\/www.cuesystem.com\/wp-content\/uploads\/2025\/09\/CS0645-Mountain-Adapter-render-table-300x169.webp 300w\" sizes=\"(max-width: 1024px) 100vw, 1024px\" \/>\t\t\t\t\t\t\t\t\t\t\t\t\t\t\t<\/div>\n\t\t\t\t<\/div>\n\t\t\t\t<div class=\"elementor-element elementor-element-6b13666 elementor-widget elementor-widget-image\" data-id=\"6b13666\" data-element_type=\"widget\" data-e-type=\"widget\" data-widget_type=\"image.default\">\n\t\t\t\t<div class=\"elementor-widget-container\">\n\t\t\t\t\t\t\t\t\t\t\t\t\t\t\t<img decoding=\"async\" width=\"1024\" height=\"576\" src=\"https:\/\/www.cuesystem.com\/wp-content\/uploads\/2025\/09\/CS0645-Mountain-Adapter-render-wall-1024x576.webp\" class=\"attachment-large size-large wp-image-32810\" alt=\"\" srcset=\"https:\/\/www.cuesystem.com\/wp-content\/uploads\/2025\/09\/CS0645-Mountain-Adapter-render-wall-1024x576.webp 1024w, https:\/\/www.cuesystem.com\/wp-content\/uploads\/2025\/09\/CS0645-Mountain-Adapter-render-wall-300x169.webp 300w\" sizes=\"(max-width: 1024px) 100vw, 1024px\" \/>\t\t\t\t\t\t\t\t\t\t\t\t\t\t\t<\/div>\n\t\t\t\t<\/div>\n\t\t\t\t<\/div>\n\t\t\t\t\t<\/div>\n\t\t\t\t<\/div>\n\t\t\t\t<\/div>\n\t\t<div class=\"elementor-element elementor-element-a07a3cc e-flex e-con-boxed e-con e-parent\" data-id=\"a07a3cc\" data-element_type=\"container\" data-e-type=\"container\">\n\t\t\t\t\t<div class=\"e-con-inner\">\n\t\t<div class=\"elementor-element elementor-element-3deb8b7 e-grid e-con-full e-con e-child\" data-id=\"3deb8b7\" data-element_type=\"container\" data-e-type=\"container\">\n\t\t\t\t<div class=\"elementor-element elementor-element-3805eb1 elementor-widget elementor-widget-text-editor\" data-id=\"3805eb1\" data-element_type=\"widget\" data-e-type=\"widget\" data-widget_type=\"text-editor.default\">\n\t\t\t\t<div class=\"elementor-widget-container\">\n\t\t\t\t\t\t\t\t\t<div data-layout-column=\"true\" data-column-width=\"50\" data-prosemirror-content-type=\"node\" data-prosemirror-node-name=\"layoutColumn\" data-prosemirror-node-block=\"true\" data-pm-slice=\"2 2 [\"layoutSection\",{\"columnRuleStyle\":null,\"localId\":null}]\"><div data-layout-content=\"true\"><div class=\"fabric-editor-block-mark fabric-editor-alignment fabric-editor-align-center\" data-align=\"center\" data-prosemirror-content-type=\"mark\" data-prosemirror-mark-name=\"alignment\"><p data-prosemirror-content-type=\"node\" data-prosemirror-node-name=\"paragraph\" data-prosemirror-node-block=\"true\"><strong data-prosemirror-content-type=\"mark\" data-prosemirror-mark-name=\"strong\">Installations de table<\/strong><\/p><p data-prosemirror-content-type=\"node\" data-prosemirror-node-name=\"paragraph\" data-prosemirror-node-block=\"true\"><strong data-prosemirror-content-type=\"mark\" data-prosemirror-mark-name=\"strong\">Autonome <\/strong>ou <strong data-prosemirror-content-type=\"mark\" data-prosemirror-mark-name=\"strong\">fix\u00e9 \u00e0 <\/strong>l&rsquo;aide de vis, id\u00e9al pour les <strong data-prosemirror-content-type=\"mark\" data-prosemirror-mark-name=\"strong\">bureaux <\/strong>et les<strong data-prosemirror-content-type=\"mark\" data-prosemirror-mark-name=\"strong\"> comptoirs d&rsquo;accueil<\/strong>.<\/p><\/div><\/div><\/div>\t\t\t\t\t\t\t\t<\/div>\n\t\t\t\t<\/div>\n\t\t\t\t<div class=\"elementor-element elementor-element-b821194 elementor-widget elementor-widget-text-editor\" data-id=\"b821194\" data-element_type=\"widget\" data-e-type=\"widget\" data-widget_type=\"text-editor.default\">\n\t\t\t\t<div class=\"elementor-widget-container\">\n\t\t\t\t\t\t\t\t\t<div data-layout-column=\"true\" data-column-width=\"50\" data-prosemirror-content-type=\"node\" data-prosemirror-node-name=\"layoutColumn\" data-prosemirror-node-block=\"true\" data-pm-slice=\"2 2 [\"layoutSection\",{\"columnRuleStyle\":null,\"localId\":null}]\"><div data-layout-content=\"true\"><div class=\"fabric-editor-block-mark fabric-editor-alignment fabric-editor-align-center\" data-align=\"center\" data-prosemirror-content-type=\"mark\" data-prosemirror-mark-name=\"alignment\"><p data-prosemirror-content-type=\"node\" data-prosemirror-node-name=\"paragraph\" data-prosemirror-node-block=\"true\"><strong data-prosemirror-content-type=\"mark\" data-prosemirror-mark-name=\"strong\">Installations murales<\/strong><\/p><p data-prosemirror-content-type=\"node\" data-prosemirror-node-name=\"paragraph\" data-prosemirror-node-block=\"true\">Inclinez les panneaux de 15\u00b0 pour un <strong data-prosemirror-content-type=\"mark\" data-prosemirror-mark-name=\"strong\">meilleur angle de vue<\/strong>, sur une <strong data-prosemirror-content-type=\"mark\" data-prosemirror-mark-name=\"strong\">cloison s\u00e8che <\/strong>ou sur <strong data-prosemirror-content-type=\"mark\" data-prosemirror-mark-name=\"strong\">du verre<\/strong>.<\/p><\/div><\/div><\/div>\t\t\t\t\t\t\t\t<\/div>\n\t\t\t\t<\/div>\n\t\t\t\t<\/div>\n\t\t\t\t\t<\/div>\n\t\t\t\t<\/div>\n\t\t<div class=\"elementor-element elementor-element-91258b7 e-flex e-con-boxed e-con e-parent\" data-id=\"91258b7\" data-element_type=\"container\" data-e-type=\"container\" data-settings=\"{&quot;background_background&quot;:&quot;classic&quot;}\">\n\t\t\t\t\t<div class=\"e-con-inner\">\n\t\t\t\t<div class=\"elementor-element elementor-element-ae9cf7b elementor-widget elementor-widget-heading\" data-id=\"ae9cf7b\" data-element_type=\"widget\" data-e-type=\"widget\" data-widget_type=\"heading.default\">\n\t\t\t\t<div class=\"elementor-widget-container\">\n\t\t\t\t\t<h2 class=\"elementor-heading-title elementor-size-default\"><a href=\"https:\/\/docs.cuesystem.com\/space\/PRODUCTS\/1456537633\" target=\"_blank\">Pour plus d'informations, cliquez ICI.<\/a><\/h2>\t\t\t\t<\/div>\n\t\t\t\t<\/div>\n\t\t\t\t\t<\/div>\n\t\t\t\t<\/div>\n\t\t\t\t<\/div>\n\t\t","protected":false},"excerpt":{"rendered":"<p>Nouveaux produits Adaptateur de montage 10 : Libert\u00e9 dans le montage de votre panneau Choisissez \u00e0 tout moment une installation sur table ou murale, sans avoir \u00e0 stocker diff\u00e9rentes versions de panneaux. Avec le nouvel adaptateur de montage 10, votre touchCUE-10-W ou touchONE-10-W devient vraiment polyvalent. Que vous pr\u00e9f\u00e9riez une installation sur table ou une <a href=\"https:\/\/www.cuesystem.com\/fr\/quoi-de-neuf\/adaptateur-de-montage-10-liberte-dans-la-maniere-de-monter-votre-panneau\/\" class=\"more-link\">&#8230;<span class=\"screen-reader-text\">  Adaptateur de montage 10 : Libert\u00e9 dans la mani\u00e8re de monter votre panneau<\/span><\/a><\/p>\n","protected":false},"author":11,"featured_media":0,"parent":31298,"menu_order":139,"comment_status":"closed","ping_status":"closed","template":"","meta":{"_acf_changed":false,"inline_featured_image":false,"footnotes":""},"kategorie":[],"class_list":["post-32844","page","type-page","status-publish","hentry"],"acf":[],"_links":{"self":[{"href":"https:\/\/www.cuesystem.com\/fr\/wp-json\/wp\/v2\/pages\/32844","targetHints":{"allow":["GET"]}}],"collection":[{"href":"https:\/\/www.cuesystem.com\/fr\/wp-json\/wp\/v2\/pages"}],"about":[{"href":"https:\/\/www.cuesystem.com\/fr\/wp-json\/wp\/v2\/types\/page"}],"author":[{"embeddable":true,"href":"https:\/\/www.cuesystem.com\/fr\/wp-json\/wp\/v2\/users\/11"}],"replies":[{"embeddable":true,"href":"https:\/\/www.cuesystem.com\/fr\/wp-json\/wp\/v2\/comments?post=32844"}],"version-history":[{"count":3,"href":"https:\/\/www.cuesystem.com\/fr\/wp-json\/wp\/v2\/pages\/32844\/revisions"}],"predecessor-version":[{"id":32847,"href":"https:\/\/www.cuesystem.com\/fr\/wp-json\/wp\/v2\/pages\/32844\/revisions\/32847"}],"up":[{"embeddable":true,"href":"https:\/\/www.cuesystem.com\/fr\/wp-json\/wp\/v2\/pages\/31298"}],"wp:attachment":[{"href":"https:\/\/www.cuesystem.com\/fr\/wp-json\/wp\/v2\/media?parent=32844"}],"wp:term":[{"taxonomy":"kategorie","embeddable":true,"href":"https:\/\/www.cuesystem.com\/fr\/wp-json\/wp\/v2\/kategorie?post=32844"}],"curies":[{"name":"wp","href":"https:\/\/api.w.org\/{rel}","templated":true}]}}