{"id":36674,"date":"2026-03-19T12:18:12","date_gmt":"2026-03-19T11:18:12","guid":{"rendered":"https:\/\/www.cuesystem.com\/mises-a-jour-et-innovations-de-la-cue-20260512\/"},"modified":"2026-03-29T21:29:49","modified_gmt":"2026-03-29T19:29:49","slug":"mises-a-jour-et-innovations-de-la-cue-20260512","status":"publish","type":"page","link":"https:\/\/www.cuesystem.com\/fr\/mises-a-jour-et-innovations-de-la-cue-20260512\/","title":{"rendered":"Training CUE Updates &amp; Innovations 12.5.2026"},"content":{"rendered":"\t\t<div data-elementor-type=\"wp-page\" data-elementor-id=\"36674\" class=\"elementor elementor-36674 elementor-36564\" data-elementor-post-type=\"page\">\n\t\t\t\t<div class=\"elementor-element elementor-element-335e1a4 e-con-full e-flex e-con e-parent\" data-id=\"335e1a4\" data-element_type=\"container\" data-e-type=\"container\" data-settings=\"{&quot;background_background&quot;:&quot;classic&quot;}\">\n\t\t\t\t<div class=\"elementor-element elementor-element-3c952de elementor-widget elementor-widget-heading\" data-id=\"3c952de\" data-element_type=\"widget\" data-e-type=\"widget\" data-widget_type=\"heading.default\">\n\t\t\t\t<div class=\"elementor-widget-container\">\n\t\t\t\t\t<h3 class=\"elementor-heading-title elementor-size-default\">Cours de formation<\/h3>\t\t\t\t<\/div>\n\t\t\t\t<\/div>\n\t\t\t\t<div class=\"elementor-element elementor-element-ae380ea elementor-widget elementor-widget-heading\" data-id=\"ae380ea\" data-element_type=\"widget\" data-e-type=\"widget\" data-widget_type=\"heading.default\">\n\t\t\t\t<div class=\"elementor-widget-container\">\n\t\t\t\t\t<h1 class=\"elementor-heading-title elementor-size-default\">Mises \u00e0 jour et innovations de la CUE<\/h1>\t\t\t\t<\/div>\n\t\t\t\t<\/div>\n\t\t\t\t<div class=\"elementor-element elementor-element-0eb8023 elementor-widget elementor-widget-heading\" data-id=\"0eb8023\" data-element_type=\"widget\" data-e-type=\"widget\" data-widget_type=\"heading.default\">\n\t\t\t\t<div class=\"elementor-widget-container\">\n\t\t\t\t\t<h2 class=\"elementor-heading-title elementor-size-default\">12. 5.  2026<\/h2>\t\t\t\t<\/div>\n\t\t\t\t<\/div>\n\t\t<div class=\"elementor-element elementor-element-df89530 e-grid e-con-boxed e-con e-child\" data-id=\"df89530\" data-element_type=\"container\" data-e-type=\"container\">\n\t\t\t\t\t<div class=\"e-con-inner\">\n\t\t<div class=\"elementor-element elementor-element-923c1a8 e-flex e-con-boxed e-con e-child\" data-id=\"923c1a8\" data-element_type=\"container\" data-e-type=\"container\">\n\t\t\t\t\t<div class=\"e-con-inner\">\n\t\t\t\t<div class=\"elementor-element elementor-element-069f028 elementor-widget elementor-widget-heading\" data-id=\"069f028\" data-element_type=\"widget\" data-e-type=\"widget\" data-widget_type=\"heading.default\">\n\t\t\t\t<div class=\"elementor-widget-container\">\n\t\t\t\t\t<h3 class=\"elementor-heading-title elementor-size-default\"><span style=\"font-size: 20.8px\">Horaire<\/span><\/h3>\t\t\t\t<\/div>\n\t\t\t\t<\/div>\n\t\t\t\t<div class=\"elementor-element elementor-element-0955bf7 elementor-widget-laptop__width-initial elementor-icon-list--layout-traditional elementor-list-item-link-full_width elementor-widget elementor-widget-icon-list\" data-id=\"0955bf7\" data-element_type=\"widget\" data-e-type=\"widget\" data-widget_type=\"icon-list.default\">\n\t\t\t\t<div class=\"elementor-widget-container\">\n\t\t\t\t\t\t\t<ul class=\"elementor-icon-list-items\">\n\t\t\t\t\t\t\t<li class=\"elementor-icon-list-item\">\n\t\t\t\t\t\t\t\t\t\t\t<span class=\"elementor-icon-list-icon\">\n\t\t\t\t\t\t\t<svg aria-hidden=\"true\" class=\"e-font-icon-svg e-far-calendar-check\" viewBox=\"0 0 448 512\" xmlns=\"http:\/\/www.w3.org\/2000\/svg\"><path d=\"M400 64h-48V12c0-6.627-5.373-12-12-12h-40c-6.627 0-12 5.373-12 12v52H160V12c0-6.627-5.373-12-12-12h-40c-6.627 0-12 5.373-12 12v52H48C21.49 64 0 85.49 0 112v352c0 26.51 21.49 48 48 48h352c26.51 0 48-21.49 48-48V112c0-26.51-21.49-48-48-48zm-6 400H54a6 6 0 0 1-6-6V160h352v298a6 6 0 0 1-6 6zm-52.849-200.65L198.842 404.519c-4.705 4.667-12.303 4.637-16.971-.068l-75.091-75.699c-4.667-4.705-4.637-12.303.068-16.971l22.719-22.536c4.705-4.667 12.303-4.637 16.97.069l44.104 44.461 111.072-110.181c4.705-4.667 12.303-4.637 16.971.068l22.536 22.718c4.667 4.705 4.636 12.303-.069 16.97z\"><\/path><\/svg>\t\t\t\t\t\t<\/span>\n\t\t\t\t\t\t\t\t\t\t<span class=\"elementor-icon-list-text\"><b>09:00 - 11:00 UTC<\/b> (10:00 - 12:00 CET)<\/span>\n\t\t\t\t\t\t\t\t\t<\/li>\n\t\t\t\t\t\t<\/ul>\n\t\t\t\t\t\t<\/div>\n\t\t\t\t<\/div>\n\t\t\t\t\t<\/div>\n\t\t\t\t<\/div>\n\t\t<div class=\"elementor-element elementor-element-dfcf95c e-flex e-con-boxed e-con e-child\" data-id=\"dfcf95c\" data-element_type=\"container\" data-e-type=\"container\">\n\t\t\t\t\t<div class=\"e-con-inner\">\n\t\t\t\t<div class=\"elementor-element elementor-element-9870777 elementor-widget elementor-widget-heading\" data-id=\"9870777\" data-element_type=\"widget\" data-e-type=\"widget\" data-widget_type=\"heading.default\">\n\t\t\t\t<div class=\"elementor-widget-container\">\n\t\t\t\t\t<h3 class=\"elementor-heading-title elementor-size-default\">D\u00e9tails<\/h3>\t\t\t\t<\/div>\n\t\t\t\t<\/div>\n\t\t\t\t<div class=\"elementor-element elementor-element-5e3f775 elementor-widget elementor-widget-text-editor\" data-id=\"5e3f775\" data-element_type=\"widget\" data-e-type=\"widget\" data-widget_type=\"text-editor.default\">\n\t\t\t\t<div class=\"elementor-widget-container\">\n\t\t\t\t\t\t\t\t\t<p>Langue : <strong>Anglais<\/strong><\/p>\t\t\t\t\t\t\t\t<\/div>\n\t\t\t\t<\/div>\n\t\t\t\t<div class=\"elementor-element elementor-element-0db4a87 elementor-widget elementor-widget-text-editor\" data-id=\"0db4a87\" data-element_type=\"widget\" data-e-type=\"widget\" data-widget_type=\"text-editor.default\">\n\t\t\t\t<div class=\"elementor-widget-container\">\n\t\t\t\t\t\t\t\t\t<p>Type de formation : <b>En ligne<\/b><\/p>\t\t\t\t\t\t\t\t<\/div>\n\t\t\t\t<\/div>\n\t\t\t\t<div class=\"elementor-element elementor-element-c2b9fd9 elementor-widget elementor-widget-text-editor\" data-id=\"c2b9fd9\" data-element_type=\"widget\" data-e-type=\"widget\" data-widget_type=\"text-editor.default\">\n\t\t\t\t<div class=\"elementor-widget-container\">\n\t\t\t\t\t\t\t\t\t<p>Entra\u00eeneur : <strong>Richard Milek<\/strong><\/p>\t\t\t\t\t\t\t\t<\/div>\n\t\t\t\t<\/div>\n\t\t\t\t\t<\/div>\n\t\t\t\t<\/div>\n\t\t\t\t\t<\/div>\n\t\t\t\t<\/div>\n\t\t<div class=\"elementor-element elementor-element-68e2678 e-flex e-con-boxed e-con e-child\" data-id=\"68e2678\" data-element_type=\"container\" data-e-type=\"container\">\n\t\t\t\t\t<div class=\"e-con-inner\">\n\t\t<div class=\"elementor-element elementor-element-6dff069 e-flex e-con-boxed e-con e-child\" data-id=\"6dff069\" data-element_type=\"container\" data-e-type=\"container\">\n\t\t\t\t\t<div class=\"e-con-inner\">\n\t\t\t\t<div class=\"elementor-element elementor-element-12ea63b elementor-widget elementor-widget-heading\" data-id=\"12ea63b\" data-element_type=\"widget\" data-e-type=\"widget\" data-widget_type=\"heading.default\">\n\t\t\t\t<div class=\"elementor-widget-container\">\n\t\t\t\t\t<h3 class=\"elementor-heading-title elementor-size-default\">Description du cours<\/h3>\t\t\t\t<\/div>\n\t\t\t\t<\/div>\n\t\t\t\t<div class=\"elementor-element elementor-element-3263582 elementor-widget elementor-widget-text-editor\" data-id=\"3263582\" data-element_type=\"widget\" data-e-type=\"widget\" data-widget_type=\"text-editor.default\">\n\t\t\t\t<div class=\"elementor-widget-container\">\n\t\t\t\t\t\t\t\t\t<p><strong>CUE Updates &amp; Innovations<\/strong> est la premi\u00e8re session de notre nouvelle s\u00e9rie de pr\u00e9sentations en ligne con\u00e7ues pour tenir nos partenaires r\u00e9guli\u00e8rement inform\u00e9s des <strong>derniers d\u00e9veloppements en mati\u00e8re de mat\u00e9riel et de logiciel CUE<\/strong>.<\/p><p>Cette session d&rsquo;introduction fournira un large aper\u00e7u des innovations les plus importantes pr\u00e9sent\u00e9es \u00e0 l&rsquo;ISE, y compris nos derniers produits mat\u00e9riels (touchCUE-7-W, touchONE-7-W, et signCUE-three) ainsi que les derni\u00e8res capacit\u00e9s de la solution CUE. L <strong>&lsquo;accent sera mis sur les cas d&rsquo;utilisation pratiques, les applications du monde r\u00e9el et les avantages que ces technologies apportent aux op\u00e9rations quotidiennes<\/strong>.<\/p><p>Plut\u00f4t que de plonger dans les d\u00e9tails de la programmation technique, la session se concentrera sur la fa\u00e7on dont ces solutions peuvent \u00eatre utilis\u00e9es dans des projets r\u00e9els, sur les probl\u00e8mes qu&rsquo;elles r\u00e9solvent et sur la fa\u00e7on dont elles peuvent soutenir les conversations de vente avec les clients. Pour cette raison, la formation est particuli\u00e8rement <strong>adapt\u00e9e aux professionnels de la vente et aux partenaires commerciaux<\/strong> qui souhaitent mieux comprendre la valeur et les possibilit\u00e9s de l&rsquo;\u00e9cosyst\u00e8me CUE. <\/p><p>Cette session sert de vue d&rsquo;ensemble et d&rsquo;aper\u00e7u. \u00c0 la fin, nous vous pr\u00e9senterons les prochaines sessions de formation, plus sp\u00e9cialis\u00e9es, qui approfondiront certains sujets. <\/p><p><strong>Rejoignez-nous pour vous tenir au courant des derni\u00e8res innovations de la CUE et d\u00e9couvrir comment elles peuvent \u00eatre appliqu\u00e9es dans la pratique.<\/strong><\/p>\t\t\t\t\t\t\t\t<\/div>\n\t\t\t\t<\/div>\n\t\t\t\t\t<\/div>\n\t\t\t\t<\/div>\n\t\t\t\t\t<\/div>\n\t\t\t\t<\/div>\n\t\t<div class=\"elementor-element elementor-element-d7a4c77 e-flex e-con-boxed e-con e-child\" data-id=\"d7a4c77\" data-element_type=\"container\" data-e-type=\"container\">\n\t\t\t\t\t<div class=\"e-con-inner\">\n\t\t\t\t<div class=\"elementor-element elementor-element-8bc7102 elementor-widget elementor-widget-heading\" data-id=\"8bc7102\" data-element_type=\"widget\" data-e-type=\"widget\" data-widget_type=\"heading.default\">\n\t\t\t\t<div class=\"elementor-widget-container\">\n\t\t\t\t\t<h3 class=\"elementor-heading-title elementor-size-default\">If you are interested in attending this online training course, please complete the registration.<\/h3>\t\t\t\t<\/div>\n\t\t\t\t<\/div>\n\t\t\t\t<div class=\"elementor-element elementor-element-749f117 elementor-widget elementor-widget-button\" data-id=\"749f117\" data-element_type=\"widget\" data-e-type=\"widget\" data-widget_type=\"button.default\">\n\t\t\t\t<div class=\"elementor-widget-container\">\n\t\t\t\t\t\t\t\t\t<div class=\"elementor-button-wrapper\">\n\t\t\t\t\t<a class=\"elementor-button elementor-button-link elementor-size-sm\" href=\"#elementor-action%3Aaction%3Dpopup%3Aopen%26settings%3DeyJpZCI6MjI4NTAsInRvZ2dsZSI6ZmFsc2V9\">\n\t\t\t\t\t\t<span class=\"elementor-button-content-wrapper\">\n\t\t\t\t\t\t\t\t\t<span class=\"elementor-button-text\">Registre<\/span>\n\t\t\t\t\t<\/span>\n\t\t\t\t\t<\/a>\n\t\t\t\t<\/div>\n\t\t\t\t\t\t\t\t<\/div>\n\t\t\t\t<\/div>\n\t\t\t\t\t<\/div>\n\t\t\t\t<\/div>\n\t\t\t\t<\/div>\n\t\t\t\t<\/div>\n\t\t","protected":false},"excerpt":{"rendered":"<p>Cours de formation Mises \u00e0 jour et innovations de la CUE 12. 5. 2026 Horaire 09:00 &#8211; 11:00 UTC (10:00 &#8211; 12:00 CET) D\u00e9tails Langue : Anglais Type de formation : En ligne Entra\u00eeneur : Richard Milek Description du cours CUE Updates &amp; Innovations est la premi\u00e8re session de notre nouvelle s\u00e9rie de pr\u00e9sentations en <a href=\"https:\/\/www.cuesystem.com\/fr\/mises-a-jour-et-innovations-de-la-cue-20260512\/\" class=\"more-link\">&#8230;<span class=\"screen-reader-text\">  Training CUE Updates &amp; Innovations 12.5.2026<\/span><\/a><\/p>\n","protected":false},"author":3,"featured_media":0,"parent":0,"menu_order":29,"comment_status":"closed","ping_status":"closed","template":"","meta":{"_acf_changed":false,"inline_featured_image":false,"footnotes":""},"kategorie":[],"class_list":["post-36674","page","type-page","status-publish","hentry"],"acf":[],"_links":{"self":[{"href":"https:\/\/www.cuesystem.com\/fr\/wp-json\/wp\/v2\/pages\/36674","targetHints":{"allow":["GET"]}}],"collection":[{"href":"https:\/\/www.cuesystem.com\/fr\/wp-json\/wp\/v2\/pages"}],"about":[{"href":"https:\/\/www.cuesystem.com\/fr\/wp-json\/wp\/v2\/types\/page"}],"author":[{"embeddable":true,"href":"https:\/\/www.cuesystem.com\/fr\/wp-json\/wp\/v2\/users\/3"}],"replies":[{"embeddable":true,"href":"https:\/\/www.cuesystem.com\/fr\/wp-json\/wp\/v2\/comments?post=36674"}],"version-history":[{"count":7,"href":"https:\/\/www.cuesystem.com\/fr\/wp-json\/wp\/v2\/pages\/36674\/revisions"}],"predecessor-version":[{"id":37122,"href":"https:\/\/www.cuesystem.com\/fr\/wp-json\/wp\/v2\/pages\/36674\/revisions\/37122"}],"wp:attachment":[{"href":"https:\/\/www.cuesystem.com\/fr\/wp-json\/wp\/v2\/media?parent=36674"}],"wp:term":[{"taxonomy":"kategorie","embeddable":true,"href":"https:\/\/www.cuesystem.com\/fr\/wp-json\/wp\/v2\/kategorie?post=36674"}],"curies":[{"name":"wp","href":"https:\/\/api.w.org\/{rel}","templated":true}]}}