{"id":36789,"date":"2026-03-25T12:23:38","date_gmt":"2026-03-25T11:23:38","guid":{"rendered":"https:\/\/www.cuesystem.com\/cue-a-mir-2026-medialog-2026\/"},"modified":"2026-03-25T13:10:35","modified_gmt":"2026-03-25T12:10:35","slug":"cue-a-mir-2026-medialog-2026","status":"publish","type":"page","link":"https:\/\/www.cuesystem.com\/fr\/quoi-de-neuf\/cue-a-mir-2026-medialog-2026\/","title":{"rendered":"CUE \u00e0 MIR 2026 &amp; MEDIALOG 2026"},"content":{"rendered":"\t\t<div data-elementor-type=\"wp-page\" data-elementor-id=\"36789\" class=\"elementor elementor-36789 elementor-36767\" data-elementor-post-type=\"page\">\n\t\t\t\t<div class=\"elementor-element elementor-element-5ac9279 e-con-full e-flex e-con e-child\" data-id=\"5ac9279\" data-element_type=\"container\" data-e-type=\"container\">\n\t\t\t\t<div class=\"elementor-element elementor-element-69d17cc elementor-widget elementor-widget-heading\" data-id=\"69d17cc\" data-element_type=\"widget\" data-e-type=\"widget\" data-widget_type=\"heading.default\">\n\t\t\t\t<div class=\"elementor-widget-container\">\n\t\t\t\t\t<h3 class=\"elementor-heading-title elementor-size-default\">Ev\u00e9nements<\/h3>\t\t\t\t<\/div>\n\t\t\t\t<\/div>\n\t\t\t\t<div class=\"elementor-element elementor-element-9404eb1 elementor-widget elementor-widget-heading\" data-id=\"9404eb1\" data-element_type=\"widget\" data-e-type=\"widget\" data-widget_type=\"heading.default\">\n\t\t\t\t<div class=\"elementor-widget-container\">\n\t\t\t\t\t<h1 class=\"elementor-heading-title elementor-size-default\">CUE \u00e0 MIR 2026 &amp; MEDIALOG 2026<\/h1>\t\t\t\t<\/div>\n\t\t\t\t<\/div>\n\t\t\t\t<div class=\"elementor-element elementor-element-7ed02ea elementor-widget-divider--view-line elementor-widget elementor-widget-divider\" data-id=\"7ed02ea\" data-element_type=\"widget\" data-e-type=\"widget\" data-widget_type=\"divider.default\">\n\t\t\t\t<div class=\"elementor-widget-container\">\n\t\t\t\t\t\t\t<div class=\"elementor-divider\">\n\t\t\t<span class=\"elementor-divider-separator\">\n\t\t\t\t\t\t<\/span>\n\t\t<\/div>\n\t\t\t\t\t\t<\/div>\n\t\t\t\t<\/div>\n\t\t<div class=\"elementor-element elementor-element-9043eeb e-flex e-con-boxed e-con e-child\" data-id=\"9043eeb\" data-element_type=\"container\" data-e-type=\"container\">\n\t\t\t\t\t<div class=\"e-con-inner\">\n\t\t\t\t<div class=\"elementor-element elementor-element-faa197e elementor-widget elementor-widget-text-editor\" data-id=\"faa197e\" data-element_type=\"widget\" data-e-type=\"widget\" data-widget_type=\"text-editor.default\">\n\t\t\t\t<div class=\"elementor-widget-container\">\n\t\t\t\t\t\t\t\t\t<p>Apr\u00e8s le succ\u00e8s de l&rsquo;ISE, nous apportons la m\u00eame <strong>gamme de produits<\/strong> \u00e0 <strong>deux \u00e9v\u00e9nements europ\u00e9ens cl\u00e9s<\/strong> ce printemps. Rejoignez-nous pour d\u00e9couvrir comment CUE continue \u00e0 simplifier le contr\u00f4le, la surveillance et l&rsquo;automatisation dans les espaces modernes. <\/p>\t\t\t\t\t\t\t\t<\/div>\n\t\t\t\t<\/div>\n\t\t\t\t\t<\/div>\n\t\t\t\t<\/div>\n\t\t<div class=\"elementor-element elementor-element-778a6df e-flex e-con-boxed e-con e-child\" data-id=\"778a6df\" data-element_type=\"container\" data-e-type=\"container\">\n\t\t\t\t\t<div class=\"e-con-inner\">\n\t\t\t\t<div class=\"elementor-element elementor-element-2e9272b elementor-widget-divider--view-line elementor-widget elementor-widget-divider\" data-id=\"2e9272b\" data-element_type=\"widget\" data-e-type=\"widget\" data-widget_type=\"divider.default\">\n\t\t\t\t<div class=\"elementor-widget-container\">\n\t\t\t\t\t\t\t<div class=\"elementor-divider\">\n\t\t\t<span class=\"elementor-divider-separator\">\n\t\t\t\t\t\t<\/span>\n\t\t<\/div>\n\t\t\t\t\t\t<\/div>\n\t\t\t\t<\/div>\n\t\t\t\t<div class=\"elementor-element elementor-element-5e6dab6 elementor-widget elementor-widget-heading\" data-id=\"5e6dab6\" data-element_type=\"widget\" data-e-type=\"widget\" data-widget_type=\"heading.default\">\n\t\t\t\t<div class=\"elementor-widget-container\">\n\t\t\t\t\t<h2 class=\"elementor-heading-title elementor-size-default\">MIR 2026<\/h2>\t\t\t\t<\/div>\n\t\t\t\t<\/div>\n\t\t\t\t<div class=\"elementor-element elementor-element-1dd28da elementor-widget-divider--view-line elementor-widget elementor-widget-divider\" data-id=\"1dd28da\" data-element_type=\"widget\" data-e-type=\"widget\" data-widget_type=\"divider.default\">\n\t\t\t\t<div class=\"elementor-widget-container\">\n\t\t\t\t\t\t\t<div class=\"elementor-divider\">\n\t\t\t<span class=\"elementor-divider-separator\">\n\t\t\t\t\t\t<\/span>\n\t\t<\/div>\n\t\t\t\t\t\t<\/div>\n\t\t\t\t<\/div>\n\t\t\t\t\t<\/div>\n\t\t\t\t<\/div>\n\t\t<div class=\"elementor-element elementor-element-34c3a6a e-grid e-con-boxed e-con e-child\" data-id=\"34c3a6a\" data-element_type=\"container\" data-e-type=\"container\">\n\t\t\t\t\t<div class=\"e-con-inner\">\n\t\t<div class=\"elementor-element elementor-element-dde71ba e-con-full e-flex e-con e-child\" data-id=\"dde71ba\" data-element_type=\"container\" data-e-type=\"container\">\n\t\t\t\t<div class=\"elementor-element elementor-element-b6e237e elementor-widget elementor-widget-text-editor\" data-id=\"b6e237e\" data-element_type=\"widget\" data-e-type=\"widget\" data-widget_type=\"text-editor.default\">\n\t\t\t\t<div class=\"elementor-widget-container\">\n\t\t\t\t\t\t\t\t\t<h3>12-14 avril 2026<\/h3><h4><em>Hall A1 &#8211; Stand 165 | Rimini Expo Centre, Italie<\/em><\/h4><p>Nous retournons \u00e0 <strong><a href=\"https:\/\/www.mirtechexpo.com\/en\" target=\"_blank\" rel=\"noopener\">MIR<\/a><\/strong>le principal \u00e9v\u00e9nement italien consacr\u00e9 aux technologies de l&rsquo;audiovisuel, de l&rsquo;\u00e9clairage et du contr\u00f4le. Avec notre partenaire <a href=\"https:\/\/www.intermark.it\/home-english\/\"><strong>Intermark Sistemi<\/strong><\/a>nous montrerons comment les solutions CUE fonctionnent dans des sc\u00e9narios r\u00e9els, des environnements d&rsquo;entreprise \u00e0 l&rsquo;\u00e9ducation et au-del\u00e0. Attendez-vous \u00e0 des d\u00e9monstrations pratiques, \u00e0 des cas d&rsquo;utilisation concrets et \u00e0 des exp\u00e9riences immersives.  <\/p>\t\t\t\t\t\t\t\t<\/div>\n\t\t\t\t<\/div>\n\t\t\t\t<\/div>\n\t\t<div class=\"elementor-element elementor-element-b55b7d6 e-con-full e-flex e-con e-child\" data-id=\"b55b7d6\" data-element_type=\"container\" data-e-type=\"container\">\n\t\t\t\t<div class=\"elementor-element elementor-element-5317560 elementor-widget elementor-widget-image\" data-id=\"5317560\" data-element_type=\"widget\" data-e-type=\"widget\" data-widget_type=\"image.default\">\n\t\t\t\t<div class=\"elementor-widget-container\">\n\t\t\t\t\t\t\t\t\t\t\t\t\t\t\t<img fetchpriority=\"high\" decoding=\"async\" width=\"1024\" height=\"607\" src=\"https:\/\/www.cuesystem.com\/wp-content\/uploads\/2026\/03\/1761144389-1024x607.webp\" class=\"attachment-large size-large wp-image-36773\" alt=\"\" srcset=\"https:\/\/www.cuesystem.com\/wp-content\/uploads\/2026\/03\/1761144389-1024x607.webp 1024w, https:\/\/www.cuesystem.com\/wp-content\/uploads\/2026\/03\/1761144389-300x178.webp 300w, https:\/\/www.cuesystem.com\/wp-content\/uploads\/2026\/03\/1761144389.webp 1147w\" sizes=\"(max-width: 1024px) 100vw, 1024px\" \/>\t\t\t\t\t\t\t\t\t\t\t\t\t\t\t<\/div>\n\t\t\t\t<\/div>\n\t\t\t\t<\/div>\n\t\t\t\t\t<\/div>\n\t\t\t\t<\/div>\n\t\t<div class=\"elementor-element elementor-element-f7ba618 e-flex e-con-boxed e-con e-child\" data-id=\"f7ba618\" data-element_type=\"container\" data-e-type=\"container\">\n\t\t\t\t\t<div class=\"e-con-inner\">\n\t\t\t\t<div class=\"elementor-element elementor-element-0ca465f elementor-widget-divider--view-line elementor-widget elementor-widget-divider\" data-id=\"0ca465f\" data-element_type=\"widget\" data-e-type=\"widget\" data-widget_type=\"divider.default\">\n\t\t\t\t<div class=\"elementor-widget-container\">\n\t\t\t\t\t\t\t<div class=\"elementor-divider\">\n\t\t\t<span class=\"elementor-divider-separator\">\n\t\t\t\t\t\t<\/span>\n\t\t<\/div>\n\t\t\t\t\t\t<\/div>\n\t\t\t\t<\/div>\n\t\t\t\t<div class=\"elementor-element elementor-element-237e7e1 elementor-widget elementor-widget-heading\" data-id=\"237e7e1\" data-element_type=\"widget\" data-e-type=\"widget\" data-widget_type=\"heading.default\">\n\t\t\t\t<div class=\"elementor-widget-container\">\n\t\t\t\t\t<h2 class=\"elementor-heading-title elementor-size-default\">MEDIALOG 2026<\/h2>\t\t\t\t<\/div>\n\t\t\t\t<\/div>\n\t\t\t\t<div class=\"elementor-element elementor-element-6867bed elementor-widget-divider--view-line elementor-widget elementor-widget-divider\" data-id=\"6867bed\" data-element_type=\"widget\" data-e-type=\"widget\" data-widget_type=\"divider.default\">\n\t\t\t\t<div class=\"elementor-widget-container\">\n\t\t\t\t\t\t\t<div class=\"elementor-divider\">\n\t\t\t<span class=\"elementor-divider-separator\">\n\t\t\t\t\t\t<\/span>\n\t\t<\/div>\n\t\t\t\t\t\t<\/div>\n\t\t\t\t<\/div>\n\t\t<div class=\"elementor-element elementor-element-e81aca3 e-grid e-con-full e-con e-child\" data-id=\"e81aca3\" data-element_type=\"container\" data-e-type=\"container\">\n\t\t<div class=\"elementor-element elementor-element-a529878 e-con-full e-flex e-con e-child\" data-id=\"a529878\" data-element_type=\"container\" data-e-type=\"container\">\n\t\t\t\t<div class=\"elementor-element elementor-element-8cb2e4b elementor-widget elementor-widget-image\" data-id=\"8cb2e4b\" data-element_type=\"widget\" data-e-type=\"widget\" data-widget_type=\"image.default\">\n\t\t\t\t<div class=\"elementor-widget-container\">\n\t\t\t\t\t\t\t\t\t\t\t\t\t\t\t<img decoding=\"async\" width=\"425\" height=\"300\" src=\"https:\/\/www.cuesystem.com\/wp-content\/uploads\/2026\/03\/KSM26-TMOB_425x300.webp\" class=\"attachment-large size-large wp-image-36778\" alt=\"\" srcset=\"https:\/\/www.cuesystem.com\/wp-content\/uploads\/2026\/03\/KSM26-TMOB_425x300.webp 425w, https:\/\/www.cuesystem.com\/wp-content\/uploads\/2026\/03\/KSM26-TMOB_425x300-300x212.webp 300w\" sizes=\"(max-width: 425px) 100vw, 425px\" \/>\t\t\t\t\t\t\t\t\t\t\t\t\t\t\t<\/div>\n\t\t\t\t<\/div>\n\t\t\t\t<\/div>\n\t\t<div class=\"elementor-element elementor-element-5286e56 e-con-full e-flex e-con e-child\" data-id=\"5286e56\" data-element_type=\"container\" data-e-type=\"container\">\n\t\t\t\t<div class=\"elementor-element elementor-element-e6cdc9d elementor-widget elementor-widget-text-editor\" data-id=\"e6cdc9d\" data-element_type=\"widget\" data-e-type=\"widget\" data-widget_type=\"text-editor.default\">\n\t\t\t\t<div class=\"elementor-widget-container\">\n\t\t\t\t\t\t\t\t\t<h3>22-23 avril 2026<\/h3><h4><em>Halle 45, Mayence, Allemagne<\/em><\/h4><p>Au <a href=\"https:\/\/www.kern-stelly-formular.de\/medialog\/\"><strong>MEDIALOG<\/strong><\/a>le rendez-vous incontournable des professionnels de l&rsquo;audiovisuel et des communications unifi\u00e9es, nous rejoindrons \u00e0 nouveau notre partenaire <a href=\"https:\/\/www.kern-stelly.de\/\"><strong>Kern &amp; Stelly<\/strong><\/a>. D\u00e9couvrez les derni\u00e8res innovations, rencontrez des experts de l&rsquo;industrie et explorez comment le contr\u00f4le int\u00e9gr\u00e9 peut transformer les op\u00e9rations quotidiennes. <\/p>\t\t\t\t\t\t\t\t<\/div>\n\t\t\t\t<\/div>\n\t\t\t\t<\/div>\n\t\t\t\t<\/div>\n\t\t\t\t<div class=\"elementor-element elementor-element-d76d253 elementor-widget-divider--view-line elementor-widget elementor-widget-divider\" data-id=\"d76d253\" data-element_type=\"widget\" data-e-type=\"widget\" data-widget_type=\"divider.default\">\n\t\t\t\t<div class=\"elementor-widget-container\">\n\t\t\t\t\t\t\t<div class=\"elementor-divider\">\n\t\t\t<span class=\"elementor-divider-separator\">\n\t\t\t\t\t\t<\/span>\n\t\t<\/div>\n\t\t\t\t\t\t<\/div>\n\t\t\t\t<\/div>\n\t\t\t\t<div class=\"elementor-element elementor-element-f113f11 elementor-widget elementor-widget-heading\" data-id=\"f113f11\" data-element_type=\"widget\" data-e-type=\"widget\" data-widget_type=\"heading.default\">\n\t\t\t\t<div class=\"elementor-widget-container\">\n\t\t\t\t\t<h2 class=\"elementor-heading-title elementor-size-default\">Ce que nous pr\u00e9senterons<\/h2>\t\t\t\t<\/div>\n\t\t\t\t<\/div>\n\t\t\t\t<div class=\"elementor-element elementor-element-f59f7b8 elementor-widget elementor-widget-text-editor\" data-id=\"f59f7b8\" data-element_type=\"widget\" data-e-type=\"widget\" data-widget_type=\"text-editor.default\">\n\t\t\t\t<div class=\"elementor-widget-container\">\n\t\t\t\t\t\t\t\t\t<p><strong>Mat\u00e9riel<\/strong><\/p><ul><li>touchCUE-7-W<\/li><li>touchONE-7-W<\/li><li>signeCUE-trois<\/li><\/ul><p><strong>Logiciel &#8211; CUE Solution<\/strong><\/p><ul><li>Nouvelles applications orient\u00e9es vers les appareils<\/li><li>Fonctionnalit\u00e9s avanc\u00e9es de l&rsquo;espace de travail en mati\u00e8re de r\u00e9servation, de navigation, de contr\u00f4le et d&rsquo;analyse<\/li><li>Int\u00e9gration HP Poly &#8211; permettant aux panneaux tactiles Poly de servir d&rsquo;interface de commande centrale pour les espaces de r\u00e9union<\/li><\/ul><p><strong>AI pour CUE Visual Composer<\/strong><br>Notre nouvel assistant aliment\u00e9 par l&rsquo;IA aide \u00e0 g\u00e9n\u00e9rer, r\u00e9viser et optimiser le code XPL2, rendant la programmation plus rapide, plus facile et plus fiable.<\/p>\t\t\t\t\t\t\t\t<\/div>\n\t\t\t\t<\/div>\n\t\t\t\t<div class=\"elementor-element elementor-element-9a4c62a elementor-widget-divider--view-line elementor-widget elementor-widget-divider\" data-id=\"9a4c62a\" data-element_type=\"widget\" data-e-type=\"widget\" data-widget_type=\"divider.default\">\n\t\t\t\t<div class=\"elementor-widget-container\">\n\t\t\t\t\t\t\t<div class=\"elementor-divider\">\n\t\t\t<span class=\"elementor-divider-separator\">\n\t\t\t\t\t\t<\/span>\n\t\t<\/div>\n\t\t\t\t\t\t<\/div>\n\t\t\t\t<\/div>\n\t\t\t\t<div class=\"elementor-element elementor-element-193a2bd elementor-widget elementor-widget-text-editor\" data-id=\"193a2bd\" data-element_type=\"widget\" data-e-type=\"widget\" data-widget_type=\"text-editor.default\">\n\t\t\t\t<div class=\"elementor-widget-container\">\n\t\t\t\t\t\t\t\t\t<p><em>Que vous soyez \u00e0 la recherche d&rsquo;un contr\u00f4le plus intelligent, d&rsquo;une int\u00e9gration transparente ou de flux de travail plus efficaces, venez voir ce qui est possible avec CUE, en direct au <a href=\"https:\/\/www.mirtechexpo.com\/en\"><strong>MIR<\/strong><\/a> et <a href=\"https:\/\/www.kern-stelly-formular.de\/medialog\/\"><strong>MEDIALOG<\/strong><\/a> 2026.<\/em><\/p>\t\t\t\t\t\t\t\t<\/div>\n\t\t\t\t<\/div>\n\t\t\t\t\t<\/div>\n\t\t\t\t<\/div>\n\t\t\t\t<\/div>\n\t\t\t\t<\/div>\n\t\t","protected":false},"excerpt":{"rendered":"<p>Ev\u00e9nements CUE \u00e0 MIR 2026 &amp; MEDIALOG 2026 Apr\u00e8s le succ\u00e8s de l&rsquo;ISE, nous apportons la m\u00eame gamme de produits \u00e0 deux \u00e9v\u00e9nements europ\u00e9ens cl\u00e9s ce printemps. Rejoignez-nous pour d\u00e9couvrir comment CUE continue \u00e0 simplifier le contr\u00f4le, la surveillance et l&rsquo;automatisation dans les espaces modernes. MIR 2026 12-14 avril 2026 Hall A1 &#8211; Stand 165 <a href=\"https:\/\/www.cuesystem.com\/fr\/quoi-de-neuf\/cue-a-mir-2026-medialog-2026\/\" class=\"more-link\">&#8230;<span class=\"screen-reader-text\">  CUE \u00e0 MIR 2026 &amp; MEDIALOG 2026<\/span><\/a><\/p>\n","protected":false},"author":11,"featured_media":0,"parent":31298,"menu_order":13,"comment_status":"closed","ping_status":"closed","template":"","meta":{"_acf_changed":false,"inline_featured_image":false,"footnotes":""},"kategorie":[],"class_list":["post-36789","page","type-page","status-publish","hentry"],"acf":[],"_links":{"self":[{"href":"https:\/\/www.cuesystem.com\/fr\/wp-json\/wp\/v2\/pages\/36789","targetHints":{"allow":["GET"]}}],"collection":[{"href":"https:\/\/www.cuesystem.com\/fr\/wp-json\/wp\/v2\/pages"}],"about":[{"href":"https:\/\/www.cuesystem.com\/fr\/wp-json\/wp\/v2\/types\/page"}],"author":[{"embeddable":true,"href":"https:\/\/www.cuesystem.com\/fr\/wp-json\/wp\/v2\/users\/11"}],"replies":[{"embeddable":true,"href":"https:\/\/www.cuesystem.com\/fr\/wp-json\/wp\/v2\/comments?post=36789"}],"version-history":[{"count":2,"href":"https:\/\/www.cuesystem.com\/fr\/wp-json\/wp\/v2\/pages\/36789\/revisions"}],"predecessor-version":[{"id":36808,"href":"https:\/\/www.cuesystem.com\/fr\/wp-json\/wp\/v2\/pages\/36789\/revisions\/36808"}],"up":[{"embeddable":true,"href":"https:\/\/www.cuesystem.com\/fr\/wp-json\/wp\/v2\/pages\/31298"}],"wp:attachment":[{"href":"https:\/\/www.cuesystem.com\/fr\/wp-json\/wp\/v2\/media?parent=36789"}],"wp:term":[{"taxonomy":"kategorie","embeddable":true,"href":"https:\/\/www.cuesystem.com\/fr\/wp-json\/wp\/v2\/kategorie?post=36789"}],"curies":[{"name":"wp","href":"https:\/\/api.w.org\/{rel}","templated":true}]}}