{"id":36984,"date":"2024-01-01T10:51:39","date_gmt":"2024-01-01T09:51:39","guid":{"rendered":"https:\/\/www.cuesystem.com\/quoi-de-neuf\/archives-des-nouvelles-et-des-evenements\/"},"modified":"2026-03-25T21:26:31","modified_gmt":"2026-03-25T20:26:31","slug":"archives-des-nouvelles-et-des-evenements","status":"publish","type":"page","link":"https:\/\/www.cuesystem.com\/fr\/quoi-de-neuf\/archives-des-nouvelles-et-des-evenements\/","title":{"rendered":"Archives des nouvelles et des \u00e9v\u00e9nements"},"content":{"rendered":"\t\t<div data-elementor-type=\"wp-page\" data-elementor-id=\"36984\" class=\"elementor elementor-36984 elementor-31633\" data-elementor-post-type=\"page\">\n\t\t\t\t<div class=\"elementor-element elementor-element-4b9b7f5 e-con-full e-flex e-con e-child\" data-id=\"4b9b7f5\" data-element_type=\"container\" data-e-type=\"container\">\n\t\t\t\t<div class=\"elementor-element elementor-element-e29509f elementor-widget elementor-widget-heading\" data-id=\"e29509f\" data-element_type=\"widget\" data-e-type=\"widget\" data-widget_type=\"heading.default\">\n\t\t\t\t<div class=\"elementor-widget-container\">\n\t\t\t\t\t<h3 class=\"elementor-heading-title elementor-size-default\">En savoir plus<\/h3>\t\t\t\t<\/div>\n\t\t\t\t<\/div>\n\t\t\t\t<div class=\"elementor-element elementor-element-a1ce1c1 elementor-widget elementor-widget-heading\" data-id=\"a1ce1c1\" data-element_type=\"widget\" data-e-type=\"widget\" data-widget_type=\"heading.default\">\n\t\t\t\t<div class=\"elementor-widget-container\">\n\t\t\t\t\t<h1 class=\"elementor-heading-title elementor-size-default\">Archives des nouvelles et des \u00e9v\u00e9nements<\/h1>\t\t\t\t<\/div>\n\t\t\t\t<\/div>\n\t\t\t\t<div class=\"elementor-element elementor-element-b84a37f elementor-widget-divider--view-line elementor-widget elementor-widget-divider\" data-id=\"b84a37f\" data-element_type=\"widget\" data-e-type=\"widget\" data-widget_type=\"divider.default\">\n\t\t\t\t<div class=\"elementor-widget-container\">\n\t\t\t\t\t\t\t<div class=\"elementor-divider\">\n\t\t\t<span class=\"elementor-divider-separator\">\n\t\t\t\t\t\t<\/span>\n\t\t<\/div>\n\t\t\t\t\t\t<\/div>\n\t\t\t\t<\/div>\n\t\t<div class=\"elementor-element elementor-element-5e38de8 e-flex e-con-boxed e-con e-child\" data-id=\"5e38de8\" data-element_type=\"container\" data-e-type=\"container\">\n\t\t\t\t\t<div class=\"e-con-inner\">\n\t\t\t\t<div class=\"elementor-element elementor-element-d9c92e7 elementor-widget elementor-widget-text-editor\" data-id=\"d9c92e7\" data-element_type=\"widget\" data-e-type=\"widget\" data-widget_type=\"text-editor.default\">\n\t\t\t\t<div class=\"elementor-widget-container\">\n\t\t\t\t\t\t\t\t\t<p>Parcourez les mises \u00e0 jour pass\u00e9es, les nouvelles fonctionnalit\u00e9s et les \u00e9v\u00e9nements marquants qui ont fa\u00e7onn\u00e9 le parcours de <strong>CUE<\/strong>.<\/p>\t\t\t\t\t\t\t\t<\/div>\n\t\t\t\t<\/div>\n\t\t\t\t\t<\/div>\n\t\t\t\t<\/div>\n\t\t\t\t<div class=\"elementor-element elementor-element-5c3a0c1 elementor-widget-divider--view-line elementor-widget elementor-widget-divider\" data-id=\"5c3a0c1\" data-element_type=\"widget\" data-e-type=\"widget\" data-widget_type=\"divider.default\">\n\t\t\t\t<div class=\"elementor-widget-container\">\n\t\t\t\t\t\t\t<div class=\"elementor-divider\">\n\t\t\t<span class=\"elementor-divider-separator\">\n\t\t\t\t\t\t<\/span>\n\t\t<\/div>\n\t\t\t\t\t\t<\/div>\n\t\t\t\t<\/div>\n\t\t<div class=\"elementor-element elementor-element-ea383a3 e-flex e-con-boxed e-con e-child\" data-id=\"ea383a3\" data-element_type=\"container\" data-e-type=\"container\">\n\t\t\t\t\t<div class=\"e-con-inner\">\n\t\t\t\t<div class=\"elementor-element elementor-element-17fd114 elementor-widget elementor-widget-text-editor\" data-id=\"17fd114\" data-element_type=\"widget\" data-e-type=\"widget\" data-widget_type=\"text-editor.default\">\n\t\t\t\t<div class=\"elementor-widget-container\">\n\t\t\t\t\t\t\t\t\t<ul><li><a href=\"https:\/\/docs.cuesystem.com\/space\/NEWS\/1179123714\">Lancement de la version 10.39.2 de la solution CUE<\/a><\/li><li><a href=\"https:\/\/docs.cuesystem.com\/space\/NEWS\/1088061447\">CUE Solution | Mise \u00e0 jour de s\u00e9curit\u00e9 importante | Version 10.32.1<\/a><\/li><li><a href=\"https:\/\/docs.cuesystem.com\/space\/NEWS\/1010892827\">Lancement de la version 10.27.0 de la solution CUE<\/a><\/li><li><a href=\"https:\/\/docs.cuesystem.com\/space\/NEWS\/951484417\">Rejoignez-nous \u00e0 l&rsquo;ISE 2024 la semaine prochaine<\/a><\/li><li><a href=\"https:\/\/docs.cuesystem.com\/space\/NEWS\/924745790\">CUE \u00e0 l&rsquo;ISE 2024 et finaliste des InAVation Awards 2024<\/a><\/li><li><a href=\"https:\/\/docs.cuesystem.com\/space\/NEWS\/911573313\">repositionnement de la marque CUE touchONE, portail d&rsquo;assistance, documentation et site web<\/a><\/li><li><a href=\"https:\/\/docs.cuesystem.com\/space\/NEWS\/793182296\">Le controlCUE-three est pr\u00eat \u00e0 \u00eatre exp\u00e9di\u00e9 d\u00e8s maintenant<\/a><\/li><li><a href=\"https:\/\/docs.cuesystem.com\/space\/NEWS\/754286593\">touchONE | Sortie de la version 8.7.0<\/a><\/li><li><a href=\"https:\/\/docs.cuesystem.com\/space\/NEWS\/748126307\">CVC | Version 20.01 disponible<\/a><\/li><li><a href=\"https:\/\/docs.cuesystem.com\/space\/NEWS\/723615745\">touchONE | Sortie de la version 8.5.0<\/a><\/li><li><a href=\"https:\/\/docs.cuesystem.com\/space\/NEWS\/719781960\">CVC | Version 20.00 disponible<\/a><\/li><li><a href=\"https:\/\/docs.cuesystem.com\/space\/NEWS\/687276053\">R\u00e9capitulatif de l&rsquo;ISE 2023<\/a><\/li><li><a href=\"https:\/\/docs.cuesystem.com\/space\/NEWS\/685408297\">touchONE | Sortie de la version 7.11.6<\/a><\/li><li><a href=\"https:\/\/docs.cuesystem.com\/space\/NEWS\/642449409\">CVC | Version 15.04 disponible<\/a><\/li><li><a href=\"https:\/\/docs.cuesystem.com\/space\/NEWS\/636223541\">touchONE | Sortie de la version 7.6.1<\/a><\/li><li><a href=\"https:\/\/docs.cuesystem.com\/space\/NEWS\/616071203\">Nous sommes les finalistes des Inavation Awards Technology !<\/a><\/li><li><a href=\"https:\/\/docs.cuesystem.com\/space\/NEWS\/595984385\">CVC | Version 15.03 disponible<\/a><\/li><li><a href=\"https:\/\/docs.cuesystem.com\/space\/NEWS\/580452416\">SP\u00c4TLESE &#8211; Nuit des technologies des m\u00e9dias 2022<\/a><\/li><li><a href=\"https:\/\/docs.cuesystem.com\/space\/NEWS\/579338251\">touchONE | Sortie de la version 7.3.3<\/a><\/li><li><a href=\"https:\/\/docs.cuesystem.com\/space\/NEWS\/570753025\">Sommet GPA 2022<\/a><\/li><li><a href=\"https:\/\/docs.cuesystem.com\/space\/NEWS\/498696954\">Documentation en ligne<\/a><\/li><li><a href=\"https:\/\/docs.cuesystem.com\/space\/NEWS\/491388943\">NWD 2022<\/a><\/li><li><a href=\"https:\/\/docs.cuesystem.com\/space\/NEWS\/483099732\">touchONE | Sortie de la version 6.8.1<\/a><\/li><li><a href=\"https:\/\/docs.cuesystem.com\/space\/NEWS\/478412929\">Mise \u00e0 jour FW obligatoire | panneaux touchCUE &amp; touchONE | r\u00e9vision HW 24<\/a><\/li><li><a href=\"https:\/\/docs.cuesystem.com\/space\/NEWS\/474841145\">CVC | Version 15.00 disponible<\/a><\/li><li><a href=\"https:\/\/docs.cuesystem.com\/space\/NEWS\/474906631\">touchONE | Avis avant la sortie de la version 6 de touchONE<\/a><\/li><li><a href=\"https:\/\/docs.cuesystem.com\/space\/NEWS\/463276369\">R\u00e9capitulatif de l&rsquo;ISE 2022<\/a><\/li><li><a href=\"https:\/\/docs.cuesystem.com\/space\/NEWS\/463276304\">ISE 2022 | Invitation<\/a><\/li><li><a href=\"https:\/\/docs.cuesystem.com\/space\/NEWS\/463243864\">NMD 2022 | R\u00e9capitulatif<\/a><\/li><li><a href=\"https:\/\/docs.cuesystem.com\/space\/NEWS\/463243731\">NMD 2022 | Invitation<\/a><\/li><li><a href=\"https:\/\/docs.cuesystem.com\/space\/NEWS\/463276196\">BVR 2021<\/a><\/li><li><a href=\"https:\/\/docs.cuesystem.com\/space\/NEWS\/463243637\">NMD 2021<\/a><\/li><li><a href=\"https:\/\/docs.cuesystem.com\/space\/NEWS\/463276132\">Designblok 2020<\/a><\/li><li><a href=\"https:\/\/docs.cuesystem.com\/space\/NEWS\/463243583\">NMD 2020 &#8211; R\u00e9capitulatif<\/a><\/li><li><a href=\"https:\/\/docs.cuesystem.com\/space\/NEWS\/463243570\">NMD 2020 | Invitation<\/a><\/li><li><a href=\"https:\/\/docs.cuesystem.com\/space\/NEWS\/463243486\">ISE 2020 &#8211; R\u00e9capitulatif<\/a><\/li><li><a href=\"https:\/\/docs.cuesystem.com\/space\/NEWS\/463243468\">ISE 2020 &#8211; Invitation<\/a><\/li><li><a href=\"https:\/\/docs.cuesystem.com\/space\/NEWS\/463243110\">BVR 2019<\/a><\/li><li><a href=\"https:\/\/docs.cuesystem.com\/space\/NEWS\/463243057\">\u00c9v\u00e9nement Standard Audio 2019<\/a><\/li><li><a href=\"https:\/\/docs.cuesystem.com\/space\/NEWS\/463242983\">NMD 2019<\/a><\/li><li><a href=\"https:\/\/docs.cuesystem.com\/space\/NEWS\/463242634\">ISE 2019 &#8211; R\u00e9capitulatif<\/a><\/li><li><a href=\"https:\/\/docs.cuesystem.com\/space\/NEWS\/463275809\">ISE 2019 &#8211; Invitation<\/a><\/li><li><a href=\"https:\/\/docs.cuesystem.com\/space\/NEWS\/463275491\">ORGATEC 2018 &#8211; R\u00e9capitulatif<\/a><\/li><li><a href=\"https:\/\/docs.cuesystem.com\/space\/NEWS\/463275183\">ORGATEC 2018 | Invitation<\/a><\/li><li><a href=\"https:\/\/docs.cuesystem.com\/space\/NEWS\/463242296\">BVR 2018<\/a><\/li><li><a href=\"https:\/\/docs.cuesystem.com\/space\/NEWS\/463274835\">GITEX 2018 &#8211; R\u00e9capitulatif<\/a><\/li><li><a href=\"https:\/\/docs.cuesystem.com\/space\/NEWS\/463241993\">GITEX 2018 | Invitation<\/a><\/li><li><a href=\"https:\/\/docs.cuesystem.com\/space\/NEWS\/463241705\">NMD 2018<\/a><\/li><li><a href=\"https:\/\/docs.cuesystem.com\/space\/NEWS\/463274537\">Conf\u00e9rence Televic France 2018<\/a><\/li><li><a href=\"https:\/\/docs.cuesystem.com\/space\/NEWS\/463241546\">ISE 2018 &#8211; R\u00e9capitulatif<\/a><\/li><li><a href=\"https:\/\/docs.cuesystem.com\/space\/NEWS\/463274459\">ISE 2018 &#8211; Invitation<\/a><\/li><li><a href=\"https:\/\/docs.cuesystem.com\/space\/NEWS\/463241303\">IAA 2017<\/a><\/li><li><a href=\"https:\/\/docs.cuesystem.com\/space\/NEWS\/463274245\">NMD 2017<\/a><\/li><li><a href=\"https:\/\/docs.cuesystem.com\/space\/NEWS\/463274131\">ISE 2017 &#8211; R\u00e9capitulatif<\/a><\/li><li><a href=\"https:\/\/docs.cuesystem.com\/space\/NEWS\/463274053\">ISE 2017 &#8211; Invitation<\/a><\/li><li><a href=\"https:\/\/docs.cuesystem.com\/space\/NEWS\/463273985\">AMPER 2016<\/a><\/li><li><a href=\"https:\/\/docs.cuesystem.com\/space\/NEWS\/463241250\">ISE 2016<\/a><\/li><li><a href=\"https:\/\/docs.cuesystem.com\/space\/NEWS\/463241217\">POUR ARCH 2015<\/a><\/li><li><a href=\"https:\/\/docs.cuesystem.com\/space\/NEWS\/462651393\">CUE acquiert la certification ISO27001 (s\u00e9curit\u00e9)<\/a><\/li><li><a href=\"https:\/\/docs.cuesystem.com\/space\/NEWS\/461603059\">touchONE | Sortie de la version 5.10.2<\/a><\/li><li><a href=\"https:\/\/docs.cuesystem.com\/space\/NEWS\/461571080\">CVC | Version 14.00 disponible<\/a><\/li><li><a href=\"https:\/\/docs.cuesystem.com\/space\/NEWS\/461570960\">touchONE | Sortie de la version 5.2.3<\/a><\/li><li><a href=\"https:\/\/docs.cuesystem.com\/space\/NEWS\/461602865\">touchONE | Sortie de la version 4.5.0<\/a><\/li><li><a href=\"https:\/\/docs.cuesystem.com\/space\/NEWS\/461570810\">roomCUE-web | Release<\/a><\/li><li><a href=\"https:\/\/docs.cuesystem.com\/space\/NEWS\/461570581\">touchONE | Nouvelles fonctionnalit\u00e9s<\/a><\/li><li><a href=\"https:\/\/docs.cuesystem.com\/space\/NEWS\/461570431\">webCUE | Release<\/a><\/li><li><a href=\"https:\/\/docs.cuesystem.com\/space\/NEWS\/461570126\">touchONE | Derni\u00e8res am\u00e9liorations<\/a><\/li><li><a href=\"https:\/\/docs.cuesystem.com\/space\/NEWS\/461570113\">touchONE | touchONE-solution released<\/a><\/li><li><a href=\"https:\/\/docs.cuesystem.com\/space\/NEWS\/461570091\">CVC | Version 12.50 disponible<\/a><\/li><li><a href=\"https:\/\/docs.cuesystem.com\/space\/NEWS\/461570072\">CVC | Version 12.30 disponible<\/a><\/li><li><a href=\"https:\/\/docs.cuesystem.com\/space\/NEWS\/461602837\">touchONE | Lancement de la version 21<\/a><\/li><li><a href=\"https:\/\/docs.cuesystem.com\/space\/NEWS\/461602817\">CVC | Version 12.20 disponible<\/a><\/li><li><a href=\"https:\/\/docs.cuesystem.com\/space\/NEWS\/461570049\">touchONE | Lancement de la version 20<\/a><\/li><\/ul>\t\t\t\t\t\t\t\t<\/div>\n\t\t\t\t<\/div>\n\t\t\t\t\t<\/div>\n\t\t\t\t<\/div>\n\t\t\t\t<\/div>\n\t\t\t\t<\/div>\n\t\t","protected":false},"excerpt":{"rendered":"<p>En savoir plus Archives des nouvelles et des \u00e9v\u00e9nements Parcourez les mises \u00e0 jour pass\u00e9es, les nouvelles fonctionnalit\u00e9s et les \u00e9v\u00e9nements marquants qui ont fa\u00e7onn\u00e9 le parcours de CUE. Lancement de la version 10.39.2 de la solution CUE CUE Solution | Mise \u00e0 jour de s\u00e9curit\u00e9 importante | Version 10.32.1 Lancement de la version 10.27.0 <a href=\"https:\/\/www.cuesystem.com\/fr\/quoi-de-neuf\/archives-des-nouvelles-et-des-evenements\/\" class=\"more-link\">&#8230;<span class=\"screen-reader-text\">  Archives des nouvelles et des \u00e9v\u00e9nements<\/span><\/a><\/p>\n","protected":false},"author":11,"featured_media":0,"parent":31298,"menu_order":162,"comment_status":"closed","ping_status":"closed","template":"","meta":{"_acf_changed":false,"inline_featured_image":false,"footnotes":""},"kategorie":[],"class_list":["post-36984","page","type-page","status-publish","hentry"],"acf":[],"_links":{"self":[{"href":"https:\/\/www.cuesystem.com\/fr\/wp-json\/wp\/v2\/pages\/36984","targetHints":{"allow":["GET"]}}],"collection":[{"href":"https:\/\/www.cuesystem.com\/fr\/wp-json\/wp\/v2\/pages"}],"about":[{"href":"https:\/\/www.cuesystem.com\/fr\/wp-json\/wp\/v2\/types\/page"}],"author":[{"embeddable":true,"href":"https:\/\/www.cuesystem.com\/fr\/wp-json\/wp\/v2\/users\/11"}],"replies":[{"embeddable":true,"href":"https:\/\/www.cuesystem.com\/fr\/wp-json\/wp\/v2\/comments?post=36984"}],"version-history":[{"count":1,"href":"https:\/\/www.cuesystem.com\/fr\/wp-json\/wp\/v2\/pages\/36984\/revisions"}],"predecessor-version":[{"id":36985,"href":"https:\/\/www.cuesystem.com\/fr\/wp-json\/wp\/v2\/pages\/36984\/revisions\/36985"}],"up":[{"embeddable":true,"href":"https:\/\/www.cuesystem.com\/fr\/wp-json\/wp\/v2\/pages\/31298"}],"wp:attachment":[{"href":"https:\/\/www.cuesystem.com\/fr\/wp-json\/wp\/v2\/media?parent=36984"}],"wp:term":[{"taxonomy":"kategorie","embeddable":true,"href":"https:\/\/www.cuesystem.com\/fr\/wp-json\/wp\/v2\/kategorie?post=36984"}],"curies":[{"name":"wp","href":"https:\/\/api.w.org\/{rel}","templated":true}]}}