{"id":37239,"date":"2026-04-01T13:45:09","date_gmt":"2026-04-01T11:45:09","guid":{"rendered":"https:\/\/www.cuesystem.com\/municipalite-de-la-ville-dolomouc\/"},"modified":"2026-04-01T14:34:08","modified_gmt":"2026-04-01T12:34:08","slug":"municipalite-de-la-ville-dolomouc","status":"publish","type":"page","link":"https:\/\/www.cuesystem.com\/fr\/etudes-de-cas\/municipalite-de-la-ville-dolomouc\/","title":{"rendered":"Municipalit\u00e9 de la ville d&rsquo;Olomouc"},"content":{"rendered":"\t\t<div data-elementor-type=\"wp-page\" data-elementor-id=\"37239\" class=\"elementor elementor-37239 elementor-37164\" data-elementor-post-type=\"page\">\n\t\t\t\t<div class=\"elementor-element elementor-element-9962202 e-con-full e-flex e-con e-child\" data-id=\"9962202\" data-element_type=\"container\" data-e-type=\"container\">\n\t\t\t\t<div class=\"elementor-element elementor-element-e3efddd elementor-widget elementor-widget-heading\" data-id=\"e3efddd\" data-element_type=\"widget\" data-e-type=\"widget\" data-widget_type=\"heading.default\">\n\t\t\t\t<div class=\"elementor-widget-container\">\n\t\t\t\t\t<h3 class=\"elementor-heading-title elementor-size-default\">\u00c9tude de cas<\/h3>\t\t\t\t<\/div>\n\t\t\t\t<\/div>\n\t\t\t\t<div class=\"elementor-element elementor-element-d5a69f1 elementor-widget elementor-widget-heading\" data-id=\"d5a69f1\" data-element_type=\"widget\" data-e-type=\"widget\" data-widget_type=\"heading.default\">\n\t\t\t\t<div class=\"elementor-widget-container\">\n\t\t\t\t\t<h1 class=\"elementor-heading-title elementor-size-default\">Municipalit\u00e9 d'Olomouc<\/h1>\t\t\t\t<\/div>\n\t\t\t\t<\/div>\n\t\t\t\t<div class=\"elementor-element elementor-element-1fe65e1 elementor-widget-divider--view-line elementor-widget elementor-widget-divider\" data-id=\"1fe65e1\" data-element_type=\"widget\" data-e-type=\"widget\" data-widget_type=\"divider.default\">\n\t\t\t\t<div class=\"elementor-widget-container\">\n\t\t\t\t\t\t\t<div class=\"elementor-divider\">\n\t\t\t<span class=\"elementor-divider-separator\">\n\t\t\t\t\t\t<\/span>\n\t\t<\/div>\n\t\t\t\t\t\t<\/div>\n\t\t\t\t<\/div>\n\t\t<div class=\"elementor-element elementor-element-e7e0a34 e-grid e-con-boxed e-con e-child\" data-id=\"e7e0a34\" data-element_type=\"container\" data-e-type=\"container\">\n\t\t\t\t\t<div class=\"e-con-inner\">\n\t\t<div class=\"elementor-element elementor-element-426d370 e-con-full e-flex e-con e-child\" data-id=\"426d370\" data-element_type=\"container\" data-e-type=\"container\">\n\t\t\t\t<div class=\"elementor-element elementor-element-a38cba8 elementor-widget elementor-widget-heading\" data-id=\"a38cba8\" data-element_type=\"widget\" data-e-type=\"widget\" data-widget_type=\"heading.default\">\n\t\t\t\t<div class=\"elementor-widget-container\">\n\t\t\t\t\t<h2 class=\"elementor-heading-title elementor-size-default\">Le d\u00e9fi<\/h2>\t\t\t\t<\/div>\n\t\t\t\t<\/div>\n\t\t\t\t<div class=\"elementor-element elementor-element-035ef34 elementor-widget elementor-widget-text-editor\" data-id=\"035ef34\" data-element_type=\"widget\" data-e-type=\"widget\" data-widget_type=\"text-editor.default\">\n\t\t\t\t<div class=\"elementor-widget-container\">\n\t\t\t\t\t\t\t\t\t<p>Apr\u00e8s pr\u00e8s de deux d\u00e9cennies, la salle du conseil principal de l&rsquo;h\u00f4tel de ville d&rsquo;Olomouc a \u00e9t\u00e9 r\u00e9nov\u00e9e. <a href=\"https:\/\/www.olomouc.eu\/magistrat\"><strong>l&rsquo;h\u00f4tel de ville d&rsquo;Olomouc<\/strong><\/a> a fait l&rsquo;objet d&rsquo;une <strong>modernisation majeure pour<\/strong> <strong>r\u00e9pondre aux exigences de la gouvernance hybride d&rsquo;aujourd&rsquo;hui<\/strong>. L&rsquo;objectif \u00e9tait de cr\u00e9er un espace qui permette la participation en personne et \u00e0 distance, qui <strong>simplifie les op\u00e9rations audiovisuelles complexes<\/strong> et qui garantisse un <strong>contr\u00f4le<\/strong> fluide et <strong>intuitif<\/strong> pour chaque session. <\/p><p>Avec de multiples technologies en place (depuis les syst\u00e8mes de vote et les projections jusqu&rsquo;au streaming et \u00e0 l&rsquo;audio), le d\u00e9fi principal \u00e9tait clair : <strong>unifier le contr\u00f4le dans une interface unique et conviviale<\/strong> qui permette une gestion transparente de l&rsquo;ensemble de l&rsquo;environnement, \u00e0 la fois depuis le sol et la salle de contr\u00f4le technique.<\/p>\t\t\t\t\t\t\t\t<\/div>\n\t\t\t\t<\/div>\n\t\t\t\t<\/div>\n\t\t<div class=\"elementor-element elementor-element-4300f84 e-con-full e-flex e-con e-child\" data-id=\"4300f84\" data-element_type=\"container\" data-e-type=\"container\">\n\t\t\t\t<div class=\"elementor-element elementor-element-3c444df elementor-widget elementor-widget-image\" data-id=\"3c444df\" data-element_type=\"widget\" data-e-type=\"widget\" data-widget_type=\"image.default\">\n\t\t\t\t<div class=\"elementor-widget-container\">\n\t\t\t\t\t\t\t\t\t\t\t\t\t\t\t\t<a href=\"https:\/\/www.cuesystem.com\/wp-content\/uploads\/2026\/04\/systems_magistrat-mesta-olomouc_14.webp\" data-elementor-open-lightbox=\"yes\" data-e-action-hash=\"#elementor-action%3Aaction%3Dlightbox%26settings%3DeyJpZCI6MzcxNzQsInVybCI6Imh0dHBzOlwvXC93d3cuY3Vlc3lzdGVtLmNvbVwvd3AtY29udGVudFwvdXBsb2Fkc1wvMjAyNlwvMDRcL3N5c3RlbXNfbWFnaXN0cmF0LW1lc3RhLW9sb21vdWNfMTQud2VicCJ9\">\n\t\t\t\t\t\t\t<img fetchpriority=\"high\" decoding=\"async\" width=\"1024\" height=\"683\" src=\"https:\/\/www.cuesystem.com\/wp-content\/uploads\/2026\/04\/systems_magistrat-mesta-olomouc_14-1024x683.webp\" class=\"attachment-large size-large wp-image-37174\" alt=\"\" srcset=\"https:\/\/www.cuesystem.com\/wp-content\/uploads\/2026\/04\/systems_magistrat-mesta-olomouc_14-1024x683.webp 1024w, https:\/\/www.cuesystem.com\/wp-content\/uploads\/2026\/04\/systems_magistrat-mesta-olomouc_14-300x200.webp 300w, https:\/\/www.cuesystem.com\/wp-content\/uploads\/2026\/04\/systems_magistrat-mesta-olomouc_14.webp 1200w\" sizes=\"(max-width: 1024px) 100vw, 1024px\" \/>\t\t\t\t\t\t\t\t<\/a>\n\t\t\t\t\t\t\t\t\t\t\t\t\t\t\t<\/div>\n\t\t\t\t<\/div>\n\t\t\t\t<\/div>\n\t\t\t\t\t<\/div>\n\t\t\t\t<\/div>\n\t\t<div class=\"elementor-element elementor-element-c08e3d6 e-grid e-con-boxed e-con e-child\" data-id=\"c08e3d6\" data-element_type=\"container\" data-e-type=\"container\">\n\t\t\t\t\t<div class=\"e-con-inner\">\n\t\t<div class=\"elementor-element elementor-element-ffd5330 e-con-full e-flex e-con e-child\" data-id=\"ffd5330\" data-element_type=\"container\" data-e-type=\"container\">\n\t\t\t\t<div class=\"elementor-element elementor-element-e9fc54a elementor-widget elementor-widget-image\" data-id=\"e9fc54a\" data-element_type=\"widget\" data-e-type=\"widget\" data-widget_type=\"image.default\">\n\t\t\t\t<div class=\"elementor-widget-container\">\n\t\t\t\t\t\t\t\t\t\t\t\t\t\t\t\t<a href=\"https:\/\/www.cuesystem.com\/wp-content\/uploads\/2026\/04\/IMG-1116.webp\" data-elementor-open-lightbox=\"yes\" data-e-action-hash=\"#elementor-action%3Aaction%3Dlightbox%26settings%3DeyJpZCI6MzcxNjksInVybCI6Imh0dHBzOlwvXC93d3cuY3Vlc3lzdGVtLmNvbVwvd3AtY29udGVudFwvdXBsb2Fkc1wvMjAyNlwvMDRcL0lNRy0xMTE2LndlYnAifQ%3D%3D\">\n\t\t\t\t\t\t\t<img decoding=\"async\" width=\"1024\" height=\"768\" src=\"https:\/\/www.cuesystem.com\/wp-content\/uploads\/2026\/04\/IMG-1116-1024x768.webp\" class=\"attachment-large size-large wp-image-37169\" alt=\"\" srcset=\"https:\/\/www.cuesystem.com\/wp-content\/uploads\/2026\/04\/IMG-1116-1024x768.webp 1024w, https:\/\/www.cuesystem.com\/wp-content\/uploads\/2026\/04\/IMG-1116-300x225.webp 300w, https:\/\/www.cuesystem.com\/wp-content\/uploads\/2026\/04\/IMG-1116.webp 1920w\" sizes=\"(max-width: 1024px) 100vw, 1024px\" \/>\t\t\t\t\t\t\t\t<\/a>\n\t\t\t\t\t\t\t\t\t\t\t\t\t\t\t<\/div>\n\t\t\t\t<\/div>\n\t\t\t\t<\/div>\n\t\t<div class=\"elementor-element elementor-element-c2a8138 e-con-full e-flex e-con e-child\" data-id=\"c2a8138\" data-element_type=\"container\" data-e-type=\"container\">\n\t\t\t\t<div class=\"elementor-element elementor-element-b623b68 elementor-widget elementor-widget-heading\" data-id=\"b623b68\" data-element_type=\"widget\" data-e-type=\"widget\" data-widget_type=\"heading.default\">\n\t\t\t\t<div class=\"elementor-widget-container\">\n\t\t\t\t\t<h2 class=\"elementor-heading-title elementor-size-default\">\u00c0 propos de l'h\u00f4tel de ville d'Olomouc<\/h2>\t\t\t\t<\/div>\n\t\t\t\t<\/div>\n\t\t\t\t<div class=\"elementor-element elementor-element-f4142d2 elementor-widget elementor-widget-text-editor\" data-id=\"f4142d2\" data-element_type=\"widget\" data-e-type=\"widget\" data-widget_type=\"text-editor.default\">\n\t\t\t\t<div class=\"elementor-widget-container\">\n\t\t\t\t\t\t\t\t\t<p><a href=\"https:\/\/www.olomouc.eu\/magistrat\"><strong>L&rsquo;h\u00f4tel de ville d&rsquo;Olomouc<\/strong><\/a> est le <strong>centre administratif<\/strong> de l&rsquo;une des villes historiques de la R\u00e9publique tch\u00e8que. Il soutient le travail des repr\u00e9sentants \u00e9lus, des comit\u00e9s et des services municipaux, assurant ainsi le <strong>bon fonctionnement de la gouvernance locale<\/strong>. <\/p><p>En tant qu&rsquo;<strong>institution publique moderne<\/strong>, la ville investit continuellement dans la<strong> num\u00e9risation<\/strong> et l&rsquo;innovation afin d&rsquo;<strong>am\u00e9liorer les processus internes et les services publics.<\/strong><\/p><p class=\"\" data-v-4d192987=\"\" data-v-4a7aac3a=\"\"><span class=\"text_node\" data-v-816e464e=\"\" data-v-4d192987=\"\">Notre partenaire <\/span><span class=\"text_node rw_adf_text_strong\" data-v-816e464e=\"\" data-v-4d192987=\"\">partenaire tch\u00e8que<strong> <\/strong><\/span><strong><a class=\"link_node text_node rw_adf_text_strong\" tabindex=\"0\" href=\"https:\/\/www.avmedia.cz\/en\/\" target=\"_blank\" rel=\"noopener\" data-v-098e4e53=\"\" data-v-816e464e=\"\" data-v-4d192987=\"\" data-ui-id=\"text-link\" data-ui-content=\"AV MEDIA\"><span class=\"inline_text_span\" data-v-098e4e53=\"\">AV MEDIA<\/span><\/a><\/strong><span class=\"text_node rw_adf_text_strong\" data-v-816e464e=\"\" data-v-4d192987=\"\"> <\/span><span class=\"text_node\" data-v-816e464e=\"\" data-v-4d192987=\"\">s&rsquo;est charg\u00e9 de la mise en \u0153uvre du projet.<\/span><\/p>\t\t\t\t\t\t\t\t<\/div>\n\t\t\t\t<\/div>\n\t\t\t\t<\/div>\n\t\t\t\t\t<\/div>\n\t\t\t\t<\/div>\n\t\t<div class=\"elementor-element elementor-element-34ea3de e-grid e-con-boxed e-con e-child\" data-id=\"34ea3de\" data-element_type=\"container\" data-e-type=\"container\">\n\t\t\t\t\t<div class=\"e-con-inner\">\n\t\t<div class=\"elementor-element elementor-element-d76aa72 e-con-full e-flex e-con e-child\" data-id=\"d76aa72\" data-element_type=\"container\" data-e-type=\"container\">\n\t\t\t\t<div class=\"elementor-element elementor-element-96c8796 elementor-widget elementor-widget-heading\" data-id=\"96c8796\" data-element_type=\"widget\" data-e-type=\"widget\" data-widget_type=\"heading.default\">\n\t\t\t\t<div class=\"elementor-widget-container\">\n\t\t\t\t\t<h2 class=\"elementor-heading-title elementor-size-default\">Notre r\u00e9solution<\/h2>\t\t\t\t<\/div>\n\t\t\t\t<\/div>\n\t\t\t\t<div class=\"elementor-element elementor-element-2c5a977 elementor-widget elementor-widget-text-editor\" data-id=\"2c5a977\" data-element_type=\"widget\" data-e-type=\"widget\" data-widget_type=\"text-editor.default\">\n\t\t\t\t<div class=\"elementor-widget-container\">\n\t\t\t\t\t\t\t\t\t<p>CUE est une <strong>couche de contr\u00f4le intuitive<\/strong> qui regroupe l&rsquo;ensemble de l <strong>&lsquo;\u00e9cosyst\u00e8me audiovisuel sous une interface unifi\u00e9e<\/strong>.<\/p><p>Les <strong>\u00e9crans tactiles<\/strong> install\u00e9s dans la chambre principale et dans la salle de contr\u00f4le technique permettent d&rsquo;<strong>utiliser sans effort toutes les technologies connect\u00e9es<\/strong>. Les utilisateurs peuvent rapidement s\u00e9lectionner des <strong>sc\u00e9narios pr\u00e9d\u00e9finis<\/strong> ou <strong>ajuster manuellement des \u00e9l\u00e9ments cl\u00e9s<\/strong> tels que l&rsquo;\u00e9clairage, l&rsquo;ombrage, l&rsquo;audio, le routage vid\u00e9o et la distribution de contenu. <\/p><p>Ce <strong>contr\u00f4le centralis\u00e9 simplifie m\u00eame les configurations complexes<\/strong>, permettant aux op\u00e9rateurs de g\u00e9rer les pr\u00e9sentations, les r\u00e9unions hybrides et les flux en direct avec confiance et pr\u00e9cision. En m\u00eame temps, l&rsquo;interface intuitive permet aux <strong>utilisateurs de tous les jours d&rsquo;interagir avec le syst\u00e8me sans expertise technique<\/strong>. <\/p><p>En transformant de multiples syst\u00e8mes ind\u00e9pendants en <strong>un environnement coh\u00e9rent et facile \u00e0 contr\u00f4ler<\/strong>, CUE aide la ville d&rsquo;Olomouc \u00e0 se doter d&rsquo;un syst\u00e8me de gestion de l&rsquo;environnement. <a href=\"https:\/\/www.olomouc.eu\/magistrat\"><strong>mairie d&rsquo;Olomouc<\/strong><\/a> \u00e0 se concentrer sur ce qui compte vraiment : <strong>une prise de d\u00e9cision efficace, une communication claire et une collaboration transparente<\/strong>, que les participants soient pr\u00e9sents dans la salle ou connect\u00e9s \u00e0 distance.<\/p>\t\t\t\t\t\t\t\t<\/div>\n\t\t\t\t<\/div>\n\t\t\t\t<\/div>\n\t\t<div class=\"elementor-element elementor-element-99f7c40 e-con-full e-flex e-con e-child\" data-id=\"99f7c40\" data-element_type=\"container\" data-e-type=\"container\">\n\t\t\t\t<div class=\"elementor-element elementor-element-c9cd73b elementor-widget elementor-widget-image\" data-id=\"c9cd73b\" data-element_type=\"widget\" data-e-type=\"widget\" data-widget_type=\"image.default\">\n\t\t\t\t<div class=\"elementor-widget-container\">\n\t\t\t\t\t\t\t\t\t\t\t\t\t\t\t\t<a href=\"https:\/\/www.cuesystem.com\/wp-content\/uploads\/2026\/04\/systems_magistrat-mesta-olomouc_17.webp\" data-elementor-open-lightbox=\"yes\" data-e-action-hash=\"#elementor-action%3Aaction%3Dlightbox%26settings%3DeyJpZCI6MzcxNzksInVybCI6Imh0dHBzOlwvXC93d3cuY3Vlc3lzdGVtLmNvbVwvd3AtY29udGVudFwvdXBsb2Fkc1wvMjAyNlwvMDRcL3N5c3RlbXNfbWFnaXN0cmF0LW1lc3RhLW9sb21vdWNfMTcud2VicCJ9\">\n\t\t\t\t\t\t\t<img decoding=\"async\" width=\"1024\" height=\"683\" src=\"https:\/\/www.cuesystem.com\/wp-content\/uploads\/2026\/04\/systems_magistrat-mesta-olomouc_17-1024x683.webp\" class=\"attachment-large size-large wp-image-37179\" alt=\"\" srcset=\"https:\/\/www.cuesystem.com\/wp-content\/uploads\/2026\/04\/systems_magistrat-mesta-olomouc_17-1024x683.webp 1024w, https:\/\/www.cuesystem.com\/wp-content\/uploads\/2026\/04\/systems_magistrat-mesta-olomouc_17-300x200.webp 300w, https:\/\/www.cuesystem.com\/wp-content\/uploads\/2026\/04\/systems_magistrat-mesta-olomouc_17.webp 1200w\" sizes=\"(max-width: 1024px) 100vw, 1024px\" \/>\t\t\t\t\t\t\t\t<\/a>\n\t\t\t\t\t\t\t\t\t\t\t\t\t\t\t<\/div>\n\t\t\t\t<\/div>\n\t\t\t\t<\/div>\n\t\t\t\t\t<\/div>\n\t\t\t\t<\/div>\n\t\t<div class=\"elementor-element elementor-element-50df355 e-flex e-con-boxed e-con e-child\" data-id=\"50df355\" data-element_type=\"container\" data-e-type=\"container\">\n\t\t\t\t\t<div class=\"e-con-inner\">\n\t\t<div class=\"elementor-element elementor-element-3b114f0 e-grid e-con-full e-con e-child\" data-id=\"3b114f0\" data-element_type=\"container\" data-e-type=\"container\">\n\t\t\t\t<div class=\"elementor-element elementor-element-27150be elementor-align-center elementor-widget elementor-widget-button\" data-id=\"27150be\" data-element_type=\"widget\" data-e-type=\"widget\" data-widget_type=\"button.default\">\n\t\t\t\t<div class=\"elementor-widget-container\">\n\t\t\t\t\t\t\t\t\t<div class=\"elementor-button-wrapper\">\n\t\t\t\t\t<a class=\"elementor-button elementor-button-link elementor-size-sm\" href=\"https:\/\/www.avmedia.cz\/en\/systems\/municipality-of-olomouc\" target=\"_blank\">\n\t\t\t\t\t\t<span class=\"elementor-button-content-wrapper\">\n\t\t\t\t\t\t\t\t\t<span class=\"elementor-button-text\">LIRE LA SUITE<\/span>\n\t\t\t\t\t<\/span>\n\t\t\t\t\t<\/a>\n\t\t\t\t<\/div>\n\t\t\t\t\t\t\t\t<\/div>\n\t\t\t\t<\/div>\n\t\t\t\t<div class=\"elementor-element elementor-element-7886dee elementor-align-center elementor-widget elementor-widget-button\" data-id=\"7886dee\" data-element_type=\"widget\" data-e-type=\"widget\" data-widget_type=\"button.default\">\n\t\t\t\t<div class=\"elementor-widget-container\">\n\t\t\t\t\t\t\t\t\t<div class=\"elementor-button-wrapper\">\n\t\t\t\t\t<a class=\"elementor-button elementor-button-link elementor-size-sm\" href=\"https:\/\/youtu.be\/vvR0JxBZzY4?si=V7DquiGxeL4weRv6\" target=\"_blank\">\n\t\t\t\t\t\t<span class=\"elementor-button-content-wrapper\">\n\t\t\t\t\t\t\t\t\t<span class=\"elementor-button-text\">VOIR LA VID\u00c9O<\/span>\n\t\t\t\t\t<\/span>\n\t\t\t\t\t<\/a>\n\t\t\t\t<\/div>\n\t\t\t\t\t\t\t\t<\/div>\n\t\t\t\t<\/div>\n\t\t\t\t<\/div>\n\t\t\t\t\t<\/div>\n\t\t\t\t<\/div>\n\t\t<div class=\"elementor-element elementor-element-00e6b07 e-flex e-con-boxed e-con e-child\" data-id=\"00e6b07\" data-element_type=\"container\" data-e-type=\"container\">\n\t\t\t\t\t<div class=\"e-con-inner\">\n\t\t\t\t<div class=\"elementor-element elementor-element-1ff7b76 elementor-widget elementor-widget-gallery\" data-id=\"1ff7b76\" data-element_type=\"widget\" data-e-type=\"widget\" data-settings=\"{&quot;columns&quot;:3,&quot;lazyload&quot;:&quot;yes&quot;,&quot;gallery_layout&quot;:&quot;grid&quot;,&quot;columns_tablet&quot;:2,&quot;columns_mobile&quot;:1,&quot;gap&quot;:{&quot;unit&quot;:&quot;px&quot;,&quot;size&quot;:10,&quot;sizes&quot;:[]},&quot;gap_laptop&quot;:{&quot;unit&quot;:&quot;px&quot;,&quot;size&quot;:10,&quot;sizes&quot;:[]},&quot;gap_tablet_extra&quot;:{&quot;unit&quot;:&quot;px&quot;,&quot;size&quot;:10,&quot;sizes&quot;:[]},&quot;gap_tablet&quot;:{&quot;unit&quot;:&quot;px&quot;,&quot;size&quot;:10,&quot;sizes&quot;:[]},&quot;gap_mobile_extra&quot;:{&quot;unit&quot;:&quot;px&quot;,&quot;size&quot;:10,&quot;sizes&quot;:[]},&quot;gap_mobile&quot;:{&quot;unit&quot;:&quot;px&quot;,&quot;size&quot;:10,&quot;sizes&quot;:[]},&quot;link_to&quot;:&quot;file&quot;,&quot;aspect_ratio&quot;:&quot;3:2&quot;,&quot;overlay_background&quot;:&quot;yes&quot;,&quot;content_hover_animation&quot;:&quot;fade-in&quot;}\" data-widget_type=\"gallery.default\">\n\t\t\t\t<div class=\"elementor-widget-container\">\n\t\t\t\t\t\t\t<div class=\"elementor-gallery__container\">\n\t\t\t\t\t\t\t<a class=\"e-gallery-item elementor-gallery-item elementor-animated-content\" href=\"https:\/\/www.cuesystem.com\/wp-content\/uploads\/2026\/04\/systems_magistrat-mesta-olomouc_1.webp\" data-elementor-open-lightbox=\"yes\" data-elementor-lightbox-slideshow=\"1ff7b76\" data-e-action-hash=\"#elementor-action%3Aaction%3Dlightbox%26settings%3DeyJpZCI6MzcxODQsInVybCI6Imh0dHBzOlwvXC93d3cuY3Vlc3lzdGVtLmNvbVwvd3AtY29udGVudFwvdXBsb2Fkc1wvMjAyNlwvMDRcL3N5c3RlbXNfbWFnaXN0cmF0LW1lc3RhLW9sb21vdWNfMS53ZWJwIiwic2xpZGVzaG93IjoiMWZmN2I3NiJ9\">\n\t\t\t\t\t<div class=\"e-gallery-image elementor-gallery-item__image\" data-thumbnail=\"https:\/\/www.cuesystem.com\/wp-content\/uploads\/2026\/04\/systems_magistrat-mesta-olomouc_1-300x200.webp\" data-width=\"300\" data-height=\"200\" aria-label=\"\" role=\"img\" ><\/div>\n\t\t\t\t\t\t\t\t\t\t\t<div class=\"elementor-gallery-item__overlay\"><\/div>\n\t\t\t\t\t\t\t\t\t\t\t\t\t\t<\/a>\n\t\t\t\t\t\t\t<a class=\"e-gallery-item elementor-gallery-item elementor-animated-content\" href=\"https:\/\/www.cuesystem.com\/wp-content\/uploads\/2026\/04\/systems_magistrat-mesta-olomouc_4.webp\" data-elementor-open-lightbox=\"yes\" data-elementor-lightbox-slideshow=\"1ff7b76\" data-e-action-hash=\"#elementor-action%3Aaction%3Dlightbox%26settings%3DeyJpZCI6MzcxODksInVybCI6Imh0dHBzOlwvXC93d3cuY3Vlc3lzdGVtLmNvbVwvd3AtY29udGVudFwvdXBsb2Fkc1wvMjAyNlwvMDRcL3N5c3RlbXNfbWFnaXN0cmF0LW1lc3RhLW9sb21vdWNfNC53ZWJwIiwic2xpZGVzaG93IjoiMWZmN2I3NiJ9\">\n\t\t\t\t\t<div class=\"e-gallery-image elementor-gallery-item__image\" data-thumbnail=\"https:\/\/www.cuesystem.com\/wp-content\/uploads\/2026\/04\/systems_magistrat-mesta-olomouc_4-300x200.webp\" data-width=\"300\" data-height=\"200\" aria-label=\"\" role=\"img\" ><\/div>\n\t\t\t\t\t\t\t\t\t\t\t<div class=\"elementor-gallery-item__overlay\"><\/div>\n\t\t\t\t\t\t\t\t\t\t\t\t\t\t<\/a>\n\t\t\t\t\t\t\t<a class=\"e-gallery-item elementor-gallery-item elementor-animated-content\" href=\"https:\/\/www.cuesystem.com\/wp-content\/uploads\/2026\/04\/systems_magistrat-mesta-olomouc_9.webp\" data-elementor-open-lightbox=\"yes\" data-elementor-lightbox-slideshow=\"1ff7b76\" data-e-action-hash=\"#elementor-action%3Aaction%3Dlightbox%26settings%3DeyJpZCI6MzcxOTQsInVybCI6Imh0dHBzOlwvXC93d3cuY3Vlc3lzdGVtLmNvbVwvd3AtY29udGVudFwvdXBsb2Fkc1wvMjAyNlwvMDRcL3N5c3RlbXNfbWFnaXN0cmF0LW1lc3RhLW9sb21vdWNfOS53ZWJwIiwic2xpZGVzaG93IjoiMWZmN2I3NiJ9\">\n\t\t\t\t\t<div class=\"e-gallery-image elementor-gallery-item__image\" data-thumbnail=\"https:\/\/www.cuesystem.com\/wp-content\/uploads\/2026\/04\/systems_magistrat-mesta-olomouc_9-300x200.webp\" data-width=\"300\" data-height=\"200\" aria-label=\"\" role=\"img\" ><\/div>\n\t\t\t\t\t\t\t\t\t\t\t<div class=\"elementor-gallery-item__overlay\"><\/div>\n\t\t\t\t\t\t\t\t\t\t\t\t\t\t<\/a>\n\t\t\t\t\t\t\t<a class=\"e-gallery-item elementor-gallery-item elementor-animated-content\" href=\"https:\/\/www.cuesystem.com\/wp-content\/uploads\/2026\/04\/systems_magistrat-mesta-olomouc_12.webp\" data-elementor-open-lightbox=\"yes\" data-elementor-lightbox-slideshow=\"1ff7b76\" data-e-action-hash=\"#elementor-action%3Aaction%3Dlightbox%26settings%3DeyJpZCI6MzcxOTksInVybCI6Imh0dHBzOlwvXC93d3cuY3Vlc3lzdGVtLmNvbVwvd3AtY29udGVudFwvdXBsb2Fkc1wvMjAyNlwvMDRcL3N5c3RlbXNfbWFnaXN0cmF0LW1lc3RhLW9sb21vdWNfMTIud2VicCIsInNsaWRlc2hvdyI6IjFmZjdiNzYifQ%3D%3D\">\n\t\t\t\t\t<div class=\"e-gallery-image elementor-gallery-item__image\" data-thumbnail=\"https:\/\/www.cuesystem.com\/wp-content\/uploads\/2026\/04\/systems_magistrat-mesta-olomouc_12-300x200.webp\" data-width=\"300\" data-height=\"200\" aria-label=\"\" role=\"img\" ><\/div>\n\t\t\t\t\t\t\t\t\t\t\t<div class=\"elementor-gallery-item__overlay\"><\/div>\n\t\t\t\t\t\t\t\t\t\t\t\t\t\t<\/a>\n\t\t\t\t\t\t\t<a class=\"e-gallery-item elementor-gallery-item elementor-animated-content\" href=\"https:\/\/www.cuesystem.com\/wp-content\/uploads\/2026\/04\/systems_magistrat-mesta-olomouc_13.webp\" data-elementor-open-lightbox=\"yes\" data-elementor-lightbox-slideshow=\"1ff7b76\" data-e-action-hash=\"#elementor-action%3Aaction%3Dlightbox%26settings%3DeyJpZCI6MzcyMDQsInVybCI6Imh0dHBzOlwvXC93d3cuY3Vlc3lzdGVtLmNvbVwvd3AtY29udGVudFwvdXBsb2Fkc1wvMjAyNlwvMDRcL3N5c3RlbXNfbWFnaXN0cmF0LW1lc3RhLW9sb21vdWNfMTMud2VicCIsInNsaWRlc2hvdyI6IjFmZjdiNzYifQ%3D%3D\">\n\t\t\t\t\t<div class=\"e-gallery-image elementor-gallery-item__image\" data-thumbnail=\"https:\/\/www.cuesystem.com\/wp-content\/uploads\/2026\/04\/systems_magistrat-mesta-olomouc_13-300x200.webp\" data-width=\"300\" data-height=\"200\" aria-label=\"\" role=\"img\" ><\/div>\n\t\t\t\t\t\t\t\t\t\t\t<div class=\"elementor-gallery-item__overlay\"><\/div>\n\t\t\t\t\t\t\t\t\t\t\t\t\t\t<\/a>\n\t\t\t\t\t\t\t<a class=\"e-gallery-item elementor-gallery-item elementor-animated-content\" href=\"https:\/\/www.cuesystem.com\/wp-content\/uploads\/2026\/04\/systems_magistrat-mesta-olomouc_16.webp\" data-elementor-open-lightbox=\"yes\" data-elementor-lightbox-slideshow=\"1ff7b76\" data-e-action-hash=\"#elementor-action%3Aaction%3Dlightbox%26settings%3DeyJpZCI6MzcyMDksInVybCI6Imh0dHBzOlwvXC93d3cuY3Vlc3lzdGVtLmNvbVwvd3AtY29udGVudFwvdXBsb2Fkc1wvMjAyNlwvMDRcL3N5c3RlbXNfbWFnaXN0cmF0LW1lc3RhLW9sb21vdWNfMTYud2VicCIsInNsaWRlc2hvdyI6IjFmZjdiNzYifQ%3D%3D\">\n\t\t\t\t\t<div class=\"e-gallery-image elementor-gallery-item__image\" data-thumbnail=\"https:\/\/www.cuesystem.com\/wp-content\/uploads\/2026\/04\/systems_magistrat-mesta-olomouc_16-300x200.webp\" data-width=\"300\" data-height=\"200\" aria-label=\"\" role=\"img\" ><\/div>\n\t\t\t\t\t\t\t\t\t\t\t<div class=\"elementor-gallery-item__overlay\"><\/div>\n\t\t\t\t\t\t\t\t\t\t\t\t\t\t<\/a>\n\t\t\t\t\t<\/div>\n\t\t\t\t\t<\/div>\n\t\t\t\t<\/div>\n\t\t\t\t\t<\/div>\n\t\t\t\t<\/div>\n\t\t\t\t<\/div>\n\t\t\t\t<\/div>\n\t\t","protected":false},"excerpt":{"rendered":"<p>\u00c9tude de cas Municipalit\u00e9 d&rsquo;Olomouc Le d\u00e9fi Apr\u00e8s pr\u00e8s de deux d\u00e9cennies, la salle du conseil principal de l&rsquo;h\u00f4tel de ville d&rsquo;Olomouc a \u00e9t\u00e9 r\u00e9nov\u00e9e. l&rsquo;h\u00f4tel de ville d&rsquo;Olomouc a fait l&rsquo;objet d&rsquo;une modernisation majeure pour r\u00e9pondre aux exigences de la gouvernance hybride d&rsquo;aujourd&rsquo;hui. L&rsquo;objectif \u00e9tait de cr\u00e9er un espace qui permette la participation en <a href=\"https:\/\/www.cuesystem.com\/fr\/etudes-de-cas\/municipalite-de-la-ville-dolomouc\/\" class=\"more-link\">&#8230;<span class=\"screen-reader-text\">  Municipalit\u00e9 de la ville d&rsquo;Olomouc<\/span><\/a><\/p>\n","protected":false},"author":11,"featured_media":0,"parent":30190,"menu_order":15,"comment_status":"closed","ping_status":"closed","template":"","meta":{"_acf_changed":false,"inline_featured_image":false,"footnotes":""},"kategorie":[],"class_list":["post-37239","page","type-page","status-publish","hentry"],"acf":[],"_links":{"self":[{"href":"https:\/\/www.cuesystem.com\/fr\/wp-json\/wp\/v2\/pages\/37239","targetHints":{"allow":["GET"]}}],"collection":[{"href":"https:\/\/www.cuesystem.com\/fr\/wp-json\/wp\/v2\/pages"}],"about":[{"href":"https:\/\/www.cuesystem.com\/fr\/wp-json\/wp\/v2\/types\/page"}],"author":[{"embeddable":true,"href":"https:\/\/www.cuesystem.com\/fr\/wp-json\/wp\/v2\/users\/11"}],"replies":[{"embeddable":true,"href":"https:\/\/www.cuesystem.com\/fr\/wp-json\/wp\/v2\/comments?post=37239"}],"version-history":[{"count":1,"href":"https:\/\/www.cuesystem.com\/fr\/wp-json\/wp\/v2\/pages\/37239\/revisions"}],"predecessor-version":[{"id":37240,"href":"https:\/\/www.cuesystem.com\/fr\/wp-json\/wp\/v2\/pages\/37239\/revisions\/37240"}],"up":[{"embeddable":true,"href":"https:\/\/www.cuesystem.com\/fr\/wp-json\/wp\/v2\/pages\/30190"}],"wp:attachment":[{"href":"https:\/\/www.cuesystem.com\/fr\/wp-json\/wp\/v2\/media?parent=37239"}],"wp:term":[{"taxonomy":"kategorie","embeddable":true,"href":"https:\/\/www.cuesystem.com\/fr\/wp-json\/wp\/v2\/kategorie?post=37239"}],"curies":[{"name":"wp","href":"https:\/\/api.w.org\/{rel}","templated":true}]}}