{"id":37279,"date":"2026-04-01T15:11:07","date_gmt":"2026-04-01T13:11:07","guid":{"rendered":"https:\/\/www.cuesystem.com\/etudes-de-cas\/suisse-universite\/"},"modified":"2026-04-01T15:32:17","modified_gmt":"2026-04-01T13:32:17","slug":"suisse-universite","status":"publish","type":"page","link":"https:\/\/www.cuesystem.com\/fr\/etudes-de-cas\/suisse-universite\/","title":{"rendered":"Suisse Universit\u00e9"},"content":{"rendered":"\t\t<div data-elementor-type=\"wp-page\" data-elementor-id=\"37279\" class=\"elementor elementor-37279 elementor-37257\" data-elementor-post-type=\"page\">\n\t\t\t\t<div class=\"elementor-element elementor-element-5396732 e-con-full e-flex e-con e-child\" data-id=\"5396732\" data-element_type=\"container\" data-e-type=\"container\">\n\t\t\t\t<div class=\"elementor-element elementor-element-c8edd39 elementor-widget elementor-widget-heading\" data-id=\"c8edd39\" data-element_type=\"widget\" data-e-type=\"widget\" data-widget_type=\"heading.default\">\n\t\t\t\t<div class=\"elementor-widget-container\">\n\t\t\t\t\t<h3 class=\"elementor-heading-title elementor-size-default\">\u00c9tude de cas<\/h3>\t\t\t\t<\/div>\n\t\t\t\t<\/div>\n\t\t\t\t<div class=\"elementor-element elementor-element-d93bb63 elementor-widget elementor-widget-heading\" data-id=\"d93bb63\" data-element_type=\"widget\" data-e-type=\"widget\" data-widget_type=\"heading.default\">\n\t\t\t\t<div class=\"elementor-widget-container\">\n\t\t\t\t\t<h1 class=\"elementor-heading-title elementor-size-default\">Suisse Universit\u00e9<\/h1>\t\t\t\t<\/div>\n\t\t\t\t<\/div>\n\t\t\t\t<div class=\"elementor-element elementor-element-4339b25 elementor-widget-divider--view-line elementor-widget elementor-widget-divider\" data-id=\"4339b25\" data-element_type=\"widget\" data-e-type=\"widget\" data-widget_type=\"divider.default\">\n\t\t\t\t<div class=\"elementor-widget-container\">\n\t\t\t\t\t\t\t<div class=\"elementor-divider\">\n\t\t\t<span class=\"elementor-divider-separator\">\n\t\t\t\t\t\t<\/span>\n\t\t<\/div>\n\t\t\t\t\t\t<\/div>\n\t\t\t\t<\/div>\n\t\t<div class=\"elementor-element elementor-element-4c37b03 e-grid e-con-boxed e-con e-child\" data-id=\"4c37b03\" data-element_type=\"container\" data-e-type=\"container\">\n\t\t\t\t\t<div class=\"e-con-inner\">\n\t\t<div class=\"elementor-element elementor-element-6bcdf3b e-con-full e-flex e-con e-child\" data-id=\"6bcdf3b\" data-element_type=\"container\" data-e-type=\"container\">\n\t\t\t\t<div class=\"elementor-element elementor-element-1480ec0 elementor-widget elementor-widget-heading\" data-id=\"1480ec0\" data-element_type=\"widget\" data-e-type=\"widget\" data-widget_type=\"heading.default\">\n\t\t\t\t<div class=\"elementor-widget-container\">\n\t\t\t\t\t<h2 class=\"elementor-heading-title elementor-size-default\">Le d\u00e9fi<\/h2>\t\t\t\t<\/div>\n\t\t\t\t<\/div>\n\t\t\t\t<div class=\"elementor-element elementor-element-9028a3c elementor-widget elementor-widget-text-editor\" data-id=\"9028a3c\" data-element_type=\"widget\" data-e-type=\"widget\" data-widget_type=\"text-editor.default\">\n\t\t\t\t<div class=\"elementor-widget-container\">\n\t\t\t\t\t\t\t\t\t<p>Le coll\u00e8ge <strong>a agrandi ses installations avec 18 nouvelles salles de classe en pavillon<\/strong>, chacune n\u00e9cessitant une connectivit\u00e9 transparente pour les ordinateurs, les appareils multim\u00e9dias et les p\u00e9riph\u00e9riques d&rsquo;enseignement. L&rsquo;objectif \u00e9tait de garantir une <strong>exp\u00e9rience de contr\u00f4le fiable et facile \u00e0 utiliser pour les enseignants<\/strong>, tout en modernisant les 45 salles de classe existantes pour qu&rsquo;elles <strong>r\u00e9pondent aux normes modernes en mati\u00e8re d&rsquo;audiovisuel et d&rsquo;informatique<\/strong>. <\/p>\t\t\t\t\t\t\t\t<\/div>\n\t\t\t\t<\/div>\n\t\t\t\t<\/div>\n\t\t<div class=\"elementor-element elementor-element-7d9939f e-con-full e-flex e-con e-child\" data-id=\"7d9939f\" data-element_type=\"container\" data-e-type=\"container\">\n\t\t\t\t<div class=\"elementor-element elementor-element-51e6b1c elementor-widget elementor-widget-image\" data-id=\"51e6b1c\" data-element_type=\"widget\" data-e-type=\"widget\" data-widget_type=\"image.default\">\n\t\t\t\t<div class=\"elementor-widget-container\">\n\t\t\t\t\t\t\t\t\t\t\t\t\t\t\t\t<a href=\"https:\/\/www.cuesystem.com\/wp-content\/uploads\/2026\/04\/sds.webp\" data-elementor-open-lightbox=\"yes\" data-e-action-hash=\"#elementor-action%3Aaction%3Dlightbox%26settings%3DeyJpZCI6MzcyNjEsInVybCI6Imh0dHBzOlwvXC93d3cuY3Vlc3lzdGVtLmNvbVwvd3AtY29udGVudFwvdXBsb2Fkc1wvMjAyNlwvMDRcL3Nkcy53ZWJwIn0%3D\">\n\t\t\t\t\t\t\t<img fetchpriority=\"high\" decoding=\"async\" width=\"992\" height=\"484\" src=\"https:\/\/www.cuesystem.com\/wp-content\/uploads\/2026\/04\/sds.webp\" class=\"attachment-large size-large wp-image-37261\" alt=\"\" srcset=\"https:\/\/www.cuesystem.com\/wp-content\/uploads\/2026\/04\/sds.webp 992w, https:\/\/www.cuesystem.com\/wp-content\/uploads\/2026\/04\/sds-300x146.webp 300w\" sizes=\"(max-width: 992px) 100vw, 992px\" \/>\t\t\t\t\t\t\t\t<\/a>\n\t\t\t\t\t\t\t\t\t\t\t\t\t\t\t<\/div>\n\t\t\t\t<\/div>\n\t\t\t\t<\/div>\n\t\t\t\t\t<\/div>\n\t\t\t\t<\/div>\n\t\t<div class=\"elementor-element elementor-element-4490095 e-grid e-con-boxed e-con e-child\" data-id=\"4490095\" data-element_type=\"container\" data-e-type=\"container\">\n\t\t\t\t\t<div class=\"e-con-inner\">\n\t\t<div class=\"elementor-element elementor-element-25bce2e e-con-full e-flex e-con e-child\" data-id=\"25bce2e\" data-element_type=\"container\" data-e-type=\"container\">\n\t\t\t\t<div class=\"elementor-element elementor-element-74f8a73 elementor-widget elementor-widget-image\" data-id=\"74f8a73\" data-element_type=\"widget\" data-e-type=\"widget\" data-widget_type=\"image.default\">\n\t\t\t\t<div class=\"elementor-widget-container\">\n\t\t\t\t\t\t\t\t\t\t\t\t\t\t\t\t<a href=\"https:\/\/www.cuesystem.com\/wp-content\/uploads\/2026\/04\/sd.webp\" data-elementor-open-lightbox=\"yes\" data-e-action-hash=\"#elementor-action%3Aaction%3Dlightbox%26settings%3DeyJpZCI6MzcyNjYsInVybCI6Imh0dHBzOlwvXC93d3cuY3Vlc3lzdGVtLmNvbVwvd3AtY29udGVudFwvdXBsb2Fkc1wvMjAyNlwvMDRcL3NkLndlYnAifQ%3D%3D\">\n\t\t\t\t\t\t\t<img decoding=\"async\" width=\"819\" height=\"1024\" src=\"https:\/\/www.cuesystem.com\/wp-content\/uploads\/2026\/04\/sd-819x1024.webp\" class=\"attachment-large size-large wp-image-37266\" alt=\"\" srcset=\"https:\/\/www.cuesystem.com\/wp-content\/uploads\/2026\/04\/sd-819x1024.webp 819w, https:\/\/www.cuesystem.com\/wp-content\/uploads\/2026\/04\/sd-240x300.webp 240w, https:\/\/www.cuesystem.com\/wp-content\/uploads\/2026\/04\/sd.webp 1875w\" sizes=\"(max-width: 819px) 100vw, 819px\" \/>\t\t\t\t\t\t\t\t<\/a>\n\t\t\t\t\t\t\t\t\t\t\t\t\t\t\t<\/div>\n\t\t\t\t<\/div>\n\t\t\t\t<\/div>\n\t\t<div class=\"elementor-element elementor-element-06bdfc6 e-con-full e-flex e-con e-child\" data-id=\"06bdfc6\" data-element_type=\"container\" data-e-type=\"container\">\n\t\t\t\t<div class=\"elementor-element elementor-element-30541a4 elementor-widget elementor-widget-heading\" data-id=\"30541a4\" data-element_type=\"widget\" data-e-type=\"widget\" data-widget_type=\"heading.default\">\n\t\t\t\t<div class=\"elementor-widget-container\">\n\t\t\t\t\t<h2 class=\"elementor-heading-title elementor-size-default\">Notre r\u00e9solution<\/h2>\t\t\t\t<\/div>\n\t\t\t\t<\/div>\n\t\t\t\t<div class=\"elementor-element elementor-element-ec61533 elementor-widget elementor-widget-text-editor\" data-id=\"ec61533\" data-element_type=\"widget\" data-e-type=\"widget\" data-widget_type=\"text-editor.default\">\n\t\t\t\t<div class=\"elementor-widget-container\">\n\t\t\t\t\t\t\t\t\t<p>CUE a fourni un <strong>syst\u00e8me de contr\u00f4le enti\u00e8rement int\u00e9gr\u00e9<\/strong> <strong>qui connecte et g\u00e8re tous les appareils de chaque salle de classe<\/strong>, des ordinateurs aux \u00e9quipements audiovisuels. Pour garantir la <strong>plus grande fiabilit\u00e9<\/strong>, une salle de test d\u00e9di\u00e9e a \u00e9t\u00e9 mise en place au pr\u00e9alable, permettant des essais et des ajustements en grandeur r\u00e9elle afin d&rsquo;optimiser le syst\u00e8me pour une utilisation quotidienne. <\/p><p>Parall\u00e8lement aux nouveaux pavillons, les salles de classe existantes du b\u00e2timent principal ont \u00e9t\u00e9 modernis\u00e9es, ce qui a permis d&rsquo;<strong>uniformiser les normes<\/strong> en mati\u00e8re de connexions informatiques et vid\u00e9o sur l&rsquo;ensemble du campus.<\/p><p>L&rsquo;ensemble du projet a \u00e9t\u00e9 r\u00e9alis\u00e9 en collaboration avec notre <strong>partenaire suisse<\/strong> <a class=\"_ymio1r31 _ypr0glyw _zcxs1o36 _mizu1v1w _1ah3dkaa _ra3xnqa1 _128mdkaa _1cvmnqa1 _4davt94y _4bfu1r31 _1hms8stv _ajmmnqa1 _vchhusvi _kqswh2mm _ect4ttxp _syaz13af _1a3b1r31 _4fpr8stv _5goinqa1 _f8pj13af _9oik1r31 _1bnxglyw _jf4cnqa1 _30l313af _1nrm1r31 _c2waglyw _1iohnqa1 _9h8h12zz _10531ra0 _1ien1ra0 _n0fx1ra0 _1vhv17z1\" title=\"https:\/\/www.avmat.ch\/fr\" href=\"https:\/\/www.avmat.ch\/fr\" data-renderer-mark=\"true\"><strong data-renderer-mark=\"true\">AVMAT<\/strong><\/a>qui a donn\u00e9 naissance \u00e0 un <strong>environnement moderne et convivial<\/strong> permettant aux enseignants et au personnel de se concentrer sur l&rsquo;\u00e9ducation plut\u00f4t que sur la technologie.<\/p>\t\t\t\t\t\t\t\t<\/div>\n\t\t\t\t<\/div>\n\t\t\t\t<\/div>\n\t\t\t\t\t<\/div>\n\t\t\t\t<\/div>\n\t\t\t\t<\/div>\n\t\t\t\t<\/div>\n\t\t","protected":false},"excerpt":{"rendered":"<p>\u00c9tude de cas Suisse Universit\u00e9 Le d\u00e9fi Le coll\u00e8ge a agrandi ses installations avec 18 nouvelles salles de classe en pavillon, chacune n\u00e9cessitant une connectivit\u00e9 transparente pour les ordinateurs, les appareils multim\u00e9dias et les p\u00e9riph\u00e9riques d&rsquo;enseignement. L&rsquo;objectif \u00e9tait de garantir une exp\u00e9rience de contr\u00f4le fiable et facile \u00e0 utiliser pour les enseignants, tout en modernisant <a href=\"https:\/\/www.cuesystem.com\/fr\/etudes-de-cas\/suisse-universite\/\" class=\"more-link\">&#8230;<span class=\"screen-reader-text\">  Suisse Universit\u00e9<\/span><\/a><\/p>\n","protected":false},"author":11,"featured_media":0,"parent":30190,"menu_order":9,"comment_status":"closed","ping_status":"closed","template":"","meta":{"_acf_changed":false,"inline_featured_image":false,"footnotes":""},"kategorie":[],"class_list":["post-37279","page","type-page","status-publish","hentry"],"acf":[],"_links":{"self":[{"href":"https:\/\/www.cuesystem.com\/fr\/wp-json\/wp\/v2\/pages\/37279","targetHints":{"allow":["GET"]}}],"collection":[{"href":"https:\/\/www.cuesystem.com\/fr\/wp-json\/wp\/v2\/pages"}],"about":[{"href":"https:\/\/www.cuesystem.com\/fr\/wp-json\/wp\/v2\/types\/page"}],"author":[{"embeddable":true,"href":"https:\/\/www.cuesystem.com\/fr\/wp-json\/wp\/v2\/users\/11"}],"replies":[{"embeddable":true,"href":"https:\/\/www.cuesystem.com\/fr\/wp-json\/wp\/v2\/comments?post=37279"}],"version-history":[{"count":1,"href":"https:\/\/www.cuesystem.com\/fr\/wp-json\/wp\/v2\/pages\/37279\/revisions"}],"predecessor-version":[{"id":37280,"href":"https:\/\/www.cuesystem.com\/fr\/wp-json\/wp\/v2\/pages\/37279\/revisions\/37280"}],"up":[{"embeddable":true,"href":"https:\/\/www.cuesystem.com\/fr\/wp-json\/wp\/v2\/pages\/30190"}],"wp:attachment":[{"href":"https:\/\/www.cuesystem.com\/fr\/wp-json\/wp\/v2\/media?parent=37279"}],"wp:term":[{"taxonomy":"kategorie","embeddable":true,"href":"https:\/\/www.cuesystem.com\/fr\/wp-json\/wp\/v2\/kategorie?post=37279"}],"curies":[{"name":"wp","href":"https:\/\/api.w.org\/{rel}","templated":true}]}}