{"id":37351,"date":"2026-04-08T10:37:03","date_gmt":"2026-04-08T08:37:03","guid":{"rendered":"https:\/\/www.cuesystem.com\/etudes-de-cas\/ragasa-mexique\/"},"modified":"2026-04-08T10:44:14","modified_gmt":"2026-04-08T08:44:14","slug":"ragasa-mexique","status":"publish","type":"page","link":"https:\/\/www.cuesystem.com\/fr\/etudes-de-cas\/ragasa-mexique\/","title":{"rendered":"Ragasa Mexique"},"content":{"rendered":"\t\t<div data-elementor-type=\"wp-page\" data-elementor-id=\"37351\" class=\"elementor elementor-37351 elementor-37298\" data-elementor-post-type=\"page\">\n\t\t\t\t<div class=\"elementor-element elementor-element-1a0b49f e-con-full e-flex e-con e-child\" data-id=\"1a0b49f\" data-element_type=\"container\" data-e-type=\"container\">\n\t\t\t\t<div class=\"elementor-element elementor-element-2fa0fc3 elementor-widget elementor-widget-heading\" data-id=\"2fa0fc3\" data-element_type=\"widget\" data-e-type=\"widget\" data-widget_type=\"heading.default\">\n\t\t\t\t<div class=\"elementor-widget-container\">\n\t\t\t\t\t<h3 class=\"elementor-heading-title elementor-size-default\">\u00c9tude de cas<\/h3>\t\t\t\t<\/div>\n\t\t\t\t<\/div>\n\t\t\t\t<div class=\"elementor-element elementor-element-2c750c9 elementor-widget elementor-widget-heading\" data-id=\"2c750c9\" data-element_type=\"widget\" data-e-type=\"widget\" data-widget_type=\"heading.default\">\n\t\t\t\t<div class=\"elementor-widget-container\">\n\t\t\t\t\t<h1 class=\"elementor-heading-title elementor-size-default\">Ragasa Mexique<\/h1>\t\t\t\t<\/div>\n\t\t\t\t<\/div>\n\t\t\t\t<div class=\"elementor-element elementor-element-c229a0f elementor-widget-divider--view-line elementor-widget elementor-widget-divider\" data-id=\"c229a0f\" data-element_type=\"widget\" data-e-type=\"widget\" data-widget_type=\"divider.default\">\n\t\t\t\t<div class=\"elementor-widget-container\">\n\t\t\t\t\t\t\t<div class=\"elementor-divider\">\n\t\t\t<span class=\"elementor-divider-separator\">\n\t\t\t\t\t\t<\/span>\n\t\t<\/div>\n\t\t\t\t\t\t<\/div>\n\t\t\t\t<\/div>\n\t\t<div class=\"elementor-element elementor-element-cde6b98 e-grid e-con-boxed e-con e-child\" data-id=\"cde6b98\" data-element_type=\"container\" data-e-type=\"container\">\n\t\t\t\t\t<div class=\"e-con-inner\">\n\t\t<div class=\"elementor-element elementor-element-922244e e-con-full e-flex e-con e-child\" data-id=\"922244e\" data-element_type=\"container\" data-e-type=\"container\">\n\t\t\t\t<div class=\"elementor-element elementor-element-6c1c6ed elementor-widget elementor-widget-heading\" data-id=\"6c1c6ed\" data-element_type=\"widget\" data-e-type=\"widget\" data-widget_type=\"heading.default\">\n\t\t\t\t<div class=\"elementor-widget-container\">\n\t\t\t\t\t<h2 class=\"elementor-heading-title elementor-size-default\">Le d\u00e9fi<\/h2>\t\t\t\t<\/div>\n\t\t\t\t<\/div>\n\t\t\t\t<div class=\"elementor-element elementor-element-56ef42f elementor-widget elementor-widget-text-editor\" data-id=\"56ef42f\" data-element_type=\"widget\" data-e-type=\"widget\" data-widget_type=\"text-editor.default\">\n\t\t\t\t<div class=\"elementor-widget-container\">\n\t\t\t\t\t\t\t\t\t<p data-renderer-start-pos=\"18\"><a class=\"_ymio1r31 _ypr0glyw _zcxs1o36 _mizu1v1w _1ah3dkaa _ra3xnqa1 _128mdkaa _1cvmnqa1 _4davt94y _4bfu1r31 _1hms8stv _ajmmnqa1 _vchhusvi _kqswh2mm _ect4ttxp _syaz13af _1a3b1r31 _4fpr8stv _5goinqa1 _f8pj13af _9oik1r31 _1bnxglyw _jf4cnqa1 _30l313af _1nrm1r31 _c2waglyw _1iohnqa1 _9h8h12zz _10531ra0 _1ien1ra0 _n0fx1ra0 _1vhv17z1\" title=\"https:\/\/www.ragasa.com.mx\/en\/\" href=\"https:\/\/www.ragasa.com.mx\/en\/\" data-renderer-mark=\"true\"><strong>Ragasa<\/strong><\/a> a \u00e9t\u00e9 confront\u00e9e \u00e0 la n\u00e9cessit\u00e9 de cr\u00e9er un <strong data-renderer-mark=\"true\">environnement de travail <\/strong> <strong data-renderer-mark=\"true\">plus organis\u00e9<\/strong> et <strong data-renderer-mark=\"true\">plus<\/strong> <strong data-renderer-mark=\"true\">transparent <\/strong>pour ses <strong data-renderer-mark=\"true\">nombreux employ\u00e9s<\/strong>.<\/p><p data-renderer-start-pos=\"126\">Avec des charges de travail complexes r\u00e9parties sur plusieurs sites, l&rsquo;entreprise avait besoin d&rsquo;un syst\u00e8me qui lui permette d&rsquo;\u00eatre <strong data-renderer-mark=\"true\">parfaitement au courant de <\/strong>la <strong data-renderer-mark=\"true\">disponibilit\u00e9 des <\/strong> <strong data-renderer-mark=\"true\">salles <\/strong>et des <strong data-renderer-mark=\"true\">postes de travail <\/strong>, tout en permettant la collecte de donn\u00e9es fiables en vue d&rsquo;une optimisation future.<\/p>\t\t\t\t\t\t\t\t<\/div>\n\t\t\t\t<\/div>\n\t\t\t\t<\/div>\n\t\t<div class=\"elementor-element elementor-element-afe2be8 e-con-full e-flex e-con e-child\" data-id=\"afe2be8\" data-element_type=\"container\" data-e-type=\"container\">\n\t\t\t\t<div class=\"elementor-element elementor-element-c50cf36 elementor-widget elementor-widget-image\" data-id=\"c50cf36\" data-element_type=\"widget\" data-e-type=\"widget\" data-widget_type=\"image.default\">\n\t\t\t\t<div class=\"elementor-widget-container\">\n\t\t\t\t\t\t\t\t\t\t\t\t\t\t\t<img fetchpriority=\"high\" decoding=\"async\" width=\"480\" height=\"185\" src=\"https:\/\/www.cuesystem.com\/wp-content\/uploads\/2026\/04\/Silos-480x185-1.webp\" class=\"attachment-large size-large wp-image-37338\" alt=\"\" srcset=\"https:\/\/www.cuesystem.com\/wp-content\/uploads\/2026\/04\/Silos-480x185-1.webp 480w, https:\/\/www.cuesystem.com\/wp-content\/uploads\/2026\/04\/Silos-480x185-1-300x116.webp 300w\" sizes=\"(max-width: 480px) 100vw, 480px\" \/>\t\t\t\t\t\t\t\t\t\t\t\t\t\t\t<\/div>\n\t\t\t\t<\/div>\n\t\t\t\t<\/div>\n\t\t\t\t\t<\/div>\n\t\t\t\t<\/div>\n\t\t<div class=\"elementor-element elementor-element-6b3dd33 e-grid e-con-boxed e-con e-child\" data-id=\"6b3dd33\" data-element_type=\"container\" data-e-type=\"container\">\n\t\t\t\t\t<div class=\"e-con-inner\">\n\t\t<div class=\"elementor-element elementor-element-cb83403 e-con-full e-flex e-con e-child\" data-id=\"cb83403\" data-element_type=\"container\" data-e-type=\"container\">\n\t\t\t\t<div class=\"elementor-element elementor-element-179367d elementor-widget elementor-widget-image\" data-id=\"179367d\" data-element_type=\"widget\" data-e-type=\"widget\" data-widget_type=\"image.default\">\n\t\t\t\t<div class=\"elementor-widget-container\">\n\t\t\t\t\t\t\t\t\t\t\t\t\t\t\t<img decoding=\"async\" width=\"1024\" height=\"310\" src=\"https:\/\/www.cuesystem.com\/wp-content\/uploads\/2026\/04\/1620352013438-1024x310.webp\" class=\"attachment-large size-large wp-image-37308\" alt=\"\" srcset=\"https:\/\/www.cuesystem.com\/wp-content\/uploads\/2026\/04\/1620352013438-1024x310.webp 1024w, https:\/\/www.cuesystem.com\/wp-content\/uploads\/2026\/04\/1620352013438-300x91.webp 300w, https:\/\/www.cuesystem.com\/wp-content\/uploads\/2026\/04\/1620352013438.webp 1280w\" sizes=\"(max-width: 1024px) 100vw, 1024px\" \/>\t\t\t\t\t\t\t\t\t\t\t\t\t\t\t<\/div>\n\t\t\t\t<\/div>\n\t\t\t\t<\/div>\n\t\t<div class=\"elementor-element elementor-element-1482de8 e-con-full e-flex e-con e-child\" data-id=\"1482de8\" data-element_type=\"container\" data-e-type=\"container\">\n\t\t\t\t<div class=\"elementor-element elementor-element-daa70a3 elementor-widget elementor-widget-heading\" data-id=\"daa70a3\" data-element_type=\"widget\" data-e-type=\"widget\" data-widget_type=\"heading.default\">\n\t\t\t\t<div class=\"elementor-widget-container\">\n\t\t\t\t\t<h2 class=\"elementor-heading-title elementor-size-default\">\u00c0 propos de Ragasa<\/h2>\t\t\t\t<\/div>\n\t\t\t\t<\/div>\n\t\t\t\t<div class=\"elementor-element elementor-element-dd2289e elementor-widget elementor-widget-text-editor\" data-id=\"dd2289e\" data-element_type=\"widget\" data-e-type=\"widget\" data-widget_type=\"text-editor.default\">\n\t\t\t\t<div class=\"elementor-widget-container\">\n\t\t\t\t\t\t\t\t\t<p data-renderer-start-pos=\"378\"><a class=\"_ymio1r31 _ypr0glyw _zcxs1o36 _mizu1v1w _1ah3dkaa _ra3xnqa1 _128mdkaa _1cvmnqa1 _4davt94y _4bfu1r31 _1hms8stv _ajmmnqa1 _vchhusvi _kqswh2mm _ect4ttxp _syaz13af _1a3b1r31 _4fpr8stv _5goinqa1 _f8pj13af _9oik1r31 _1bnxglyw _jf4cnqa1 _30l313af _1nrm1r31 _c2waglyw _1iohnqa1 _9h8h12zz _10531ra0 _1ien1ra0 _n0fx1ra0 _1vhv17z1\" title=\"https:\/\/www.ragasa.com.mx\/en\/\" href=\"https:\/\/www.ragasa.com.mx\/en\/\" data-renderer-mark=\"true\"><strong data-renderer-mark=\"true\">Ragasa<\/strong><\/a> est un <strong data-renderer-mark=\"true\">groupe d&rsquo;entreprises mexicain de premier plan<\/strong> sp\u00e9cialis\u00e9 dans la production d&rsquo;huiles et de produits \u00e0 base de plantes. Avec pour mission de remplacer les beurres d&rsquo;origine animale, l&rsquo;entreprise se concentre sur la fourniture d&rsquo;alternatives plus saines et de haute qualit\u00e9 \u00e0 ses clients. <\/p>\n<p data-renderer-start-pos=\"630\">Le projet a \u00e9t\u00e9 mis en \u0153uvre par notre distributeur <a class=\"_ymio1r31 _ypr0glyw _zcxs1o36 _mizu1v1w _1ah3dkaa _ra3xnqa1 _128mdkaa _1cvmnqa1 _4davt94y _4bfu1r31 _1hms8stv _ajmmnqa1 _vchhusvi _kqswh2mm _ect4ttxp _syaz13af _1a3b1r31 _4fpr8stv _5goinqa1 _f8pj13af _9oik1r31 _1bnxglyw _jf4cnqa1 _30l313af _1nrm1r31 _c2waglyw _1iohnqa1 _9h8h12zz _10531ra0 _1ien1ra0 _n0fx1ra0 _1vhv17z1\" title=\"https:\/\/www.silvergate.cz\/\" href=\"https:\/\/www.silvergate.cz\/\" data-renderer-mark=\"true\"><strong data-renderer-mark=\"true\">Silvergate, s.r.o.<\/strong><\/a><\/p>\t\t\t\t\t\t\t\t<\/div>\n\t\t\t\t<\/div>\n\t\t\t\t<\/div>\n\t\t\t\t\t<\/div>\n\t\t\t\t<\/div>\n\t\t<div class=\"elementor-element elementor-element-4c02ebc e-grid e-con-boxed e-con e-child\" data-id=\"4c02ebc\" data-element_type=\"container\" data-e-type=\"container\">\n\t\t\t\t\t<div class=\"e-con-inner\">\n\t\t<div class=\"elementor-element elementor-element-8060a87 e-con-full e-flex e-con e-child\" data-id=\"8060a87\" data-element_type=\"container\" data-e-type=\"container\">\n\t\t\t\t<div class=\"elementor-element elementor-element-799d257 elementor-widget elementor-widget-heading\" data-id=\"799d257\" data-element_type=\"widget\" data-e-type=\"widget\" data-widget_type=\"heading.default\">\n\t\t\t\t<div class=\"elementor-widget-container\">\n\t\t\t\t\t<h2 class=\"elementor-heading-title elementor-size-default\">Notre r\u00e9solution<\/h2>\t\t\t\t<\/div>\n\t\t\t\t<\/div>\n\t\t\t\t<div class=\"elementor-element elementor-element-47baeb6 elementor-widget elementor-widget-text-editor\" data-id=\"47baeb6\" data-element_type=\"widget\" data-e-type=\"widget\" data-widget_type=\"text-editor.default\">\n\t\t\t\t<div class=\"elementor-widget-container\">\n\t\t\t\t\t\t\t\t\t<p data-renderer-start-pos=\"718\">Pour r\u00e9pondre \u00e0 ces besoins, le <strong data-renderer-mark=\"true\">syst\u00e8me de gestion du lieu de travail de<\/strong> CUE a \u00e9t\u00e9 int\u00e9gr\u00e9 dans tous les bureaux de Ragasa. La solution combine <a class=\"_ymio1r31 _ypr0glyw _zcxs1o36 _mizu1v1w _1ah3dkaa _ra3xnqa1 _128mdkaa _1cvmnqa1 _4davt94y _4bfu1r31 _1hms8stv _ajmmnqa1 _vchhusvi _kqswh2mm _ect4ttxp _syaz13af _1a3b1r31 _4fpr8stv _5goinqa1 _f8pj13af _9oik1r31 _1bnxglyw _jf4cnqa1 _30l313af _1nrm1r31 _c2waglyw _1iohnqa1 _9h8h12zz _10531ra0 _1ien1ra0 _n0fx1ra0 _1vhv17z1\" title=\"https:\/\/docs.cuesystem.com\/space\/PRODUCTS\/483328034\" href=\"https:\/\/docs.cuesystem.com\/space\/PRODUCTS\/483328034\" data-renderer-mark=\"true\"><strong data-renderer-mark=\"true\">des panneaux touchONE-10-M<\/strong><\/a>, <a class=\"_ymio1r31 _ypr0glyw _zcxs1o36 _mizu1v1w _1ah3dkaa _ra3xnqa1 _128mdkaa _1cvmnqa1 _4davt94y _4bfu1r31 _1hms8stv _ajmmnqa1 _vchhusvi _kqswh2mm _ect4ttxp _syaz13af _1a3b1r31 _4fpr8stv _5goinqa1 _f8pj13af _9oik1r31 _1bnxglyw _jf4cnqa1 _30l313af _1nrm1r31 _c2waglyw _1iohnqa1 _9h8h12zz _10531ra0 _1ien1ra0 _n0fx1ra0 _1vhv17z1\" title=\"https:\/\/www.cuesystem.com\/reserve\/cue-assist\/\" href=\"https:\/\/www.cuesystem.com\/fr\/reserve\/cue-assist\/\" data-renderer-mark=\"true\"><strong data-renderer-mark=\"true\"><span class=\"fabric-text-color-mark\" data-renderer-mark=\"true\" data-text-custom-color=\"#ff5630\">CUE Assist<\/span><\/strong><\/a><strong data-renderer-mark=\"true\"> <span class=\"fabric-text-color-mark\" data-renderer-mark=\"true\" data-text-custom-color=\"#ff5630\">des unit\u00e9s de<\/span><\/strong><strong data-renderer-mark=\"true\"> salle<\/strong> et de <strong data-renderer-mark=\"true\">poste de travail<\/strong>, ainsi que le syst\u00e8me de gestion de l&rsquo;<strong data-renderer-mark=\"true\">espace de travail<\/strong><a class=\"_ymio1r31 _ypr0glyw _zcxs1o36 _mizu1v1w _1ah3dkaa _ra3xnqa1 _128mdkaa _1cvmnqa1 _4davt94y _4bfu1r31 _1hms8stv _ajmmnqa1 _vchhusvi _kqswh2mm _ect4ttxp _syaz13af _1a3b1r31 _4fpr8stv _5goinqa1 _f8pj13af _9oik1r31 _1bnxglyw _jf4cnqa1 _30l313af _1nrm1r31 _c2waglyw _1iohnqa1 _9h8h12zz _10531ra0 _1ien1ra0 _n0fx1ra0 _1vhv17z1\" title=\"https:\/\/www.cuesystem.com\/manage\/cue-admin\/\" href=\"https:\/\/www.cuesystem.com\/fr\/gerer\/administrateurs-de-la-cue\/\" data-renderer-mark=\"true\"><strong data-renderer-mark=\"true\">CUE Admin<\/strong><\/a> pour une gestion centralis\u00e9e. <\/p><p data-renderer-start-pos=\"963\">Cette configuration permet aux employ\u00e9s de voir instantan\u00e9ment la <strong data-renderer-mark=\"true\">disponibilit\u00e9 <\/strong>des <strong data-renderer-mark=\"true\">salles de r\u00e9union <\/strong>et des <strong data-renderer-mark=\"true\">lieux de travail<\/strong>, de <strong data-renderer-mark=\"true\">simplifier les r\u00e9servations<\/strong> et de <strong data-renderer-mark=\"true\">naviguer <\/strong>facilement <strong data-renderer-mark=\"true\">dans <\/strong>leurs <strong data-renderer-mark=\"true\">t\u00e2ches quotidiennes<\/strong>. En m\u00eame temps, le syst\u00e8me fournit <strong><a class=\"_ymio1r31 _ypr0glyw _zcxs1o36 _mizu1v1w _1ah3dkaa _ra3xnqa1 _128mdkaa _1cvmnqa1 _4davt94y _4bfu1r31 _1hms8stv _ajmmnqa1 _vchhusvi _kqswh2mm _ect4ttxp _syaz13af _1a3b1r31 _4fpr8stv _5goinqa1 _f8pj13af _9oik1r31 _1bnxglyw _jf4cnqa1 _30l313af _1nrm1r31 _c2waglyw _1iohnqa1 _9h8h12zz _10531ra0 _1ien1ra0 _n0fx1ra0 _1vhv17z1\" title=\"https:\/\/www.ragasa.com.mx\/en\/\" href=\"https:\/\/www.ragasa.com.mx\/en\/\" data-renderer-mark=\"true\">Ragasa<\/a> <\/strong>des <strong data-renderer-mark=\"true\">donn\u00e9es pr\u00e9cieuses <\/strong>sur l&rsquo;<strong data-renderer-mark=\"true\">utilisation des ressources<\/strong>, ce qui permet une <strong data-renderer-mark=\"true\">planification<\/strong> plus <strong data-renderer-mark=\"true\">efficace<\/strong> et une<strong data-renderer-mark=\"true\"> prise de d\u00e9cision \u00e0 long terme<\/strong>. <\/p><p data-renderer-start-pos=\"1269\">Le r\u00e9sultat est un <strong data-renderer-mark=\"true\">environnement de travail<\/strong> <strong data-renderer-mark=\"true\">rationalis\u00e9<\/strong>, <strong data-renderer-mark=\"true\">transparent<\/strong> et <strong data-renderer-mark=\"true\">ax\u00e9 sur les donn\u00e9es<\/strong>, qui responsabilise les employ\u00e9s et <strong data-renderer-mark=\"true\">soutient l <\/strong>&lsquo;<strong data-renderer-mark=\"true\">accent mis <\/strong>par l&rsquo;entreprise sur la <strong data-renderer-mark=\"true\">productivit\u00e9 <\/strong>et l&rsquo;<strong data-renderer-mark=\"true\">innovation<\/strong>.<\/p>\t\t\t\t\t\t\t\t<\/div>\n\t\t\t\t<\/div>\n\t\t\t\t<\/div>\n\t\t<div class=\"elementor-element elementor-element-6882fdb e-con-full e-flex e-con e-child\" data-id=\"6882fdb\" data-element_type=\"container\" data-e-type=\"container\">\n\t\t\t\t<div class=\"elementor-element elementor-element-246ca81 elementor-widget elementor-widget-image\" data-id=\"246ca81\" data-element_type=\"widget\" data-e-type=\"widget\" data-widget_type=\"image.default\">\n\t\t\t\t<div class=\"elementor-widget-container\">\n\t\t\t\t\t\t\t\t\t\t\t\t\t\t\t\t<a href=\"https:\/\/www.cuesystem.com\/wp-content\/uploads\/2026\/04\/image-20220718-190318.webp\" data-elementor-open-lightbox=\"yes\" data-e-action-hash=\"#elementor-action%3Aaction%3Dlightbox%26settings%3DeyJpZCI6MzczMTMsInVybCI6Imh0dHBzOlwvXC93d3cuY3Vlc3lzdGVtLmNvbVwvd3AtY29udGVudFwvdXBsb2Fkc1wvMjAyNlwvMDRcL2ltYWdlLTIwMjIwNzE4LTE5MDMxOC53ZWJwIn0%3D\">\n\t\t\t\t\t\t\t<img decoding=\"async\" width=\"1024\" height=\"493\" src=\"https:\/\/www.cuesystem.com\/wp-content\/uploads\/2026\/04\/image-20220718-190318-1024x493.webp\" class=\"attachment-large size-large wp-image-37313\" alt=\"\" srcset=\"https:\/\/www.cuesystem.com\/wp-content\/uploads\/2026\/04\/image-20220718-190318-1024x493.webp 1024w, https:\/\/www.cuesystem.com\/wp-content\/uploads\/2026\/04\/image-20220718-190318-300x144.webp 300w, https:\/\/www.cuesystem.com\/wp-content\/uploads\/2026\/04\/image-20220718-190318.webp 1807w\" sizes=\"(max-width: 1024px) 100vw, 1024px\" \/>\t\t\t\t\t\t\t\t<\/a>\n\t\t\t\t\t\t\t\t\t\t\t\t\t\t\t<\/div>\n\t\t\t\t<\/div>\n\t\t\t\t<\/div>\n\t\t\t\t\t<\/div>\n\t\t\t\t<\/div>\n\t\t\t\t<\/div>\n\t\t<div class=\"elementor-element elementor-element-5f4f319 e-flex e-con-boxed e-con e-parent\" data-id=\"5f4f319\" data-element_type=\"container\" data-e-type=\"container\">\n\t\t\t\t\t<div class=\"e-con-inner\">\n\t\t<div class=\"elementor-element elementor-element-51ce574 e-grid e-con-full e-con e-child\" data-id=\"51ce574\" data-element_type=\"container\" data-e-type=\"container\">\n\t\t\t\t<div class=\"elementor-element elementor-element-ba21e7d elementor-widget elementor-widget-image\" data-id=\"ba21e7d\" data-element_type=\"widget\" data-e-type=\"widget\" data-widget_type=\"image.default\">\n\t\t\t\t<div class=\"elementor-widget-container\">\n\t\t\t\t\t\t\t\t\t\t\t\t\t\t\t\t<a href=\"https:\/\/www.cuesystem.com\/wp-content\/uploads\/2026\/04\/image-20220718-190334.webp\" data-elementor-open-lightbox=\"yes\" data-e-action-hash=\"#elementor-action%3Aaction%3Dlightbox%26settings%3DeyJpZCI6MzczMTgsInVybCI6Imh0dHBzOlwvXC93d3cuY3Vlc3lzdGVtLmNvbVwvd3AtY29udGVudFwvdXBsb2Fkc1wvMjAyNlwvMDRcL2ltYWdlLTIwMjIwNzE4LTE5MDMzNC53ZWJwIn0%3D\">\n\t\t\t\t\t\t\t<img loading=\"lazy\" decoding=\"async\" width=\"1024\" height=\"492\" src=\"https:\/\/www.cuesystem.com\/wp-content\/uploads\/2026\/04\/image-20220718-190334-1024x492.webp\" class=\"attachment-large size-large wp-image-37318\" alt=\"\" srcset=\"https:\/\/www.cuesystem.com\/wp-content\/uploads\/2026\/04\/image-20220718-190334-1024x492.webp 1024w, https:\/\/www.cuesystem.com\/wp-content\/uploads\/2026\/04\/image-20220718-190334-300x144.webp 300w, https:\/\/www.cuesystem.com\/wp-content\/uploads\/2026\/04\/image-20220718-190334.webp 1811w\" sizes=\"(max-width: 1024px) 100vw, 1024px\" \/>\t\t\t\t\t\t\t\t<\/a>\n\t\t\t\t\t\t\t\t\t\t\t\t\t\t\t<\/div>\n\t\t\t\t<\/div>\n\t\t\t\t<div class=\"elementor-element elementor-element-f8c2948 elementor-widget elementor-widget-image\" data-id=\"f8c2948\" data-element_type=\"widget\" data-e-type=\"widget\" data-widget_type=\"image.default\">\n\t\t\t\t<div class=\"elementor-widget-container\">\n\t\t\t\t\t\t\t\t\t\t\t\t\t\t\t\t<a href=\"https:\/\/www.cuesystem.com\/wp-content\/uploads\/2026\/04\/image-20220718-190434.webp\" data-elementor-open-lightbox=\"yes\" data-e-action-hash=\"#elementor-action%3Aaction%3Dlightbox%26settings%3DeyJpZCI6MzczMjMsInVybCI6Imh0dHBzOlwvXC93d3cuY3Vlc3lzdGVtLmNvbVwvd3AtY29udGVudFwvdXBsb2Fkc1wvMjAyNlwvMDRcL2ltYWdlLTIwMjIwNzE4LTE5MDQzNC53ZWJwIn0%3D\">\n\t\t\t\t\t\t\t<img loading=\"lazy\" decoding=\"async\" width=\"1024\" height=\"492\" src=\"https:\/\/www.cuesystem.com\/wp-content\/uploads\/2026\/04\/image-20220718-190434-1024x492.webp\" class=\"attachment-large size-large wp-image-37323\" alt=\"\" srcset=\"https:\/\/www.cuesystem.com\/wp-content\/uploads\/2026\/04\/image-20220718-190434-1024x492.webp 1024w, https:\/\/www.cuesystem.com\/wp-content\/uploads\/2026\/04\/image-20220718-190434-300x144.webp 300w, https:\/\/www.cuesystem.com\/wp-content\/uploads\/2026\/04\/image-20220718-190434.webp 1814w\" sizes=\"(max-width: 1024px) 100vw, 1024px\" \/>\t\t\t\t\t\t\t\t<\/a>\n\t\t\t\t\t\t\t\t\t\t\t\t\t\t\t<\/div>\n\t\t\t\t<\/div>\n\t\t\t\t<\/div>\n\t\t\t\t\t<\/div>\n\t\t\t\t<\/div>\n\t\t\t\t<\/div>\n\t\t","protected":false},"excerpt":{"rendered":"<p>\u00c9tude de cas Ragasa Mexique Le d\u00e9fi Ragasa a \u00e9t\u00e9 confront\u00e9e \u00e0 la n\u00e9cessit\u00e9 de cr\u00e9er un environnement de travail plus organis\u00e9 et plus transparent pour ses nombreux employ\u00e9s. Avec des charges de travail complexes r\u00e9parties sur plusieurs sites, l&rsquo;entreprise avait besoin d&rsquo;un syst\u00e8me qui lui permette d&rsquo;\u00eatre parfaitement au courant de la disponibilit\u00e9 des <a href=\"https:\/\/www.cuesystem.com\/fr\/etudes-de-cas\/ragasa-mexique\/\" class=\"more-link\">&#8230;<span class=\"screen-reader-text\">  Ragasa Mexique<\/span><\/a><\/p>\n","protected":false},"author":11,"featured_media":0,"parent":30190,"menu_order":8,"comment_status":"closed","ping_status":"closed","template":"","meta":{"_acf_changed":false,"inline_featured_image":false,"footnotes":""},"kategorie":[],"class_list":["post-37351","page","type-page","status-publish","hentry"],"acf":[],"_links":{"self":[{"href":"https:\/\/www.cuesystem.com\/fr\/wp-json\/wp\/v2\/pages\/37351","targetHints":{"allow":["GET"]}}],"collection":[{"href":"https:\/\/www.cuesystem.com\/fr\/wp-json\/wp\/v2\/pages"}],"about":[{"href":"https:\/\/www.cuesystem.com\/fr\/wp-json\/wp\/v2\/types\/page"}],"author":[{"embeddable":true,"href":"https:\/\/www.cuesystem.com\/fr\/wp-json\/wp\/v2\/users\/11"}],"replies":[{"embeddable":true,"href":"https:\/\/www.cuesystem.com\/fr\/wp-json\/wp\/v2\/comments?post=37351"}],"version-history":[{"count":1,"href":"https:\/\/www.cuesystem.com\/fr\/wp-json\/wp\/v2\/pages\/37351\/revisions"}],"predecessor-version":[{"id":37353,"href":"https:\/\/www.cuesystem.com\/fr\/wp-json\/wp\/v2\/pages\/37351\/revisions\/37353"}],"up":[{"embeddable":true,"href":"https:\/\/www.cuesystem.com\/fr\/wp-json\/wp\/v2\/pages\/30190"}],"wp:attachment":[{"href":"https:\/\/www.cuesystem.com\/fr\/wp-json\/wp\/v2\/media?parent=37351"}],"wp:term":[{"taxonomy":"kategorie","embeddable":true,"href":"https:\/\/www.cuesystem.com\/fr\/wp-json\/wp\/v2\/kategorie?post=37351"}],"curies":[{"name":"wp","href":"https:\/\/api.w.org\/{rel}","templated":true}]}}