{"id":37439,"date":"2026-04-15T18:34:55","date_gmt":"2026-04-15T16:34:55","guid":{"rendered":"https:\/\/www.cuesystem.com\/quoi-de-neuf\/lia-fait-son-entree-dans-cue-visual-composer\/"},"modified":"2026-04-19T23:05:52","modified_gmt":"2026-04-19T21:05:52","slug":"lia-fait-son-entree-dans-cue-visual-composer","status":"publish","type":"page","link":"https:\/\/www.cuesystem.com\/fr\/quoi-de-neuf\/lia-fait-son-entree-dans-cue-visual-composer\/","title":{"rendered":"L&rsquo;IA fait son entr\u00e9e dans CUE Visual Composer"},"content":{"rendered":"\t\t<div data-elementor-type=\"wp-page\" data-elementor-id=\"37439\" class=\"elementor elementor-37439 elementor-37394\" data-elementor-post-type=\"page\">\n\t\t\t\t<div class=\"elementor-element elementor-element-b0c6de2 e-con-full e-flex e-con e-child\" data-id=\"b0c6de2\" data-element_type=\"container\" data-e-type=\"container\">\n\t\t\t\t<div class=\"elementor-element elementor-element-9d22a52 elementor-widget elementor-widget-heading\" data-id=\"9d22a52\" data-element_type=\"widget\" data-e-type=\"widget\" data-widget_type=\"heading.default\">\n\t\t\t\t<div class=\"elementor-widget-container\">\n\t\t\t\t\t<h3 class=\"elementor-heading-title elementor-size-default\">Derni\u00e8res mises \u00e0 jour<\/h3>\t\t\t\t<\/div>\n\t\t\t\t<\/div>\n\t\t\t\t<div class=\"elementor-element elementor-element-c3c733d elementor-widget elementor-widget-heading\" data-id=\"c3c733d\" data-element_type=\"widget\" data-e-type=\"widget\" data-widget_type=\"heading.default\">\n\t\t\t\t<div class=\"elementor-widget-container\">\n\t\t\t\t\t<h1 class=\"elementor-heading-title elementor-size-default\">L'IA fait son entr\u00e9e dans CUE Visual Composer<\/h1>\t\t\t\t<\/div>\n\t\t\t\t<\/div>\n\t\t\t\t<div class=\"elementor-element elementor-element-99baa76 elementor-widget elementor-widget-heading\" data-id=\"99baa76\" data-element_type=\"widget\" data-e-type=\"widget\" data-widget_type=\"heading.default\">\n\t\t\t\t<div class=\"elementor-widget-container\">\n\t\t\t\t\t<h3 class=\"elementor-heading-title elementor-size-default\"><i>Ecrivez un meilleur code XPL2. Plus rapidement. En toute confiance.  <\/i><\/h3>\t\t\t\t<\/div>\n\t\t\t\t<\/div>\n\t\t<div class=\"elementor-element elementor-element-5f80136 e-flex e-con-boxed e-con e-child\" data-id=\"5f80136\" data-element_type=\"container\" data-e-type=\"container\" data-settings=\"{&quot;background_background&quot;:&quot;classic&quot;}\">\n\t\t\t\t\t<div class=\"e-con-inner\">\n\t\t\t\t<div class=\"elementor-element elementor-element-f3df4c0 elementor-widget elementor-widget-text-editor\" data-id=\"f3df4c0\" data-element_type=\"widget\" data-e-type=\"widget\" data-widget_type=\"text-editor.default\">\n\t\t\t\t<div class=\"elementor-widget-container\">\n\t\t\t\t\t\t\t\t\t<p>Nous pr\u00e9sentons l&rsquo;<strong>assistant de programmation CVC : un outil aliment\u00e9 par l&rsquo;IA<\/strong> con\u00e7u pour simplifier le d\u00e9veloppement, acc\u00e9l\u00e9rer les flux de travail et vous aider \u00e0 fournir des r\u00e9sultats fiables plus rapidement que jamais.<\/p><p>Que vous soyez un int\u00e9grateur exp\u00e9riment\u00e9 ou que vous d\u00e9butiez, l&rsquo;assistant vous assiste dans les principales \u00e9tapes du processus de d\u00e9veloppement, <strong>de l&rsquo;\u00e9criture du code au d\u00e9bogage et \u00e0 la compr\u00e9hension du fonctionnement des choses<\/strong>.<\/p>\t\t\t\t\t\t\t\t<\/div>\n\t\t\t\t<\/div>\n\t\t\t\t\t<\/div>\n\t\t\t\t<\/div>\n\t\t<div class=\"elementor-element elementor-element-532819b e-grid e-con-boxed e-con e-child\" data-id=\"532819b\" data-element_type=\"container\" data-e-type=\"container\">\n\t\t\t\t\t<div class=\"e-con-inner\">\n\t\t<div class=\"elementor-element elementor-element-408464c e-con-full e-flex e-con e-child\" data-id=\"408464c\" data-element_type=\"container\" data-e-type=\"container\">\n\t\t\t\t<div class=\"elementor-element elementor-element-26e3009 elementor-widget elementor-widget-text-editor\" data-id=\"26e3009\" data-element_type=\"widget\" data-e-type=\"widget\" data-widget_type=\"text-editor.default\">\n\t\t\t\t<div class=\"elementor-widget-container\">\n\t\t\t\t\t\t\t\t\t<h3>Que peut-il faire ?<\/h3>\n<ul>\n<li><strong>G\u00e9n\u00e9rer et r\u00e9viser du code XPL2<\/strong> \u00e0 partir de simples descriptions<\/li>\n<li><strong>Cr\u00e9ez des pilotes de p\u00e9riph\u00e9riques<\/strong> pour un large \u00e9ventail de protocoles<\/li>\n<li><strong>Prise en charge des r\u00e9seaux et des communications<\/strong> (TCP, UDP, HTTP, WebSocket, MQTT)<\/li>\n<li><strong>D\u00e9boguer et r\u00e9soudre les probl\u00e8mes<\/strong> en formulant des suggestions cibl\u00e9es<\/li>\n<li><strong>Fournir un acc\u00e8s instantan\u00e9 aux connaissances sur le CVC<\/strong> sans avoir \u00e0 fouiller dans la documentation<\/li>\n<\/ul>\n<p>Au lieu de passer des heures \u00e0 faire des essais et des erreurs, \u00e0 chercher de la documentation ou \u00e0 r\u00e9p\u00e9ter des formules passe-partout, vous pouvez maintenant <strong>vous concentrer sur ce qui compte : cr\u00e9er des solutions fonctionnelles et fiables.<\/strong><\/p>\t\t\t\t\t\t\t\t<\/div>\n\t\t\t\t<\/div>\n\t\t\t\t<\/div>\n\t\t<div class=\"elementor-element elementor-element-f9452b4 e-con-full e-flex e-con e-child\" data-id=\"f9452b4\" data-element_type=\"container\" data-e-type=\"container\">\n\t\t\t\t<div class=\"elementor-element elementor-element-21fcbf9 elementor-widget elementor-widget-image\" data-id=\"21fcbf9\" data-element_type=\"widget\" data-e-type=\"widget\" data-widget_type=\"image.default\">\n\t\t\t\t<div class=\"elementor-widget-container\">\n\t\t\t\t\t\t\t\t\t\t\t\t\t\t\t<img fetchpriority=\"high\" decoding=\"async\" width=\"1024\" height=\"930\" src=\"https:\/\/www.cuesystem.com\/wp-content\/uploads\/2026\/04\/f12c985f-9193-4765-bf4a-6fd236a55c77-1024x930.webp\" class=\"attachment-large size-large wp-image-37398\" alt=\"\" srcset=\"https:\/\/www.cuesystem.com\/wp-content\/uploads\/2026\/04\/f12c985f-9193-4765-bf4a-6fd236a55c77-1024x930.webp 1024w, https:\/\/www.cuesystem.com\/wp-content\/uploads\/2026\/04\/f12c985f-9193-4765-bf4a-6fd236a55c77-300x272.webp 300w, https:\/\/www.cuesystem.com\/wp-content\/uploads\/2026\/04\/f12c985f-9193-4765-bf4a-6fd236a55c77.webp 1036w\" sizes=\"(max-width: 1024px) 100vw, 1024px\" \/>\t\t\t\t\t\t\t\t\t\t\t\t\t\t\t<\/div>\n\t\t\t\t<\/div>\n\t\t\t\t<\/div>\n\t\t\t\t\t<\/div>\n\t\t\t\t<\/div>\n\t\t\t\t<div class=\"elementor-element elementor-element-1b7bb97 elementor-widget-divider--view-line elementor-widget elementor-widget-divider\" data-id=\"1b7bb97\" data-element_type=\"widget\" data-e-type=\"widget\" data-widget_type=\"divider.default\">\n\t\t\t\t<div class=\"elementor-widget-container\">\n\t\t\t\t\t\t\t<div class=\"elementor-divider\">\n\t\t\t<span class=\"elementor-divider-separator\">\n\t\t\t\t\t\t<\/span>\n\t\t<\/div>\n\t\t\t\t\t\t<\/div>\n\t\t\t\t<\/div>\n\t\t<div class=\"elementor-element elementor-element-f004259 e-flex e-con-boxed e-con e-child\" data-id=\"f004259\" data-element_type=\"container\" data-e-type=\"container\">\n\t\t\t\t\t<div class=\"e-con-inner\">\n\t\t\t\t<div class=\"elementor-element elementor-element-e30318b elementor-widget elementor-widget-text-editor\" data-id=\"e30318b\" data-element_type=\"widget\" data-e-type=\"widget\" data-widget_type=\"text-editor.default\">\n\t\t\t\t<div class=\"elementor-widget-container\">\n\t\t\t\t\t\t\t\t\t<h3>Pourquoi c&rsquo;est important<\/h3>\n<p>L&rsquo;<strong>assistant de programmation CVC comprend les sp\u00e9cificit\u00e9s r\u00e9elles du d\u00e9veloppement CUE<\/strong> (des limites de la m\u00e9moire tampon aux nuances syntaxiques), ce qui garantit que votre code ne se contente pas de compiler, mais qu&rsquo;il fonctionne de mani\u00e8re fiable sur du mat\u00e9riel r\u00e9el.<\/p>\n<p>Propuls\u00e9 par la plateforme <a href=\"https:\/\/ayeto.ai\/\"><strong>plateforme AYETO.ai<\/strong><\/a>il offre un acc\u00e8s flexible, \u00e0 la carte, sans abonnement ni engagement.<\/p>\n<h4><em>\u00ab\u00a0Cessez d&rsquo;\u00e9crire des formules passe-partout. Commencez \u00e0 \u00e9laborer des solutions.<\/em><\/h4>\t\t\t\t\t\t\t\t<\/div>\n\t\t\t\t<\/div>\n\t\t\t\t<div class=\"elementor-element elementor-element-b82f1b5 elementor-widget-divider--view-line elementor-widget elementor-widget-divider\" data-id=\"b82f1b5\" data-element_type=\"widget\" data-e-type=\"widget\" data-widget_type=\"divider.default\">\n\t\t\t\t<div class=\"elementor-widget-container\">\n\t\t\t\t\t\t\t<div class=\"elementor-divider\">\n\t\t\t<span class=\"elementor-divider-separator\">\n\t\t\t\t\t\t<\/span>\n\t\t<\/div>\n\t\t\t\t\t\t<\/div>\n\t\t\t\t<\/div>\n\t\t\t\t<div class=\"elementor-element elementor-element-a18ab12 elementor-widget elementor-widget-text-editor\" data-id=\"a18ab12\" data-element_type=\"widget\" data-e-type=\"widget\" data-widget_type=\"text-editor.default\">\n\t\t\t\t<div class=\"elementor-widget-container\">\n\t\t\t\t\t\t\t\t\t<h3>Pour commencer, rien de plus simple<\/h3><p>Suivez notre guide et activez l&rsquo;IA dans votre CUE Visual Composer d\u00e8s aujourd&rsquo;hui.<\/p>\t\t\t\t\t\t\t\t<\/div>\n\t\t\t\t<\/div>\n\t\t\t\t\t<\/div>\n\t\t\t\t<\/div>\n\t\t<div class=\"elementor-element elementor-element-3f3f7d6 e-flex e-con-boxed e-con e-child\" data-id=\"3f3f7d6\" data-element_type=\"container\" data-e-type=\"container\">\n\t\t\t\t\t<div class=\"e-con-inner\">\n\t\t\t\t<div class=\"elementor-element elementor-element-21ef56d elementor-align-center elementor-widget elementor-widget-button\" data-id=\"21ef56d\" data-element_type=\"widget\" data-e-type=\"widget\" data-widget_type=\"button.default\">\n\t\t\t\t<div class=\"elementor-widget-container\">\n\t\t\t\t\t\t\t\t\t<div class=\"elementor-button-wrapper\">\n\t\t\t\t\t<a class=\"elementor-button elementor-button-link elementor-size-sm\" href=\"https:\/\/docs.cuesystem.com\/space\/CVCAIG\" target=\"_blank\">\n\t\t\t\t\t\t<span class=\"elementor-button-content-wrapper\">\n\t\t\t\t\t\t\t\t\t<span class=\"elementor-button-text\">Guide d'installation pas \u00e0 pas<\/span>\n\t\t\t\t\t<\/span>\n\t\t\t\t\t<\/a>\n\t\t\t\t<\/div>\n\t\t\t\t\t\t\t\t<\/div>\n\t\t\t\t<\/div>\n\t\t\t\t\t<\/div>\n\t\t\t\t<\/div>\n\t\t\t\t<\/div>\n\t\t\t\t<\/div>\n\t\t","protected":false},"excerpt":{"rendered":"<p>Derni\u00e8res mises \u00e0 jour L&rsquo;IA fait son entr\u00e9e dans CUE Visual Composer Ecrivez un meilleur code XPL2. Plus rapidement. En toute confiance. Nous pr\u00e9sentons l&rsquo;assistant de programmation CVC : un outil aliment\u00e9 par l&rsquo;IA con\u00e7u pour simplifier le d\u00e9veloppement, acc\u00e9l\u00e9rer les flux de travail et vous aider \u00e0 fournir des r\u00e9sultats fiables plus rapidement que <a href=\"https:\/\/www.cuesystem.com\/fr\/quoi-de-neuf\/lia-fait-son-entree-dans-cue-visual-composer\/\" class=\"more-link\">&#8230;<span class=\"screen-reader-text\">  L&rsquo;IA fait son entr\u00e9e dans CUE Visual Composer<\/span><\/a><\/p>\n","protected":false},"author":11,"featured_media":0,"parent":31298,"menu_order":2,"comment_status":"closed","ping_status":"closed","template":"","meta":{"_acf_changed":false,"inline_featured_image":false,"footnotes":""},"kategorie":[],"class_list":["post-37439","page","type-page","status-publish","hentry"],"acf":[],"_links":{"self":[{"href":"https:\/\/www.cuesystem.com\/fr\/wp-json\/wp\/v2\/pages\/37439","targetHints":{"allow":["GET"]}}],"collection":[{"href":"https:\/\/www.cuesystem.com\/fr\/wp-json\/wp\/v2\/pages"}],"about":[{"href":"https:\/\/www.cuesystem.com\/fr\/wp-json\/wp\/v2\/types\/page"}],"author":[{"embeddable":true,"href":"https:\/\/www.cuesystem.com\/fr\/wp-json\/wp\/v2\/users\/11"}],"replies":[{"embeddable":true,"href":"https:\/\/www.cuesystem.com\/fr\/wp-json\/wp\/v2\/comments?post=37439"}],"version-history":[{"count":2,"href":"https:\/\/www.cuesystem.com\/fr\/wp-json\/wp\/v2\/pages\/37439\/revisions"}],"predecessor-version":[{"id":37449,"href":"https:\/\/www.cuesystem.com\/fr\/wp-json\/wp\/v2\/pages\/37439\/revisions\/37449"}],"up":[{"embeddable":true,"href":"https:\/\/www.cuesystem.com\/fr\/wp-json\/wp\/v2\/pages\/31298"}],"wp:attachment":[{"href":"https:\/\/www.cuesystem.com\/fr\/wp-json\/wp\/v2\/media?parent=37439"}],"wp:term":[{"taxonomy":"kategorie","embeddable":true,"href":"https:\/\/www.cuesystem.com\/fr\/wp-json\/wp\/v2\/kategorie?post=37439"}],"curies":[{"name":"wp","href":"https:\/\/api.w.org\/{rel}","templated":true}]}}